{"id":3,"date":"2019-10-30T08:40:39","date_gmt":"2019-10-30T00:40:39","guid":{"rendered":"https:\/\/167.179.116.113\/?page_id=3"},"modified":"2022-10-26T14:21:03","modified_gmt":"2022-10-26T06:21:03","slug":"privacy-policy","status":"publish","type":"page","link":"https:\/\/key2optics.com\/de\/datenschutz-bestimmungen\/","title":{"rendered":"Datenschutz-Bestimmungen"},"content":{"rendered":"<h2><strong>Datenschutz-Bestimmungen<\/strong><\/h2>\n<p>Willkommen bei Key2Optics!<\/p>\n<p>Diese Allgemeinen Gesch\u00e4ftsbedingungen beschreiben die Regeln und Vorschriften f\u00fcr die Nutzung der Website von Smart IoT Technology Co., Ltd. unter www.key2optics.com.<\/p>\n<p>Durch den Zugriff auf diese Website gehen wir davon aus, dass Sie diese Allgemeinen Gesch\u00e4ftsbedingungen akzeptieren. Nutzen Sie Key2Optics nicht weiter, wenn Sie nicht mit allen auf dieser Seite aufgef\u00fchrten Bedingungen einverstanden sind. Unsere Allgemeinen Gesch\u00e4ftsbedingungen wurden mit Hilfe der erstellt <a href=\"https:\/\/www.termsandconditionsgenerator.com\">Allgemeine Gesch\u00e4ftsbedingungen-Generator<\/a> und das <a href=\"https:\/\/www.termsconditionsgenerator.com\">Allgemeine Gesch\u00e4ftsbedingungen-Generator<\/a>.<\/p>\n<p>Die folgende Terminologie gilt f\u00fcr diese Allgemeinen Gesch\u00e4ftsbedingungen, die Datenschutzerkl\u00e4rung und den Haftungsausschluss sowie alle Vereinbarungen: \u201eKunde\u201c, \u201eSie\u201c und \u201eIhr\u201c bezieht sich auf Sie, die Person, die sich auf dieser Website anmeldet und die Gesch\u00e4ftsbedingungen des Unternehmens einh\u00e4lt. \u201eDas Unternehmen\u201c, \u201eUns selbst\u201c, \u201eWir\u201c, \u201eUnser\u201c und \u201eUns\u201c beziehen sich auf unser Unternehmen. \u201ePartei\u201c, \u201eParteien\u201c oder \u201euns\u201c bezieht sich sowohl auf den Kunden als auch auf uns selbst. Alle Bedingungen beziehen sich auf das Angebot, die Annahme und die Gegenleistung f\u00fcr die Zahlung, die erforderlich ist, um den Prozess unserer Unterst\u00fctzung f\u00fcr den Kunden auf die am besten geeignete Weise durchzuf\u00fchren, mit dem ausdr\u00fccklichen Zweck, die Bed\u00fcrfnisse des Kunden in Bezug auf die Bereitstellung der angegebenen Dienstleistungen des Unternehmens gem\u00e4\u00df zu erf\u00fcllen und unterliegen dem geltenden Recht Chinas. Jegliche Verwendung der oben genannten Terminologie oder anderer W\u00f6rter im Singular, Plural, in Gro\u00df- und Kleinschreibung und\/oder er\/sie oder sie gilt als austauschbar und bezieht sich daher auf dasselbe.<\/p>\n<h3><strong>Kekse<\/strong><\/h3>\n<p>Wir verwenden Cookies. Durch den Zugriff auf Key2Optics haben Sie der Verwendung von Cookies in \u00dcbereinstimmung mit der Datenschutzrichtlinie von Smart IoT Technology Co., Ltd. zugestimmt.<\/p>\n<p>Die meisten interaktiven Websites verwenden Cookies, damit wir bei jedem Besuch die Benutzerdaten abrufen k\u00f6nnen. Cookies werden von unserer Website verwendet, um die Funktionalit\u00e4t bestimmter Bereiche zu erm\u00f6glichen und den Besuchern unserer Website den Besuch zu erleichtern. Einige unserer Affiliate-\/Werbepartner verwenden m\u00f6glicherweise auch Cookies.<\/p>\n<h3><strong>Lizenz<\/strong><\/h3>\n<p>Sofern nicht anders angegeben, besitzen Smart IoT Technology Co., Ltd. und\/oder seine Lizenzgeber die geistigen Eigentumsrechte f\u00fcr alle Materialien auf Key2Optics. Alle geistigen Eigentumsrechte bleiben vorbehalten. Sie k\u00f6nnen \u00fcber Key2Optics f\u00fcr Ihren pers\u00f6nlichen Gebrauch darauf zugreifen, vorbehaltlich der in diesen Allgemeinen Gesch\u00e4ftsbedingungen festgelegten Einschr\u00e4nkungen.<\/p>\n<p>Du darfst nicht:<\/p>\n<ul>\n<li>Ver\u00f6ffentlichen Sie Material von Key2Optics erneut<\/li>\n<li>Verkaufen, vermieten oder unterlizenzieren Sie Material von Key2Optics<\/li>\n<li>Reproduzieren, duplizieren oder kopieren Sie Material von Key2Optics<\/li>\n<li>Verteilen Sie Inhalte von Key2Optics weiter<\/li>\n<\/ul>\n<p>Diese Vereinbarung beginnt mit dem Datum dieser Vereinbarung.<\/p>\n<p>Teile dieser Website bieten Benutzern die M\u00f6glichkeit, in bestimmten Bereichen der Website Meinungen und Informationen zu ver\u00f6ffentlichen und auszutauschen. Smart IoT Technology Co., Ltd. filtert, bearbeitet, ver\u00f6ffentlicht oder \u00fcberpr\u00fcft Kommentare nicht, bevor sie auf der Website erscheinen. Kommentare spiegeln nicht die Ansichten und Meinungen von Smart IoT Technology Co., Ltd., seinen Vertretern und\/oder verbundenen Unternehmen wider. Kommentare spiegeln die Ansichten und Meinungen der Person wider, die ihre Ansichten und Meinungen ver\u00f6ffentlicht. Soweit gesetzlich zul\u00e4ssig, haftet Smart IoT Technology Co., Ltd. nicht f\u00fcr die Kommentare oder f\u00fcr etwaige Haftungen, Sch\u00e4den oder Ausgaben, die durch die Nutzung und\/oder Ver\u00f6ffentlichung von und\/oder entstehen und\/oder erlitten werden. oder das Erscheinen der Kommentare auf dieser Website.<\/p>\n<p>Smart IoT Technology Co., Ltd. beh\u00e4lt sich das Recht vor, alle Kommentare zu \u00fcberwachen und alle Kommentare zu entfernen, die als unangemessen oder beleidigend angesehen werden k\u00f6nnen oder einen Versto\u00df gegen diese Allgemeinen Gesch\u00e4ftsbedingungen darstellen.<\/p>\n<p>Sie gew\u00e4hrleisten und sichern zu, dass:<\/p>\n<ul>\n<li>Sie sind berechtigt, die Kommentare auf unserer Website zu ver\u00f6ffentlichen und verf\u00fcgen \u00fcber alle daf\u00fcr erforderlichen Lizenzen und Einwilligungen;<\/li>\n<li>Die Kommentare verletzen keine geistigen Eigentumsrechte, einschlie\u00dflich, aber nicht beschr\u00e4nkt auf Urheberrechte, Patente oder Marken Dritter;<\/li>\n<li>Die Kommentare enthalten kein verleumderisches, verleumderisches, beleidigendes, unanst\u00e4ndiges oder anderweitig rechtswidriges Material, das einen Eingriff in die Privatsph\u00e4re darstellt<\/li>\n<li>Die Kommentare werden nicht dazu verwendet, Gesch\u00e4fte oder Br\u00e4uche anzupreisen oder zu f\u00f6rdern oder kommerzielle Aktivit\u00e4ten oder rechtswidrige Aktivit\u00e4ten darzustellen.<\/li>\n<\/ul>\n<p>Hiermit gew\u00e4hren Sie Smart IoT Technology Co., Ltd. eine nicht ausschlie\u00dfliche Lizenz zur Nutzung, Vervielf\u00e4ltigung, Bearbeitung und erm\u00e4chtigen andere zur Nutzung, Vervielf\u00e4ltigung und Bearbeitung Ihrer Kommentare in allen Formen, Formaten und Medien.<\/p>\n<h3><strong>Hyperlink zu unseren Inhalten<\/strong><\/h3>\n<p>Die folgenden Organisationen d\u00fcrfen ohne vorherige schriftliche Genehmigung auf unsere Website verlinken:<\/p>\n<ul>\n<li>Regierungsbeh\u00f6rden;<\/li>\n<li>Suchmaschinen;<\/li>\n<li>Nachrichtenorganisationen;<\/li>\n<li>Online-Verzeichnisverteiler k\u00f6nnen auf die gleiche Weise auf unsere Website verlinken wie auf die Websites anderer aufgef\u00fchrter Unternehmen. Und<\/li>\n<li>Systemweit akkreditierte Unternehmen, mit Ausnahme von gemeinn\u00fctzigen Organisationen, Wohlt\u00e4tigkeitseinkaufszentren und Wohlt\u00e4tigkeits-Fundraising-Gruppen, die keinen Hyperlink auf unsere Website verweisen d\u00fcrfen.<\/li>\n<\/ul>\n<p>Diese Organisationen d\u00fcrfen auf unsere Homepage, auf Ver\u00f6ffentlichungen oder auf andere Website-Informationen verlinken, sofern der Link: (a) in keiner Weise irref\u00fchrend ist; (b) nicht f\u00e4lschlicherweise ein Sponsoring, eine Billigung oder Billigung der verlinkenden Partei und ihrer Produkte und\/oder Dienstleistungen impliziert; und (c) in den Kontext der Website der verlinkenden Partei passt.<\/p>\n<p>Wir k\u00f6nnen andere Linkanfragen der folgenden Arten von Organisationen ber\u00fccksichtigen und genehmigen:<\/p>\n<ul>\n<li>allgemein bekannte Informationsquellen f\u00fcr Verbraucher und\/oder Unternehmen;<\/li>\n<li>dot.com-Community-Sites;<\/li>\n<li>Vereine oder andere Gruppen, die Wohlt\u00e4tigkeitsorganisationen vertreten;<\/li>\n<li>Online-Verteiler von Verzeichnissen;<\/li>\n<li>Internetportale;<\/li>\n<li>Buchhaltungs-, Anwalts- und Beratungsfirmen; Und<\/li>\n<li>Bildungseinrichtungen und Berufsverb\u00e4nde.<\/li>\n<\/ul>\n<p>Wir genehmigen Linkanfragen dieser Organisationen, wenn wir zu dem Schluss kommen, dass: (a) der Link nicht dazu f\u00fchren w\u00fcrde, dass wir uns selbst oder unseren akkreditierten Unternehmen gegen\u00fcber negativ wirken; (b) die Organisation hat keine negativen Aufzeichnungen bei uns; (c) Der Nutzen der Sichtbarkeit des Hyperlinks f\u00fcr uns kompensiert die Abwesenheit von Smart IoT Technology Co., Ltd.; und (d) der Link steht im Kontext allgemeiner Ressourceninformationen.<\/p>\n<p>Diese Organisationen d\u00fcrfen auf unsere Homepage verlinken, sofern der Link: (a) in keiner Weise irref\u00fchrend ist; (b) nicht f\u00e4lschlicherweise ein Sponsoring, eine Billigung oder Billigung der verlinkenden Partei und ihrer Produkte oder Dienstleistungen impliziert; und (c) in den Kontext der Website der verlinkenden Partei passt.<\/p>\n<p>Wenn Sie eine der in Absatz 2 oben aufgef\u00fchrten Organisationen sind und daran interessiert sind, auf unsere Website zu verlinken, m\u00fcssen Sie uns dies per E-Mail an Smart IoT Technology Co., Ltd. mitteilen. Bitte geben Sie Ihren Namen, den Namen Ihrer Organisation, Kontaktinformationen sowie die URL Ihrer Website, eine Liste aller URLs, von denen Sie auf unsere Website verlinken m\u00f6chten, und eine Liste der URLs auf unserer Website, auf die Sie verlinken m\u00f6chten. Warten Sie 2-3 Wochen auf eine Antwort.<\/p>\n<p>Zugelassene Organisationen k\u00f6nnen wie folgt auf unsere Website verlinken:<\/p>\n<ul>\n<li>Durch die Verwendung unseres Firmennamens; oder<\/li>\n<li>Durch Verwendung des einheitlichen Ressourcen-Locators, mit dem verlinkt wird; oder<\/li>\n<li>Die Verwendung einer anderen Beschreibung unserer Website, auf die verlinkt wird, ist im Kontext und Format des Inhalts auf der Website der verlinkenden Partei sinnvoll.<\/li>\n<\/ul>\n<p>Ohne eine Markenlizenzvereinbarung ist die Verwendung des Logos oder anderer Grafiken von Smart IoT Technology Co., Ltd. f\u00fcr die Verlinkung nicht gestattet.<\/p>\n<h3><strong>iFrames<\/strong><\/h3>\n<p>Ohne vorherige Genehmigung und schriftliche Genehmigung d\u00fcrfen Sie keine Frames um unsere Webseiten herum erstellen, die in irgendeiner Weise die visuelle Darstellung oder das Erscheinungsbild unserer Website ver\u00e4ndern.<\/p>\n<h3><strong>Haftung f\u00fcr Inhalte<\/strong><\/h3>\n<p>Wir \u00fcbernehmen keine Verantwortung f\u00fcr Inhalte, die auf Ihrer Website erscheinen. Sie erkl\u00e4ren sich damit einverstanden, uns gegen alle Anspr\u00fcche zu sch\u00fctzen und zu verteidigen, die auf Ihrer Website erhoben werden. Auf einer Website d\u00fcrfen keine Links erscheinen, die als verleumderisch, obsz\u00f6n oder kriminell ausgelegt werden k\u00f6nnen oder die Rechte Dritter verletzen, anderweitig verletzen oder deren Verletzung oder sonstige Verletzung bef\u00fcrworten.<\/p>\n<h3><strong>Ihre Privatsph\u00e4re<\/strong><\/h3>\n<p>Bitte lesen Sie die Datenschutzbestimmungen<\/p>\n<h3><strong>Vorbehalt der Rechte<\/strong><\/h3>\n<p>Wir behalten uns das Recht vor, Sie aufzufordern, alle Links oder einen bestimmten Link zu unserer Website zu entfernen. Sie stimmen zu, alle Links zu unserer Website auf Anfrage unverz\u00fcglich zu entfernen. Wir behalten uns au\u00dferdem das Recht vor, diese Allgemeinen Gesch\u00e4ftsbedingungen und die Verlinkungsrichtlinie jederzeit zu \u00e4ndern. Indem Sie kontinuierlich auf unsere Website verlinken, erkl\u00e4ren Sie sich damit einverstanden, an diese Verlinkungsbedingungen gebunden zu sein und diese zu befolgen.<\/p>\n<h3><strong>Entfernung von Links von unserer Website<\/strong><\/h3>\n<p>Wenn Sie auf unserer Website einen Link finden, der aus irgendeinem Grund anst\u00f6\u00dfig ist, k\u00f6nnen Sie uns jederzeit kontaktieren und uns informieren. Wir werden Anfragen zur Entfernung von Links ber\u00fccksichtigen, sind jedoch nicht dazu verpflichtet, Ihnen direkt zu antworten.<\/p>\n<p>Wir \u00fcbernehmen keine Gew\u00e4hr f\u00fcr die Richtigkeit der Informationen auf dieser Website und \u00fcbernehmen keine Gew\u00e4hr f\u00fcr deren Vollst\u00e4ndigkeit oder Richtigkeit; Wir versprechen auch nicht, sicherzustellen, dass die Website verf\u00fcgbar bleibt oder dass das Material auf der Website auf dem neuesten Stand gehalten wird.<\/p>\n<h3><strong>Haftungsausschluss<\/strong><\/h3>\n<p>Soweit gesetzlich zul\u00e4ssig, schlie\u00dfen wir alle Zusicherungen, Gew\u00e4hrleistungen und Bedingungen im Zusammenhang mit unserer Website und der Nutzung dieser Website aus. Nichts in diesem Haftungsausschluss wird:<\/p>\n<ul>\n<li>unsere oder Ihre Haftung f\u00fcr Tod oder K\u00f6rperverletzung einzuschr\u00e4nken oder auszuschlie\u00dfen;<\/li>\n<li>unsere oder Ihre Haftung f\u00fcr Betrug oder arglistige Falschdarstellung einzuschr\u00e4nken oder auszuschlie\u00dfen;<\/li>\n<li>Beschr\u00e4nken Sie unsere oder Ihre Verbindlichkeiten auf eine Weise, die nach geltendem Recht nicht zul\u00e4ssig ist. oder<\/li>\n<li>schlie\u00dfen Sie jegliche unserer oder Ihrer Haftung aus, die nach geltendem Recht m\u00f6glicherweise nicht ausgeschlossen ist.<\/li>\n<\/ul>\n<p>Die in diesem Abschnitt und an anderer Stelle in diesem Haftungsausschluss festgelegten Haftungsbeschr\u00e4nkungen und -verbote: (a) unterliegen dem vorstehenden Absatz; und (b) regeln alle Verbindlichkeiten, die sich aus dem Haftungsausschluss ergeben, einschlie\u00dflich der Verbindlichkeiten, die sich aus Vertrag, unerlaubter Handlung und Verletzung gesetzlicher Pflichten ergeben.<\/p>\n<p>Solange die Website und die Informationen und Dienste auf der Website kostenlos zur Verf\u00fcgung gestellt werden, haften wir nicht f\u00fcr Verluste oder Sch\u00e4den jeglicher Art.<\/p>","protected":false},"excerpt":{"rendered":"<p>Datenschutzrichtlinie Willkommen bei Key2Optics! Diese Allgemeinen Gesch\u00e4ftsbedingungen regeln [\u2026]<\/p>","protected":false},"author":1,"featured_media":0,"parent":0,"menu_order":0,"comment_status":"closed","ping_status":"closed","template":"","meta":{"content-type":"","_themeisle_gutenberg_block_has_review":false,"footnotes":""},"aioseo_notices":[],"_links":{"self":[{"href":"https:\/\/key2optics.com\/de\/wp-json\/wp\/v2\/pages\/3"}],"collection":[{"href":"https:\/\/key2optics.com\/de\/wp-json\/wp\/v2\/pages"}],"about":[{"href":"https:\/\/key2optics.com\/de\/wp-json\/wp\/v2\/types\/page"}],"author":[{"embeddable":true,"href":"https:\/\/key2optics.com\/de\/wp-json\/wp\/v2\/users\/1"}],"replies":[{"embeddable":true,"href":"https:\/\/key2optics.com\/de\/wp-json\/wp\/v2\/comments?post=3"}],"version-history":[{"count":0,"href":"https:\/\/key2optics.com\/de\/wp-json\/wp\/v2\/pages\/3\/revisions"}],"wp:attachment":[{"href":"https:\/\/key2optics.com\/de\/wp-json\/wp\/v2\/media?parent=3"}],"curies":[{"name":"wp","href":"https:\/\/api.w.org\/{rel}","templated":true}]}}