{"id":3001,"date":"2019-11-11T10:36:39","date_gmt":"2019-11-11T02:36:39","guid":{"rendered":"https:\/\/key2optics.com\/?page_id=3001"},"modified":"2022-10-26T15:38:21","modified_gmt":"2022-10-26T07:38:21","slug":"terms-and-conditions","status":"publish","type":"page","link":"https:\/\/key2optics.com\/de\/geschaftsbedingungen\/","title":{"rendered":"Gesch\u00e4ftsbedingungen"},"content":{"rendered":"<p><a title=\"Zur\u00fcck zum Warenkorb\" href=\"https:\/\/key2optics.com\/de\/\">Zur\u00fcck nach Hause<\/a><\/p>\n<p><strong>Bitte lesen, verstehen und stimmen Sie zu, bevor Sie bestellen und zur Kasse gehen<\/strong><\/p>\n<h4><em>Wir empfehlen Ihnen, sich vor der Bestellung mit uns in Verbindung zu setzen, wenn Sie Bedenken oder Fragen zu Produkten, zur Bestellung, zur Website oder zu anderen Themen haben, um R\u00fccksendungen oder Probleme zu vermeiden.<\/em><\/h4>\n<p>Diese Allgemeinen Gesch\u00e4ftsbedingungen dienen dem Nutzen beider Parteien und dienen der Vermeidung von Missverst\u00e4ndnissen. Wir sch\u00e4tzen Ihr Gesch\u00e4ft und m\u00fcssen dabei unseres sch\u00fctzen. F\u00fcr alle Bestellungen gelten diese Allgemeinen Gesch\u00e4ftsbedingungen, unabh\u00e4ngig davon, ob sie online \u00fcber unsere Website, per Telefon, Fax, E-Mail oder \u00fcber eine andere Form der Kommunikation oder \u00dcbermittlung mit uns erfolgen.<\/p>\n<p>Wenn Sie Fragen haben, kontaktieren Sie uns bitte vor der Bestellung, telefonisch w\u00e4hrend der Gesch\u00e4ftszeiten (PST) oder per E-Mail: <a href=\"mailto:info@key2optics.com\">info@key2optics.com<\/a>.<\/p>\n<ul>\n<li style=\"list-style-type: none;\">\n<ul>\n<li>Wir verkaufen keine Produkte zu \u201eEvaluierungs-\u201c oder \u201eDemo\u201c-Zwecken, d. h. \u201eIch m\u00f6chte nur sehen, wie das\/die Produkt(e) funktionieren, funktionieren, aussehen, sich anf\u00fchlen usw., aber ich habe nicht die Absicht, es zu behalten, oder.\u201c Ich habe es mir anders \u00fcberlegt, es nach der Entbindung aufzubewahren.\u201c<\/li>\n<li>Wir garantieren keine Produktkompatibilit\u00e4t (z. B. \u201edieses Produkt funktioniert absolut mit diesem Produkt\u201c), wenn: die bei uns bestellten Produkte nicht den Erwartungen und\/oder Funktionen des K\u00e4ufers entsprechen uns zum Zeitpunkt des Kaufs oder danach nicht bekannt sind, und\/oder: der K\u00e4ufer f\u00fcgt dem\/den bei uns gekauften Produkt(en) ein oder mehrere anderswo erworbene Produkte, einschlie\u00dflich Software, hinzu, ohne sich vor dem Kauf von uns beraten zu lassen.<\/li>\n<li>Eine genaue Lieferzeit k\u00f6nnen wir nicht garantieren, da wir verschiedene Versender nutzen und f\u00fcr deren Service keine Gew\u00e4hr \u00fcbernehmen k\u00f6nnen.<\/li>\n<li>Die Produktverf\u00fcgbarkeit kann variieren. Aufgrund der sich \u00e4ndernden Art von Angebot und Nachfrage werden wir Sie innerhalb von vierundzwanzig (24) Stunden nach der Bestellung informieren, wenn es zu einer \u00c4nderung gegen\u00fcber einer angegebenen oder nicht angegebenen Verf\u00fcgbarkeit kommt. Wenn Sie online eine Bestellung aufgeben und nach Erhalt Ihrer E-Mail-Bestellbest\u00e4tigung nichts von uns h\u00f6ren, wurde Ihre Bestellung grunds\u00e4tzlich zufriedenstellend bearbeitet und ist auf dem Weg zu Ihnen. Bei Lieferverz\u00f6gerungen oder Verf\u00fcgbarkeitsproblemen werden wir Sie umgehend per E-Mail oder telefonisch \u00fcber den Status Ihrer Bestellung informieren. Anschlie\u00dfend k\u00f6nnen Sie uns mitteilen, was Sie tun m\u00f6chten, z. B. Ihre Bestellung behalten, bis das Produkt eintrifft, oder stornieren wurde nicht versandt, ohne Haftung. Wenn ein Teil Ihrer Bestellung versendet wird, wird Ihre Kreditkarte nur f\u00fcr die versendeten Artikel belastet. F\u00fcr die Stornierung einer noch nicht versandten Bestellung innerhalb von (1) Stunde nach Auftragserteilung fallen keine Kosten an. Nach (1) Stunde nach Auftragserteilung wird Ihnen jedoch der volle Betrag in Rechnung gestellt, unabh\u00e4ngig davon, ob die Bestellung online oder offline erfolgt ist des\/der versandten Produkts(e) und Ihre Bestellung ist nicht stornierbar.<\/li>\n<li>Tippfehler auf unserer Website und in der Google-Suche, einschlie\u00dflich der Preisangaben, k\u00f6nnen korrigiert werden und wir haften nicht f\u00fcr sie.<\/li>\n<\/ul>\n<\/li>\n<\/ul>","protected":false},"excerpt":{"rendered":"<p>Zur\u00fcck zur Startseite. Bitte lesen, verstehen und akzeptieren Sie die folgenden Bedingungen, bevor Sie bestellen [\u2026]<\/p>","protected":false},"author":1,"featured_media":0,"parent":0,"menu_order":0,"comment_status":"closed","ping_status":"closed","template":"","meta":{"content-type":"","_themeisle_gutenberg_block_has_review":false,"footnotes":""},"aioseo_notices":[],"_links":{"self":[{"href":"https:\/\/key2optics.com\/de\/wp-json\/wp\/v2\/pages\/3001"}],"collection":[{"href":"https:\/\/key2optics.com\/de\/wp-json\/wp\/v2\/pages"}],"about":[{"href":"https:\/\/key2optics.com\/de\/wp-json\/wp\/v2\/types\/page"}],"author":[{"embeddable":true,"href":"https:\/\/key2optics.com\/de\/wp-json\/wp\/v2\/users\/1"}],"replies":[{"embeddable":true,"href":"https:\/\/key2optics.com\/de\/wp-json\/wp\/v2\/comments?post=3001"}],"version-history":[{"count":0,"href":"https:\/\/key2optics.com\/de\/wp-json\/wp\/v2\/pages\/3001\/revisions"}],"wp:attachment":[{"href":"https:\/\/key2optics.com\/de\/wp-json\/wp\/v2\/media?parent=3001"}],"curies":[{"name":"wp","href":"https:\/\/api.w.org\/{rel}","templated":true}]}}