{"id":3247,"date":"2019-11-19T17:48:34","date_gmt":"2019-11-19T09:48:34","guid":{"rendered":"https:\/\/key2optics.com\/?page_id=3247"},"modified":"2022-09-04T12:03:22","modified_gmt":"2022-09-04T04:03:22","slug":"cwdm-dwdm","status":"publish","type":"page","link":"https:\/\/key2optics.com\/de\/cwdm-dwdm\/","title":{"rendered":"CWDM | DWDM"},"content":{"rendered":"<p><strong>Key2-Optik<\/strong> Die optische Transportl\u00f6sung basiert auf der DWDM-Technologie (Dense Wavelength Division Multiplexing) und der CWDM-Technologie (Coarse Wavelength Division Multiplexing) und bietet Flexibilit\u00e4t und Robustheit f\u00fcr verschiedene Arten von Anwendungen in optischen Systemen. Dank der \u00e4u\u00dferst flexiblen und modularen Architektur kann die Kapazit\u00e4t unserer Plattform ohne Dienstunterbrechung auf bis zu 80 Kan\u00e4le mit 10 Gbit\/s erweitert werden und unterst\u00fctzt Point-to-Point, Point-to-Multipoint, Add\/Drop, Ring und Mesh Topologien.<\/p>\n\n\n<div data-block-name=\"woocommerce\/product-category\" data-categories=\"[71]\" class=\"wc-block-grid wp-block-product-category wc-block-product-category has-3-columns has-multiple-rows\"><ul class=\"wc-block-grid__products\"><li class=\"wc-block-grid__product product-grid botiga-wishlist-show-on-hover\">\n\t\t\t\t<div class=\"loop-image-wrap botiga-add-to-cart-button-layout2 botiga-wishlist-button-layout2\">\n\t\t\t\t\t<a href=\"https:\/\/key2optics.com\/de\/produkt\/dwdm-muxdemux\/\" class=\"wc-block-grid__product-link\">\n\t\t\t\t\t\t<div class=\"wc-block-grid__product-image\"><img loading=\"lazy\" decoding=\"async\" width=\"420\" height=\"420\" src=\"https:\/\/key2optics.com\/wp-content\/uploads\/2022\/10\/dwdm-420x420.png\" class=\"attachment-woocommerce_thumbnail size-woocommerce_thumbnail\" alt=\"dwdm mux demux\" srcset=\"https:\/\/key2optics.com\/wp-content\/uploads\/2022\/10\/dwdm-420x420.png 420w, https:\/\/key2optics.com\/wp-content\/uploads\/2022\/10\/dwdm-100x100.png 100w, https:\/\/key2optics.com\/wp-content\/uploads\/2022\/10\/dwdm-180x180.png 180w, https:\/\/key2optics.com\/wp-content\/uploads\/2022\/10\/dwdm-50x50.png 50w\" sizes=\"(max-width: 420px) 100vw, 420px\" \/><\/div>\n\t\t\t\t\t<\/a>\n\t<a href=\"#\" class=\"botiga-wishlist-button botiga-wishlist-button-tooltip\" data-type=\"add\" data-wishlist-link=\"https:\/\/key2optics.com\/de\/meine-wunschliste\/\" aria-label=\"F\u00fcgen Sie das Produkt DWDM Mux|Demux zur Wunschliste hinzu\" data-product-id=\"5464\" data-nonce=\"c59a6d0348\" data-botiga-wishlist-tooltip=\"Add to Wishlist\">\n\t\t<svg width=\"17\" height=\"17\" viewbox=\"0 0 25 22\" fill=\"none\" xmlns=\"http:\/\/www.w3.org\/2000\/svg\">\n\t\t\t<path d=\"M13.8213 2.50804L13.8216 2.5078C16.1161 0.140222 19.7976 -0.212946 22.2492 1.87607C25.093 4.30325 25.2444 8.66651 22.6933 11.2992L22.6932 11.2993L13.245 21.055C13.245 21.0551 13.245 21.0551 13.2449 21.0551C12.8311 21.4822 12.1652 21.4822 11.7514 21.0551C11.7513 21.0551 11.7513 21.0551 11.7513 21.055L2.30334 11.2995C-0.243225 8.66684 -0.0918835 4.30344 2.75181 1.8762C5.20368 -0.213127 8.88985 0.140465 11.1793 2.50744L11.1799 2.50804L12.1418 3.49925L12.5006 3.86899L12.8594 3.49925L13.8213 2.50804Z\" stroke-width=\"1\" stroke=\"#212121\" fill=\"transparent\"\/>\n\t\t<\/svg>\n\t<\/a>\n\n\t<\/div><a href=\"https:\/\/key2optics.com\/de\/produkt\/dwdm-muxdemux\/\" class=\"wc-block-grid__product-link\">\n\t\t\t\t\t<div class=\"wc-block-grid__product-title\">DWDM Mux|Demux<\/div>\n\t\t\t\t<\/a><div class=\"wc-block-grid__product-price price\"><span class=\"woocommerce-Price-amount amount\"><span class=\"woocommerce-Price-currencySymbol\">&#036;<\/span>0.00<\/span><\/div><div class=\"wp-block-button wc-block-grid__product-add-to-cart\"><div class=\"loop-button-wrap button-width-auto button-layout2\"><a href=\"?add-to-cart=5464\" aria-label=\"Zum Warenkorb hinzuf\u00fcgen: \u201eDWDM Mux|Demux\u201c\" data-quantity=\"1\" data-product_id=\"5464\" data-product_sku=\"DWDM-Mux-Demux\" rel=\"nofollow\" class=\"button wp-block-button__link add_to_cart_button ajax_add_to_cart\" data-no-translation=\"\" data-trp-gettext=\"\" data-no-translation-aria-label=\"\">In den Warenkorb<\/a><\/div><\/div><\/li><li class=\"wc-block-grid__product product-grid botiga-wishlist-show-on-hover\">\n\t\t\t\t<div class=\"loop-image-wrap botiga-add-to-cart-button-layout2 botiga-wishlist-button-layout2\">\n\t\t\t\t\t<a href=\"https:\/\/key2optics.com\/de\/produkt\/dwdm-oadm\/\" class=\"wc-block-grid__product-link\">\n\t\t\t\t\t\t<div class=\"wc-block-grid__product-image\"><img loading=\"lazy\" decoding=\"async\" width=\"420\" height=\"420\" src=\"https:\/\/key2optics.com\/wp-content\/uploads\/2022\/10\/DWDM-OADM-420x420.png\" class=\"attachment-woocommerce_thumbnail size-woocommerce_thumbnail\" alt=\"DWDM-OADM\" srcset=\"https:\/\/key2optics.com\/wp-content\/uploads\/2022\/10\/DWDM-OADM-420x420.png 420w, https:\/\/key2optics.com\/wp-content\/uploads\/2022\/10\/DWDM-OADM-100x100.png 100w, https:\/\/key2optics.com\/wp-content\/uploads\/2022\/10\/DWDM-OADM-180x180.png 180w, https:\/\/key2optics.com\/wp-content\/uploads\/2022\/10\/DWDM-OADM-50x50.png 50w\" sizes=\"(max-width: 420px) 100vw, 420px\" \/><\/div>\n\t\t\t\t\t<\/a>\n\t<a href=\"#\" class=\"botiga-wishlist-button botiga-wishlist-button-tooltip\" data-type=\"add\" data-wishlist-link=\"https:\/\/key2optics.com\/de\/meine-wunschliste\/\" aria-label=\"F\u00fcgen Sie das Produkt DWDM OADM zur Wunschliste hinzu\" data-product-id=\"5463\" data-nonce=\"c59a6d0348\" data-botiga-wishlist-tooltip=\"Add to Wishlist\">\n\t\t<svg width=\"17\" height=\"17\" viewbox=\"0 0 25 22\" fill=\"none\" xmlns=\"http:\/\/www.w3.org\/2000\/svg\">\n\t\t\t<path d=\"M13.8213 2.50804L13.8216 2.5078C16.1161 0.140222 19.7976 -0.212946 22.2492 1.87607C25.093 4.30325 25.2444 8.66651 22.6933 11.2992L22.6932 11.2993L13.245 21.055C13.245 21.0551 13.245 21.0551 13.2449 21.0551C12.8311 21.4822 12.1652 21.4822 11.7514 21.0551C11.7513 21.0551 11.7513 21.0551 11.7513 21.055L2.30334 11.2995C-0.243225 8.66684 -0.0918835 4.30344 2.75181 1.8762C5.20368 -0.213127 8.88985 0.140465 11.1793 2.50744L11.1799 2.50804L12.1418 3.49925L12.5006 3.86899L12.8594 3.49925L13.8213 2.50804Z\" stroke-width=\"1\" stroke=\"#212121\" fill=\"transparent\"\/>\n\t\t<\/svg>\n\t<\/a>\n\n\t<\/div><a href=\"https:\/\/key2optics.com\/de\/produkt\/dwdm-oadm\/\" class=\"wc-block-grid__product-link\">\n\t\t\t\t\t<div class=\"wc-block-grid__product-title\">DWDM OADM<\/div>\n\t\t\t\t<\/a><div class=\"wc-block-grid__product-price price\"><span class=\"woocommerce-Price-amount amount\"><span class=\"woocommerce-Price-currencySymbol\">&#036;<\/span>0.00<\/span><\/div><div class=\"wp-block-button wc-block-grid__product-add-to-cart\"><div class=\"loop-button-wrap button-width-auto button-layout2\"><a href=\"?add-to-cart=5463\" aria-label=\"Zum Warenkorb hinzuf\u00fcgen: \u201eDWDM OADM\u201c\" data-quantity=\"1\" data-product_id=\"5463\" data-product_sku=\"DWDM-OADM\" rel=\"nofollow\" class=\"button wp-block-button__link add_to_cart_button ajax_add_to_cart\" data-no-translation=\"\" data-trp-gettext=\"\" data-no-translation-aria-label=\"\">In den Warenkorb<\/a><\/div><\/div><\/li><li class=\"wc-block-grid__product product-grid botiga-wishlist-show-on-hover\">\n\t\t\t\t<div class=\"loop-image-wrap botiga-add-to-cart-button-layout2 botiga-wishlist-button-layout2\">\n\t\t\t\t\t<a href=\"https:\/\/key2optics.com\/de\/produkt\/awg-dwdm\/\" class=\"wc-block-grid__product-link\">\n\t\t\t\t\t\t<div class=\"wc-block-grid__product-image\"><img loading=\"lazy\" decoding=\"async\" width=\"420\" height=\"382\" src=\"https:\/\/key2optics.com\/wp-content\/uploads\/2022\/10\/7917305-420x382.jpg\" class=\"attachment-woocommerce_thumbnail size-woocommerce_thumbnail\" alt=\"DWDM-AAWG\" \/><\/div>\n\t\t\t\t\t<\/a>\n\t<a href=\"#\" class=\"botiga-wishlist-button botiga-wishlist-button-tooltip\" data-type=\"add\" data-wishlist-link=\"https:\/\/key2optics.com\/de\/meine-wunschliste\/\" aria-label=\"F\u00fcgen Sie das Produkt AAWG DWDM zur Wunschliste hinzu\" data-product-id=\"5455\" data-nonce=\"c59a6d0348\" data-botiga-wishlist-tooltip=\"Add to Wishlist\">\n\t\t<svg width=\"17\" height=\"17\" viewbox=\"0 0 25 22\" fill=\"none\" xmlns=\"http:\/\/www.w3.org\/2000\/svg\">\n\t\t\t<path d=\"M13.8213 2.50804L13.8216 2.5078C16.1161 0.140222 19.7976 -0.212946 22.2492 1.87607C25.093 4.30325 25.2444 8.66651 22.6933 11.2992L22.6932 11.2993L13.245 21.055C13.245 21.0551 13.245 21.0551 13.2449 21.0551C12.8311 21.4822 12.1652 21.4822 11.7514 21.0551C11.7513 21.0551 11.7513 21.0551 11.7513 21.055L2.30334 11.2995C-0.243225 8.66684 -0.0918835 4.30344 2.75181 1.8762C5.20368 -0.213127 8.88985 0.140465 11.1793 2.50744L11.1799 2.50804L12.1418 3.49925L12.5006 3.86899L12.8594 3.49925L13.8213 2.50804Z\" stroke-width=\"1\" stroke=\"#212121\" fill=\"transparent\"\/>\n\t\t<\/svg>\n\t<\/a>\n\n\t<\/div><a href=\"https:\/\/key2optics.com\/de\/produkt\/awg-dwdm\/\" class=\"wc-block-grid__product-link\">\n\t\t\t\t\t<div class=\"wc-block-grid__product-title\">AAWG DWDM<\/div>\n\t\t\t\t<\/a><div class=\"wc-block-grid__product-price price\"><span class=\"woocommerce-Price-amount amount\"><span class=\"woocommerce-Price-currencySymbol\">&#036;<\/span>0.00<\/span><\/div><div class=\"wp-block-button wc-block-grid__product-add-to-cart\"><div class=\"loop-button-wrap button-width-auto button-layout2\"><a href=\"?add-to-cart=5455\" aria-label=\"Zum Warenkorb hinzuf\u00fcgen: \u201eAAWG DWDM\u201c\" data-quantity=\"1\" data-product_id=\"5455\" data-product_sku=\"DWDM-AAWG\" rel=\"nofollow\" class=\"button wp-block-button__link add_to_cart_button ajax_add_to_cart\" data-no-translation=\"\" data-trp-gettext=\"\" data-no-translation-aria-label=\"\">In den Warenkorb<\/a><\/div><\/div><\/li><li class=\"wc-block-grid__product product-grid botiga-wishlist-show-on-hover\">\n\t\t\t\t<div class=\"loop-image-wrap botiga-add-to-cart-button-layout2 botiga-wishlist-button-layout2\">\n\t\t\t\t\t<a href=\"https:\/\/key2optics.com\/de\/produkt\/cwdm-oadm\/\" class=\"wc-block-grid__product-link\">\n\t\t\t\t\t\t<div class=\"wc-block-grid__product-image\"><img loading=\"lazy\" decoding=\"async\" width=\"420\" height=\"420\" src=\"https:\/\/key2optics.com\/wp-content\/uploads\/2022\/10\/cwdm-oadm-420x420.jpeg\" class=\"attachment-woocommerce_thumbnail size-woocommerce_thumbnail\" alt=\"CWDM OADM\/ROADM\" srcset=\"https:\/\/key2optics.com\/wp-content\/uploads\/2022\/10\/cwdm-oadm-420x420.jpeg 420w, https:\/\/key2optics.com\/wp-content\/uploads\/2022\/10\/cwdm-oadm-100x100.jpeg 100w, https:\/\/key2optics.com\/wp-content\/uploads\/2022\/10\/cwdm-oadm-800x800.jpeg 800w, https:\/\/key2optics.com\/wp-content\/uploads\/2022\/10\/cwdm-oadm-480x480.jpeg 480w, https:\/\/key2optics.com\/wp-content\/uploads\/2022\/10\/cwdm-oadm-180x180.jpeg 180w, https:\/\/key2optics.com\/wp-content\/uploads\/2022\/10\/cwdm-oadm-768x768.jpeg 768w, https:\/\/key2optics.com\/wp-content\/uploads\/2022\/10\/cwdm-oadm-12x12.jpeg 12w, https:\/\/key2optics.com\/wp-content\/uploads\/2022\/10\/cwdm-oadm-920x920.jpeg 920w, https:\/\/key2optics.com\/wp-content\/uploads\/2022\/10\/cwdm-oadm-575x575.jpeg 575w, https:\/\/key2optics.com\/wp-content\/uploads\/2022\/10\/cwdm-oadm-380x380.jpeg 380w, https:\/\/key2optics.com\/wp-content\/uploads\/2022\/10\/cwdm-oadm-50x50.jpeg 50w, https:\/\/key2optics.com\/wp-content\/uploads\/2022\/10\/cwdm-oadm.jpeg 1080w\" sizes=\"(max-width: 420px) 100vw, 420px\" \/><\/div>\n\t\t\t\t\t<\/a>\n\t<a href=\"#\" class=\"botiga-wishlist-button botiga-wishlist-button-tooltip\" data-type=\"add\" data-wishlist-link=\"https:\/\/key2optics.com\/de\/meine-wunschliste\/\" aria-label=\"F\u00fcgen Sie das Produkt CWDM OADM\/ROADM zur Wunschliste hinzu\" data-product-id=\"5449\" data-nonce=\"c59a6d0348\" data-botiga-wishlist-tooltip=\"Add to Wishlist\">\n\t\t<svg width=\"17\" height=\"17\" viewbox=\"0 0 25 22\" fill=\"none\" xmlns=\"http:\/\/www.w3.org\/2000\/svg\">\n\t\t\t<path d=\"M13.8213 2.50804L13.8216 2.5078C16.1161 0.140222 19.7976 -0.212946 22.2492 1.87607C25.093 4.30325 25.2444 8.66651 22.6933 11.2992L22.6932 11.2993L13.245 21.055C13.245 21.0551 13.245 21.0551 13.2449 21.0551C12.8311 21.4822 12.1652 21.4822 11.7514 21.0551C11.7513 21.0551 11.7513 21.0551 11.7513 21.055L2.30334 11.2995C-0.243225 8.66684 -0.0918835 4.30344 2.75181 1.8762C5.20368 -0.213127 8.88985 0.140465 11.1793 2.50744L11.1799 2.50804L12.1418 3.49925L12.5006 3.86899L12.8594 3.49925L13.8213 2.50804Z\" stroke-width=\"1\" stroke=\"#212121\" fill=\"transparent\"\/>\n\t\t<\/svg>\n\t<\/a>\n\n\t<\/div><a href=\"https:\/\/key2optics.com\/de\/produkt\/cwdm-oadm\/\" class=\"wc-block-grid__product-link\">\n\t\t\t\t\t<div class=\"wc-block-grid__product-title\">CWDM OADM\/ROADM<\/div>\n\t\t\t\t<\/a><div class=\"wc-block-grid__product-price price\"><span class=\"woocommerce-Price-amount amount\"><span class=\"woocommerce-Price-currencySymbol\">&#036;<\/span>0.00<\/span><\/div><div class=\"wp-block-button wc-block-grid__product-add-to-cart\"><div class=\"loop-button-wrap button-width-auto button-layout2\"><a href=\"?add-to-cart=5449\" aria-label=\"Zum Warenkorb hinzuf\u00fcgen: \u201eCWDM OADM\/ROADM\u201c\" data-quantity=\"1\" data-product_id=\"5449\" data-product_sku=\"CWDM-OADM\" rel=\"nofollow\" class=\"button wp-block-button__link add_to_cart_button ajax_add_to_cart\" data-no-translation=\"\" data-trp-gettext=\"\" data-no-translation-aria-label=\"\">In den Warenkorb<\/a><\/div><\/div><\/li><li class=\"wc-block-grid__product product-grid botiga-wishlist-show-on-hover\">\n\t\t\t\t<div class=\"loop-image-wrap botiga-add-to-cart-button-layout2 botiga-wishlist-button-layout2\">\n\t\t\t\t\t<a href=\"https:\/\/key2optics.com\/de\/produkt\/passive-cwdm-mux-demux\/\" class=\"wc-block-grid__product-link\">\n\t\t\t\t\t\t<div class=\"wc-block-grid__product-image\"><img loading=\"lazy\" decoding=\"async\" width=\"420\" height=\"420\" src=\"https:\/\/key2optics.com\/wp-content\/uploads\/2019\/11\/passive_cwdm1-420x420.jpg\" class=\"attachment-woocommerce_thumbnail size-woocommerce_thumbnail\" alt=\"CWDM MUX|DEMUX\" srcset=\"https:\/\/key2optics.com\/wp-content\/uploads\/2019\/11\/passive_cwdm1-420x420.jpg 420w, https:\/\/key2optics.com\/wp-content\/uploads\/2019\/11\/passive_cwdm1-100x100.jpg 100w, https:\/\/key2optics.com\/wp-content\/uploads\/2019\/11\/passive_cwdm1-180x180.jpg 180w\" sizes=\"(max-width: 420px) 100vw, 420px\" \/><\/div>\n\t\t\t\t\t<\/a>\n\t<a href=\"#\" class=\"botiga-wishlist-button botiga-wishlist-button-tooltip\" data-type=\"add\" data-wishlist-link=\"https:\/\/key2optics.com\/de\/meine-wunschliste\/\" aria-label=\"F\u00fcgen Sie das Produkt CWDM MUX|DEMUX zur Wunschliste hinzu\" data-product-id=\"3186\" data-nonce=\"c59a6d0348\" data-botiga-wishlist-tooltip=\"Add to Wishlist\">\n\t\t<svg width=\"17\" height=\"17\" viewbox=\"0 0 25 22\" fill=\"none\" xmlns=\"http:\/\/www.w3.org\/2000\/svg\">\n\t\t\t<path d=\"M13.8213 2.50804L13.8216 2.5078C16.1161 0.140222 19.7976 -0.212946 22.2492 1.87607C25.093 4.30325 25.2444 8.66651 22.6933 11.2992L22.6932 11.2993L13.245 21.055C13.245 21.0551 13.245 21.0551 13.2449 21.0551C12.8311 21.4822 12.1652 21.4822 11.7514 21.0551C11.7513 21.0551 11.7513 21.0551 11.7513 21.055L2.30334 11.2995C-0.243225 8.66684 -0.0918835 4.30344 2.75181 1.8762C5.20368 -0.213127 8.88985 0.140465 11.1793 2.50744L11.1799 2.50804L12.1418 3.49925L12.5006 3.86899L12.8594 3.49925L13.8213 2.50804Z\" stroke-width=\"1\" stroke=\"#212121\" fill=\"transparent\"\/>\n\t\t<\/svg>\n\t<\/a>\n\n\t<\/div><a href=\"https:\/\/key2optics.com\/de\/produkt\/passive-cwdm-mux-demux\/\" class=\"wc-block-grid__product-link\">\n\t\t\t\t\t<div class=\"wc-block-grid__product-title\">CWDM MUX|DEMUX<\/div>\n\t\t\t\t<\/a><div class=\"wc-block-grid__product-price price\"><span class=\"woocommerce-Price-amount amount\"><span class=\"woocommerce-Price-currencySymbol\">&#036;<\/span>0.00<\/span><\/div><div class=\"wp-block-button wc-block-grid__product-add-to-cart\"><div class=\"loop-button-wrap button-width-auto button-layout2\"><a href=\"?add-to-cart=3186\" aria-label=\"Zum Warenkorb hinzuf\u00fcgen: \u201eCWDM MUX|DEMUX\u201c\" data-quantity=\"1\" data-product_id=\"3186\" data-product_sku=\"CWDM-Mux-Demux\" rel=\"nofollow\" class=\"button wp-block-button__link add_to_cart_button ajax_add_to_cart\" data-no-translation=\"\" data-trp-gettext=\"\" data-no-translation-aria-label=\"\">In den Warenkorb<\/a><\/div><\/div><\/li><\/ul><\/div>","protected":false},"excerpt":{"rendered":"<p>Die optische Transportl\u00f6sung von Key2 Optics basiert auf der DWDM-Technologie [\u2026]<\/p>","protected":false},"author":1,"featured_media":0,"parent":0,"menu_order":0,"comment_status":"closed","ping_status":"closed","template":"","meta":{"content-type":"","_themeisle_gutenberg_block_has_review":false,"footnotes":""},"aioseo_notices":[],"_links":{"self":[{"href":"https:\/\/key2optics.com\/de\/wp-json\/wp\/v2\/pages\/3247"}],"collection":[{"href":"https:\/\/key2optics.com\/de\/wp-json\/wp\/v2\/pages"}],"about":[{"href":"https:\/\/key2optics.com\/de\/wp-json\/wp\/v2\/types\/page"}],"author":[{"embeddable":true,"href":"https:\/\/key2optics.com\/de\/wp-json\/wp\/v2\/users\/1"}],"replies":[{"embeddable":true,"href":"https:\/\/key2optics.com\/de\/wp-json\/wp\/v2\/comments?post=3247"}],"version-history":[{"count":0,"href":"https:\/\/key2optics.com\/de\/wp-json\/wp\/v2\/pages\/3247\/revisions"}],"wp:attachment":[{"href":"https:\/\/key2optics.com\/de\/wp-json\/wp\/v2\/media?parent=3247"}],"curies":[{"name":"wp","href":"https:\/\/api.w.org\/{rel}","templated":true}]}}