{"id":614,"date":"2016-03-07T03:11:22","date_gmt":"2016-03-06T19:11:22","guid":{"rendered":"https:\/\/theme-gavias.com\/wp\/foxin\/?page_id=614"},"modified":"2022-11-03T18:14:39","modified_gmt":"2022-11-03T10:14:39","slug":"faq-page","status":"publish","type":"page","link":"https:\/\/key2optics.com\/de\/faq-seite\/","title":{"rendered":"Produkt-FAQ"},"content":{"rendered":"<h2 class=\"wp-block-heading\">Fragen:<\/h2>\n\n\n\n<ul>\n<li><strong><a href=\"https:\/\/key2optics.com\/de\/faq-seite\/#1\" title=\"\">Funktioniert Ihr optisches Modul mit Netzwerkger\u00e4ten von Cisco, Juniper, Arista oder anderen Marken?<\/a><\/strong><\/li>\n\n\n\n<li><strong><a href=\"https:\/\/key2optics.com\/de\/faq-seite\/#2\" title=\"\">Ich m\u00f6chte wissen, was der Unterschied zwischen FHD, FHX, FHU und FHZ ist.<\/a><\/strong><\/li>\n\n\n\n<li><strong><a href=\"https:\/\/key2optics.com\/de\/faq-seite\/#3\" title=\"\">Verf\u00fcgen die Transceiver \u00fcber branchen\u00fcbliche Zertifizierungen wie CE, FCC, RoHS und UL?<\/a><\/strong><\/li>\n\n\n\n<li><strong><a href=\"https:\/\/key2optics.com\/de\/faq-seite\/#4\" title=\"\">Warum sollte ich Key2Optics-kompatiblen Transceivern vertrauen?<\/a><\/strong><\/li>\n\n\n\n<li><strong><a href=\"https:\/\/key2optics.com\/de\/faq-seite\/#5\" title=\"\">Welche kundenspezifischen Optionen werden bei Key2 Optics angeboten?<\/a><\/strong><\/li>\n\n\n\n<li><strong><a href=\"https:\/\/key2optics.com\/de\/faq-seite\/#6\" title=\"\">Passives CWDM vs. DWDM \u2013 Was soll man w\u00e4hlen?<\/a><\/strong><\/li>\n\n\n\n<li><strong><a href=\"https:\/\/key2optics.com\/de\/faq-seite\/#7\" title=\"\">Was sind die kompatiblen Marken unserer Transceiver?<\/a><\/strong><\/li>\n\n\n\n<li><strong><a href=\"https:\/\/key2optics.com\/de\/faq-seite\/#8\" title=\"\">Was ist ROADM\/OADM?<\/a><\/strong><\/li>\n\n\n\n<li><strong><a href=\"https:\/\/key2optics.com\/de\/faq-seite\/#9\" title=\"\">DWDM CWDM in ROADM?<\/a><\/strong><\/li>\n\n\n\n<li><strong><a href=\"https:\/\/key2optics.com\/de\/faq-seite\/#10\" title=\"\">Was ist anders? SFP vs. SFP+?<\/a><\/strong><\/li>\n\n\n\n<li><strong><a href=\"https:\/\/key2optics.com\/de\/faq-seite\/#11\" title=\"\">Sind SFP-Module universell? <\/a><\/strong><\/li>\n\n\n\n<li><strong><a href=\"https:\/\/key2optics.com\/de\/faq-seite\/#12\" title=\"\">Sind optische Kabel gerichtet?<\/a><\/strong><\/li>\n\n\n\n<li><strong><a href=\"https:\/\/key2optics.com\/de\/faq-seite\/#13\" title=\"\">Was ist ein optisches Verbindungsmodul? <\/a><\/strong><\/li>\n<\/ul>\n\n\n\n<h2 class=\"wp-block-heading\">Produkt-FAQ<\/h2>\n\n\n\n<p id=\"1\"><strong>Funktioniert Ihr optisches Modul mit Netzwerkger\u00e4ten von Cisco, Juniper, Arista oder anderen Marken?<\/strong><br>Unser optisches Modul, AOC und DAC k\u00f6nnen auf Netzwerkger\u00e4ten jeder Marke funktionieren. Der einzige Unterschied besteht darin, dass wir die unterschiedliche \u201eFirmware\u201c \u00e4ndern m\u00fcssen, um sie an verschiedene Marken und Modelle anzupassen. Bitte teilen Sie uns mit, welche Ger\u00e4tetypen und Modellnummern Sie installieren m\u00f6chten optisches Modul, wir flashen die genaue Firmware f\u00fcr Sie.<br>Wir haben eine Liste kompatibler Ger\u00e4te verschiedener Marken <a href=\"https:\/\/key2optics.com\/de\/kontaktiere-uns\/\" target=\"_blank\" rel=\"noopener\" title=\"Kontaktieren Sie uns sofort f\u00fcr die zuverl\u00e4ssigsten Produkte \u2013 OTN-Komplettl\u00f6sungen\ufffc\">Kontaktieren Sie Ihren Vertriebskundenbetreuer<\/a> f\u00fcr dieses Dokument. Sie k\u00f6nnen die Kompatibilit\u00e4t \u00fcberpr\u00fcfen <a href=\"https:\/\/key2optics.com\/de\/faq-seite\/#compatible-list\" title=\"Produkt-FAQ\">Liste unten<\/a>.<\/p>\n\n\n\n<p id=\"2\"><strong>Ich m\u00f6chte wissen, was der Unterschied zwischen FHD, FHX, FHU und FHZ ist.<\/strong><br>Key2 Optics k\u00f6nnte Produkte der vier Serien FHD, FHX, FHU und FHZ f\u00fcr den Bedarf an strukturierten Verkabelungsl\u00f6sungen anbieten. Die FHD High-Density-Serie ist eine vielseitige L\u00f6sung in verschiedenen Gr\u00f6\u00dfen (1U\/2U\/4U) und Ausf\u00fchrungen f\u00fcr den Aufbau von Backbones, Rechenzentren und Unternehmensanwendungen. Die FHX Ultra HD-Serie ist ideal f\u00fcr Dienstanbieter, Zentralb\u00fcros, gro\u00dfe Unternehmen und Cloud-Rechenzentren. Die FHU-Serie ist f\u00fcr die Verbindung dort konzipiert, wo schnelle Bereitstellung und einfache Wartung von entscheidender Bedeutung sind. Die FHZ Premium Ultra HD-Serie erm\u00f6glicht die Bereitstellung von Skalierbarkeit, um die Dichte zu erh\u00f6hen, wenn sich die Gesch\u00e4ftsanforderungen \u00e4ndern.<\/p>\n\n\n\n<p id=\"3\"><strong>Verf\u00fcgen die Transceiver \u00fcber branchen\u00fcbliche Zertifizierungen wie CE, FCC, RoHS und UL?<\/strong><br>Die meisten Transceiver sind CE- und FCC-zertifiziert, einige sind RoHS-zertifiziert, und wir arbeiten an der UL-Zertifizierung, und wir werden in naher Zukunft alle konformen Zertifizierungen wie EMC und MIL bereithalten.<\/p>\n\n\n\n<p id=\"4\"><strong>Warum sollte ich Key2Optics-kompatiblen Transceivern vertrauen?<\/strong><br>Neben dem Preisvorteil, den wir im Vergleich zu Marken-Transceivern haben, bieten Key2Optics-kompatible Transceiver auch die gleiche Leistung und Zuverl\u00e4ssigkeit. Um die Anforderungen unserer Kunden an hohe Leistung zu erf\u00fcllen, werden alle unsere Transceiver vor dem Versand in unserem Testzentrum mehrfach mit g\u00e4ngigen Original-Marken-Switches getestet.<\/p>\n\n\n\n<p id=\"5\"><strong>Welche kundenspezifischen Optionen werden bei Key2 Optics angeboten?<\/strong><br>F\u00fcr ma\u00dfgeschneiderte Direktanschlusskabel und aktive optische Kabel sowie alle unsere Transceiver-Produkte bietet Key2 Optics regelm\u00e4\u00dfig kundenspezifische Auswahlm\u00f6glichkeiten wie Kompatibilit\u00e4t, Kabell\u00e4nge, Kabelfarbe, Betriebstemperatur, Etikettenmuster, Etikettenfarben usw. Dar\u00fcber hinaus bietet Key2 Optics freut sich \u00fcber jede Anfrage nach ma\u00dfgeschneiderten Produkten und L\u00f6sungen f\u00fcr alle Bed\u00fcrfnisse und Spezifikationen.<\/p>\n\n\n\n<p id=\"6\"><strong>Passives CWDM vs. DWDM \u2013 Was soll man w\u00e4hlen?<\/strong><br>Im Allgemeinen bietet CWDM eine praktische und kosteng\u00fcnstige L\u00f6sung f\u00fcr kurze Entfernungen (z. B. 70 km), geringe Kapazit\u00e4t und eine Rate von bis zu 10 G pro Kanal. W\u00e4hrend DWDM Langstreckenanwendungen mit Geschwindigkeitsprotokollen von bis zu 100G\/200G pro Kanal unterst\u00fctzt.<\/p>\n\n\n\n<div class=\"wp-block-group is-vertical is-layout-flex wp-container-core-group-is-layout-1 wp-block-group-is-layout-flex\">\n<p id=\"7\"><strong>Was sind die kompatiblen Marken unserer Transceiver?<\/strong><\/p>\n\n\n\n<p>Wir unterst\u00fctzen fast alle Marken von Netzwerkger\u00e4ten auf dem Markt. Die Liste finden Sie wie folgt. Wenn eine Marke nicht aufgef\u00fchrt ist, wenden Sie sich bitte an uns <a href=\"mailto:info@smartiotec.com\">Unterst\u00fctzung<\/a> (info@smartiotec.com).<\/p>\n<\/div>\n\n\n\n<figure class=\"wp-block-image size-full is-resized ticss-c4642bd5\" id=\"compatible-list\"><img loading=\"lazy\" decoding=\"async\" src=\"https:\/\/key2optics.com\/wp-content\/uploads\/2022\/09\/Optical-Module-List-en.jpg\" alt=\"Transceiver-Kompatibilit\u00e4t\" class=\"wp-image-4309\" width=\"840\" height=\"833\" srcset=\"https:\/\/key2optics.com\/wp-content\/uploads\/2022\/09\/Optical-Module-List-en.jpg 1591w, https:\/\/key2optics.com\/wp-content\/uploads\/2022\/09\/Optical-Module-List-en-100x100.jpg 100w, https:\/\/key2optics.com\/wp-content\/uploads\/2022\/09\/Optical-Module-List-en-800x793.jpg 800w, https:\/\/key2optics.com\/wp-content\/uploads\/2022\/09\/Optical-Module-List-en-484x480.jpg 484w, https:\/\/key2optics.com\/wp-content\/uploads\/2022\/09\/Optical-Module-List-en-180x180.jpg 180w, https:\/\/key2optics.com\/wp-content\/uploads\/2022\/09\/Optical-Module-List-en-768x762.jpg 768w, https:\/\/key2optics.com\/wp-content\/uploads\/2022\/09\/Optical-Module-List-en-1536x1523.jpg 1536w, https:\/\/key2optics.com\/wp-content\/uploads\/2022\/09\/Optical-Module-List-en-1140x1131.jpg 1140w, https:\/\/key2optics.com\/wp-content\/uploads\/2022\/09\/Optical-Module-List-en-920x912.jpg 920w, https:\/\/key2optics.com\/wp-content\/uploads\/2022\/09\/Optical-Module-List-en-575x570.jpg 575w, https:\/\/key2optics.com\/wp-content\/uploads\/2022\/09\/Optical-Module-List-en-380x377.jpg 380w\" sizes=\"(max-width: 840px) 100vw, 840px\" \/><\/figure>\n\n\n\n<p id=\"8\"><strong>Was ist ROADM\/OADM?<\/strong> (<a href=\"https:\/\/en.wikipedia.org\/wiki\/Reconfigurable_optical_add-drop_multiplexer\" target=\"_blank\" rel=\"noopener\" title=\"\">Wiki<\/a>)<br>Ein rekonfigurierbarer optischer Add-Drop-Multiplexer (ROADM) ist eine Form eines optischen Add-Drop-Multiplexers, der die M\u00f6glichkeit bietet, Datenverkehr von einem Wellenl\u00e4ngenmultiplexsystem (WDM) auf der Wellenl\u00e4ngenebene fernzuleiten. Dies wird durch den Einsatz eines wellenl\u00e4ngenselektiven Verfahrens erreicht<a href=\"https:\/\/en.wikipedia.org\/wiki\/Wavelength_selective_switching\"> schalten<\/a>&nbsp;Modul. Dadurch k\u00f6nnen einzelne oder mehrere Wellenl\u00e4ngen \u00fcbertragende Datenkan\u00e4le zu einem Transport hinzugef\u00fcgt und\/oder aus diesem entfernt werden&nbsp;<a href=\"https:\/\/en.wikipedia.org\/wiki\/Optical_fiber\">Faser<\/a>&nbsp;ohne dass die Signale auf allen WDM-Kan\u00e4len in elektronische Signale und wieder zur\u00fcck in optische Signale umgewandelt werden m\u00fcssen.<\/p>\n\n\n\n<p>Die Hauptvorteile des ROADM sind:<\/p>\n\n\n\n<ul>\n<li>Die Planung der gesamten Bandbreitenzuweisung muss nicht bei der Erstbereitstellung eines Systems erfolgen. Die Konfiguration kann nach Bedarf vorgenommen werden, ohne den Verkehr zu beeintr\u00e4chtigen, der bereits den ROADM passiert.<\/li>\n\n\n\n<li>ROADM erm\u00f6glicht die Fernkonfiguration und Neukonfiguration.<\/li>\n\n\n\n<li>Da bei ROADM nicht im Voraus klar ist, wohin ein Signal potenziell weitergeleitet werden kann, besteht die Notwendigkeit eines Leistungsausgleichs dieser Signale. ROADMs erm\u00f6glichen einen automatischen Leistungsausgleich.<\/li>\n<\/ul>\n\n\n\n<p id=\"9\"><strong>DWDM CWDM in ROADM? <\/strong><br>Die OADM-Funktionalit\u00e4t erschien urspr\u00fcnglich im dichten Langstreckenverkehr<a href=\"https:\/\/en.wikipedia.org\/wiki\/Wavelength-division_multiplexing#Dense_WDM\" target=\"_blank\" rel=\"noopener\" title=\"\"> Wellenl\u00e4ngenmultiplex<\/a>&nbsp;(DWDM)-Ausr\u00fcstung, aber im Jahr 2005 tauchte es erstmals in optischen Metrosystemen auf, da gro\u00dfe st\u00e4dtische Netzwerke aufgebaut werden mussten, um den durch die steigende Nachfrage bedingten Datenverkehr bew\u00e4ltigen zu k\u00f6nnen&nbsp;<a href=\"https:\/\/en.wikipedia.org\/wiki\/Packet_(information_technology)\">Paket<\/a>-basierte Dienstleistungen.<br>Die Schalt- oder Rekonfigurationsfunktionen eines ROADM k\u00f6nnen mithilfe einer Vielzahl von Schalttechnologien erreicht werden, darunter&nbsp;<a href=\"https:\/\/en.wikipedia.org\/wiki\/Microelectromechanical_systems\">Mikroelektromechanische Systeme<\/a>&nbsp;(MEMS),&nbsp;<a href=\"https:\/\/en.wikipedia.org\/wiki\/Liquid_crystal\">Fl\u00fcssigkristall<\/a>,&nbsp;<a href=\"https:\/\/en.wikipedia.org\/w\/index.php?title=Thermo_optic_switch&amp;action=edit&amp;redlink=1\" target=\"_blank\" rel=\"noopener\" title=\"\">Thermooptik<\/a>&nbsp;und Strahlsteuerungsschalter im Planarbereich&nbsp;<a href=\"https:\/\/en.wikipedia.org\/wiki\/Waveguide\">Wellenleiter<\/a>&nbsp;Schaltungen und abstimmbar&nbsp;<a href=\"https:\/\/en.wikipedia.org\/wiki\/Optical_filter\">optischer Filter<\/a>&nbsp;Technologie.<\/p>\n\n\n\n<p id=\"10\"><strong>Was ist anders? SFP vs. SFP+?<\/strong><br>SFP ist eine steckbare Schnittstelle mit kleinem Formfaktor f\u00fcr optische 100M~1G-SFP-Transceiver. Die maximale Geschwindigkeit kann nur 1,25 Gbit\/s erreichen. SFP+ ist eine schnellere Version der SFP-Schnittstelle, die eine h\u00f6here Geschwindigkeit von bis zu 10 Gbit\/s erm\u00f6glicht. <br>SFP und SFP+ sind miteinander kompatibel, jedoch nicht in Bezug auf die Geschwindigkeit, d. h. SFP kann in einer SFP+-Schnittstelle keine Geschwindigkeit von 10 G erreichen, und SFP+ kann nur eine Geschwindigkeit von 10 G erreichen, wenn es in eine SFP-Schnittstelle eingesetzt wird. <\/p>\n\n\n\n<p id=\"11\"><strong>Sind SFP-Module universell? <\/strong><br>Nein, es gilt nicht f\u00fcr alle SFP-Schnittstellen verschiedener Marken, da einige Marken wie Cisco aufgrund der \u201eCode\u201c-Barriere nur ihre eigenen SFP-Module verwenden k\u00f6nnen. Wir k\u00f6nnen unser SFP-Modul jedoch anpassen, um es mit diesen Marken kompatibel zu machen und daf\u00fcr zu sorgen, dass sie perfekt wie ihre Original-SFP-Modulprodukte funktionieren. Bitte beachten Sie unseren Beitrag: (<a href=\"https:\/\/key2optics.com\/de\/sind-alle-sfp-module-kompatibel\/\" target=\"_blank\" rel=\"noopener\" title=\"\">Sind ALLE SFP-Module kompatibel?<\/a>) f\u00fcr mehr Details. <\/p>\n\n\n\n<p id=\"12\"><strong>Sind optische Kabel gerichtet?<\/strong><br>Optische Kabel wie Patchkabel oder Hochgeschwindigkeits-AOC-Kabel (aktive optische Kabel) sind ungerichtet. Wenn Sie jedoch Duplex-Fasern (insbesondere Multimode-Fasern) in SFP-Modulen oder optischen Transceivern verwenden, m\u00fcssen Sie die beiden Fasern kreuzen. Das hei\u00dft, den Sendeport mit einem Ende und den Empf\u00e4ngerport mit dem anderen Ende zu verbinden.<br><\/p>\n\n\n\n<figure class=\"wp-block-image size-full\"><img loading=\"lazy\" decoding=\"async\" width=\"916\" height=\"304\" src=\"https:\/\/key2optics.com\/wp-content\/uploads\/2022\/11\/FAQ.jpg\" alt=\"Produkt-FAQ\" class=\"wp-image-6032\" srcset=\"https:\/\/key2optics.com\/wp-content\/uploads\/2022\/11\/FAQ.jpg 916w, https:\/\/key2optics.com\/wp-content\/uploads\/2022\/11\/FAQ-800x266.jpg 800w, https:\/\/key2optics.com\/wp-content\/uploads\/2022\/11\/FAQ-750x249.jpg 750w, https:\/\/key2optics.com\/wp-content\/uploads\/2022\/11\/FAQ-768x255.jpg 768w, https:\/\/key2optics.com\/wp-content\/uploads\/2022\/11\/FAQ-575x191.jpg 575w, https:\/\/key2optics.com\/wp-content\/uploads\/2022\/11\/FAQ-380x126.jpg 380w\" sizes=\"(max-width: 916px) 100vw, 916px\" \/><\/figure>\n\n\n\n<p id=\"13\"><strong>Was ist ein optisches Verbindungsmodul? <\/strong><br>Ein optisches Verbindungsmodul ist der Alias eines optischen Transceivers, SFP-Moduls oder SFP-Transceivers. <\/p>","protected":false},"excerpt":{"rendered":"<p>Questions: Product FAQ Can your optical module work on Cisco, [&hellip;]<\/p>","protected":false},"author":1,"featured_media":0,"parent":0,"menu_order":0,"comment_status":"closed","ping_status":"closed","template":"","meta":{"content-type":"","_themeisle_gutenberg_block_has_review":false,"footnotes":""},"aioseo_notices":[],"_links":{"self":[{"href":"https:\/\/key2optics.com\/de\/wp-json\/wp\/v2\/pages\/614"}],"collection":[{"href":"https:\/\/key2optics.com\/de\/wp-json\/wp\/v2\/pages"}],"about":[{"href":"https:\/\/key2optics.com\/de\/wp-json\/wp\/v2\/types\/page"}],"author":[{"embeddable":true,"href":"https:\/\/key2optics.com\/de\/wp-json\/wp\/v2\/users\/1"}],"replies":[{"embeddable":true,"href":"https:\/\/key2optics.com\/de\/wp-json\/wp\/v2\/comments?post=614"}],"version-history":[{"count":0,"href":"https:\/\/key2optics.com\/de\/wp-json\/wp\/v2\/pages\/614\/revisions"}],"wp:attachment":[{"href":"https:\/\/key2optics.com\/de\/wp-json\/wp\/v2\/media?parent=614"}],"curies":[{"name":"wp","href":"https:\/\/api.w.org\/{rel}","templated":true}]}}