{"id":3093,"date":"2019-11-16T19:13:20","date_gmt":"2019-11-16T11:13:20","guid":{"rendered":"https:\/\/key2optics.com\/?post_type=product&#038;p=3093"},"modified":"2025-09-15T10:25:15","modified_gmt":"2025-09-15T02:25:15","slug":"qsfp-40g-module","status":"publish","type":"product","link":"https:\/\/key2optics.com\/de\/produkt\/qsfp-40g-modul\/","title":{"rendered":"40G QSFP+ Modul"},"content":{"rendered":"<p>Key2 Optics 40G QSFP+ (<a href=\"https:\/\/en.wikipedia.org\/wiki\/Small_Form-factor_Pluggable#QSFP\" target=\"_blank\" rel=\"noopener\">Wiki: Was ist QSFP+?<\/a>) optische Modulserien, einschlie\u00dflich 150 m\/400 m SR4, 2 km\/10 km\/30 km LR4, verwenden einen optischen LC- oder MPO-Anschluss, kompatibel mit IEEE802.3bm, SFF-8436 und anderen Standards; mit geringem Stromverbrauch, gro\u00dfer \u00dcbertragungsentfernung usw., die f\u00fcr 40G-Ethernet in Rechenzentren gelten.<\/p>\n<div><strong>STANDARDKONFORMIT\u00c4T<\/strong><\/div>\n<p>IEEE 802.3ba<br \/>\nSFF-8436 (QSFP+)<br \/>\nSFF-8635 (QSFP+10: QSFP+ 10Gb\/s 4X steckbare Transceiver-L\u00f6sung)<br \/>\nSFF-8663 (QSFP+ 28Gb\/s K\u00e4fig)<br \/>\nSFF-8683 (QSFP+-K\u00e4fig)<\/p>\n<p><strong>Merkmale<\/strong><\/p>\n<ul>\n<li>Vier unabh\u00e4ngig adressierbare Sende- und Empfangskan\u00e4le<\/li>\n<li>\u00c4u\u00dferst kompakt: Einsparungen von 60% bei der Kanten- und Platinennutzung im Vergleich zu vier vergleichbaren SFP+-Modulen<\/li>\n<li>Elektrisch Hot-Plug-f\u00e4hig<\/li>\n<li>Optischer MTP\/MPO-Stecker<\/li>\n<\/ul>\n<p><img loading=\"lazy\" decoding=\"async\" class=\"size-full wp-image-3973\" src=\"https:\/\/key2optics.com\/wp-content\/uploads\/2019\/11\/40g-qsfpplus.jpg\" alt=\"40g qsfp plus spez\" width=\"1525\" height=\"229\" srcset=\"https:\/\/key2optics.com\/wp-content\/uploads\/2019\/11\/40g-qsfpplus.jpg 1525w, https:\/\/key2optics.com\/wp-content\/uploads\/2019\/11\/40g-qsfpplus-800x120.jpg 800w, https:\/\/key2optics.com\/wp-content\/uploads\/2019\/11\/40g-qsfpplus-750x113.jpg 750w, https:\/\/key2optics.com\/wp-content\/uploads\/2019\/11\/40g-qsfpplus-768x115.jpg 768w, https:\/\/key2optics.com\/wp-content\/uploads\/2019\/11\/40g-qsfpplus-1140x171.jpg 1140w, https:\/\/key2optics.com\/wp-content\/uploads\/2019\/11\/40g-qsfpplus-920x138.jpg 920w, https:\/\/key2optics.com\/wp-content\/uploads\/2019\/11\/40g-qsfpplus-575x86.jpg 575w, https:\/\/key2optics.com\/wp-content\/uploads\/2019\/11\/40g-qsfpplus-380x57.jpg 380w\" sizes=\"(max-width: 1525px) 100vw, 1525px\" \/><\/p>\n<h3><strong>Unterst\u00fctzte Ger\u00e4te und Marken<\/strong><\/h3>\n<hr \/>\n<p>Unsere optischen Transceiver sind mit den meisten Pappelmarken auf dem Markt kompatibel. Teilen Sie uns die Marken der Ger\u00e4te mit, die Sie verwenden werden, wir bieten Ihnen den ma\u00dfgeschneiderten Service.<\/p>\n<p>SFP\/SFP+\/SFP28\/QSFP\/QSFP+\/QSFP28\/CFP\/CFP2\/CFP4-Modul<strong> unterst\u00fctzte Marken<\/strong>: Cisco\/HP\/DELL\/FINISAR\/INTEL\/HUAWEI\/JUNIPER\/ZTE\/TP-LINK\/H3C \u2026<\/p>\n<p><strong>Unterst\u00fctzende Ger\u00e4te:<\/strong> Server\/Switch\/NAS\/WDM OTN\/Fiber-zu-Ethernet-Medienkonverter\/Router mit SFP\/SFP+\/SFP28\/QSFP\/QSFP+\/QSFP28\/CFP\/CFP2\/CFP4-Schnittstelle.<\/p>\n<p><img loading=\"lazy\" decoding=\"async\" class=\"aligncenter wp-image-4309\" src=\"https:\/\/key2optics.com\/wp-content\/uploads\/2022\/09\/Optical-Module-List-en.jpg\" alt=\"Transceiver-Kompatibilit\u00e4t\" width=\"1000\" height=\"992\" srcset=\"https:\/\/key2optics.com\/wp-content\/uploads\/2022\/09\/Optical-Module-List-en.jpg 1591w, https:\/\/key2optics.com\/wp-content\/uploads\/2022\/09\/Optical-Module-List-en-100x100.jpg 100w, https:\/\/key2optics.com\/wp-content\/uploads\/2022\/09\/Optical-Module-List-en-800x793.jpg 800w, https:\/\/key2optics.com\/wp-content\/uploads\/2022\/09\/Optical-Module-List-en-484x480.jpg 484w, https:\/\/key2optics.com\/wp-content\/uploads\/2022\/09\/Optical-Module-List-en-180x180.jpg 180w, https:\/\/key2optics.com\/wp-content\/uploads\/2022\/09\/Optical-Module-List-en-768x762.jpg 768w, https:\/\/key2optics.com\/wp-content\/uploads\/2022\/09\/Optical-Module-List-en-1536x1523.jpg 1536w, https:\/\/key2optics.com\/wp-content\/uploads\/2022\/09\/Optical-Module-List-en-1140x1131.jpg 1140w, https:\/\/key2optics.com\/wp-content\/uploads\/2022\/09\/Optical-Module-List-en-920x912.jpg 920w, https:\/\/key2optics.com\/wp-content\/uploads\/2022\/09\/Optical-Module-List-en-575x570.jpg 575w, https:\/\/key2optics.com\/wp-content\/uploads\/2022\/09\/Optical-Module-List-en-380x377.jpg 380w\" sizes=\"(max-width: 1000px) 100vw, 1000px\" \/><\/p>\n<p><img loading=\"lazy\" decoding=\"async\" class=\"wp-image-6388 size-full aligncenter\" src=\"https:\/\/key2optics.com\/wp-content\/uploads\/2019\/11\/Application1.jpg\" alt=\"Vom SFP-Modul unterst\u00fctzte Ger\u00e4te\" width=\"807\" height=\"444\" \/><\/p>\n<h3><strong>Warum Key2Optics<\/strong><\/h3>\n<hr \/>\n<h4>Produktions- und Qualit\u00e4tskontrolle<\/h4>\n<p>Mit fortschrittlichen Montagelinien, Roboterwerkst\u00e4tten und Testlabors sorgen wir daf\u00fcr, dass unsere Produkte 100% fehlerfrei sind und in jeder Umgebung und unter allen Umst\u00e4nden eingesetzt werden k\u00f6nnen. <a href=\"https:\/\/key2optics.com\/de\/qualitatskontrolle\/\" target=\"_blank\" rel=\"noopener\">Mehr\u2026<\/a><\/p>\n<p><a href=\"https:\/\/key2optics.com\/de\/qualitatskontrolle\/\" target=\"_blank\" rel=\"noopener\"><img loading=\"lazy\" decoding=\"async\" class=\"aligncenter wp-image-6391 size-full\" title=\"key2optics QC und Produktion\" src=\"https:\/\/key2optics.com\/wp-content\/uploads\/2019\/11\/QCProduction.jpg\" alt=\"key2optics QC und Produktion\" width=\"1000\" height=\"756\" \/><\/a><\/p>\n<p>Wir \u00fcberwachen jeden Schritt in der Produktion streng, um sicherzustellen, dass jedes an Sie gelieferte Produkt r\u00fcckverfolgbar und fehlerfrei ist.\u00a0 \u00a0<a href=\"https:\/\/key2optics.com\/de\/qualitatskontrolle\/\" target=\"_blank\" rel=\"noopener\">Mehr\u2026<\/a><\/p>\n<figure id=\"attachment_6394\" aria-describedby=\"caption-attachment-6394\" style=\"width: 1000px\" class=\"wp-caption aligncenter\"><a href=\"https:\/\/key2optics.com\/de\/qualitatskontrolle\/\" target=\"_blank\" rel=\"noopener\"><img loading=\"lazy\" decoding=\"async\" class=\"wp-image-6394 size-full\" src=\"https:\/\/key2optics.com\/wp-content\/uploads\/2019\/11\/production.jpg\" alt=\"key2optics Produktion und Pr\u00fcfung\" width=\"1000\" height=\"416\" \/><\/a><figcaption id=\"caption-attachment-6394\" class=\"wp-caption-text\">key2optics Produktion und Pr\u00fcfung<\/figcaption><\/figure>\n<h4>Unsere Qualifikation<\/h4>\n<p>Unsere Produkte und unsere Produktionslinie sind CE-, FCC- und RoHs-zertifiziert <a title=\"ISO9001\" href=\"https:\/\/key2optics.com\/wp-content\/uploads\/2022\/09\/ISO9001.jpg\" target=\"_blank\" rel=\"noopener\">ISO9001<\/a> zertifiziert. Wir verf\u00fcgen \u00fcber Dutzende von Patentzertifikaten und Softwarezertifikaten.\u00a0 <a href=\"https:\/\/key2optics.com\/de\/qualitatskontrolle\/\" target=\"_blank\" rel=\"noopener\">Mehr\u2026<\/a><\/p>\n<p><a href=\"https:\/\/key2optics.com\/de\/qualitatskontrolle\/\" target=\"_blank\" rel=\"noopener\"><img loading=\"lazy\" decoding=\"async\" class=\"aligncenter wp-image-6389 size-full\" src=\"https:\/\/key2optics.com\/wp-content\/uploads\/2019\/11\/Certificates.jpg\" alt=\"key2optics zertifiziert\" width=\"1000\" height=\"241\" \/><\/a><\/p>","protected":false},"excerpt":{"rendered":"<p>Key2 Optics 40G QSFP+ optische Modulserie, einschlie\u00dflich 150 m\/400 m SR4, 2 km\/10 km\/30 km LR4, verwendet optischen LC- oder MPO-Port, kompatibel mit IEEE802.3bm, SFF-8436 und anderen Standards; mit geringem Stromverbrauch, gro\u00dfer \u00dcbertragungsentfernung usw., die f\u00fcr 40G-Ethernet in Rechenzentren gelten.<\/p>\n<p><span style=\"color: #ff0000;\"><strong>BITTE BEACHTEN SIE DIE SPEZIFIKATIONEN, UM DAS RICHTIGE MODELL UND DIE RICHTIGE SKU ZU FINDEN!<\/strong><\/span><\/p>","protected":false},"featured_media":3056,"comment_status":"closed","ping_status":"closed","template":"","meta":{"content-type":"","_themeisle_gutenberg_block_has_review":false},"product_cat":[64],"product_tag":[122],"aioseo_notices":[],"_links":{"self":[{"href":"https:\/\/key2optics.com\/de\/wp-json\/wp\/v2\/product\/3093"}],"collection":[{"href":"https:\/\/key2optics.com\/de\/wp-json\/wp\/v2\/product"}],"about":[{"href":"https:\/\/key2optics.com\/de\/wp-json\/wp\/v2\/types\/product"}],"replies":[{"embeddable":true,"href":"https:\/\/key2optics.com\/de\/wp-json\/wp\/v2\/comments?post=3093"}],"wp:featuredmedia":[{"embeddable":true,"href":"https:\/\/key2optics.com\/de\/wp-json\/wp\/v2\/media\/3056"}],"wp:attachment":[{"href":"https:\/\/key2optics.com\/de\/wp-json\/wp\/v2\/media?parent=3093"}],"wp:term":[{"taxonomy":"product_cat","embeddable":true,"href":"https:\/\/key2optics.com\/de\/wp-json\/wp\/v2\/product_cat?post=3093"},{"taxonomy":"product_tag","embeddable":true,"href":"https:\/\/key2optics.com\/de\/wp-json\/wp\/v2\/product_tag?post=3093"}],"curies":[{"name":"wp","href":"https:\/\/api.w.org\/{rel}","templated":true}]}}