{"id":3114,"date":"2019-11-16T20:33:06","date_gmt":"2019-11-16T12:33:06","guid":{"rendered":"https:\/\/key2optics.com\/?post_type=product&#038;p=3114"},"modified":"2025-09-15T10:25:14","modified_gmt":"2025-09-15T02:25:14","slug":"sfp-fiber-cable","status":"publish","type":"product","link":"https:\/\/key2optics.com\/de\/produkt\/sfp-glasfaserkabel\/","title":{"rendered":"Ma\u00dfgeschneidertes AOC SFP-Glasfaserkabel"},"content":{"rendered":"<div class=\"node__content clearfix\">\n<div class=\"field field--name-body field--type-text-with-summary field--label-hidden field__item\">\n<p>Key2 Optics AOC (aktives optisches Kabel, Wiki: <a href=\"https:\/\/key2optics.com\/de\/was-ist-ein-aoc-kabel\/\" target=\"_blank\" rel=\"noopener\">Was ist ein AOC-Kabel?<\/a>) Zu den SFP-Glasfaserkabelprodukten geh\u00f6rt 10GbE SFP+ (Wiki: <a href=\"https:\/\/en.wikipedia.org\/wiki\/Small_Form-factor_Pluggable\" target=\"_blank\" rel=\"noopener\">Was ist SFP\/QSFP?<\/a>) AOC, 25GbE SFP28 AOC, 40GbE QSFP+AOC, 100GbE QSFP28 AOC. Mit geringem Stromverbrauch, kleinem Biegeradius, keinem Fasereinf\u00fcgungsverlust und staubfreier Einf\u00fchrung wird es dringend f\u00fcr Rechenzentren mit hoher Dichte und geringem Budget empfohlen.<\/p>\n<\/div>\n<p>Kategorie: Breakout-AOC-Kabel | SFP-Glasfaserkabel | SFP+-Glasfaserkabel | qsfp-Glasfaserkabel | qsfp+ Glasfaserkabel<\/p>\n<p><iframe loading=\"lazy\" title=\"So verwenden Sie 40G bis 4x10G Active AOC\" width=\"1140\" height=\"641\" src=\"https:\/\/www.youtube.com\/embed\/5k1k578ii9o?feature=oembed\" frameborder=\"0\" allow=\"accelerometer; autoplay; clipboard-write; encrypted-media; gyroscope; picture-in-picture\" allowfullscreen><\/iframe><\/p>\n<div class=\"field field--name-body field--type-text-with-summary field--label-hidden field__item\">\n<p>Bitte laden Sie die Spezifikation herunter <a href=\"https:\/\/key2optics.com\/de\/herunterladen\/\">Verkn\u00fcpfung<\/a>.<\/p>\n<\/div>\n<\/div>\n<h3><strong>Unterst\u00fctzte Ger\u00e4te und Marken von SFP-Glasfaserkabeln\u00a0<\/strong><\/h3>\n<hr \/>\n<p>Unsere optischen Transceiver sind mit den meisten Pappelmarken auf dem Markt kompatibel. Teilen Sie uns die Marken der Ger\u00e4te mit, die Sie verwenden werden, wir bieten Ihnen den ma\u00dfgeschneiderten Service.<\/p>\n<p>SFP\/SFP+\/SFP28\/QSFP\/QSFP+\/QSFP28\/CFP\/CFP2\/CFP4-Modul<strong> unterst\u00fctzte Marken<\/strong>: Cisco\/HP\/DELL\/FINISAR\/INTEL\/HUAWEI\/JUNIPER\/ZTE\/TP-LINK\/H3C \u2026<\/p>\n<p><strong>Unterst\u00fctzende Ger\u00e4te:<\/strong> Server\/Switch\/NAS\/WDM OTN\/Fiber-zu-Ethernet-Medienkonverter\/Router mit SFP\/SFP+\/SFP28\/QSFP\/QSFP+\/QSFP28\/CFP\/CFP2\/CFP4-Schnittstelle.<\/p>\n<p>&nbsp;<\/p>\n<p><img loading=\"lazy\" decoding=\"async\" class=\"wp-image-4309\" title=\"SFP-Glasfaserkabel \" src=\"https:\/\/key2optics.com\/wp-content\/uploads\/2022\/09\/Optical-Module-List-en.jpg\" alt=\"Transceiver-Kompatibilit\u00e4t SFP-Glasfaserkabel \" width=\"1000\" height=\"992\" srcset=\"https:\/\/key2optics.com\/wp-content\/uploads\/2022\/09\/Optical-Module-List-en.jpg 1591w, https:\/\/key2optics.com\/wp-content\/uploads\/2022\/09\/Optical-Module-List-en-100x100.jpg 100w, https:\/\/key2optics.com\/wp-content\/uploads\/2022\/09\/Optical-Module-List-en-800x793.jpg 800w, https:\/\/key2optics.com\/wp-content\/uploads\/2022\/09\/Optical-Module-List-en-484x480.jpg 484w, https:\/\/key2optics.com\/wp-content\/uploads\/2022\/09\/Optical-Module-List-en-180x180.jpg 180w, https:\/\/key2optics.com\/wp-content\/uploads\/2022\/09\/Optical-Module-List-en-768x762.jpg 768w, https:\/\/key2optics.com\/wp-content\/uploads\/2022\/09\/Optical-Module-List-en-1536x1523.jpg 1536w, https:\/\/key2optics.com\/wp-content\/uploads\/2022\/09\/Optical-Module-List-en-1140x1131.jpg 1140w, https:\/\/key2optics.com\/wp-content\/uploads\/2022\/09\/Optical-Module-List-en-920x912.jpg 920w, https:\/\/key2optics.com\/wp-content\/uploads\/2022\/09\/Optical-Module-List-en-575x570.jpg 575w, https:\/\/key2optics.com\/wp-content\/uploads\/2022\/09\/Optical-Module-List-en-380x377.jpg 380w\" sizes=\"(max-width: 1000px) 100vw, 1000px\" \/><\/p>\n<p><img loading=\"lazy\" decoding=\"async\" class=\"aligncenter wp-image-6388 size-full\" title=\"SFP-Glasfaserkabel \" src=\"https:\/\/key2optics.com\/wp-content\/uploads\/2019\/11\/Application1.jpg\" alt=\"Vom SFP-Modul unterst\u00fctzte Ger\u00e4te\" width=\"807\" height=\"444\" \/><\/p>\n<h3><strong>Warum Key2Optics<\/strong><\/h3>\n<hr \/>\n<h4>Produktion und Qualit\u00e4tskontrolle f\u00fcr SFP-Glasfaserkabel<\/h4>\n<p>Mit fortschrittlichen Montagelinien, Roboterwerkst\u00e4tten und Testlabors sorgen wir daf\u00fcr, dass unsere Produkte 100% fehlerfrei sind und in jeder Umgebung und unter allen Umst\u00e4nden eingesetzt werden k\u00f6nnen. <a href=\"https:\/\/key2optics.com\/de\/qualitatskontrolle\/\" target=\"_blank\" rel=\"noopener\">Mehr\u2026<\/a><\/p>\n<p><a href=\"https:\/\/key2optics.com\/de\/qualitatskontrolle\/\" target=\"_blank\" rel=\"noopener\"><img loading=\"lazy\" decoding=\"async\" class=\"aligncenter wp-image-6391 size-full\" title=\"key2optics QC und Produktion\" src=\"https:\/\/key2optics.com\/wp-content\/uploads\/2019\/11\/QCProduction.jpg\" alt=\"key2optics QC und Produktion\" width=\"1000\" height=\"756\" \/><\/a><\/p>\n<p>Wir \u00fcberwachen jeden Schritt in der Produktion streng, um sicherzustellen, dass jedes an Sie gelieferte Produkt r\u00fcckverfolgbar und fehlerfrei ist.\u00a0 \u00a0<a href=\"https:\/\/key2optics.com\/de\/qualitatskontrolle\/\" target=\"_blank\" rel=\"noopener\">Mehr\u2026<\/a><\/p>\n<figure id=\"attachment_6394\" aria-describedby=\"caption-attachment-6394\" style=\"width: 1000px\" class=\"wp-caption aligncenter\"><a href=\"https:\/\/key2optics.com\/de\/qualitatskontrolle\/\" target=\"_blank\" rel=\"noopener\"><img loading=\"lazy\" decoding=\"async\" class=\"wp-image-6394 size-full\" title=\"SFP-Glasfaserkabel \" src=\"https:\/\/key2optics.com\/wp-content\/uploads\/2019\/11\/production.jpg\" alt=\"key2optics Produktion und Pr\u00fcfung von SFP-Glasfaserkabeln \" width=\"1000\" height=\"416\" \/><\/a><figcaption id=\"caption-attachment-6394\" class=\"wp-caption-text\">key2optics Produktion und Pr\u00fcfung<\/figcaption><\/figure>\n<h4>Unsere Qualifikation<\/h4>\n<p>Unsere Produkte und unsere Produktionslinie sind CE-, FCC- und RoHs-zertifiziert <a title=\"ISO9001\" href=\"https:\/\/key2optics.com\/wp-content\/uploads\/2022\/09\/ISO9001.jpg\" target=\"_blank\" rel=\"noopener\">ISO9001<\/a> zertifiziert. Wir verf\u00fcgen \u00fcber Dutzende von Patentzertifikaten und Softwarezertifikaten.\u00a0 <a href=\"https:\/\/key2optics.com\/de\/qualitatskontrolle\/\" target=\"_blank\" rel=\"noopener\">Mehr\u2026<\/a><\/p>\n<p><a href=\"https:\/\/key2optics.com\/de\/qualitatskontrolle\/\" target=\"_blank\" rel=\"noopener\"><img loading=\"lazy\" decoding=\"async\" class=\"aligncenter wp-image-6389 size-full\" src=\"https:\/\/key2optics.com\/wp-content\/uploads\/2019\/11\/Certificates.jpg\" alt=\"key2optics zertifiziert SFP-Glasfaserkabel \" width=\"1000\" height=\"241\" \/><\/a><\/p>","protected":false},"excerpt":{"rendered":"<p>Zu den SFP-Glasfaserkabelprodukten von Key2 Optics AOC (aktives optisches Kabel) geh\u00f6ren 10GbE SFP AOC, 25GbE SFP28 AOC, 40GbE QSFP+AOC und 100GbE QSFP28 AOC. Mit geringem Stromverbrauch, kleinem Biegeradius, keinem Fasereinf\u00fcgungsverlust und staubfreier Einf\u00fchrung wird es dringend f\u00fcr Rechenzentren mit hoher Dichte und geringem Budget empfohlen.<\/p>","protected":false},"featured_media":5894,"comment_status":"closed","ping_status":"closed","template":"","meta":{"content-type":"","_themeisle_gutenberg_block_has_review":false},"product_cat":[138],"product_tag":[119],"aioseo_notices":[],"_links":{"self":[{"href":"https:\/\/key2optics.com\/de\/wp-json\/wp\/v2\/product\/3114"}],"collection":[{"href":"https:\/\/key2optics.com\/de\/wp-json\/wp\/v2\/product"}],"about":[{"href":"https:\/\/key2optics.com\/de\/wp-json\/wp\/v2\/types\/product"}],"replies":[{"embeddable":true,"href":"https:\/\/key2optics.com\/de\/wp-json\/wp\/v2\/comments?post=3114"}],"wp:featuredmedia":[{"embeddable":true,"href":"https:\/\/key2optics.com\/de\/wp-json\/wp\/v2\/media\/5894"}],"wp:attachment":[{"href":"https:\/\/key2optics.com\/de\/wp-json\/wp\/v2\/media?parent=3114"}],"wp:term":[{"taxonomy":"product_cat","embeddable":true,"href":"https:\/\/key2optics.com\/de\/wp-json\/wp\/v2\/product_cat?post=3114"},{"taxonomy":"product_tag","embeddable":true,"href":"https:\/\/key2optics.com\/de\/wp-json\/wp\/v2\/product_tag?post=3114"}],"curies":[{"name":"wp","href":"https:\/\/api.w.org\/{rel}","templated":true}]}}