{"id":3186,"date":"2019-11-18T15:55:25","date_gmt":"2019-11-18T07:55:25","guid":{"rendered":"https:\/\/key2optics.com\/?post_type=product&#038;p=3186"},"modified":"2025-09-15T10:24:32","modified_gmt":"2025-09-15T02:24:32","slug":"passive-cwdm-mux-demux","status":"publish","type":"product","link":"https:\/\/key2optics.com\/de\/produkt\/passive-cwdm-mux-demux\/","title":{"rendered":"CWDM MUX|DEMUX"},"content":{"rendered":"<div class=\"node__content clearfix\">\n<div class=\"field field--name-body field--type-text-with-summary field--label-hidden field__item\">\n<p>Der passive CWDM MUX\/DEMUX von Key2 Optics kann gleichzeitig mehrere Signale auf einer einzigen Faser \u00fcbertragen, wobei jeder Kanal mit einer bestimmten Lichtwellenl\u00e4nge \u00fcbertragen wird. Passives CWDM ben\u00f6tigt keinen Strom. Verschiedene Signale werden von unterschiedlichen Wellenl\u00e4ngen zum passiven CWDM-MUX gesammelt und dann kombiniert, um \u00fcber eine einzige Faser zum CWDM-DMUX zu \u00fcbertragen.<\/p>\n<p><strong>Merkmale<\/strong><\/p>\n<ul>\n<li>2 Kan\u00e4le CWDM-Mux und Demux in einem 1U-Rack<\/li>\n<li>Der Com-Port ist Duplex<\/li>\n<li>1U 19-Zoll-Rackmontagegeh\u00e4use<\/li>\n<li>Es ist mit Konfigurationsports wie Monitor und Express-Port nach Kundenwunsch ausgestattet (siehe Optionen).<\/li>\n<li>Die Frontplatte ist nach Kundenwunsch mit Adaptern ausgestattet (siehe Optionen)<\/li>\n<li>Passiv, kein Strom erforderlich. (MTBF ca. 500 Jahre)<\/li>\n<li>Geringe Einf\u00fcged\u00e4mpfung<\/li>\n<li>Die einfache Installation erfordert keine Konfiguration oder Wartung<\/li>\n<li>ISO 9001-zertifizierte Produktionsst\u00e4tte<\/li>\n<\/ul>\n<\/div>\n<\/div>\n<p><strong>Schnittstellenverbindung<\/strong><\/p>\n<p><img loading=\"lazy\" decoding=\"async\" class=\"aligncenter size-full wp-image-4018\" src=\"https:\/\/key2optics.com\/wp-content\/uploads\/2022\/09\/20190929180191759175.jpg\" alt=\"\" width=\"565\" height=\"525\" srcset=\"https:\/\/key2optics.com\/wp-content\/uploads\/2022\/09\/20190929180191759175.jpg 565w, https:\/\/key2optics.com\/wp-content\/uploads\/2022\/09\/20190929180191759175-517x480.jpg 517w, https:\/\/key2optics.com\/wp-content\/uploads\/2022\/09\/20190929180191759175-380x353.jpg 380w\" sizes=\"(max-width: 565px) 100vw, 565px\" \/><\/p>\n<p>&nbsp;<\/p>\n<p><strong>5G-Anwendung<\/strong><\/p>\n<p><img loading=\"lazy\" decoding=\"async\" class=\"aligncenter size-full wp-image-4019\" src=\"https:\/\/key2optics.com\/wp-content\/uploads\/2022\/09\/CWDM.png\" alt=\"\" width=\"530\" height=\"275\" srcset=\"https:\/\/key2optics.com\/wp-content\/uploads\/2022\/09\/CWDM.png 530w, https:\/\/key2optics.com\/wp-content\/uploads\/2022\/09\/CWDM-380x197.png 380w\" sizes=\"(max-width: 530px) 100vw, 530px\" \/><\/p>\n<p>Bitte laden Sie die Spezifikation herunter <a href=\"https:\/\/key2optics.com\/de\/herunterladen\/\">Verkn\u00fcpfung<\/a><\/p>\n<p>&nbsp;<\/p>","protected":false},"excerpt":{"rendered":"<p>Der passive CWDM MUX\/DEMUX von Key2 Optics kann gleichzeitig mehrere Signale auf einer einzigen Faser \u00fcbertragen, wobei jeder Kanal mit einer bestimmten Lichtwellenl\u00e4nge \u00fcbertragen wird. Passives CWDM ben\u00f6tigt keinen Strom. Verschiedene Signale werden von unterschiedlichen Wellenl\u00e4ngen zum passiven CWDM-MUX gesammelt und dann kombiniert, um \u00fcber eine einzige Faser zum CWDM-DMUX zu \u00fcbertragen.<\/p>\n<p>Einfache Installation, kosteng\u00fcnstige WDM-L\u00f6sung f\u00fcr Rechenzentren.<\/p>","protected":false},"featured_media":3187,"comment_status":"closed","ping_status":"closed","template":"","meta":{"content-type":"","_themeisle_gutenberg_block_has_review":false},"product_cat":[71],"product_tag":[117],"aioseo_notices":[],"_links":{"self":[{"href":"https:\/\/key2optics.com\/de\/wp-json\/wp\/v2\/product\/3186"}],"collection":[{"href":"https:\/\/key2optics.com\/de\/wp-json\/wp\/v2\/product"}],"about":[{"href":"https:\/\/key2optics.com\/de\/wp-json\/wp\/v2\/types\/product"}],"replies":[{"embeddable":true,"href":"https:\/\/key2optics.com\/de\/wp-json\/wp\/v2\/comments?post=3186"}],"wp:featuredmedia":[{"embeddable":true,"href":"https:\/\/key2optics.com\/de\/wp-json\/wp\/v2\/media\/3187"}],"wp:attachment":[{"href":"https:\/\/key2optics.com\/de\/wp-json\/wp\/v2\/media?parent=3186"}],"wp:term":[{"taxonomy":"product_cat","embeddable":true,"href":"https:\/\/key2optics.com\/de\/wp-json\/wp\/v2\/product_cat?post=3186"},{"taxonomy":"product_tag","embeddable":true,"href":"https:\/\/key2optics.com\/de\/wp-json\/wp\/v2\/product_tag?post=3186"}],"curies":[{"name":"wp","href":"https:\/\/api.w.org\/{rel}","templated":true}]}}