{"id":3910,"date":"2022-09-05T14:23:20","date_gmt":"2022-09-05T06:23:20","guid":{"rendered":"https:\/\/key2optics.com\/?post_type=product&#038;p=3910"},"modified":"2025-09-15T10:24:28","modified_gmt":"2025-09-15T02:24:28","slug":"sfp-plus-xfp-10g","status":"publish","type":"product","link":"https:\/\/key2optics.com\/de\/produkt\/sfp-plus-xfp-10g\/","title":{"rendered":"10G SFP+|XFP-Modul"},"content":{"rendered":"<div class=\"node__content clearfix\">\n<div class=\"field field--name-body field--type-text-with-summary field--label-hidden field__item\">\n<p>Key2 Optics besitzt <strong>10G SFP+\/XFP <\/strong>(<a href=\"https:\/\/en.wikipedia.org\/wiki\/Small_Form-factor_Pluggable#10_Gbit\/s_SFP+\" target=\"_blank\" rel=\"noopener\">Wiki: Was ist XFP\/SFP+?<\/a>) Serie Vollbereichs-Wei\u00dflichtmodul, CWDM\/DWDM-Modul, Einzelfaser-Bidirektionalmodul; mit geringer Leistung, industrieller Arbeitstemperatur, hohen Vorteilen wie Zuverl\u00e4ssigkeit.<\/p>\n<div><strong>STANDARDKONFORMIT\u00c4T<\/strong><\/div>\n<p>SFP+ elektrisch MSA SFF-8431 (SFP+ Enhanced SFP)<br \/>\nSFP+ Mechanical MSA SFF-8432 (SFP+ Modul und K\u00e4fig)<br \/>\nSFF-8433 (SFP+ Ganged Cage Footprints und Blenden\u00f6ffnungen)<br \/>\nSFF-8461 (SFP+-Aktivkabelspezifikationen und alternative Testmethoden)<\/p>\n<\/div>\n<p><strong>Merkmale<\/strong><\/p>\n<ul>\n<li>1\/10G und Multirate bis zu 11,3 Gbit\/s<\/li>\n<li>10G-Ethernet- oder SDH\/SONET-Konformit\u00e4t<\/li>\n<li>Daul LC-Glasfaser- oder bidirektionale Datenverbindungen<\/li>\n<li>Entfernungen bis zu 10, 20, 40, 60, 80, 100 km<\/li>\n<li>Energieeffizient<\/li>\n<li>Einzelne +3,3-V-Stromversorgung<\/li>\n<li>Betriebsgeh\u00e4usetemperatur: 0\u00b0C~+70\u00b0C oder Industrie: -40\u00b0C~+85\u00b0C<\/li>\n<li>Laserklasse 1 IEC\/CDRH-konform<\/li>\n<li>RoHS 6\/6-konform<\/li>\n<li>f\u00fcr DWDM:<br \/>\nTemperaturstabilisierter DWDM-EML-Transmitter<br \/>\nMindestens 14 dB (15) \/ 23 dB (24) Leistungsbudget<br \/>\n100 oder 50 GHz ITU Grid, C-Band<\/li>\n<li>f\u00fcr CWDM:<br \/>\nUngek\u00fchlter 18-\u03bb CWDM DFB\/gek\u00fchlter EML LD: von 1270 nm bis 1610 nm<br \/>\nLeistungsbudget bis zu 10 dB, 14 dB, 16 dB, 23 dB<\/li>\n<\/ul>\n<p><strong>Bestellspezifikation<\/strong><\/p>\n<p><img loading=\"lazy\" decoding=\"async\" class=\"size-full wp-image-3963\" src=\"https:\/\/key2optics.com\/wp-content\/uploads\/2022\/09\/10g-sfpxfp.jpg\" alt=\"10g SFP XFP-Spezifikation\" width=\"1158\" height=\"775\" srcset=\"https:\/\/key2optics.com\/wp-content\/uploads\/2022\/09\/10g-sfpxfp.jpg 1158w, https:\/\/key2optics.com\/wp-content\/uploads\/2022\/09\/10g-sfpxfp-800x535.jpg 800w, https:\/\/key2optics.com\/wp-content\/uploads\/2022\/09\/10g-sfpxfp-717x480.jpg 717w, https:\/\/key2optics.com\/wp-content\/uploads\/2022\/09\/10g-sfpxfp-768x514.jpg 768w, https:\/\/key2optics.com\/wp-content\/uploads\/2022\/09\/10g-sfpxfp-1140x763.jpg 1140w, https:\/\/key2optics.com\/wp-content\/uploads\/2022\/09\/10g-sfpxfp-920x616.jpg 920w, https:\/\/key2optics.com\/wp-content\/uploads\/2022\/09\/10g-sfpxfp-575x385.jpg 575w, https:\/\/key2optics.com\/wp-content\/uploads\/2022\/09\/10g-sfpxfp-380x254.jpg 380w\" sizes=\"(max-width: 1158px) 100vw, 1158px\" \/><\/p>\n<p>Bitte laden Sie das Datenblatt herunter unter <a href=\"https:\/\/key2optics.com\/de\/herunterladen\/\">Hier<\/a><\/p>\n<\/div>\n<h3><strong>Unterst\u00fctzte Ger\u00e4te und Marken<\/strong><\/h3>\n<hr \/>\n<p>Unsere optischen Transceiver sind mit den meisten Pappelmarken auf dem Markt kompatibel. Teilen Sie uns die Marken der Ger\u00e4te mit, die Sie verwenden werden, wir bieten Ihnen den ma\u00dfgeschneiderten Service.<\/p>\n<p>SFP\/SFP+\/SFP28\/QSFP\/QSFP+\/QSFP28\/CFP\/CFP2\/CFP4-Modul<strong> unterst\u00fctzte Marken<\/strong>: Cisco\/HP\/DELL\/FINISAR\/INTEL\/HUAWEI\/JUNIPER\/ZTE\/TP-LINK\/H3C \u2026<\/p>\n<p><strong>Unterst\u00fctzende Ger\u00e4te:<\/strong> Server\/Switch\/NAS\/WDM OTN\/Fiber-zu-Ethernet-Medienkonverter\/Router mit SFP\/SFP+\/SFP28\/QSFP\/QSFP+\/QSFP28\/CFP\/CFP2\/CFP4-Schnittstelle.<\/p>\n<p>&nbsp;<\/p>\n<p><img loading=\"lazy\" decoding=\"async\" class=\"aligncenter wp-image-4309\" src=\"https:\/\/key2optics.com\/wp-content\/uploads\/2022\/09\/Optical-Module-List-en.jpg\" alt=\"Transceiver-Kompatibilit\u00e4t\" width=\"1000\" height=\"992\" srcset=\"https:\/\/key2optics.com\/wp-content\/uploads\/2022\/09\/Optical-Module-List-en.jpg 1591w, https:\/\/key2optics.com\/wp-content\/uploads\/2022\/09\/Optical-Module-List-en-100x100.jpg 100w, https:\/\/key2optics.com\/wp-content\/uploads\/2022\/09\/Optical-Module-List-en-800x793.jpg 800w, https:\/\/key2optics.com\/wp-content\/uploads\/2022\/09\/Optical-Module-List-en-484x480.jpg 484w, https:\/\/key2optics.com\/wp-content\/uploads\/2022\/09\/Optical-Module-List-en-180x180.jpg 180w, https:\/\/key2optics.com\/wp-content\/uploads\/2022\/09\/Optical-Module-List-en-768x762.jpg 768w, https:\/\/key2optics.com\/wp-content\/uploads\/2022\/09\/Optical-Module-List-en-1536x1523.jpg 1536w, https:\/\/key2optics.com\/wp-content\/uploads\/2022\/09\/Optical-Module-List-en-1140x1131.jpg 1140w, https:\/\/key2optics.com\/wp-content\/uploads\/2022\/09\/Optical-Module-List-en-920x912.jpg 920w, https:\/\/key2optics.com\/wp-content\/uploads\/2022\/09\/Optical-Module-List-en-575x570.jpg 575w, https:\/\/key2optics.com\/wp-content\/uploads\/2022\/09\/Optical-Module-List-en-380x377.jpg 380w\" sizes=\"(max-width: 1000px) 100vw, 1000px\" \/><\/p>\n<p><img loading=\"lazy\" decoding=\"async\" class=\"wp-image-6388 size-full aligncenter\" src=\"https:\/\/key2optics.com\/wp-content\/uploads\/2019\/11\/Application1.jpg\" alt=\"Vom SFP-Modul unterst\u00fctzte Ger\u00e4te\" width=\"807\" height=\"444\" \/><\/p>\n<h3><strong>Warum Key2Optics<\/strong><\/h3>\n<hr \/>\n<h4>Produktions- und Qualit\u00e4tskontrolle<\/h4>\n<p>Mit fortschrittlichen Montagelinien, Roboterwerkst\u00e4tten und Testlabors sorgen wir daf\u00fcr, dass unsere Produkte 100% fehlerfrei sind und in jeder Umgebung und unter allen Umst\u00e4nden eingesetzt werden k\u00f6nnen. <a href=\"https:\/\/key2optics.com\/de\/qualitatskontrolle\/\" target=\"_blank\" rel=\"noopener\">Mehr\u2026<\/a><\/p>\n<p><a href=\"https:\/\/key2optics.com\/de\/qualitatskontrolle\/\" target=\"_blank\" rel=\"noopener\"><img loading=\"lazy\" decoding=\"async\" class=\"aligncenter wp-image-6391 size-full\" title=\"key2optics QC und Produktion\" src=\"https:\/\/key2optics.com\/wp-content\/uploads\/2019\/11\/QCProduction.jpg\" alt=\"key2optics QC und Produktion\" width=\"1000\" height=\"756\" \/><\/a><\/p>\n<p>Wir \u00fcberwachen jeden Schritt in der Produktion streng, um sicherzustellen, dass jedes an Sie gelieferte Produkt r\u00fcckverfolgbar und fehlerfrei ist.\u00a0 \u00a0<a href=\"https:\/\/key2optics.com\/de\/qualitatskontrolle\/\" target=\"_blank\" rel=\"noopener\">Mehr\u2026<\/a><\/p>\n<figure id=\"attachment_6394\" aria-describedby=\"caption-attachment-6394\" style=\"width: 1000px\" class=\"wp-caption aligncenter\"><a href=\"https:\/\/key2optics.com\/de\/qualitatskontrolle\/\" target=\"_blank\" rel=\"noopener\"><img loading=\"lazy\" decoding=\"async\" class=\"wp-image-6394 size-full\" src=\"https:\/\/key2optics.com\/wp-content\/uploads\/2019\/11\/production.jpg\" alt=\"key2optics Produktion und Pr\u00fcfung\" width=\"1000\" height=\"416\" \/><\/a><figcaption id=\"caption-attachment-6394\" class=\"wp-caption-text\">key2optics Produktion und Pr\u00fcfung<\/figcaption><\/figure>\n<h4>Unsere Qualifikation<\/h4>\n<p>Unsere Produkte und unsere Produktionslinie sind CE-, FCC- und RoHs-zertifiziert <a title=\"ISO9001\" href=\"https:\/\/key2optics.com\/wp-content\/uploads\/2022\/09\/ISO9001.jpg\" target=\"_blank\" rel=\"noopener\">ISO9001<\/a> zertifiziert. Wir verf\u00fcgen \u00fcber Dutzende von Patentzertifikaten und Softwarezertifikaten.\u00a0 <a href=\"https:\/\/key2optics.com\/de\/qualitatskontrolle\/\" target=\"_blank\" rel=\"noopener\">Mehr\u2026<\/a><\/p>\n<p><a href=\"https:\/\/key2optics.com\/de\/qualitatskontrolle\/\" target=\"_blank\" rel=\"noopener\"><img loading=\"lazy\" decoding=\"async\" class=\"aligncenter wp-image-6389 size-full\" src=\"https:\/\/key2optics.com\/wp-content\/uploads\/2019\/11\/Certificates.jpg\" alt=\"key2optics zertifiziert\" width=\"1000\" height=\"241\" \/><\/a><\/p>","protected":false},"excerpt":{"rendered":"<p>Key2 Optics besitzt <strong>10G SFP+\/XFP<\/strong> Serien-Vollbereichs-Wei\u00dflichtmodul, CWDM\/DWDM-Modul, bidirektionales Einzelfasermodul, mit geringem Stromverbrauch, industrieller Arbeitstemperatur, hohen Vorteilen wie Zuverl\u00e4ssigkeit.<\/p>\n<p><span style=\"color: #ff0000;\"><strong>BITTE BEACHTEN SIE DIE SPEZIFIKATIONEN, UM DAS RICHTIGE MODELL UND DIE RICHTIGE SKU ZU FINDEN!<\/strong><\/span><\/p>","protected":false},"featured_media":3180,"comment_status":"closed","ping_status":"closed","template":"","meta":{"content-type":"","_themeisle_gutenberg_block_has_review":false},"product_cat":[64],"product_tag":[137],"aioseo_notices":[],"_links":{"self":[{"href":"https:\/\/key2optics.com\/de\/wp-json\/wp\/v2\/product\/3910"}],"collection":[{"href":"https:\/\/key2optics.com\/de\/wp-json\/wp\/v2\/product"}],"about":[{"href":"https:\/\/key2optics.com\/de\/wp-json\/wp\/v2\/types\/product"}],"replies":[{"embeddable":true,"href":"https:\/\/key2optics.com\/de\/wp-json\/wp\/v2\/comments?post=3910"}],"wp:featuredmedia":[{"embeddable":true,"href":"https:\/\/key2optics.com\/de\/wp-json\/wp\/v2\/media\/3180"}],"wp:attachment":[{"href":"https:\/\/key2optics.com\/de\/wp-json\/wp\/v2\/media?parent=3910"}],"wp:term":[{"taxonomy":"product_cat","embeddable":true,"href":"https:\/\/key2optics.com\/de\/wp-json\/wp\/v2\/product_cat?post=3910"},{"taxonomy":"product_tag","embeddable":true,"href":"https:\/\/key2optics.com\/de\/wp-json\/wp\/v2\/product_tag?post=3910"}],"curies":[{"name":"wp","href":"https:\/\/api.w.org\/{rel}","templated":true}]}}