{"id":4269,"date":"2022-09-07T22:36:17","date_gmt":"2022-09-07T14:36:17","guid":{"rendered":"https:\/\/key2optics.com\/?post_type=product&#038;p=4269"},"modified":"2025-09-15T10:24:28","modified_gmt":"2025-09-15T02:24:28","slug":"1g-10g-sfp-t-module","status":"publish","type":"product","link":"https:\/\/key2optics.com\/de\/produkt\/1g-10g-sfp-t-modul\/","title":{"rendered":"1G\/10G SFP-T-Modul"},"content":{"rendered":"<div class=\"node__content clearfix\">\n<div class=\"field field--name-body field--type-text-with-summary field--label-hidden field__item\">\n<p>Key2 Optics verf\u00fcgt \u00fcber 1000Base-T und 10GBase-T (100\/1000M\/10G) Kupfer RJ45 SFP\/SFP+ (<a href=\"https:\/\/en.wikipedia.org\/wiki\/Small_Form-factor_Pluggable#10_Gbit\/s_SFP+\" target=\"_blank\" rel=\"noopener\">Wiki: Was ist SFP+?<\/a>) Transceiver, entwickelt mit Marvell 88XX PHY-Chip nach IEEE 802.3abn und SFP\/SFP+ MSA, unterst\u00fctzt bis zu 100 Meter \u00dcbertragung \u00fcber CAT.5e(GE)\/CAT.6a\/CAT.7(10G).<\/p>\n<p>&nbsp;<\/p>\n<p><strong>SFP-T-GE<\/strong><\/p>\n<p>SFP-GE-T ist ein Multi-Rate-Kupfer-RJ45-SFP-Transceiver, der mit dem Marvell 88E1111 PHY-Chip nach IEEE 802.3ab und SFP MSA ausgestattet ist und eine \u00dcbertragung von bis zu 100 Metern \u00fcber CAT.5e unterst\u00fctzt, das 100\/1000M Auto-Negociation unterst\u00fctzt.<\/p>\n<p>&nbsp;<\/p>\n<p><strong>SFP-T-1OG<\/strong><\/p>\n<p>Das 10GBase-T-Kupfer-Transceiver-Modul ist eine leistungsstarke integrierte Duplex-Datenverbindung f\u00fcr die bidirektionale Kommunikation \u00fcber Kupferkabel. Langlebig und geringer Stromverbrauch \u2013 Eine Verlustleistung von weniger als 2,5 W und eine w\u00e4rmeleitende Dichtung sorgen f\u00fcr eine hervorragende W\u00e4rmeableitungsfunktion, um die W\u00e4rme vom Modul abzuleiten und seine Lebensdauer zu verl\u00e4ngern.<\/p>\n<p>Es wurde speziell mit dem Marvell 88X3300 PHY-Chip nach IEEE 802.3an und SFP+ MSA entwickelt.<\/p>\n<\/div>\n<p><strong>Merkmale<\/strong><\/p>\n<ul>\n<li>1000Base-T (<strong>SFP-T-GE<\/strong>) | 10GBase-T (<strong>SFP-T-1OG<\/strong>)<\/li>\n<li>Datenrate: 1,25 Gbit\/s (<strong>SFP-T-GE<\/strong>) | 10 Gbit\/s (<strong>SFP-T-1OG<\/strong>)<\/li>\n<li>Schnittstelle: RJ-45<\/li>\n<li>100 Meter \u00dcbertragung \u00fcber CAT.5e (<strong>SFP-T-GE<\/strong>)<\/li>\n<li>30 Meter \u00dcbertragung \u00fcber CAT.6a\/CAT.7 (<strong>SFP-T-1OG<\/strong>)<\/li>\n<li>Konform mit 10G Base-T IEEE 802.3an (<strong>Nur SFP-T-1OG<\/strong>)<\/li>\n<li>Konform mit 1000Base-T IEEE 802.3ab<\/li>\n<li>Konform mit 100Base-TX IEEE 802.3u<\/li>\n<li>Konform mit SFP MSA<\/li>\n<li>Hot-Plug-f\u00e4higer SFP-Footprint<\/li>\n<li>+3,3V Einzelstromversorgung<\/li>\n<li>Temp. Bereich (\u2103): 0~70<\/li>\n<li>RoHS<img loading=\"lazy\" decoding=\"async\" class=\"wp-image-4336\" src=\"https:\/\/key2optics.com\/wp-content\/uploads\/2022\/09\/SFP-T.jpg\" alt=\"SFP-T RJ45-Transceiver\" width=\"461\" height=\"346\" srcset=\"https:\/\/key2optics.com\/wp-content\/uploads\/2022\/09\/SFP-T.jpg 1440w, https:\/\/key2optics.com\/wp-content\/uploads\/2022\/09\/SFP-T-800x600.jpg 800w, https:\/\/key2optics.com\/wp-content\/uploads\/2022\/09\/SFP-T-640x480.jpg 640w, https:\/\/key2optics.com\/wp-content\/uploads\/2022\/09\/SFP-T-768x576.jpg 768w, https:\/\/key2optics.com\/wp-content\/uploads\/2022\/09\/SFP-T-1140x855.jpg 1140w, https:\/\/key2optics.com\/wp-content\/uploads\/2022\/09\/SFP-T-920x690.jpg 920w, https:\/\/key2optics.com\/wp-content\/uploads\/2022\/09\/SFP-T-575x431.jpg 575w, https:\/\/key2optics.com\/wp-content\/uploads\/2022\/09\/SFP-T-380x285.jpg 380w\" sizes=\"(max-width: 461px) 100vw, 461px\" \/><\/li>\n<\/ul>\n<\/div>\n<div class=\"node__content clearfix\">\n<p>Bitte laden Sie das Datenblatt herunter unter <a href=\"https:\/\/key2optics.com\/de\/herunterladen\/\">Hier<\/a><\/p>\n<h3><strong>Unterst\u00fctzte Ger\u00e4te und Marken<\/strong><\/h3>\n<hr \/>\n<p>Unsere optischen Transceiver sind mit den meisten Pappelmarken auf dem Markt kompatibel. Teilen Sie uns die Marken der Ger\u00e4te mit, die Sie verwenden werden, wir bieten Ihnen den ma\u00dfgeschneiderten Service.<\/p>\n<p>SFP\/SFP+\/SFP28\/QSFP\/QSFP+\/QSFP28\/CFP\/CFP2\/CFP4-Modul<strong> unterst\u00fctzte Marken<\/strong>: Cisco\/HP\/DELL\/FINISAR\/INTEL\/HUAWEI\/JUNIPER\/ZTE\/TP-LINK\/H3C \u2026<\/p>\n<p><strong>Unterst\u00fctzende Ger\u00e4te:<\/strong> Server\/Switch\/NAS\/WDM OTN\/Fiber-zu-Ethernet-Medienkonverter\/Router mit SFP\/SFP+\/SFP28\/QSFP\/QSFP+\/QSFP28\/CFP\/CFP2\/CFP4-Schnittstelle.<\/p>\n<p>&nbsp;<\/p>\n<p><img loading=\"lazy\" decoding=\"async\" class=\"aligncenter wp-image-4309\" src=\"https:\/\/key2optics.com\/wp-content\/uploads\/2022\/09\/Optical-Module-List-en.jpg\" alt=\"Transceiver-Kompatibilit\u00e4t\" width=\"1000\" height=\"992\" srcset=\"https:\/\/key2optics.com\/wp-content\/uploads\/2022\/09\/Optical-Module-List-en.jpg 1591w, https:\/\/key2optics.com\/wp-content\/uploads\/2022\/09\/Optical-Module-List-en-100x100.jpg 100w, https:\/\/key2optics.com\/wp-content\/uploads\/2022\/09\/Optical-Module-List-en-800x793.jpg 800w, https:\/\/key2optics.com\/wp-content\/uploads\/2022\/09\/Optical-Module-List-en-484x480.jpg 484w, https:\/\/key2optics.com\/wp-content\/uploads\/2022\/09\/Optical-Module-List-en-180x180.jpg 180w, https:\/\/key2optics.com\/wp-content\/uploads\/2022\/09\/Optical-Module-List-en-768x762.jpg 768w, https:\/\/key2optics.com\/wp-content\/uploads\/2022\/09\/Optical-Module-List-en-1536x1523.jpg 1536w, https:\/\/key2optics.com\/wp-content\/uploads\/2022\/09\/Optical-Module-List-en-1140x1131.jpg 1140w, https:\/\/key2optics.com\/wp-content\/uploads\/2022\/09\/Optical-Module-List-en-920x912.jpg 920w, https:\/\/key2optics.com\/wp-content\/uploads\/2022\/09\/Optical-Module-List-en-575x570.jpg 575w, https:\/\/key2optics.com\/wp-content\/uploads\/2022\/09\/Optical-Module-List-en-380x377.jpg 380w\" sizes=\"(max-width: 1000px) 100vw, 1000px\" \/><\/p>\n<p><img loading=\"lazy\" decoding=\"async\" class=\"wp-image-6388 size-full aligncenter\" src=\"https:\/\/key2optics.com\/wp-content\/uploads\/2019\/11\/Application1.jpg\" alt=\"Vom SFP-Modul unterst\u00fctzte Ger\u00e4te\" width=\"807\" height=\"444\" \/><\/p>\n<h3><strong>Warum Key2Optics<\/strong><\/h3>\n<hr \/>\n<h4>Produktions- und Qualit\u00e4tskontrolle<\/h4>\n<p>Mit fortschrittlichen Montagelinien, Roboterwerkst\u00e4tten und Testlabors sorgen wir daf\u00fcr, dass unsere Produkte 100% fehlerfrei sind und in jeder Umgebung und unter allen Umst\u00e4nden eingesetzt werden k\u00f6nnen. <a href=\"https:\/\/key2optics.com\/de\/qualitatskontrolle\/\" target=\"_blank\" rel=\"noopener\">Mehr\u2026<\/a><\/p>\n<p><a href=\"https:\/\/key2optics.com\/de\/qualitatskontrolle\/\" target=\"_blank\" rel=\"noopener\"><img loading=\"lazy\" decoding=\"async\" class=\"aligncenter wp-image-6391 size-full\" title=\"key2optics QC und Produktion\" src=\"https:\/\/key2optics.com\/wp-content\/uploads\/2019\/11\/QCProduction.jpg\" alt=\"key2optics QC und Produktion\" width=\"1000\" height=\"756\" \/><\/a><\/p>\n<p>Wir \u00fcberwachen jeden Schritt in der Produktion streng, um sicherzustellen, dass jedes an Sie gelieferte Produkt r\u00fcckverfolgbar und fehlerfrei ist.\u00a0 \u00a0<a href=\"https:\/\/key2optics.com\/de\/qualitatskontrolle\/\" target=\"_blank\" rel=\"noopener\">Mehr\u2026<\/a><\/p>\n<figure id=\"attachment_6394\" aria-describedby=\"caption-attachment-6394\" style=\"width: 1000px\" class=\"wp-caption aligncenter\"><a href=\"https:\/\/key2optics.com\/de\/qualitatskontrolle\/\" target=\"_blank\" rel=\"noopener\"><img loading=\"lazy\" decoding=\"async\" class=\"wp-image-6394 size-full\" src=\"https:\/\/key2optics.com\/wp-content\/uploads\/2019\/11\/production.jpg\" alt=\"key2optics Produktion und Pr\u00fcfung\" width=\"1000\" height=\"416\" \/><\/a><figcaption id=\"caption-attachment-6394\" class=\"wp-caption-text\">key2optics Produktion und Pr\u00fcfung<\/figcaption><\/figure>\n<h4>Unsere Qualifikation<\/h4>\n<p>Unsere Produkte und unsere Produktionslinie sind CE-, FCC- und RoHs-zertifiziert <a title=\"ISO9001\" href=\"https:\/\/key2optics.com\/wp-content\/uploads\/2022\/09\/ISO9001.jpg\" target=\"_blank\" rel=\"noopener\">ISO9001<\/a> zertifiziert. Wir verf\u00fcgen \u00fcber Dutzende von Patentzertifikaten und Softwarezertifikaten.\u00a0 <a href=\"https:\/\/key2optics.com\/de\/qualitatskontrolle\/\" target=\"_blank\" rel=\"noopener\">Mehr\u2026<\/a><\/p>\n<p><a href=\"https:\/\/key2optics.com\/de\/qualitatskontrolle\/\" target=\"_blank\" rel=\"noopener\"><img loading=\"lazy\" decoding=\"async\" class=\"aligncenter wp-image-6389 size-full\" src=\"https:\/\/key2optics.com\/wp-content\/uploads\/2019\/11\/Certificates.jpg\" alt=\"key2optics zertifiziert\" width=\"1000\" height=\"241\" \/><\/a><\/p>","protected":false},"excerpt":{"rendered":"<p>Key2 Optics verf\u00fcgt \u00fcber einen 1000Base-T und 10GBase-T (100\/1000M\/10G) Kupfer-RJ45-SFP\/SFP+-Transceiver, der mit dem Marvell 88XX PHY-Chip nach IEEE 802.3abn und SFP\/SFP+ MSA ausgestattet ist und eine \u00dcbertragung \u00fcber CAT \u00fcber eine Entfernung von bis zu 100 Metern unterst\u00fctzt .5e(GE)\/CAT.6a\/CAT.7(10G).<\/p>\n<p><span style=\"color: #ff0000;\"><strong>BITTE BEACHTEN SIE DIE SPEZIFIKATIONEN, UM DAS RICHTIGE MODELL UND DIE RICHTIGE SKU ZU FINDEN!<\/strong><\/span><\/p>","protected":false},"featured_media":4336,"comment_status":"closed","ping_status":"closed","template":"","meta":{"content-type":"","_themeisle_gutenberg_block_has_review":false},"product_cat":[64],"product_tag":[142],"aioseo_notices":[],"_links":{"self":[{"href":"https:\/\/key2optics.com\/de\/wp-json\/wp\/v2\/product\/4269"}],"collection":[{"href":"https:\/\/key2optics.com\/de\/wp-json\/wp\/v2\/product"}],"about":[{"href":"https:\/\/key2optics.com\/de\/wp-json\/wp\/v2\/types\/product"}],"replies":[{"embeddable":true,"href":"https:\/\/key2optics.com\/de\/wp-json\/wp\/v2\/comments?post=4269"}],"wp:featuredmedia":[{"embeddable":true,"href":"https:\/\/key2optics.com\/de\/wp-json\/wp\/v2\/media\/4336"}],"wp:attachment":[{"href":"https:\/\/key2optics.com\/de\/wp-json\/wp\/v2\/media?parent=4269"}],"wp:term":[{"taxonomy":"product_cat","embeddable":true,"href":"https:\/\/key2optics.com\/de\/wp-json\/wp\/v2\/product_cat?post=4269"},{"taxonomy":"product_tag","embeddable":true,"href":"https:\/\/key2optics.com\/de\/wp-json\/wp\/v2\/product_tag?post=4269"}],"curies":[{"name":"wp","href":"https:\/\/api.w.org\/{rel}","templated":true}]}}