{"id":4460,"date":"2022-09-09T19:35:24","date_gmt":"2022-09-09T11:35:24","guid":{"rendered":"https:\/\/key2optics.com\/?post_type=product&#038;p=4460"},"modified":"2025-09-15T10:24:27","modified_gmt":"2025-09-15T02:24:27","slug":"lgx-box-splitter","status":"publish","type":"product","link":"https:\/\/key2optics.com\/de\/produkt\/lgx-box-splitter\/","title":{"rendered":"LGX-Box-Splitter"},"content":{"rendered":"<p>1\u00d72, 1\u00d74, 1\u00d78, 1\u00d716 LGX Box PLC Fiber Splitter (Wiki: <a href=\"https:\/\/en.wikipedia.org\/wiki\/Fiber-optic_splitter\" target=\"_blank\" rel=\"noopener\">Was ist ein Glasfasersplitter?<\/a>) f\u00fcr Standard-LGX-Kassette, LC\/APC, SC\/APC, Singlemode, passiver Glasfasersplitter<\/p>\n<p>Ein Planar Lightwave Circuit (PLC)-Splitter ist eine Art optisches Energiemanagementger\u00e4t, das mithilfe der Silica-Lichtwellenleitertechnologie hergestellt wird, um optische Signale von der Zentrale (CO) an mehrere Standorte zu verteilen. SPS-Splitter sind h\u00e4ufig in PON (Passive Optical Networks), Datenkommunikation, LAN (Local Area Networks), CATV (Kabelfernsehen), LCP (Local Convergence Points), FTTx und weiteren Anwendungen zu finden und eignen sich f\u00fcr Kommunikation, Medizin, Banken und Geb\u00e4ude , gro\u00dfe B\u00fcrogeb\u00e4ude, B\u00fcros und andere Orte mit hochwertigen Netzwerkanforderungen. Der LGX-Kassettensplitter wird am h\u00e4ufigsten verwendet, um einen umfassenden Schutz f\u00fcr interne Optiken und Kabel zu bieten. Aufgrund seiner geringen Gr\u00f6\u00dfe, hohen Zuverl\u00e4ssigkeit und seines gro\u00dfen Betriebswellenl\u00e4ngenbereichs wird es h\u00e4ufig in PON-Netzwerken eingesetzt, um eine kosteng\u00fcnstige L\u00f6sung f\u00fcr die optische Signalleistungsverteilung zu erreichen.<\/p>\n<p>Key2optics ist seit 2009 ein professioneller Hersteller von Glasfasersplittern. Wir verf\u00fcgen \u00fcber alle Arten von passiven Glasfasersplittern f\u00fcr verschiedene Anwendungen.<\/p>\n<p><strong>Merkmale<\/strong><\/p>\n<ul>\n<li class=\"spotlights_item\"><span data-v-c5bb8b48=\"\">Teilen Sie das Eingangssignal gleichm\u00e4\u00dfig auf 4 Ausgangsanschl\u00fcsse auf<\/span><\/li>\n<li class=\"spotlights_item\"><span data-v-c5bb8b48=\"\">\u22647,3 dB geringer Einf\u00fcgungsverlust und \u22640,2 dB geringer polarisationsabh\u00e4ngiger Verlust<\/span><\/li>\n<li class=\"spotlights_item\"><span data-v-c5bb8b48=\"\">Vollst\u00e4ndig passives optisches Verzweigungsger\u00e4t<\/span><\/li>\n<li class=\"spotlights_item\"><span data-v-c5bb8b48=\"\">1260\u20131650 nm breite Betriebswellenl\u00e4ngen<\/span><\/li>\n<li class=\"spotlights_item\"><span data-v-c5bb8b48=\"\">Wird h\u00e4ufig in PON-, Datenkommunikations-, LAN-, CATV-, LCP-, FTTx- und weiteren Anwendungen verwendet<\/span><\/li>\n<li class=\"spotlights_more\">\n<div class=\"spotlights_item\" data-v-c5bb8b48=\"\"><span data-v-c5bb8b48=\"\">Passend f\u00fcr Racks, Wandk\u00e4sten, optische Verteilerk\u00e4sten usw.<\/span><\/div>\n<\/li>\n<\/ul>\n<p><img loading=\"lazy\" decoding=\"async\" class=\"wp-image-4469\" src=\"https:\/\/key2optics.com\/wp-content\/uploads\/2022\/09\/1x4_splitter-e1662905638439.jpg\" alt=\"1x4_lgx_splitter\" width=\"481\" height=\"361\" srcset=\"https:\/\/key2optics.com\/wp-content\/uploads\/2022\/09\/1x4_splitter-e1662905638439.jpg 753w, https:\/\/key2optics.com\/wp-content\/uploads\/2022\/09\/1x4_splitter-e1662905638439-640x480.jpg 640w, https:\/\/key2optics.com\/wp-content\/uploads\/2022\/09\/1x4_splitter-e1662905638439-575x431.jpg 575w, https:\/\/key2optics.com\/wp-content\/uploads\/2022\/09\/1x4_splitter-e1662905638439-380x285.jpg 380w\" sizes=\"(max-width: 481px) 100vw, 481px\" \/><\/p>\n<p><strong>FTTx-Anwendung<\/strong><\/p>\n<p><img loading=\"lazy\" decoding=\"async\" class=\"aligncenter size-full wp-image-4735\" src=\"https:\/\/key2optics.com\/wp-content\/uploads\/2022\/09\/connection.webp\" alt=\"\" width=\"942\" height=\"620\" srcset=\"https:\/\/key2optics.com\/wp-content\/uploads\/2022\/09\/connection.webp 942w, https:\/\/key2optics.com\/wp-content\/uploads\/2022\/09\/connection-800x527.webp 800w, https:\/\/key2optics.com\/wp-content\/uploads\/2022\/09\/connection-729x480.webp 729w, https:\/\/key2optics.com\/wp-content\/uploads\/2022\/09\/connection-768x505.webp 768w, https:\/\/key2optics.com\/wp-content\/uploads\/2022\/09\/connection-920x606.webp 920w, https:\/\/key2optics.com\/wp-content\/uploads\/2022\/09\/connection-575x378.webp 575w, https:\/\/key2optics.com\/wp-content\/uploads\/2022\/09\/connection-380x250.webp 380w\" sizes=\"(max-width: 942px) 100vw, 942px\" \/><\/p>\n<p>&nbsp;<\/p>\n<p>Bitte laden Sie das Datenblatt herunter unter <a href=\"https:\/\/key2optics.com\/de\/herunterladen\/\">Hier<\/a><\/p>\n<p>&nbsp;<\/p>\n<p>&nbsp;<\/p>","protected":false},"excerpt":{"rendered":"<p>1\u00d72, 1\u00d74, 1\u00d78, 1\u00d716 LGX Box PLC-Faser-Splitter f\u00fcr Standard-LGX-Kassette, LC\/APC, SC\/APC, Singlemode, passiver Glasfaser-Splitter<\/p>","protected":false},"featured_media":5083,"comment_status":"closed","ping_status":"closed","template":"","meta":{"content-type":"","_themeisle_gutenberg_block_has_review":false},"product_cat":[144],"product_tag":[146],"aioseo_notices":[],"_links":{"self":[{"href":"https:\/\/key2optics.com\/de\/wp-json\/wp\/v2\/product\/4460"}],"collection":[{"href":"https:\/\/key2optics.com\/de\/wp-json\/wp\/v2\/product"}],"about":[{"href":"https:\/\/key2optics.com\/de\/wp-json\/wp\/v2\/types\/product"}],"replies":[{"embeddable":true,"href":"https:\/\/key2optics.com\/de\/wp-json\/wp\/v2\/comments?post=4460"}],"wp:featuredmedia":[{"embeddable":true,"href":"https:\/\/key2optics.com\/de\/wp-json\/wp\/v2\/media\/5083"}],"wp:attachment":[{"href":"https:\/\/key2optics.com\/de\/wp-json\/wp\/v2\/media?parent=4460"}],"wp:term":[{"taxonomy":"product_cat","embeddable":true,"href":"https:\/\/key2optics.com\/de\/wp-json\/wp\/v2\/product_cat?post=4460"},{"taxonomy":"product_tag","embeddable":true,"href":"https:\/\/key2optics.com\/de\/wp-json\/wp\/v2\/product_tag?post=4460"}],"curies":[{"name":"wp","href":"https:\/\/api.w.org\/{rel}","templated":true}]}}