{"id":4554,"date":"2022-09-12T20:39:29","date_gmt":"2022-09-12T12:39:29","guid":{"rendered":"https:\/\/key2optics.com\/?post_type=product&#038;p=4554"},"modified":"2025-09-15T10:24:27","modified_gmt":"2025-09-15T02:24:27","slug":"bare-plc-fiber-splitter","status":"publish","type":"product","link":"https:\/\/key2optics.com\/de\/produkt\/bare-plc-faser-splitter\/","title":{"rendered":"Blanker Fasersplitter"},"content":{"rendered":"<p>1 x 2, 1 x 4, 1 x 8, 1 x 16, 1 x 32 PLC-Fasersplitter (Wiki: <a href=\"https:\/\/en.wikipedia.org\/wiki\/Fiber-optic_splitter\" target=\"_blank\" rel=\"noopener\">Was ist ein Glasfasersplitter?<\/a>), Stahlrohr, blanke Faser 250 \u03bcm, kein Stecker, Singlemode<\/p>\n<p data-v-37f1ddea=\"\">Ein Planar Lightwave Circuit (PLC)-Splitter ist eine Art optisches Energiemanagementger\u00e4t, das mithilfe der Silica-Lichtwellenleitertechnologie hergestellt wird, um optische Signale von der Zentrale (CO) an mehrere Standorte zu verteilen.<\/p>\n<p data-v-37f1ddea=\"\">Ein Bare-Fiber-Splitter ist eine Art ODN-Produkt, das f\u00fcr PON-Netzwerke geeignet ist und in der Pigtail-Kassette, im Testger\u00e4t und im WDM-System installiert werden kann, wodurch der Platzbedarf minimiert wird. Der Faserschutz ist relativ empfindlich und erfordert eine vollst\u00e4ndige Schutzkonstruktion f\u00fcr den Kofferaufbau und das Ger\u00e4t.<\/p>\n<p data-v-37f1ddea=\"\">Key2optics ist seit 2009 ein professioneller Hersteller von Glasfasersplittern. Wir verf\u00fcgen \u00fcber alle Arten von passiven Glasfasersplittern f\u00fcr verschiedene Anwendungen.<\/p>\n<p><strong>Merkmale<\/strong><\/p>\n<ul>\n<li>Teilen Sie das Eingangssignal gleichm\u00e4\u00dfig auf 4 Ausgangsanschl\u00fcsse auf<\/li>\n<li>\u22647,1 dB geringer Einf\u00fcgungsverlust und \u22640,2 dB geringer polarisationsabh\u00e4ngiger Verlust<\/li>\n<li>Vollst\u00e4ndig passives optisches Verzweigungsger\u00e4t<\/li>\n<li>Das kompakte Geh\u00e4use passt in Splei\u00dfkassetten, Wandk\u00e4sten, optische Verteilerk\u00e4sten usw.<\/li>\n<li>1260\u20131650 nm breite Betriebswellenl\u00e4ngen<\/li>\n<li>G.657A1 Biegeunempfindliche Fasern f\u00fcr geringen Biegeverlust<\/li>\n<li>Wird h\u00e4ufig in PON-, Datenkommunikations-, LAN-, CATV-, LCP-, FTTx- und weiteren Anwendungen verwendet<\/li>\n<\/ul>\n<p><iframe loading=\"lazy\" title=\"Passive Glasfaser-Splitter-Hersteller PLC-Glasfaser-Splitter-Fabrik Nackter 1\u00d74-Splitter\" width=\"1140\" height=\"641\" src=\"https:\/\/www.youtube.com\/embed\/iJSiQ16YyN8?feature=oembed\" frameborder=\"0\" allow=\"accelerometer; autoplay; clipboard-write; encrypted-media; gyroscope; picture-in-picture\" allowfullscreen><\/iframe><\/p>\n<table border=\"1\" cellspacing=\"0\" cellpadding=\"0\">\n<tbody>\n<tr>\n<td bgcolor=\"#CCCCCC\" width=\"150\"><span style=\"font-family: 'Open Sans', Arial, Helvetica, sans-serif; font-size: 14px; font-style: normal; font-variant-ligatures: normal; font-variant-caps: normal; font-weight: 600; letter-spacing: normal; orphans: 2; text-align: start; text-indent: 0px; text-transform: none; white-space: normal; widows: 2; word-spacing: 0px; -webkit-text-stroke-width: 0px; text-decoration-thickness: initial; text-decoration-style: initial; text-decoration-color: initial; display: inline !important; float: none;\"><br \/>\nPaketstil<\/span><\/td>\n<td bgcolor=\"#CCCCCC\" width=\"200\"><span style=\"font-family: 'Open Sans', Arial, Helvetica, sans-serif; font-size: 14px; font-style: normal; font-variant-ligatures: normal; font-variant-caps: normal; font-weight: 400; letter-spacing: normal; orphans: 2; text-align: start; text-indent: 0px; text-transform: none; white-space: normal; widows: 2; word-spacing: 0px; -webkit-text-stroke-width: 0px; text-decoration-thickness: initial; text-decoration-style: initial; text-decoration-color: initial; display: inline !important; float: none;\"><br \/>\nStahlrohr, blanke Faser<br \/>\n<\/span><\/td>\n<td bgcolor=\"#CCCCCC\" width=\"150\"><span style=\"font-family: 'Open Sans', Arial, Helvetica, sans-serif; font-size: 14px; font-style: normal; font-variant-ligatures: normal; font-variant-caps: normal; font-weight: 600; letter-spacing: normal; orphans: 2; text-align: start; text-indent: 0px; text-transform: none; white-space: normal; widows: 2; word-spacing: 0px; -webkit-text-stroke-width: 0px; text-decoration-thickness: initial; text-decoration-style: initial; text-decoration-color: initial; display: inline !important; float: none;\"><br \/>\nKonfigurationstyp<\/span><\/td>\n<td bgcolor=\"#CCCCCC\" width=\"240\"><span style=\"font-family: 'Open Sans', Arial, Helvetica, sans-serif; font-size: 14px; font-style: normal; font-variant-ligatures: normal; font-variant-caps: normal; font-weight: 400; letter-spacing: normal; orphans: 2; text-align: start; text-indent: 0px; text-transform: none; white-space: normal; widows: 2; word-spacing: 0px; -webkit-text-stroke-width: 0px; text-decoration-thickness: initial; text-decoration-style: initial; text-decoration-color: initial; display: inline !important; float: none;\"><br \/>\n1x 2, 1\u00d74, 1\u00d78, 1\u00d716, 1\u00d732<\/span><\/td>\n<\/tr>\n<tr>\n<td width=\"150\"><span style=\"font-family: 'Open Sans', Arial, Helvetica, sans-serif; font-size: 14px; font-style: normal; font-variant-ligatures: normal; font-variant-caps: normal; font-weight: 600; letter-spacing: normal; orphans: 2; text-align: start; text-indent: 0px; text-transform: none; white-space: normal; widows: 2; word-spacing: 0px; -webkit-text-stroke-width: 0px; text-decoration-thickness: initial; text-decoration-style: initial; text-decoration-color: initial; display: inline !important; float: none;\"><br \/>\nFaserqualit\u00e4t<\/span><\/td>\n<td width=\"200\"><span style=\"font-family: 'Open Sans', Arial, Helvetica, sans-serif; font-size: 14px; font-style: normal; font-variant-ligatures: normal; font-variant-caps: normal; font-weight: 400; letter-spacing: normal; orphans: 2; text-align: start; text-indent: 0px; text-transform: none; white-space: normal; widows: 2; word-spacing: 0px; -webkit-text-stroke-width: 0px; text-decoration-thickness: initial; text-decoration-style: initial; text-decoration-color: initial; display: inline !important; float: none;\"><br \/>\nG.657A1<\/span><\/td>\n<td width=\"150\"><span style=\"font-family: 'Open Sans', Arial, Helvetica, sans-serif; font-size: 14px; font-style: normal; font-variant-ligatures: normal; font-variant-caps: normal; font-weight: 600; letter-spacing: normal; orphans: 2; text-align: start; text-indent: 0px; text-transform: none; white-space: normal; widows: 2; word-spacing: 0px; -webkit-text-stroke-width: 0px; text-decoration-thickness: initial; text-decoration-style: initial; text-decoration-color: initial; display: inline !important; float: none;\"><br \/>\nFasermodus<\/span><\/td>\n<td width=\"240\"><span style=\"font-family: 'Open Sans', Arial, Helvetica, sans-serif; font-size: 14px; font-style: normal; font-variant-ligatures: normal; font-variant-caps: normal; font-weight: 400; letter-spacing: normal; orphans: 2; text-align: start; text-indent: 0px; text-transform: none; white-space: normal; widows: 2; word-spacing: 0px; -webkit-text-stroke-width: 0px; text-decoration-thickness: initial; text-decoration-style: initial; text-decoration-color: initial; display: inline !important; float: none;\"><br \/>\nEinspielermodus<\/span><\/td>\n<\/tr>\n<tr>\n<td bgcolor=\"#CCCCCC\" width=\"150\"><span style=\"font-family: 'Open Sans', Arial, Helvetica, sans-serif; font-size: 14px; font-style: normal; font-variant-ligatures: normal; font-variant-caps: normal; font-weight: 600; letter-spacing: normal; orphans: 2; text-align: start; text-indent: 0px; text-transform: none; white-space: normal; widows: 2; word-spacing: 0px; -webkit-text-stroke-width: 0px; text-decoration-thickness: initial; text-decoration-style: initial; text-decoration-color: initial; display: inline !important; float: none;\"><br \/>\nSteckertyp<\/span><\/td>\n<td bgcolor=\"#CCCCCC\" width=\"200\"><span style=\"font-family: 'Open Sans', Arial, Helvetica, sans-serif; font-size: 14px; font-style: normal; font-variant-ligatures: normal; font-variant-caps: normal; font-weight: 400; letter-spacing: normal; orphans: 2; text-align: start; text-indent: 0px; text-transform: none; white-space: normal; widows: 2; word-spacing: 0px; -webkit-text-stroke-width: 0px; text-decoration-thickness: initial; text-decoration-style: initial; text-decoration-color: initial; display: inline !important; float: none;\"><br \/>\nKeiner<br \/>\n<\/span><\/td>\n<td bgcolor=\"#CCCCCC\" width=\"150\"><span style=\"font-family: 'Open Sans', Arial, Helvetica, sans-serif; font-size: 14px; font-style: normal; font-variant-ligatures: normal; font-variant-caps: normal; font-weight: 600; letter-spacing: normal; orphans: 2; text-align: start; text-indent: 0px; text-transform: none; white-space: normal; widows: 2; word-spacing: 0px; -webkit-text-stroke-width: 0px; text-decoration-thickness: initial; text-decoration-style: initial; text-decoration-color: initial; display: inline !important; float: none;\"><br \/>\nSplit-Verh\u00e4ltnis<\/span><\/td>\n<td bgcolor=\"#CCCCCC\" width=\"240\"><span style=\"font-family: 'Open Sans', Arial, Helvetica, sans-serif; font-size: 14px; font-style: normal; font-variant-ligatures: normal; font-variant-caps: normal; font-weight: 400; letter-spacing: normal; orphans: 2; text-align: start; text-indent: 0px; text-transform: none; white-space: normal; widows: 2; word-spacing: 0px; -webkit-text-stroke-width: 0px; text-decoration-thickness: initial; text-decoration-style: initial; text-decoration-color: initial; display: inline !important; float: none;\"><br \/>\n50\/50<\/span><\/td>\n<\/tr>\n<tr>\n<td width=\"150\"><span style=\"font-family: 'Open Sans', Arial, Helvetica, sans-serif; font-size: 14px; font-style: normal; font-variant-ligatures: normal; font-variant-caps: normal; font-weight: 600; letter-spacing: normal; orphans: 2; text-align: start; text-indent: 0px; text-transform: none; white-space: normal; widows: 2; word-spacing: 0px; -webkit-text-stroke-width: 0px; text-decoration-thickness: initial; text-decoration-style: initial; text-decoration-color: initial; display: inline !important; float: none;\"><br \/>\nEingangs-\/Ausgangsfaserdurchmesser<\/span><\/td>\n<td width=\"200\"><span style=\"font-family: 'Open Sans', Arial, Helvetica, sans-serif; font-size: 14px; font-style: normal; font-variant-ligatures: normal; font-variant-caps: normal; font-weight: 400; letter-spacing: normal; orphans: 2; text-align: start; text-indent: 0px; text-transform: none; white-space: normal; widows: 2; word-spacing: 0px; -webkit-text-stroke-width: 0px; text-decoration-thickness: initial; text-decoration-style: initial; text-decoration-color: initial; display: inline !important; float: none;\"><br \/>\n250\u03bcm<\/span><\/td>\n<td width=\"150\"><span style=\"font-family: 'Open Sans', Arial, Helvetica, sans-serif; font-size: 14px; font-style: normal; font-variant-ligatures: normal; font-variant-caps: normal; font-weight: 600; letter-spacing: normal; orphans: 2; text-align: start; text-indent: 0px; text-transform: none; white-space: normal; widows: 2; word-spacing: 0px; -webkit-text-stroke-width: 0px; text-decoration-thickness: initial; text-decoration-style: initial; text-decoration-color: initial; display: inline !important; float: none;\"><br \/>\nL\u00e4nge der Eingangs-\/Ausgangsfaser<\/span><\/td>\n<td width=\"240\"><span style=\"font-family: 'Open Sans', Arial, Helvetica, sans-serif; font-size: 14px; font-style: normal; font-variant-ligatures: normal; font-variant-caps: normal; font-weight: 400; letter-spacing: normal; orphans: 2; text-align: start; text-indent: 0px; text-transform: none; white-space: normal; widows: 2; word-spacing: 0px; -webkit-text-stroke-width: 0px; text-decoration-thickness: initial; text-decoration-style: initial; text-decoration-color: initial; display: inline !important; float: none;\"><br \/>\n1,5 m<\/span><\/td>\n<\/tr>\n<tr>\n<td bgcolor=\"#CCCCCC\" width=\"150\"><span style=\"font-family: 'Open Sans', Arial, Helvetica, sans-serif; font-size: 14px; font-style: normal; font-variant-ligatures: normal; font-variant-caps: normal; font-weight: 600; letter-spacing: normal; orphans: 2; text-align: start; text-indent: 0px; text-transform: none; white-space: normal; widows: 2; word-spacing: 0px; -webkit-text-stroke-width: 0px; text-decoration-thickness: initial; text-decoration-style: initial; text-decoration-color: initial; display: inline !important; float: none;\"><br \/>\nEinf\u00fcged\u00e4mpfung<\/span><\/td>\n<td bgcolor=\"#CCCCCC\" width=\"200\"><span style=\"font-family: 'Open Sans', Arial, Helvetica, sans-serif; font-size: 14px; font-style: normal; font-variant-ligatures: normal; font-variant-caps: normal; font-weight: 400; letter-spacing: normal; orphans: 2; text-align: start; text-indent: 0px; text-transform: none; white-space: normal; widows: 2; word-spacing: 0px; -webkit-text-stroke-width: 0px; text-decoration-thickness: initial; text-decoration-style: initial; text-decoration-color: initial; display: inline !important; float: none;\"><br \/>\n\u2264 7,1 dB<\/span><\/td>\n<td bgcolor=\"#CCCCCC\" width=\"150\"><span style=\"font-family: 'Open Sans', Arial, Helvetica, sans-serif; font-size: 14px; font-style: normal; font-variant-ligatures: normal; font-variant-caps: normal; font-weight: 600; letter-spacing: normal; orphans: 2; text-align: start; text-indent: 0px; text-transform: none; white-space: normal; widows: 2; word-spacing: 0px; -webkit-text-stroke-width: 0px; text-decoration-thickness: initial; text-decoration-style: initial; text-decoration-color: initial; display: inline !important; float: none;\"><br \/>\nR\u00fcckflussd\u00e4mpfung<\/span><\/td>\n<td bgcolor=\"#CCCCCC\" width=\"240\"><span style=\"font-family: 'Open Sans', Arial, Helvetica, sans-serif; font-size: 14px; font-style: normal; font-variant-ligatures: normal; font-variant-caps: normal; font-weight: 400; letter-spacing: normal; orphans: 2; text-align: start; text-indent: 0px; text-transform: none; white-space: normal; widows: 2; word-spacing: 0px; -webkit-text-stroke-width: 0px; text-decoration-thickness: initial; text-decoration-style: initial; text-decoration-color: initial; display: inline !important; float: none;\"><br \/>\n\u2265 55 dB<\/span><\/td>\n<\/tr>\n<tr>\n<td width=\"150\"><span style=\"font-family: 'Open Sans', Arial, Helvetica, sans-serif; font-size: 14px; font-style: normal; font-variant-ligatures: normal; font-variant-caps: normal; font-weight: 600; letter-spacing: normal; orphans: 2; text-align: start; text-indent: 0px; text-transform: none; white-space: normal; widows: 2; word-spacing: 0px; -webkit-text-stroke-width: 0px; text-decoration-thickness: initial; text-decoration-style: initial; text-decoration-color: initial; display: inline !important; float: none;\"><br \/>\nVerlustgleichm\u00e4\u00dfigkeit<\/span><\/td>\n<td width=\"200\"><span style=\"font-family: 'Open Sans', Arial, Helvetica, sans-serif; font-size: 14px; font-style: normal; font-variant-ligatures: normal; font-variant-caps: normal; font-weight: 400; letter-spacing: normal; orphans: 2; text-align: start; text-indent: 0px; text-transform: none; white-space: normal; widows: 2; word-spacing: 0px; -webkit-text-stroke-width: 0px; text-decoration-thickness: initial; text-decoration-style: initial; text-decoration-color: initial; display: inline !important; float: none;\"><br \/>\n\u2264 0,6 dB<\/span><\/td>\n<td width=\"150\"><span style=\"font-family: 'Open Sans', Arial, Helvetica, sans-serif; font-size: 14px; font-style: normal; font-variant-ligatures: normal; font-variant-caps: normal; font-weight: 600; letter-spacing: normal; orphans: 2; text-align: start; text-indent: 0px; text-transform: none; white-space: normal; widows: 2; word-spacing: 0px; -webkit-text-stroke-width: 0px; text-decoration-thickness: initial; text-decoration-style: initial; text-decoration-color: initial; display: inline !important; float: none;\"><br \/>\nRichtwirkung<\/span><\/td>\n<td width=\"240\"><span style=\"font-family: 'Open Sans', Arial, Helvetica, sans-serif; font-size: 14px; font-style: normal; font-variant-ligatures: normal; font-variant-caps: normal; font-weight: 400; letter-spacing: normal; orphans: 2; text-align: start; text-indent: 0px; text-transform: none; white-space: normal; widows: 2; word-spacing: 0px; -webkit-text-stroke-width: 0px; text-decoration-thickness: initial; text-decoration-style: initial; text-decoration-color: initial; display: inline !important; float: none;\"><br \/>\n\u2265 55 dB<\/span><\/td>\n<\/tr>\n<tr>\n<td bgcolor=\"#CCCCCC\" width=\"150\"><span style=\"font-family: 'Open Sans', Arial, Helvetica, sans-serif; font-size: 14px; font-style: normal; font-variant-ligatures: normal; font-variant-caps: normal; font-weight: 600; letter-spacing: normal; orphans: 2; text-align: start; text-indent: 0px; text-transform: none; white-space: normal; widows: 2; word-spacing: 0px; -webkit-text-stroke-width: 0px; text-decoration-thickness: initial; text-decoration-style: initial; text-decoration-color: initial; display: inline !important; float: none;\"><br \/>\nPolarisationsabh\u00e4ngiger Verlust<\/span><\/td>\n<td bgcolor=\"#CCCCCC\" width=\"200\"><span style=\"font-family: 'Open Sans', Arial, Helvetica, sans-serif; font-size: 14px; font-style: normal; font-variant-ligatures: normal; font-variant-caps: normal; font-weight: 400; letter-spacing: normal; orphans: 2; text-align: start; text-indent: 0px; text-transform: none; white-space: normal; widows: 2; word-spacing: 0px; -webkit-text-stroke-width: 0px; text-decoration-thickness: initial; text-decoration-style: initial; text-decoration-color: initial; display: inline !important; float: none;\"><br \/>\n\u2264 0,2 dB<\/span><\/td>\n<td bgcolor=\"#CCCCCC\" width=\"150\"><span style=\"font-family: 'Open Sans', Arial, Helvetica, sans-serif; font-size: 14px; font-style: normal; font-variant-ligatures: normal; font-variant-caps: normal; font-weight: 600; letter-spacing: normal; orphans: 2; text-align: start; text-indent: 0px; text-transform: none; white-space: normal; widows: 2; word-spacing: 0px; -webkit-text-stroke-width: 0px; text-decoration-thickness: initial; text-decoration-style: initial; text-decoration-color: initial; display: inline !important; float: none;\"><br \/>\nTemperaturabh\u00e4ngiger Verlust<\/span><\/td>\n<td bgcolor=\"#CCCCCC\" width=\"240\"><span style=\"font-family: 'Open Sans', Arial, Helvetica, sans-serif; font-size: 14px; font-style: normal; font-variant-ligatures: normal; font-variant-caps: normal; font-weight: 400; letter-spacing: normal; orphans: 2; text-align: start; text-indent: 0px; text-transform: none; white-space: normal; widows: 2; word-spacing: 0px; -webkit-text-stroke-width: 0px; text-decoration-thickness: initial; text-decoration-style: initial; text-decoration-color: initial; display: inline !important; float: none;\"><br \/>\n\u2264 0,5 dB<\/span><\/td>\n<\/tr>\n<tr>\n<td width=\"150\"><span style=\"font-family: 'Open Sans', Arial, Helvetica, sans-serif; font-size: 14px; font-style: normal; font-variant-ligatures: normal; font-variant-caps: normal; font-weight: 600; letter-spacing: normal; orphans: 2; text-align: start; text-indent: 0px; text-transform: none; white-space: normal; widows: 2; word-spacing: 0px; -webkit-text-stroke-width: 0px; text-decoration-thickness: initial; text-decoration-style: initial; text-decoration-color: initial; display: inline !important; float: none;\"><br \/>\nWellenl\u00e4ngenabh\u00e4ngiger Verlust<\/span><\/td>\n<td width=\"200\"><span style=\"font-family: 'Open Sans', Arial, Helvetica, sans-serif; font-size: 14px; font-style: normal; font-variant-ligatures: normal; font-variant-caps: normal; font-weight: 400; letter-spacing: normal; orphans: 2; text-align: start; text-indent: 0px; text-transform: none; white-space: normal; widows: 2; word-spacing: 0px; -webkit-text-stroke-width: 0px; text-decoration-thickness: initial; text-decoration-style: initial; text-decoration-color: initial; display: inline !important; float: none;\"><br \/>\n\u2264 0,3 dB<\/span><\/td>\n<td width=\"150\"><span style=\"font-family: 'Open Sans', Arial, Helvetica, sans-serif; font-size: 14px; font-style: normal; font-variant-ligatures: normal; font-variant-caps: normal; font-weight: 600; letter-spacing: normal; orphans: 2; text-align: start; text-indent: 0px; text-transform: none; white-space: normal; widows: 2; word-spacing: 0px; -webkit-text-stroke-width: 0px; text-decoration-thickness: initial; text-decoration-style: initial; text-decoration-color: initial; display: inline !important; float: none;\"><br \/>\nBetriebsbandbreite<\/span><\/td>\n<td width=\"240\"><span style=\"font-family: 'Open Sans', Arial, Helvetica, sans-serif; font-size: 14px; font-style: normal; font-variant-ligatures: normal; font-variant-caps: normal; font-weight: 400; letter-spacing: normal; orphans: 2; text-align: start; text-indent: 0px; text-transform: none; white-space: normal; widows: 2; word-spacing: 0px; -webkit-text-stroke-width: 0px; text-decoration-thickness: initial; text-decoration-style: initial; text-decoration-color: initial; display: inline !important; float: none;\"><br \/>\n1260\u20131650 nm<\/span><\/td>\n<\/tr>\n<tr>\n<td bgcolor=\"#CCCCCC\" width=\"150\"><span style=\"font-family: 'Open Sans', Arial, Helvetica, sans-serif; font-size: 14px; font-style: normal; font-variant-ligatures: normal; font-variant-caps: normal; font-weight: 600; letter-spacing: normal; orphans: 2; text-align: start; text-indent: 0px; text-transform: none; white-space: normal; widows: 2; word-spacing: 0px; -webkit-text-stroke-width: 0px; text-decoration-thickness: initial; text-decoration-style: initial; text-decoration-color: initial; display: inline !important; float: none;\"><br \/>\nStahlrohr<br \/>\nAbmessungen (HxBxT)<\/span><\/td>\n<td bgcolor=\"#CCCCCC\" width=\"200\"><span style=\"font-family: 'Open Sans', Arial, Helvetica, sans-serif; font-size: 14px; letter-spacing: normal;\"><br \/>\n0,16\u2033x1,57\u2033x0,16\u2033 (4x40x4mm)<\/span><\/td>\n<td bgcolor=\"#CCCCCC\" width=\"150\"><span style=\"font-family: 'Open Sans', Arial, Helvetica, sans-serif; font-size: 14px; font-style: normal; font-variant-ligatures: normal; font-variant-caps: normal; font-weight: 600; letter-spacing: normal; orphans: 2; text-align: start; text-indent: 0px; text-transform: none; white-space: normal; widows: 2; word-spacing: 0px; -webkit-text-stroke-width: 0px; text-decoration-thickness: initial; text-decoration-style: initial; text-decoration-color: initial; display: inline !important; float: none;\"><br \/>\nTemperatur<\/span><\/td>\n<td bgcolor=\"#CCCCCC\" width=\"240\"><span style=\"font-family: 'Open Sans', Arial, Helvetica, sans-serif; font-size: 14px; font-style: normal; font-variant-ligatures: normal; font-variant-caps: normal; font-weight: 400; letter-spacing: normal; orphans: 2; text-align: start; text-indent: 0px; text-transform: none; white-space: normal; widows: 2; word-spacing: 0px; -webkit-text-stroke-width: 0px; text-decoration-thickness: initial; text-decoration-style: initial; text-decoration-color: initial; display: inline !important; float: none;\"><br \/>\nBetrieb -40 bis 85 \u00b0C (-40 bis 185 \u00b0F)<\/span><br style=\"font-family: 'Open Sans', Arial, Helvetica, sans-serif; font-size: 14px; font-style: normal; font-variant-ligatures: normal; font-variant-caps: normal; font-weight: 400; letter-spacing: normal; orphans: 2; text-align: start; text-indent: 0px; text-transform: none; white-space: normal; widows: 2; word-spacing: 0px; -webkit-text-stroke-width: 0px; text-decoration-thickness: initial; text-decoration-style: initial; text-decoration-color: initial;\" \/><span style=\"font-family: 'Open Sans', Arial, Helvetica, sans-serif; font-size: 14px; font-style: normal; font-variant-ligatures: normal; font-variant-caps: normal; font-weight: 400; letter-spacing: normal; orphans: 2; text-align: start; text-indent: 0px; text-transform: none; white-space: normal; widows: 2; word-spacing: 0px; -webkit-text-stroke-width: 0px; text-decoration-thickness: initial; text-decoration-style: initial; text-decoration-color: initial; display: inline !important; float: none;\"><br \/>\nLagerung -40 bis 85 \u00b0C (-40 bis 185 \u00b0F)<\/span><\/td>\n<\/tr>\n<\/tbody>\n<\/table>\n<p>Bitte laden Sie die Spezifikation herunter unter <a href=\"https:\/\/key2optics.com\/de\/herunterladen\/\">Hier<\/a><\/p>\n<p><img loading=\"lazy\" decoding=\"async\" class=\"aligncenter wp-image-4561\" src=\"https:\/\/key2optics.com\/wp-content\/uploads\/2022\/09\/BarePLC3.jpg\" alt=\"\" width=\"606\" height=\"606\" srcset=\"https:\/\/key2optics.com\/wp-content\/uploads\/2022\/09\/BarePLC3.jpg 750w, https:\/\/key2optics.com\/wp-content\/uploads\/2022\/09\/BarePLC3-420x420.jpg 420w, https:\/\/key2optics.com\/wp-content\/uploads\/2022\/09\/BarePLC3-100x100.jpg 100w, https:\/\/key2optics.com\/wp-content\/uploads\/2022\/09\/BarePLC3-480x480.jpg 480w, https:\/\/key2optics.com\/wp-content\/uploads\/2022\/09\/BarePLC3-180x180.jpg 180w, https:\/\/key2optics.com\/wp-content\/uploads\/2022\/09\/BarePLC3-575x575.jpg 575w, https:\/\/key2optics.com\/wp-content\/uploads\/2022\/09\/BarePLC3-380x380.jpg 380w\" sizes=\"(max-width: 606px) 100vw, 606px\" \/><\/p>\n<p><strong>FTTX-Verbindung:\u00a0<\/strong><\/p>\n<p><img loading=\"lazy\" decoding=\"async\" class=\"aligncenter size-full wp-image-4735\" src=\"https:\/\/key2optics.com\/wp-content\/uploads\/2022\/09\/connection.webp\" alt=\"\" width=\"942\" height=\"620\" srcset=\"https:\/\/key2optics.com\/wp-content\/uploads\/2022\/09\/connection.webp 942w, https:\/\/key2optics.com\/wp-content\/uploads\/2022\/09\/connection-800x527.webp 800w, https:\/\/key2optics.com\/wp-content\/uploads\/2022\/09\/connection-729x480.webp 729w, https:\/\/key2optics.com\/wp-content\/uploads\/2022\/09\/connection-768x505.webp 768w, https:\/\/key2optics.com\/wp-content\/uploads\/2022\/09\/connection-920x606.webp 920w, https:\/\/key2optics.com\/wp-content\/uploads\/2022\/09\/connection-575x378.webp 575w, https:\/\/key2optics.com\/wp-content\/uploads\/2022\/09\/connection-380x250.webp 380w\" sizes=\"(max-width: 942px) 100vw, 942px\" \/><\/p>\n<p>&nbsp;<\/p>\n<p>&nbsp;<\/p>\n<p>&nbsp;<\/p>\n<p>&nbsp;<\/p>","protected":false},"excerpt":{"rendered":"<p>1 x 2, 1 x 4, 1 x 8, 1 x 16, 1 x 32 PLC-Fasersplitter, Stahlrohr, blanke Faser 250 \u03bcm, kein Stecker, Singlemode<\/p>","protected":false},"featured_media":4559,"comment_status":"closed","ping_status":"closed","template":"","meta":{"content-type":"","_themeisle_gutenberg_block_has_review":false},"product_cat":[144],"product_tag":[145],"aioseo_notices":[],"_links":{"self":[{"href":"https:\/\/key2optics.com\/de\/wp-json\/wp\/v2\/product\/4554"}],"collection":[{"href":"https:\/\/key2optics.com\/de\/wp-json\/wp\/v2\/product"}],"about":[{"href":"https:\/\/key2optics.com\/de\/wp-json\/wp\/v2\/types\/product"}],"replies":[{"embeddable":true,"href":"https:\/\/key2optics.com\/de\/wp-json\/wp\/v2\/comments?post=4554"}],"wp:featuredmedia":[{"embeddable":true,"href":"https:\/\/key2optics.com\/de\/wp-json\/wp\/v2\/media\/4559"}],"wp:attachment":[{"href":"https:\/\/key2optics.com\/de\/wp-json\/wp\/v2\/media?parent=4554"}],"wp:term":[{"taxonomy":"product_cat","embeddable":true,"href":"https:\/\/key2optics.com\/de\/wp-json\/wp\/v2\/product_cat?post=4554"},{"taxonomy":"product_tag","embeddable":true,"href":"https:\/\/key2optics.com\/de\/wp-json\/wp\/v2\/product_tag?post=4554"}],"curies":[{"name":"wp","href":"https:\/\/api.w.org\/{rel}","templated":true}]}}