{"id":4881,"date":"2022-09-23T18:50:00","date_gmt":"2022-09-23T10:50:00","guid":{"rendered":"https:\/\/key2optics.com\/?post_type=product&#038;p=4881"},"modified":"2025-09-15T10:24:26","modified_gmt":"2025-09-15T02:24:26","slug":"10g-sfp-aoc","status":"publish","type":"product","link":"https:\/\/key2optics.com\/de\/produkt\/10g-sfp-aoc\/","title":{"rendered":"10G SFP+ AOC"},"content":{"rendered":"<p>Key2 Optics AOC (aktives optisches Kabel, Wiki: <a href=\"https:\/\/key2optics.com\/de\/was-ist-ein-aoc-kabel\/\" target=\"_blank\" rel=\"noopener\">Was ist ein AOC-Kabel?)<\/a> Produkt 10GbE SFP+ (<a href=\"https:\/\/en.wikipedia.org\/wiki\/Small_Form-factor_Pluggable#10_Gbit\/s_SFP+\" target=\"_blank\" rel=\"noopener\">Wiki: Was ist SFP+?<\/a>) Da AOC einen geringen Stromverbrauch, einen kleinen Biegeradius, keine Fasereinf\u00fcgungsd\u00e4mpfung und eine staubfreie Einf\u00fchrung aufweist, empfehlen wir dringend ein Rechenzentrum mit hoher Dichte und einem g\u00fcnstigen Budget.<\/p>\n<p>Kategorie: 10G 1xSFP+ auf 1xSFP+ AOC-Kabel | 10g SFP AOC-Kabel | SFP-Glasfaserkabel<\/p>\n<p><strong>Merkmale<br \/>\n<\/strong><\/p>\n<ul>\n<li>Bitrate bis zu 10 Gbit\/s<\/li>\n<li>Geringer Stromverbrauch: &lt;0,3 W<\/li>\n<li>SFP+-Geh\u00e4use mit verbesserter EMI-Abschirmung<\/li>\n<li>Unterst\u00fctzt 1\u20131000 m durch aktives optisches Kabel mit OM2\/OM3-Faser<\/li>\n<li>Gilt f\u00fcr 10G-Ethernet<\/li>\n<li>Hochleistungs-IO mit SFP+-Schnittstelle<\/li>\n<li>Rechenzentrums- und In-Rack-Verbindung<\/li>\n<\/ul>\n<p><iframe loading=\"lazy\" title=\"10G SFP+ Glasfaserkabel Twinax Active Optic Cable Total OTN Solutions\" width=\"1140\" height=\"641\" src=\"https:\/\/www.youtube.com\/embed\/thTkSxfXTIQ?feature=oembed\" frameborder=\"0\" allow=\"accelerometer; autoplay; clipboard-write; encrypted-media; gyroscope; picture-in-picture\" allowfullscreen><\/iframe><\/p>\n<p>Bitte laden Sie die Spezifikation herunter <a href=\"https:\/\/key2optics.com\/de\/herunterladen\/\" target=\"_blank\" rel=\"noopener\">Verkn\u00fcpfung<\/a><\/p>\n<div id=\"WidgetFloaterPanels\" class=\"LTRStyle\" style=\"display: none; text-align: left; direction: ltr; visibility: hidden;\" translate=\"no\">\n<div id=\"WidgetFloater\" style=\"display: none;\">\n<div id=\"WidgetLogoPanel\"><span id=\"WidgetTranslateWithSpan\">\u00dcBERSETZEN mit <img id=\"FloaterLogo\" \/><\/span> <span id=\"WidgetCloseButton\" title=\"\u00dcbersetzung beenden\">X<\/span><\/div>\n<div id=\"LanguageMenuPanel\">\n<div class=\"DDStyle_outer\">\n<p><input id=\"LanguageMenu_svid\" style=\"display: none;\" autocomplete=\"on\" name=\"LanguageMenu_svid\" type=\"text\" value=\"en\" \/> <input id=\"LanguageMenu_textid\" style=\"display: none;\" autocomplete=\"on\" name=\"LanguageMenu_textid\" type=\"text\" \/> <span id=\"__LanguageMenu_header\" class=\"DDStyle\" tabindex=\"0\">Englisch<\/span><\/p>\n<div style=\"position: relative; text-align: left; left: 0;\">\n<div style=\"position: absolute; ;left: 0px;\">\n<div id=\"__LanguageMenu_popup\" class=\"DDStyle\" style=\"display: none;\">\n<table id=\"LanguageMenu\" border=\"0\">\n<tbody>\n<tr>\n<td><a tabindex=\"-1\" href=\"#ar\">Arabisch<\/a><\/td>\n<td><a tabindex=\"-1\" href=\"#he\">hebr\u00e4isch<\/a><\/td>\n<td><a tabindex=\"-1\" href=\"#pl\">Polieren<\/a><\/td>\n<\/tr>\n<tr>\n<td><a tabindex=\"-1\" href=\"#bg\">bulgarisch<\/a><\/td>\n<td><a tabindex=\"-1\" href=\"#hi\">Hindi<\/a><\/td>\n<td><a tabindex=\"-1\" href=\"#pt\">Portugiesisch<\/a><\/td>\n<\/tr>\n<tr>\n<td><a tabindex=\"-1\" href=\"#ca\">katalanisch<\/a><\/td>\n<td><a tabindex=\"-1\" href=\"#mww\">Hmong Daw<\/a><\/td>\n<td><a tabindex=\"-1\" href=\"#ro\">rum\u00e4nisch<\/a><\/td>\n<\/tr>\n<tr>\n<td><a tabindex=\"-1\" href=\"#zh-CHS\">Vereinfachtes Chinesisch<\/a><\/td>\n<td><a tabindex=\"-1\" href=\"#hu\">ungarisch<\/a><\/td>\n<td><a tabindex=\"-1\" href=\"#ru\">Russisch<\/a><\/td>\n<\/tr>\n<tr>\n<td><a tabindex=\"-1\" href=\"#zh-CHT\">Chinesische Tradition<\/a><\/td>\n<td><a tabindex=\"-1\" href=\"#id\">Indonesisch<\/a><\/td>\n<td><a tabindex=\"-1\" href=\"#sk\">slowakisch<\/a><\/td>\n<\/tr>\n<tr>\n<td><a tabindex=\"-1\" href=\"#cs\">Tschechisch<\/a><\/td>\n<td><a tabindex=\"-1\" href=\"#it\">Italienisch<\/a><\/td>\n<td><a tabindex=\"-1\" href=\"#sl\">Slowenisch<\/a><\/td>\n<\/tr>\n<tr>\n<td><a tabindex=\"-1\" href=\"#da\">d\u00e4nisch<\/a><\/td>\n<td><a tabindex=\"-1\" href=\"#ja\">japanisch<\/a><\/td>\n<td><a tabindex=\"-1\" href=\"#es\">Spanisch<\/a><\/td>\n<\/tr>\n<tr>\n<td><a tabindex=\"-1\" href=\"#nl\">Niederl\u00e4ndisch<\/a><\/td>\n<td><a tabindex=\"-1\" href=\"#tlh\">Klingone<\/a><\/td>\n<td><a tabindex=\"-1\" href=\"#sv\">Schwedisch<\/a><\/td>\n<\/tr>\n<tr>\n<td><a tabindex=\"-1\" href=\"#en\">Englisch<\/a><\/td>\n<td><a tabindex=\"-1\" href=\"#ko\">Koreanisch<\/a><\/td>\n<td><a tabindex=\"-1\" href=\"#th\">Thail\u00e4ndisch<\/a><\/td>\n<\/tr>\n<tr>\n<td><a tabindex=\"-1\" href=\"#et\">estnisch<\/a><\/td>\n<td><a tabindex=\"-1\" href=\"#lv\">lettisch<\/a><\/td>\n<td><a tabindex=\"-1\" href=\"#tr\">T\u00fcrkisch<\/a><\/td>\n<\/tr>\n<tr>\n<td><a tabindex=\"-1\" href=\"#fi\">finnisch<\/a><\/td>\n<td><a tabindex=\"-1\" href=\"#lt\">litauisch<\/a><\/td>\n<td><a tabindex=\"-1\" href=\"#uk\">ukrainisch<\/a><\/td>\n<\/tr>\n<tr>\n<td><a tabindex=\"-1\" href=\"#fr\">Franz\u00f6sisch<\/a><\/td>\n<td><a tabindex=\"-1\" href=\"#ms\">malaiisch<\/a><\/td>\n<td><a tabindex=\"-1\" href=\"#ur\">Urdu<\/a><\/td>\n<\/tr>\n<tr>\n<td><a tabindex=\"-1\" href=\"#de\">Deutsch<\/a><\/td>\n<td><a tabindex=\"-1\" href=\"#mt\">maltesisch<\/a><\/td>\n<td><a tabindex=\"-1\" href=\"#vi\">Vietnamesisch<\/a><\/td>\n<\/tr>\n<tr>\n<td><a tabindex=\"-1\" href=\"#el\">griechisch<\/a><\/td>\n<td><a tabindex=\"-1\" href=\"#no\">norwegisch<\/a><\/td>\n<td><a tabindex=\"-1\" href=\"#cy\">Walisisch<\/a><\/td>\n<\/tr>\n<tr>\n<td><a tabindex=\"-1\" href=\"#ht\">Haitianisches Kreol<\/a><\/td>\n<td><a tabindex=\"-1\" href=\"#fa\">persisch<\/a><\/td>\n<td><\/td>\n<\/tr>\n<\/tbody>\n<\/table>\n<p><img style=\"height: 7px; width: 17px; border-width: 0px; left: 20px;\" alt=\"\" \/><\/p>\n<\/div>\n<\/div>\n<\/div>\n<\/div>\n<p><script type=\"text\/javascript\"> var LanguageMenu; var LanguageMenu_keys=[\"ar\",\"bg\",\"ca\",\"zh-CHS\",\"zh-CHT\",\"cs\",\"da\",\"nl\",\"en\",\"et\",\"fi\",\"fr\",\"de\",\"el\",\"ht\",\"he\",\"hi\",\"mww\",\"hu\",\"id\",\"it\",\"ja\",\"tlh\",\"ko\",\"lv\",\"lt\",\"ms\",\"mt\",\"no\",\"fa\",\"pl\",\"pt\",\"ro\",\"ru\",\"sk\",\"sl\",\"es\",\"sv\",\"th\",\"tr\",\"uk\",\"ur\",\"vi\",\"cy\"]; var LanguageMenu_values=[\"Arabic\",\"Bulgarian\",\"Catalan\",\"Chinese Simplified\",\"Chinese Traditional\",\"Czech\",\"Danish\",\"Dutch\",\"English\",\"Estonian\",\"Finnish\",\"French\",\"German\",\"Greek\",\"Haitian Creole\",\"Hebrew\",\"Hindi\",\"Hmong Daw\",\"Hungarian\",\"Indonesian\",\"Italian\",\"Japanese\",\"Klingon\",\"Korean\",\"Latvian\",\"Lithuanian\",\"Malay\",\"Maltese\",\"Norwegian\",\"Persian\",\"Polish\",\"Portuguese\",\"Romanian\",\"Russian\",\"Slovak\",\"Slovenian\",\"Spanish\",\"Swedish\",\"Thai\",\"Turkish\",\"Ukrainian\",\"Urdu\",\"Vietnamese\",\"Welsh\"]; var LanguageMenu_callback=function(){ }; var LanguageMenu_popupid='__LanguageMenu_popup'; <\/script><\/p>\n<\/div>\n<div id=\"CTFLinksPanel\"><span id=\"ExternalLinksPanel\"><a id=\"HelpLink\" title=\"Hilfe\" href=\"https:\/\/go.microsoft.com\/?linkid=9722454\" target=\"_blank\" rel=\"noopener\"> <img id=\"HelpImg\" \/><\/a> <a id=\"EmbedLink\" title=\"Holen Sie sich dieses Widget f\u00fcr Ihre eigene Website\"><\/a> <img id=\"EmbedImg\" \/> <a id=\"ShareLink\" title=\"Teilen Sie die \u00fcbersetzte Seite mit Freunden\"><\/a> <img id=\"ShareImg\" \/> <\/span><\/div>\n<div id=\"FloaterProgressBar\"><\/div>\n<\/div>\n<div id=\"WidgetFloaterCollapsed\" style=\"display: none;\">\u00dcBERSETZEN mit <img id=\"CollapsedLogoImg\" \/><\/div>\n<div id=\"FloaterSharePanel\" style=\"display: none;\">\n<div id=\"ShareTextDiv\"><span id=\"ShareTextSpan\"> KOPIEREN SIE DIE UNTENSTEHENDE URL <\/span><\/div>\n<div id=\"ShareTextboxDiv\"><input id=\"ShareTextbox\" name=\"ShareTextbox\" readonly=\"readonly\" type=\"text\" \/> <!--a id=\"TwitterLink\" title=\"Share on Twitter\"> <img id=\"TwitterImg\" \/><\/a> <a-- id=\"FacebookLink\" title=\"Share on Facebook\"> <img id=\"FacebookImg\" \/><\/a--> <a id=\"EmailLink\" title=\"Senden Sie diese \u00dcbersetzung per E-Mail\"><\/a> <img id=\"EmailImg\" \/><\/div>\n<div id=\"ShareFooter\"><span id=\"ShareHelpSpan\"><a id=\"ShareHelpLink\"><\/a> <img id=\"ShareHelpImg\" \/><\/span> <span id=\"ShareBackSpan\"><a id=\"ShareBack\" title=\"Zur\u00fcck zur \u00dcbersetzung\"><\/a> Zur\u00fcck<\/span><\/div>\n<p><input id=\"EmailSubject\" name=\"EmailSubject\" type=\"hidden\" value=\"Check out this page in {0} translated from {1}\" \/> <input id=\"EmailBody\" name=\"EmailBody\" type=\"hidden\" value=\"Translated: {0}%0d%0aOriginal: {1}%0d%0a%0d%0aAutomatic translation powered by Microsoft\u00ae Translator%0d%0ahttp:\/\/www.bing.com\/translator?ref=MSTWidget\" \/> <input id=\"ShareHelpText\" type=\"hidden\" value=\"This link allows visitors to launch this page and automatically translate it to {0}.\" \/><\/p>\n<\/div>\n<div id=\"FloaterEmbed\" style=\"display: none;\">\n<div id=\"EmbedTextDiv\"><span id=\"EmbedTextSpan\">BETTEN SIE DEN UNTENSTEHENDEN SNIPPET IN IHRE WEBSITE EIN<\/span> <a id=\"EmbedHelpLink\" title=\"Kopieren Sie diesen Code und f\u00fcgen Sie ihn in Ihren HTML-Code ein.\"><\/a> <img id=\"EmbedHelpImg\" \/><\/div>\n<div id=\"EmbedTextboxDiv\"><input id=\"EmbedSnippetTextBox\" name=\"EmbedSnippetTextBox\" readonly=\"readonly\" type=\"text\" value=\"&lt;div id='MicrosoftTranslatorWidget' class='Dark' style='color:white;background-color:#555555'&gt;&lt;\/div&gt;&lt;script type='text\/javascript'&gt;setTimeout(function(){var s=document.createElement('script');s.type='text\/javascript';s.charset='UTF-8';s.src=((location &amp;&amp; location.href &amp;&amp; location.href.indexOf('https') == 0)?'https:\/\/ssl.microsofttranslator.com':'http:\/\/www.microsofttranslator.com')+'\/ajax\/v3\/WidgetV3.ashx?siteData=ueOIGRSKkd965FeEGM5JtQ**&amp;ctf=true&amp;ui=true&amp;settings=manual&amp;from=en';var p=document.getElementsByTagName('head')[0]||document.documentElement;p.insertBefore(s,p.firstChild); },0);&lt;\/script&gt;\" \/><\/div>\n<div id=\"EmbedNoticeDiv\"><span id=\"EmbedNoticeSpan\">Aktivieren Sie Funktionen f\u00fcr die Zusammenarbeit und passen Sie das Widget an: <a href=\"http:\/\/www.bing.com\/widget\/translator\" target=\"_blank\" rel=\"noopener\">Bing Webmaster-Portal<\/a><\/span><\/div>\n<div id=\"EmbedFooterDiv\"><span id=\"EmbedBackSpan\"><a title=\"Zur\u00fcck zur \u00dcbersetzung\">Zur\u00fcck<\/a><\/span><\/div>\n<\/div>\n<p><script type=\"text\/javascript\"> var intervalId = setInterval(function () { if (MtPopUpList) { LanguageMenu = new MtPopUpList(); var langMenu = document.getElementById(LanguageMenu_popupid); var origLangDiv = document.createElement(\"div\"); origLangDiv.id = \"OriginalLanguageDiv\"; origLangDiv.innerHTML = \"<span id='OriginalTextSpan'>ORIGINAL: <\/span><span id='OriginalLanguageSpan'><\/span>\"; langMenu.appendChild(origLangDiv); LanguageMenu.Init('LanguageMenu', LanguageMenu_keys, LanguageMenu_values, LanguageMenu_callback, LanguageMenu_popupid); window[\"LanguageMenu\"] = LanguageMenu; clearInterval(intervalId); } }, 1); <\/script><\/p>\n<\/div>\n<h3><strong>Unterst\u00fctzte Ger\u00e4te und Marken<\/strong><\/h3>\n<hr \/>\n<p>Unsere optischen Transceiver sind mit den meisten Pappelmarken auf dem Markt kompatibel. Teilen Sie uns die Marken der Ger\u00e4te mit, die Sie verwenden werden, wir bieten Ihnen den ma\u00dfgeschneiderten Service.<\/p>\n<p>SFP\/SFP+\/SFP28\/QSFP\/QSFP+\/QSFP28\/CFP\/CFP2\/CFP4-Modul<strong> unterst\u00fctzte Marken<\/strong>: Cisco\/HP\/DELL\/FINISAR\/INTEL\/HUAWEI\/JUNIPER\/ZTE\/TP-LINK\/H3C \u2026<\/p>\n<p><strong>Unterst\u00fctzende Ger\u00e4te:<\/strong> Server\/Switch\/NAS\/WDM OTN\/Fiber-zu-Ethernet-Medienkonverter\/Router mit SFP\/SFP+\/SFP28\/QSFP\/QSFP+\/QSFP28\/CFP\/CFP2\/CFP4-Schnittstelle.<\/p>\n<p>&nbsp;<\/p>\n<p><img loading=\"lazy\" decoding=\"async\" class=\"aligncenter wp-image-4309\" src=\"https:\/\/key2optics.com\/wp-content\/uploads\/2022\/09\/Optical-Module-List-en.jpg\" alt=\"Transceiver-Kompatibilit\u00e4t\" width=\"1000\" height=\"992\" srcset=\"https:\/\/key2optics.com\/wp-content\/uploads\/2022\/09\/Optical-Module-List-en.jpg 1591w, https:\/\/key2optics.com\/wp-content\/uploads\/2022\/09\/Optical-Module-List-en-100x100.jpg 100w, https:\/\/key2optics.com\/wp-content\/uploads\/2022\/09\/Optical-Module-List-en-800x793.jpg 800w, https:\/\/key2optics.com\/wp-content\/uploads\/2022\/09\/Optical-Module-List-en-484x480.jpg 484w, https:\/\/key2optics.com\/wp-content\/uploads\/2022\/09\/Optical-Module-List-en-180x180.jpg 180w, https:\/\/key2optics.com\/wp-content\/uploads\/2022\/09\/Optical-Module-List-en-768x762.jpg 768w, https:\/\/key2optics.com\/wp-content\/uploads\/2022\/09\/Optical-Module-List-en-1536x1523.jpg 1536w, https:\/\/key2optics.com\/wp-content\/uploads\/2022\/09\/Optical-Module-List-en-1140x1131.jpg 1140w, https:\/\/key2optics.com\/wp-content\/uploads\/2022\/09\/Optical-Module-List-en-920x912.jpg 920w, https:\/\/key2optics.com\/wp-content\/uploads\/2022\/09\/Optical-Module-List-en-575x570.jpg 575w, https:\/\/key2optics.com\/wp-content\/uploads\/2022\/09\/Optical-Module-List-en-380x377.jpg 380w\" sizes=\"(max-width: 1000px) 100vw, 1000px\" \/><\/p>\n<p><img loading=\"lazy\" decoding=\"async\" class=\"wp-image-6388 size-full aligncenter\" src=\"https:\/\/key2optics.com\/wp-content\/uploads\/2019\/11\/Application1.jpg\" alt=\"Vom SFP-Modul unterst\u00fctzte Ger\u00e4te\" width=\"807\" height=\"444\" \/><\/p>\n<h3><strong>Warum Key2Optics<\/strong><\/h3>\n<hr \/>\n<h4>Produktions- und Qualit\u00e4tskontrolle<\/h4>\n<p>Mit fortschrittlichen Montagelinien, Roboterwerkst\u00e4tten und Testlabors sorgen wir daf\u00fcr, dass unsere Produkte 100% fehlerfrei sind und in jeder Umgebung und unter allen Umst\u00e4nden eingesetzt werden k\u00f6nnen. <a href=\"https:\/\/key2optics.com\/de\/qualitatskontrolle\/\" target=\"_blank\" rel=\"noopener\">Mehr\u2026<\/a><\/p>\n<p><a href=\"https:\/\/key2optics.com\/de\/qualitatskontrolle\/\" target=\"_blank\" rel=\"noopener\"><img loading=\"lazy\" decoding=\"async\" class=\"aligncenter wp-image-6391 size-full\" title=\"key2optics QC und Produktion\" src=\"https:\/\/key2optics.com\/wp-content\/uploads\/2019\/11\/QCProduction.jpg\" alt=\"key2optics QC und Produktion\" width=\"1000\" height=\"756\" \/><\/a><\/p>\n<p>Wir \u00fcberwachen jeden Schritt in der Produktion streng, um sicherzustellen, dass jedes an Sie gelieferte Produkt r\u00fcckverfolgbar und fehlerfrei ist.\u00a0 \u00a0<a href=\"https:\/\/key2optics.com\/de\/qualitatskontrolle\/\" target=\"_blank\" rel=\"noopener\">Mehr\u2026<\/a><\/p>\n<figure id=\"attachment_6394\" aria-describedby=\"caption-attachment-6394\" style=\"width: 1000px\" class=\"wp-caption aligncenter\"><a href=\"https:\/\/key2optics.com\/de\/qualitatskontrolle\/\" target=\"_blank\" rel=\"noopener\"><img loading=\"lazy\" decoding=\"async\" class=\"wp-image-6394 size-full\" src=\"https:\/\/key2optics.com\/wp-content\/uploads\/2019\/11\/production.jpg\" alt=\"key2optics Produktion und Pr\u00fcfung\" width=\"1000\" height=\"416\" \/><\/a><figcaption id=\"caption-attachment-6394\" class=\"wp-caption-text\">key2optics Produktion und Pr\u00fcfung<\/figcaption><\/figure>\n<h4>Unsere Qualifikation<\/h4>\n<p>Unsere Produkte und unsere Produktionslinie sind CE-, FCC- und RoHs-zertifiziert <a title=\"ISO9001\" href=\"https:\/\/key2optics.com\/wp-content\/uploads\/2022\/09\/ISO9001.jpg\" target=\"_blank\" rel=\"noopener\">ISO9001<\/a> zertifiziert. Wir verf\u00fcgen \u00fcber Dutzende von Patentzertifikaten und Softwarezertifikaten.\u00a0 <a href=\"https:\/\/key2optics.com\/de\/qualitatskontrolle\/\" target=\"_blank\" rel=\"noopener\">Mehr\u2026<\/a><\/p>\n<p><a href=\"https:\/\/key2optics.com\/de\/qualitatskontrolle\/\" target=\"_blank\" rel=\"noopener\"><img loading=\"lazy\" decoding=\"async\" class=\"aligncenter wp-image-6389 size-full\" src=\"https:\/\/key2optics.com\/wp-content\/uploads\/2019\/11\/Certificates.jpg\" alt=\"key2optics zertifiziert\" width=\"1000\" height=\"241\" \/><\/a><\/p>","protected":false},"excerpt":{"rendered":"<p><strong>Das Key2 Optics AOC-Produkt (aktives optisches Kabel) 10GbE SFP+ AOC zeichnet sich durch einen geringen Stromverbrauch, einen kleinen Biegeradius, keine Fasereinf\u00fcgungsd\u00e4mpfung und eine staubfreie Einf\u00fchrung aus und wird dringend f\u00fcr ein Rechenzentrum mit hoher Dichte und einem g\u00fcnstigen Budget empfohlen.<\/strong><\/p>\n<p>Kategorie: 10G 1xSFP+ auf 1xSFP+ AOC-Kabel<\/p>\n<p>&nbsp;<\/p>\n<div id=\"WidgetFloaterPanels\" class=\"LTRStyle\" style=\"display: none; text-align: left; direction: ltr; visibility: hidden;\" translate=\"no\">\n<div id=\"WidgetFloater\" style=\"display: none;\">\n<div id=\"WidgetLogoPanel\"><span id=\"WidgetTranslateWithSpan\">\u00dcBERSETZEN mit <img id=\"FloaterLogo\" \/><\/span> <span id=\"WidgetCloseButton\" title=\"\u00dcbersetzung beenden\">X<\/span><\/div>\n<div id=\"LanguageMenuPanel\">\n<div class=\"DDStyle_outer\">\n<p><input id=\"LanguageMenu_svid\" style=\"display: none;\" autocomplete=\"on\" name=\"LanguageMenu_svid\" type=\"text\" value=\"en\" \/> <input id=\"LanguageMenu_textid\" style=\"display: none;\" autocomplete=\"on\" name=\"LanguageMenu_textid\" type=\"text\" \/> <span id=\"__LanguageMenu_header\" class=\"DDStyle\" tabindex=\"0\">Englisch<\/span><\/p>\n<div style=\"position: relative; text-align: left; left: 0;\">\n<div style=\"position: absolute; ;left: 0px;\">\n<div id=\"__LanguageMenu_popup\" class=\"DDStyle\" style=\"display: none;\">\n<table id=\"LanguageMenu\" border=\"0\">\n<tbody>\n<tr>\n<td><a tabindex=\"-1\" href=\"#ar\">Arabisch<\/a><\/td>\n<td><a tabindex=\"-1\" href=\"#he\">hebr\u00e4isch<\/a><\/td>\n<td><a tabindex=\"-1\" href=\"#pl\">Polieren<\/a><\/td>\n<\/tr>\n<tr>\n<td><a tabindex=\"-1\" href=\"#bg\">bulgarisch<\/a><\/td>\n<td><a tabindex=\"-1\" href=\"#hi\">Hindi<\/a><\/td>\n<td><a tabindex=\"-1\" href=\"#pt\">Portugiesisch<\/a><\/td>\n<\/tr>\n<tr>\n<td><a tabindex=\"-1\" href=\"#ca\">katalanisch<\/a><\/td>\n<td><a tabindex=\"-1\" href=\"#mww\">Hmong Daw<\/a><\/td>\n<td><a tabindex=\"-1\" href=\"#ro\">rum\u00e4nisch<\/a><\/td>\n<\/tr>\n<tr>\n<td><a tabindex=\"-1\" href=\"#zh-CHS\">Vereinfachtes Chinesisch<\/a><\/td>\n<td><a tabindex=\"-1\" href=\"#hu\">ungarisch<\/a><\/td>\n<td><a tabindex=\"-1\" href=\"#ru\">Russisch<\/a><\/td>\n<\/tr>\n<tr>\n<td><a tabindex=\"-1\" href=\"#zh-CHT\">Chinesische Tradition<\/a><\/td>\n<td><a tabindex=\"-1\" href=\"#id\">Indonesisch<\/a><\/td>\n<td><a tabindex=\"-1\" href=\"#sk\">slowakisch<\/a><\/td>\n<\/tr>\n<tr>\n<td><a tabindex=\"-1\" href=\"#cs\">Tschechisch<\/a><\/td>\n<td><a tabindex=\"-1\" href=\"#it\">Italienisch<\/a><\/td>\n<td><a tabindex=\"-1\" href=\"#sl\">Slowenisch<\/a><\/td>\n<\/tr>\n<tr>\n<td><a tabindex=\"-1\" href=\"#da\">d\u00e4nisch<\/a><\/td>\n<td><a tabindex=\"-1\" href=\"#ja\">japanisch<\/a><\/td>\n<td><a tabindex=\"-1\" href=\"#es\">Spanisch<\/a><\/td>\n<\/tr>\n<tr>\n<td><a tabindex=\"-1\" href=\"#nl\">Niederl\u00e4ndisch<\/a><\/td>\n<td><a tabindex=\"-1\" href=\"#tlh\">Klingone<\/a><\/td>\n<td><a tabindex=\"-1\" href=\"#sv\">Schwedisch<\/a><\/td>\n<\/tr>\n<tr>\n<td><a tabindex=\"-1\" href=\"#en\">Englisch<\/a><\/td>\n<td><a tabindex=\"-1\" href=\"#ko\">Koreanisch<\/a><\/td>\n<td><a tabindex=\"-1\" href=\"#th\">Thail\u00e4ndisch<\/a><\/td>\n<\/tr>\n<tr>\n<td><a tabindex=\"-1\" href=\"#et\">estnisch<\/a><\/td>\n<td><a tabindex=\"-1\" href=\"#lv\">lettisch<\/a><\/td>\n<td><a tabindex=\"-1\" href=\"#tr\">T\u00fcrkisch<\/a><\/td>\n<\/tr>\n<tr>\n<td><a tabindex=\"-1\" href=\"#fi\">finnisch<\/a><\/td>\n<td><a tabindex=\"-1\" href=\"#lt\">litauisch<\/a><\/td>\n<td><a tabindex=\"-1\" href=\"#uk\">ukrainisch<\/a><\/td>\n<\/tr>\n<tr>\n<td><a tabindex=\"-1\" href=\"#fr\">Franz\u00f6sisch<\/a><\/td>\n<td><a tabindex=\"-1\" href=\"#ms\">malaiisch<\/a><\/td>\n<td><a tabindex=\"-1\" href=\"#ur\">Urdu<\/a><\/td>\n<\/tr>\n<tr>\n<td><a tabindex=\"-1\" href=\"#de\">Deutsch<\/a><\/td>\n<td><a tabindex=\"-1\" href=\"#mt\">maltesisch<\/a><\/td>\n<td><a tabindex=\"-1\" href=\"#vi\">Vietnamesisch<\/a><\/td>\n<\/tr>\n<tr>\n<td><a tabindex=\"-1\" href=\"#el\">griechisch<\/a><\/td>\n<td><a tabindex=\"-1\" href=\"#no\">norwegisch<\/a><\/td>\n<td><a tabindex=\"-1\" href=\"#cy\">Walisisch<\/a><\/td>\n<\/tr>\n<tr>\n<td><a tabindex=\"-1\" href=\"#ht\">Haitianisches Kreol<\/a><\/td>\n<td><a tabindex=\"-1\" href=\"#fa\">persisch<\/a><\/td>\n<td><\/td>\n<\/tr>\n<\/tbody>\n<\/table>\n<p><img style=\"height: 7px; width: 17px; border-width: 0px; left: 20px;\" alt=\"\" \/><\/p>\n<\/div>\n<\/div>\n<\/div>\n<\/div>\n<p><script type=\"text\/javascript\"> var LanguageMenu; var LanguageMenu_keys=[\"ar\",\"bg\",\"ca\",\"zh-CHS\",\"zh-CHT\",\"cs\",\"da\",\"nl\",\"en\",\"et\",\"fi\",\"fr\",\"de\",\"el\",\"ht\",\"he\",\"hi\",\"mww\",\"hu\",\"id\",\"it\",\"ja\",\"tlh\",\"ko\",\"lv\",\"lt\",\"ms\",\"mt\",\"no\",\"fa\",\"pl\",\"pt\",\"ro\",\"ru\",\"sk\",\"sl\",\"es\",\"sv\",\"th\",\"tr\",\"uk\",\"ur\",\"vi\",\"cy\"]; var LanguageMenu_values=[\"Arabic\",\"Bulgarian\",\"Catalan\",\"Chinese Simplified\",\"Chinese Traditional\",\"Czech\",\"Danish\",\"Dutch\",\"English\",\"Estonian\",\"Finnish\",\"French\",\"German\",\"Greek\",\"Haitian Creole\",\"Hebrew\",\"Hindi\",\"Hmong Daw\",\"Hungarian\",\"Indonesian\",\"Italian\",\"Japanese\",\"Klingon\",\"Korean\",\"Latvian\",\"Lithuanian\",\"Malay\",\"Maltese\",\"Norwegian\",\"Persian\",\"Polish\",\"Portuguese\",\"Romanian\",\"Russian\",\"Slovak\",\"Slovenian\",\"Spanish\",\"Swedish\",\"Thai\",\"Turkish\",\"Ukrainian\",\"Urdu\",\"Vietnamese\",\"Welsh\"]; var LanguageMenu_callback=function(){ }; var LanguageMenu_popupid='__LanguageMenu_popup'; <\/script><\/p>\n<\/div>\n<div id=\"CTFLinksPanel\"><span id=\"ExternalLinksPanel\"><a id=\"HelpLink\" title=\"Hilfe\" href=\"https:\/\/go.microsoft.com\/?linkid=9722454\" target=\"_blank\" rel=\"noopener\"> <img id=\"HelpImg\" \/><\/a> <a id=\"EmbedLink\" title=\"Holen Sie sich dieses Widget f\u00fcr Ihre eigene Website\"><\/a> <img id=\"EmbedImg\" \/> <a id=\"ShareLink\" title=\"Teilen Sie die \u00fcbersetzte Seite mit Freunden\"><\/a> <img id=\"ShareImg\" \/> <\/span><\/div>\n<div id=\"FloaterProgressBar\"><\/div>\n<\/div>\n<div id=\"WidgetFloaterCollapsed\" style=\"display: none;\">\u00dcBERSETZEN mit <img id=\"CollapsedLogoImg\" \/><\/div>\n<div id=\"FloaterSharePanel\" style=\"display: none;\">\n<div id=\"ShareTextDiv\"><span id=\"ShareTextSpan\"> KOPIEREN SIE DIE UNTENSTEHENDE URL <\/span><\/div>\n<div id=\"ShareTextboxDiv\"><input id=\"ShareTextbox\" name=\"ShareTextbox\" readonly=\"readonly\" type=\"text\" \/> <!--a id=\"TwitterLink\" title=\"Share on Twitter\"> <img id=\"TwitterImg\" \/><\/a> <a-- id=\"FacebookLink\" title=\"Share on Facebook\"> <img id=\"FacebookImg\" \/><\/a--> <a id=\"EmailLink\" title=\"Senden Sie diese \u00dcbersetzung per E-Mail\"><\/a> <img id=\"EmailImg\" \/><\/div>\n<div id=\"ShareFooter\"><span id=\"ShareHelpSpan\"><a id=\"ShareHelpLink\"><\/a> <img id=\"ShareHelpImg\" \/><\/span> <span id=\"ShareBackSpan\"><a id=\"ShareBack\" title=\"Zur\u00fcck zur \u00dcbersetzung\"><\/a> Zur\u00fcck<\/span><\/div>\n<p><input id=\"EmailSubject\" name=\"EmailSubject\" type=\"hidden\" value=\"Check out this page in {0} translated from {1}\" \/> <input id=\"EmailBody\" name=\"EmailBody\" type=\"hidden\" value=\"Translated: {0}%0d%0aOriginal: {1}%0d%0a%0d%0aAutomatic translation powered by Microsoft\u00ae Translator%0d%0ahttp:\/\/www.bing.com\/translator?ref=MSTWidget\" \/> <input id=\"ShareHelpText\" type=\"hidden\" value=\"This link allows visitors to launch this page and automatically translate it to {0}.\" \/><\/p>\n<\/div>\n<div id=\"FloaterEmbed\" style=\"display: none;\">\n<div id=\"EmbedTextDiv\"><span id=\"EmbedTextSpan\">BETTEN SIE DEN UNTENSTEHENDEN SNIPPET IN IHRE WEBSITE EIN<\/span> <a id=\"EmbedHelpLink\" title=\"Kopieren Sie diesen Code und f\u00fcgen Sie ihn in Ihren HTML-Code ein.\"><\/a> <img id=\"EmbedHelpImg\" \/><\/div>\n<div id=\"EmbedTextboxDiv\"><input id=\"EmbedSnippetTextBox\" name=\"EmbedSnippetTextBox\" readonly=\"readonly\" type=\"text\" value=\"&lt;div id='MicrosoftTranslatorWidget' class='Dark' style='color:white;background-color:#555555'&gt;&lt;\/div&gt;&lt;script type='text\/javascript'&gt;setTimeout(function(){var s=document.createElement('script');s.type='text\/javascript';s.charset='UTF-8';s.src=((location &amp;&amp; location.href &amp;&amp; location.href.indexOf('https') == 0)?'https:\/\/ssl.microsofttranslator.com':'http:\/\/www.microsofttranslator.com')+'\/ajax\/v3\/WidgetV3.ashx?siteData=ueOIGRSKkd965FeEGM5JtQ**&amp;ctf=true&amp;ui=true&amp;settings=manual&amp;from=en';var p=document.getElementsByTagName('head')[0]||document.documentElement;p.insertBefore(s,p.firstChild); },0);&lt;\/script&gt;\" \/><\/div>\n<div id=\"EmbedNoticeDiv\"><span id=\"EmbedNoticeSpan\">Aktivieren Sie Funktionen f\u00fcr die Zusammenarbeit und passen Sie das Widget an: <a href=\"http:\/\/www.bing.com\/widget\/translator\" target=\"_blank\" rel=\"noopener\">Bing Webmaster-Portal<\/a><\/span><\/div>\n<div id=\"EmbedFooterDiv\"><span id=\"EmbedBackSpan\"><a title=\"Zur\u00fcck zur \u00dcbersetzung\">Zur\u00fcck<\/a><\/span><\/div>\n<\/div>\n<p><script type=\"text\/javascript\"> var intervalId = setInterval(function () { if (MtPopUpList) { LanguageMenu = new MtPopUpList(); var langMenu = document.getElementById(LanguageMenu_popupid); var origLangDiv = document.createElement(\"div\"); origLangDiv.id = \"OriginalLanguageDiv\"; origLangDiv.innerHTML = \"<span id='OriginalTextSpan'>ORIGINAL: <\/span><span id='OriginalLanguageSpan'><\/span>\"; langMenu.appendChild(origLangDiv); LanguageMenu.Init('LanguageMenu', LanguageMenu_keys, LanguageMenu_values, LanguageMenu_callback, LanguageMenu_popupid); window[\"LanguageMenu\"] = LanguageMenu; clearInterval(intervalId); } }, 1); <\/script><\/p>\n<\/div>","protected":false},"featured_media":3178,"comment_status":"closed","ping_status":"closed","template":"","meta":{"content-type":"","_themeisle_gutenberg_block_has_review":false},"product_cat":[138],"product_tag":[151],"aioseo_notices":[],"_links":{"self":[{"href":"https:\/\/key2optics.com\/de\/wp-json\/wp\/v2\/product\/4881"}],"collection":[{"href":"https:\/\/key2optics.com\/de\/wp-json\/wp\/v2\/product"}],"about":[{"href":"https:\/\/key2optics.com\/de\/wp-json\/wp\/v2\/types\/product"}],"replies":[{"embeddable":true,"href":"https:\/\/key2optics.com\/de\/wp-json\/wp\/v2\/comments?post=4881"}],"wp:featuredmedia":[{"embeddable":true,"href":"https:\/\/key2optics.com\/de\/wp-json\/wp\/v2\/media\/3178"}],"wp:attachment":[{"href":"https:\/\/key2optics.com\/de\/wp-json\/wp\/v2\/media?parent=4881"}],"wp:term":[{"taxonomy":"product_cat","embeddable":true,"href":"https:\/\/key2optics.com\/de\/wp-json\/wp\/v2\/product_cat?post=4881"},{"taxonomy":"product_tag","embeddable":true,"href":"https:\/\/key2optics.com\/de\/wp-json\/wp\/v2\/product_tag?post=4881"}],"curies":[{"name":"wp","href":"https:\/\/api.w.org\/{rel}","templated":true}]}}