{"id":4998,"date":"2022-09-28T21:04:20","date_gmt":"2022-09-28T13:04:20","guid":{"rendered":"https:\/\/key2optics.com\/?post_type=product&#038;p=4998"},"modified":"2025-09-15T10:24:26","modified_gmt":"2025-09-15T02:24:26","slug":"otn-wdm-system","status":"publish","type":"product","link":"https:\/\/key2optics.com\/de\/produkt\/otn-wdm-system\/","title":{"rendered":"OTN WDM-System"},"content":{"rendered":"<div class=\"node__content clearfix\">\n<div class=\"field field--name-body field--type-text-with-summary field--label-hidden field__item\">\n<p>Die neue Generation des 200G Wavelength Division Transmission Systems mit hoher Kapazit\u00e4t und gro\u00dfer Reichweite von Key2 Optics nutzt fortschrittliche \u00dcbertragungstechnologie und Hochintegrationstechnologie, um Einzelkanal\u00fcbertragungsraten von 100 Mbit\/s bis 100 Gbit\/s zu unterst\u00fctzen.<\/p>\n<p>Das OTN WDM-System bietet gro\u00dfe Bandbreite, gro\u00dfe Kapazit\u00e4t und vollst\u00e4ndig transparente \u00dcbertragung f\u00fcr die Erweiterung um 200 Gbit\/s und 400 Gbit\/s, wodurch Netzwerk-Upgrades flexibler und einfacher werden. Mit unserer leistungsstarken Netzwerkmanagementplattform k\u00f6nnen Sie den Multi-Service-Betrieb sowie zuk\u00fcnftige Netzwerk-Upgrades und Skalierbarkeit \u00fcberwachen und steuern. Es wird h\u00e4ufig in Betreiber-, Rundfunk-, IDC-, Finanz-, Regierungs-, Cloud-Netzwerk-, Big Data- und anderen Branchen eingesetzt.<\/p>\n<p><strong>Merkmale<\/strong><\/p>\n<ul>\n<li>All-in-One-WDM-System mit modularem Aufbau und einfachem Plug-in-Play zum Aufbau Ihres WDM-Systems<\/li>\n<li><span lang=\"EN-US\">Standardm\u00e4\u00dfiges U-Space-Rackmontagedesign, konfigurationsfrei, Hot-Plug-f\u00e4hig und modulare Servicekartenintegration und -wartung<\/span><\/li>\n<li><span lang=\"EN-US\"><span lang=\"EN-US\">100 Mbit\/s ~ 100 Gbit\/s Servicezugang f\u00fcr verschiedene Unternehmen:\u00a0<\/span><\/span>CPRI1~10, eCPRI, FE\/GE\/10GE\/25GE\/40GE\/100GE, FC 1G~32G, STM-N, OTU1\/2\/3\/4<\/li>\n<li><span lang=\"EN-US\"><span lang=\"EN-US\">Riesige \u00dcbertragungskapazit\u00e4t von bis zu 9,6 Tbit\/s und Unterst\u00fctzung<\/span><\/span>s 80\/96\u00d710G\/100G-Hybrid\u00fcbertragung, ein flexibles Upgrade von 40 Wellen auf 80 Wellen, 48 Wellen auf 96 Wellen<\/li>\n<li><span lang=\"EN-US\"><span lang=\"EN-US\">Einf\u00fchrung des 200G-Transportsystems\u00a0<\/span><\/span>PDM-QPSK-Codierungstechnologie f\u00fcr koh\u00e4rente Erkennung, unterst\u00fctzt SD-FEC, B2B-OSNR-Toleranzindex ist ausgezeichnet, \u00fcbernimmt branchenweit fortschrittliche DSP-Verarbeitungstechnologie, Dispersionstoleranz betr\u00e4gt 22.000 ps\/nm und 1.200 km oder mehr nichtelektrische Relais\u00fcbertragung.<\/li>\n<li><span lang=\"EN-US\">Zuverl\u00e4ssige Telekommunikationsschutzmethoden f\u00fcr wichtige Telekommunikationsger\u00e4te und Glasfaserleitungen<\/span><\/li>\n<\/ul>\n<p><strong>Netzwerkl\u00f6sung<\/strong><\/p>\n<p><img loading=\"lazy\" decoding=\"async\" class=\"aligncenter size-full wp-image-5012\" src=\"https:\/\/key2optics.com\/wp-content\/uploads\/2022\/09\/Networking.jpg\" alt=\"\" width=\"1536\" height=\"388\" srcset=\"https:\/\/key2optics.com\/wp-content\/uploads\/2022\/09\/Networking.jpg 1536w, https:\/\/key2optics.com\/wp-content\/uploads\/2022\/09\/Networking-800x202.jpg 800w, https:\/\/key2optics.com\/wp-content\/uploads\/2022\/09\/Networking-750x189.jpg 750w, https:\/\/key2optics.com\/wp-content\/uploads\/2022\/09\/Networking-768x194.jpg 768w, https:\/\/key2optics.com\/wp-content\/uploads\/2022\/09\/Networking-18x5.jpg 18w, https:\/\/key2optics.com\/wp-content\/uploads\/2022\/09\/Networking-1140x288.jpg 1140w, https:\/\/key2optics.com\/wp-content\/uploads\/2022\/09\/Networking-920x232.jpg 920w, https:\/\/key2optics.com\/wp-content\/uploads\/2022\/09\/Networking-575x145.jpg 575w, https:\/\/key2optics.com\/wp-content\/uploads\/2022\/09\/Networking-380x96.jpg 380w\" sizes=\"(max-width: 1536px) 100vw, 1536px\" \/><\/p>\n<p><strong>Systemdiagramm und Verwaltungsplattform<\/strong><\/p>\n<p><img loading=\"lazy\" decoding=\"async\" class=\"aligncenter wp-image-5169 size-full\" src=\"https:\/\/key2optics.com\/wp-content\/uploads\/2022\/09\/wdm_system_diagram.jpg\" alt=\"\" width=\"1280\" height=\"743\" srcset=\"https:\/\/key2optics.com\/wp-content\/uploads\/2022\/09\/wdm_system_diagram.jpg 1280w, https:\/\/key2optics.com\/wp-content\/uploads\/2022\/09\/wdm_system_diagram-800x464.jpg 800w, https:\/\/key2optics.com\/wp-content\/uploads\/2022\/09\/wdm_system_diagram-750x435.jpg 750w, https:\/\/key2optics.com\/wp-content\/uploads\/2022\/09\/wdm_system_diagram-768x446.jpg 768w, https:\/\/key2optics.com\/wp-content\/uploads\/2022\/09\/wdm_system_diagram-18x10.jpg 18w, https:\/\/key2optics.com\/wp-content\/uploads\/2022\/09\/wdm_system_diagram-1140x662.jpg 1140w, https:\/\/key2optics.com\/wp-content\/uploads\/2022\/09\/wdm_system_diagram-920x534.jpg 920w, https:\/\/key2optics.com\/wp-content\/uploads\/2022\/09\/wdm_system_diagram-575x334.jpg 575w, https:\/\/key2optics.com\/wp-content\/uploads\/2022\/09\/wdm_system_diagram-380x221.jpg 380w\" sizes=\"(max-width: 1280px) 100vw, 1280px\" \/><\/p>\n<\/div>\n<p><img loading=\"lazy\" decoding=\"async\" class=\"aligncenter wp-image-5014 size-full\" src=\"https:\/\/key2optics.com\/wp-content\/uploads\/2022\/09\/otn_cms.jpg\" alt=\"\" width=\"1280\" height=\"1280\" srcset=\"https:\/\/key2optics.com\/wp-content\/uploads\/2022\/09\/otn_cms.jpg 1280w, https:\/\/key2optics.com\/wp-content\/uploads\/2022\/09\/otn_cms-420x420.jpg 420w, https:\/\/key2optics.com\/wp-content\/uploads\/2022\/09\/otn_cms-100x100.jpg 100w, https:\/\/key2optics.com\/wp-content\/uploads\/2022\/09\/otn_cms-800x800.jpg 800w, https:\/\/key2optics.com\/wp-content\/uploads\/2022\/09\/otn_cms-480x480.jpg 480w, https:\/\/key2optics.com\/wp-content\/uploads\/2022\/09\/otn_cms-180x180.jpg 180w, https:\/\/key2optics.com\/wp-content\/uploads\/2022\/09\/otn_cms-768x768.jpg 768w, https:\/\/key2optics.com\/wp-content\/uploads\/2022\/09\/otn_cms-12x12.jpg 12w, https:\/\/key2optics.com\/wp-content\/uploads\/2022\/09\/otn_cms-1140x1140.jpg 1140w, https:\/\/key2optics.com\/wp-content\/uploads\/2022\/09\/otn_cms-920x920.jpg 920w, https:\/\/key2optics.com\/wp-content\/uploads\/2022\/09\/otn_cms-575x575.jpg 575w, https:\/\/key2optics.com\/wp-content\/uploads\/2022\/09\/otn_cms-380x380.jpg 380w\" sizes=\"(max-width: 1280px) 100vw, 1280px\" \/><\/p>\n<p>Bitte laden Sie die detaillierte Spezifikation von herunter<a href=\"https:\/\/key2optics.com\/de\/herunterladen\/\"> Verkn\u00fcpfung<\/a><\/p>\n<\/div>","protected":false},"excerpt":{"rendered":"<p>Die neue Generation des 200G Wavelength Division Transmission Systems mit hoher Kapazit\u00e4t und gro\u00dfer Reichweite von Key2 Optics nutzt fortschrittliche \u00dcbertragungstechnologie und Hochintegrationstechnologie, um Einzelkanal\u00fcbertragungsraten von 100 Mbit\/s bis 100 Gbit\/s zu unterst\u00fctzen.<\/p>","protected":false},"featured_media":4994,"comment_status":"closed","ping_status":"closed","template":"","meta":{"content-type":"","_themeisle_gutenberg_block_has_review":false},"product_cat":[154],"product_tag":[156],"aioseo_notices":[],"_links":{"self":[{"href":"https:\/\/key2optics.com\/de\/wp-json\/wp\/v2\/product\/4998"}],"collection":[{"href":"https:\/\/key2optics.com\/de\/wp-json\/wp\/v2\/product"}],"about":[{"href":"https:\/\/key2optics.com\/de\/wp-json\/wp\/v2\/types\/product"}],"replies":[{"embeddable":true,"href":"https:\/\/key2optics.com\/de\/wp-json\/wp\/v2\/comments?post=4998"}],"wp:featuredmedia":[{"embeddable":true,"href":"https:\/\/key2optics.com\/de\/wp-json\/wp\/v2\/media\/4994"}],"wp:attachment":[{"href":"https:\/\/key2optics.com\/de\/wp-json\/wp\/v2\/media?parent=4998"}],"wp:term":[{"taxonomy":"product_cat","embeddable":true,"href":"https:\/\/key2optics.com\/de\/wp-json\/wp\/v2\/product_cat?post=4998"},{"taxonomy":"product_tag","embeddable":true,"href":"https:\/\/key2optics.com\/de\/wp-json\/wp\/v2\/product_tag?post=4998"}],"curies":[{"name":"wp","href":"https:\/\/api.w.org\/{rel}","templated":true}]}}