{"id":5027,"date":"2022-09-29T17:42:27","date_gmt":"2022-09-29T09:42:27","guid":{"rendered":"https:\/\/key2optics.com\/?post_type=product&#038;p=5027"},"modified":"2025-09-15T10:24:26","modified_gmt":"2025-09-15T02:24:26","slug":"otn-wdm-system-copy","status":"publish","type":"product","link":"https:\/\/key2optics.com\/de\/produkt\/otn-wdm-system-copy\/","title":{"rendered":"10G OTU 8SFP+"},"content":{"rendered":"<div class=\"node__content clearfix\">\n<div class=\"field field--name-body field--type-text-with-summary field--label-hidden field__item\">\n<p>Die 10G-OTU-Servicekarte (Optical Transponder Unit) von Key2 Optics ist eine modulare Karte, die in unserem All-in-One-OTN-WDM-System verwendet werden kann. Es unterst\u00fctzt vier Arten des Dienstzugangs mit Raten von 42 M bis 11,3 G. Seine Hauptfunktion besteht darin, die 3R-Regeneration aller 4-Kanal-Signale unter jedem Protokoll mit einer Zugriffsrate von 1,25 Gbit\/s bis 11,3 Gbit\/s abzuschlie\u00dfen und sie dann in optische Signale einer Standard-DWDM-Wellenl\u00e4nge oder Standard-CWDM umzuwandeln Wellenl\u00e4nge, so dass die Multiplexeinheit WDM f\u00fcr optische Signale unterschiedlicher Wellenl\u00e4nge durchf\u00fchren und auch den umgekehrten Prozess des oben genannten Prozesses erreichen kann. Es ist auf die Wellenl\u00e4ngenteilungs-\u00dcbertragungsl\u00f6sung f\u00fcr jeden Zugriff auf Dienste mit einer Rate von 11,3 G oder weniger anwendbar.<\/p>\n<p><strong>Merkmale<\/strong><\/p>\n<ul>\n<li>Modulares Kartendesign f\u00fcr den einfachen Hot-Plug-Einbau in das OTN-WDM-System<\/li>\n<li>Flexible und skalierbare L\u00f6sung f\u00fcr Installationspl\u00e4ne und zuk\u00fcnftige Upgrades<\/li>\n<li>Unterst\u00fctzt 4 SFP\/SFP+-Modulraten von 42 Mbit\/s bis 11,3 Gbit\/s<\/li>\n<li>Unterst\u00fctzt sowohl die Standardwellenl\u00e4nge CWDM (18 Wellen) als auch die DWDM-Wellenl\u00e4nge (C-Band 50 Hz, 96 Wellen).<\/li>\n<\/ul>\n<p><strong>Hardware-Schnittstelle<\/strong><\/p>\n<p><img loading=\"lazy\" decoding=\"async\" class=\"aligncenter size-full wp-image-5037\" src=\"https:\/\/key2optics.com\/wp-content\/uploads\/2022\/09\/10g-otu8sfpplus-e1664503207115.jpg\" alt=\"\" width=\"1017\" height=\"326\" srcset=\"https:\/\/key2optics.com\/wp-content\/uploads\/2022\/09\/10g-otu8sfpplus-e1664503207115.jpg 1017w, https:\/\/key2optics.com\/wp-content\/uploads\/2022\/09\/10g-otu8sfpplus-e1664503207115-800x256.jpg 800w, https:\/\/key2optics.com\/wp-content\/uploads\/2022\/09\/10g-otu8sfpplus-e1664503207115-750x240.jpg 750w, https:\/\/key2optics.com\/wp-content\/uploads\/2022\/09\/10g-otu8sfpplus-e1664503207115-768x246.jpg 768w, https:\/\/key2optics.com\/wp-content\/uploads\/2022\/09\/10g-otu8sfpplus-e1664503207115-18x6.jpg 18w, https:\/\/key2optics.com\/wp-content\/uploads\/2022\/09\/10g-otu8sfpplus-e1664503207115-920x295.jpg 920w, https:\/\/key2optics.com\/wp-content\/uploads\/2022\/09\/10g-otu8sfpplus-e1664503207115-575x184.jpg 575w, https:\/\/key2optics.com\/wp-content\/uploads\/2022\/09\/10g-otu8sfpplus-e1664503207115-380x122.jpg 380w\" sizes=\"(max-width: 1017px) 100vw, 1017px\" \/><\/p>\n<p>&nbsp;<\/p>\n<p><strong>Systemdiagramm<\/strong><\/p>\n<\/div>\n<p><img loading=\"lazy\" decoding=\"async\" class=\"wp-image-5035\" src=\"https:\/\/key2optics.com\/wp-content\/uploads\/2022\/09\/10G-OTU.jpg\" alt=\"10G-OTU-Transpoder-Diagramm\" width=\"692\" height=\"461\" srcset=\"https:\/\/key2optics.com\/wp-content\/uploads\/2022\/09\/10G-OTU.jpg 1080w, https:\/\/key2optics.com\/wp-content\/uploads\/2022\/09\/10G-OTU-800x533.jpg 800w, https:\/\/key2optics.com\/wp-content\/uploads\/2022\/09\/10G-OTU-720x480.jpg 720w, https:\/\/key2optics.com\/wp-content\/uploads\/2022\/09\/10G-OTU-768x512.jpg 768w, https:\/\/key2optics.com\/wp-content\/uploads\/2022\/09\/10G-OTU-18x12.jpg 18w, https:\/\/key2optics.com\/wp-content\/uploads\/2022\/09\/10G-OTU-920x613.jpg 920w, https:\/\/key2optics.com\/wp-content\/uploads\/2022\/09\/10G-OTU-575x383.jpg 575w, https:\/\/key2optics.com\/wp-content\/uploads\/2022\/09\/10G-OTU-380x253.jpg 380w\" sizes=\"(max-width: 692px) 100vw, 692px\" \/><\/p>\n<div class=\"field field--name-body field--type-text-with-summary field--label-hidden field__item\"><\/div>\n<p>Bitte laden Sie die detaillierte Spezifikation von herunter<a href=\"https:\/\/key2optics.com\/de\/herunterladen\/\"> Verkn\u00fcpfung<\/a><\/p>\n<\/div>","protected":false},"excerpt":{"rendered":"<p>Die 10G-OTU-Servicekarte (Optical Transponder Unit) von Key2 Optics ist eine modulare Karte, die in unserem All-in-One-OTN-WDM-System verwendet werden kann. Es unterst\u00fctzt vier Arten des Dienstzugangs mit Raten von 42 M bis 11,3 G.<\/p>","protected":false},"featured_media":5137,"comment_status":"closed","ping_status":"closed","template":"","meta":{"content-type":"","_themeisle_gutenberg_block_has_review":false},"product_cat":[154,157],"product_tag":[158],"aioseo_notices":[],"_links":{"self":[{"href":"https:\/\/key2optics.com\/de\/wp-json\/wp\/v2\/product\/5027"}],"collection":[{"href":"https:\/\/key2optics.com\/de\/wp-json\/wp\/v2\/product"}],"about":[{"href":"https:\/\/key2optics.com\/de\/wp-json\/wp\/v2\/types\/product"}],"replies":[{"embeddable":true,"href":"https:\/\/key2optics.com\/de\/wp-json\/wp\/v2\/comments?post=5027"}],"wp:featuredmedia":[{"embeddable":true,"href":"https:\/\/key2optics.com\/de\/wp-json\/wp\/v2\/media\/5137"}],"wp:attachment":[{"href":"https:\/\/key2optics.com\/de\/wp-json\/wp\/v2\/media?parent=5027"}],"wp:term":[{"taxonomy":"product_cat","embeddable":true,"href":"https:\/\/key2optics.com\/de\/wp-json\/wp\/v2\/product_cat?post=5027"},{"taxonomy":"product_tag","embeddable":true,"href":"https:\/\/key2optics.com\/de\/wp-json\/wp\/v2\/product_tag?post=5027"}],"curies":[{"name":"wp","href":"https:\/\/api.w.org\/{rel}","templated":true}]}}