{"id":5123,"date":"2022-09-30T17:17:29","date_gmt":"2022-09-30T09:17:29","guid":{"rendered":"https:\/\/key2optics.com\/?post_type=product&#038;p=5123"},"modified":"2025-09-15T10:23:20","modified_gmt":"2025-09-15T02:23:20","slug":"100g-otu-1cfp1qsfp28","status":"publish","type":"product","link":"https:\/\/key2optics.com\/de\/produkt\/100g-otu-1cfp1qsfp28\/","title":{"rendered":"100G OTU 1CFP+1QSFP28"},"content":{"rendered":"<div class=\"node__content clearfix\">\n<div class=\"field field--name-body field--type-text-with-summary field--label-hidden field__item\">\n<p>Die 100G OTU (optische Transpondereinheit) von Key2 Optics <a href=\"https:\/\/en.wikipedia.org\/wiki\/Transponder\" target=\"_blank\" rel=\"noopener\">Wiki: Was ist eine optische Transpondereinheit?<\/a>)-Karte unterst\u00fctzt einen 100G-Dienstzugang, \u00fcbernimmt PDM-QPSK-Modulation und koh\u00e4rente Empfangstechnologie und \u00fcberwindet die OSNR-Anforderungen, CD-Toleranz und PMD-Toleranz von Hochgeschwindigkeits\u00fcbertragungssystemen. Und die nichtlinearen physikalischen Effekte der \u00dcbertragung, wie 100G-Dienst 1200 km oder mehr der nichtelektrischen Relais\u00fcbertragung, und die leitungsseitige Schnittstelle unterst\u00fctzen C-Band 96-Welle (50 GHz) einstellbar.<\/p>\n<p><strong>Merkmale<\/strong><\/p>\n<ul>\n<li>Modulares Kartendesign f\u00fcr den einfachen Hot-Plug-Einbau in das OTN-WDM-System<\/li>\n<li>Flexible und skalierbare L\u00f6sung f\u00fcr Installationspl\u00e4ne und zuk\u00fcnftige Upgrades<\/li>\n<li>Unterst\u00fctzt 1 QSFP28-Modul mit bis zu 100 Gbit\/s pro Einheit im Client und 1 koh\u00e4rentes 100G-CFP-PDM-QPSK<\/li>\n<li>Unterst\u00fctzt DWDM-Wellenl\u00e4nge (C-Band 50 Hz, 96 Wellen).<\/li>\n<\/ul>\n<p><strong>Systemdiagramm<\/strong><\/p>\n<p><img loading=\"lazy\" decoding=\"async\" class=\"wp-image-5125 size-medium aligncenter\" src=\"https:\/\/key2optics.com\/wp-content\/uploads\/2022\/09\/100G-11OTU-diagram-750x153.jpg\" alt=\"100G-11OTU-Diagramm\" width=\"750\" height=\"153\" srcset=\"https:\/\/key2optics.com\/wp-content\/uploads\/2022\/09\/100G-11OTU-diagram-750x153.jpg 750w, https:\/\/key2optics.com\/wp-content\/uploads\/2022\/09\/100G-11OTU-diagram-800x163.jpg 800w, https:\/\/key2optics.com\/wp-content\/uploads\/2022\/09\/100G-11OTU-diagram-768x157.jpg 768w, https:\/\/key2optics.com\/wp-content\/uploads\/2022\/09\/100G-11OTU-diagram-18x4.jpg 18w, https:\/\/key2optics.com\/wp-content\/uploads\/2022\/09\/100G-11OTU-diagram-1140x232.jpg 1140w, https:\/\/key2optics.com\/wp-content\/uploads\/2022\/09\/100G-11OTU-diagram-920x188.jpg 920w, https:\/\/key2optics.com\/wp-content\/uploads\/2022\/09\/100G-11OTU-diagram-575x117.jpg 575w, https:\/\/key2optics.com\/wp-content\/uploads\/2022\/09\/100G-11OTU-diagram-380x77.jpg 380w, https:\/\/key2optics.com\/wp-content\/uploads\/2022\/09\/100G-11OTU-diagram.jpg 1280w\" sizes=\"(max-width: 750px) 100vw, 750px\" \/><\/p>\n<\/div>\n<p><strong>Hardware-Schnittstelle<\/strong><\/p>\n<p><img loading=\"lazy\" decoding=\"async\" class=\"wp-image-5126 size-medium aligncenter\" src=\"https:\/\/key2optics.com\/wp-content\/uploads\/2022\/09\/100otu11-interface-750x162.jpg\" alt=\"100otu11-Schnittstelle\" width=\"750\" height=\"162\" srcset=\"https:\/\/key2optics.com\/wp-content\/uploads\/2022\/09\/100otu11-interface-750x162.jpg 750w, https:\/\/key2optics.com\/wp-content\/uploads\/2022\/09\/100otu11-interface-800x173.jpg 800w, https:\/\/key2optics.com\/wp-content\/uploads\/2022\/09\/100otu11-interface-768x166.jpg 768w, https:\/\/key2optics.com\/wp-content\/uploads\/2022\/09\/100otu11-interface-18x4.jpg 18w, https:\/\/key2optics.com\/wp-content\/uploads\/2022\/09\/100otu11-interface-1140x246.jpg 1140w, https:\/\/key2optics.com\/wp-content\/uploads\/2022\/09\/100otu11-interface-920x198.jpg 920w, https:\/\/key2optics.com\/wp-content\/uploads\/2022\/09\/100otu11-interface-575x124.jpg 575w, https:\/\/key2optics.com\/wp-content\/uploads\/2022\/09\/100otu11-interface-380x82.jpg 380w, https:\/\/key2optics.com\/wp-content\/uploads\/2022\/09\/100otu11-interface.jpg 1280w\" sizes=\"(max-width: 750px) 100vw, 750px\" \/><\/p>\n<p>Bitte laden Sie die detaillierte Spezifikation von herunter<a href=\"https:\/\/key2optics.com\/de\/herunterladen\/\"> Verkn\u00fcpfung<\/a><\/p>\n<\/div>","protected":false},"excerpt":{"rendered":"<p>Die 100G-OTU-Karte von Key2 Optics unterst\u00fctzt einen 100G-Dienstzugang, nutzt PDM-QPSK-Modulation und koh\u00e4rente Empfangstechnologie und \u00fcberwindet die OSNR-Anforderungen, CD-Toleranz und PMD-Toleranz von Hochgeschwindigkeits\u00fcbertragungssystemen. Und die nichtlinearen physikalischen Effekte der \u00dcbertragung, wie 100G-Dienst 1200 km oder mehr der nichtelektrischen Relais\u00fcbertragung, und die leitungsseitige Schnittstelle unterst\u00fctzen C-Band 96-Welle (50 GHz) einstellbar.<\/p>","protected":false},"featured_media":5115,"comment_status":"closed","ping_status":"closed","template":"","meta":{"content-type":"","_themeisle_gutenberg_block_has_review":false},"product_cat":[154,157],"product_tag":[169],"aioseo_notices":[],"_links":{"self":[{"href":"https:\/\/key2optics.com\/de\/wp-json\/wp\/v2\/product\/5123"}],"collection":[{"href":"https:\/\/key2optics.com\/de\/wp-json\/wp\/v2\/product"}],"about":[{"href":"https:\/\/key2optics.com\/de\/wp-json\/wp\/v2\/types\/product"}],"replies":[{"embeddable":true,"href":"https:\/\/key2optics.com\/de\/wp-json\/wp\/v2\/comments?post=5123"}],"wp:featuredmedia":[{"embeddable":true,"href":"https:\/\/key2optics.com\/de\/wp-json\/wp\/v2\/media\/5115"}],"wp:attachment":[{"href":"https:\/\/key2optics.com\/de\/wp-json\/wp\/v2\/media?parent=5123"}],"wp:term":[{"taxonomy":"product_cat","embeddable":true,"href":"https:\/\/key2optics.com\/de\/wp-json\/wp\/v2\/product_cat?post=5123"},{"taxonomy":"product_tag","embeddable":true,"href":"https:\/\/key2optics.com\/de\/wp-json\/wp\/v2\/product_tag?post=5123"}],"curies":[{"name":"wp","href":"https:\/\/api.w.org\/{rel}","templated":true}]}}