{"id":5142,"date":"2022-10-05T11:37:24","date_gmt":"2022-10-05T03:37:24","guid":{"rendered":"https:\/\/key2optics.com\/?post_type=product&#038;p=5142"},"modified":"2025-09-15T10:23:20","modified_gmt":"2025-09-15T02:23:20","slug":"100g-otu-1cfp1qsfp28-copy","status":"publish","type":"product","link":"https:\/\/key2optics.com\/de\/produkt\/100g-otu-1cfp1qsfp28-kopie\/","title":{"rendered":"10G Muxponder 8*1G bis 10G"},"content":{"rendered":"<div class=\"node__content clearfix\">\n<div class=\"field field--name-body field--type-text-with-summary field--label-hidden field__item\">\n<p>Die 10G-Muxponer-Servicekarte von Key2 Optics unterst\u00fctzt 8 * 125-Mbit\/s-Ports, die einen 10G-Port konvergieren, oder 8 * 1,25-Gbit\/s-Ports, die einen 10G-Port konvergieren, und kann die gemultiplexten\/demultiplexten optischen Signale in optische WDM-Standardwellenl\u00e4ngensignale umwandeln, um die Wellenl\u00e4ngenteilung zu erleichtern Multiplexen optischer Signale unterschiedlicher Wellenl\u00e4ngen durch die Kombinationseinheit und Realisierung des umgekehrten Prozesses des oben genannten Prozesses. Es eignet sich f\u00fcr 10G-Forward-Multiplexing in Ballungsr\u00e4umen.<\/p>\n<p><strong>Merkmale<\/strong><\/p>\n<ul>\n<li>Modulares Kartendesign f\u00fcr den einfachen Hot-Plug-Einbau in das OTN-WDM-System<\/li>\n<li>Flexible und skalierbare L\u00f6sung f\u00fcr Installationspl\u00e4ne und zuk\u00fcnftige Upgrades<\/li>\n<li>Unterst\u00fctzt 8 SFP-Module mit bis zu 1,25 Gbit\/s pro Einheit im Client und wird in ein 10G SFP+ WDM-Signal gemultiplext (ein weiteres Backup).<\/li>\n<li>Unterst\u00fctzt DWDM-Wellenl\u00e4nge (C-Band 100 Hz, 40 Wellen).<\/li>\n<\/ul>\n<p><strong>Systemdiagramm<\/strong><\/p>\n<p><img loading=\"lazy\" decoding=\"async\" class=\"size-full wp-image-5234\" src=\"https:\/\/key2optics.com\/wp-content\/uploads\/2022\/10\/da757e5c-2c5a-4a2e-a766-60ac397c06dc.png\" alt=\"10g Muxponder-Schnittstelle\" width=\"650\" height=\"70\" srcset=\"https:\/\/key2optics.com\/wp-content\/uploads\/2022\/10\/da757e5c-2c5a-4a2e-a766-60ac397c06dc.png 650w, https:\/\/key2optics.com\/wp-content\/uploads\/2022\/10\/da757e5c-2c5a-4a2e-a766-60ac397c06dc-18x2.png 18w, https:\/\/key2optics.com\/wp-content\/uploads\/2022\/10\/da757e5c-2c5a-4a2e-a766-60ac397c06dc-575x62.png 575w, https:\/\/key2optics.com\/wp-content\/uploads\/2022\/10\/da757e5c-2c5a-4a2e-a766-60ac397c06dc-380x41.png 380w\" sizes=\"(max-width: 650px) 100vw, 650px\" \/><\/p>\n<\/div>\n<p><strong>Hardware-Schnittstelle<\/strong><\/p>\n<figure id=\"attachment_5235\" aria-describedby=\"caption-attachment-5235\" style=\"width: 360px\" class=\"wp-caption aligncenter\"><img loading=\"lazy\" decoding=\"async\" class=\"size-full wp-image-5235\" src=\"https:\/\/key2optics.com\/wp-content\/uploads\/2022\/10\/8600a964-b01b-4e82-953a-a781c0256581.png\" alt=\"10G-Muxponder-Diagramm\" width=\"360\" height=\"245\" srcset=\"https:\/\/key2optics.com\/wp-content\/uploads\/2022\/10\/8600a964-b01b-4e82-953a-a781c0256581.png 360w, https:\/\/key2optics.com\/wp-content\/uploads\/2022\/10\/8600a964-b01b-4e82-953a-a781c0256581-18x12.png 18w\" sizes=\"(max-width: 360px) 100vw, 360px\" \/><figcaption id=\"caption-attachment-5235\" class=\"wp-caption-text\">10G-Muxponder-Diagramm<\/figcaption><\/figure>\n<p>Bitte laden Sie die detaillierte Spezifikation von herunter<a href=\"https:\/\/key2optics.com\/de\/herunterladen\/\"> Verkn\u00fcpfung<\/a><\/p>\n<\/div>","protected":false},"excerpt":{"rendered":"<p>Die 10G-Muxponer-Servicekarte von Key2 Optics unterst\u00fctzt 8 * 125-Mbit\/s-Ports, die einen 10G-Port konvergieren, oder 8 * 1,25-Gbit\/s-Ports, die einen 10G-Port konvergieren, und kann die gemultiplexten\/demultiplexten optischen Signale in optische WDM-Standardwellenl\u00e4ngensignale umwandeln, um die Wellenl\u00e4ngenteilung zu erleichtern Multiplexen optischer Signale unterschiedlicher Wellenl\u00e4ngen durch die Kombinationseinheit und Realisierung des umgekehrten Prozesses des oben genannten Prozesses. Es eignet sich f\u00fcr 10G-Forward-Multiplexing in Ballungsr\u00e4umen.<\/p>","protected":false},"featured_media":5115,"comment_status":"closed","ping_status":"closed","template":"","meta":{"content-type":"","_themeisle_gutenberg_block_has_review":false},"product_cat":[154,157],"product_tag":[168],"aioseo_notices":[],"_links":{"self":[{"href":"https:\/\/key2optics.com\/de\/wp-json\/wp\/v2\/product\/5142"}],"collection":[{"href":"https:\/\/key2optics.com\/de\/wp-json\/wp\/v2\/product"}],"about":[{"href":"https:\/\/key2optics.com\/de\/wp-json\/wp\/v2\/types\/product"}],"replies":[{"embeddable":true,"href":"https:\/\/key2optics.com\/de\/wp-json\/wp\/v2\/comments?post=5142"}],"wp:featuredmedia":[{"embeddable":true,"href":"https:\/\/key2optics.com\/de\/wp-json\/wp\/v2\/media\/5115"}],"wp:attachment":[{"href":"https:\/\/key2optics.com\/de\/wp-json\/wp\/v2\/media?parent=5142"}],"wp:term":[{"taxonomy":"product_cat","embeddable":true,"href":"https:\/\/key2optics.com\/de\/wp-json\/wp\/v2\/product_cat?post=5142"},{"taxonomy":"product_tag","embeddable":true,"href":"https:\/\/key2optics.com\/de\/wp-json\/wp\/v2\/product_tag?post=5142"}],"curies":[{"name":"wp","href":"https:\/\/api.w.org\/{rel}","templated":true}]}}