{"id":5144,"date":"2022-10-07T11:06:26","date_gmt":"2022-10-07T03:06:26","guid":{"rendered":"https:\/\/key2optics.com\/?post_type=product&#038;p=5144"},"modified":"2025-09-15T10:23:20","modified_gmt":"2025-09-15T02:23:20","slug":"wdm-system-nms","status":"publish","type":"product","link":"https:\/\/key2optics.com\/de\/produkt\/wdm-system-nms\/","title":{"rendered":"WDM-System NMS"},"content":{"rendered":"<div class=\"node__content clearfix\">\n<div class=\"field field--name-body field--type-text-with-summary field--label-hidden field__item\">\n<p>Die NMS-Servicekarte von Key2Optics ist ein Netzwerkmanagementmodul, das speziell f\u00fcr das WDM-System der OWS8-Serie entwickelt wurde. Seine Hauptfunktion besteht darin, die Schnittstelle zwischen Ger\u00e4ten und dem Netzwerkmanagementsystem bereitzustellen. Mit dem OTN-Netzwerkmanagementsystem der OWS8-Serie vervollst\u00e4ndigt NMS die Einzelkartenverwaltung f\u00fcr verschiedene Wartungs- und Managementfunktionen f\u00fcr die Signal\u00fcbertragung des Netzwerks, wodurch die Echtzeit\u00fcberwachung, Wartung und Verwaltung von Ger\u00e4ten und dem gesamten synchronen Netzwerk realisiert wird.<\/p>\n<p>Die NMS-Karte macht unser System zu einer umfassenden \u00dcberwachungsl\u00f6sung f\u00fcr Ihr optisches Transportnetzwerk.<\/p>\n<p><strong>Merkmale<\/strong><\/p>\n<ul>\n<li>Modulares Kartendesign f\u00fcr den einfachen Hot-Plug-Einbau in das OTN-WDM-System<\/li>\n<li>Flexible und skalierbare L\u00f6sung f\u00fcr Installationspl\u00e4ne und zuk\u00fcnftige Upgrades<\/li>\n<li>F\u00fcr eine leistungsstarke Datenverarbeitung wird ein Hochgeschwindigkeits-ARM-Prozessor verwendet. Es kann Statusinformationen, Alarmereignisse und Leistungsparameter jedes Funktionsmoduls jeder einzelnen Karte erfassen, Prozesse transformieren und speichern. Gleichzeitig werden Steuer- und Verwaltungsinformationen an andere Funktionsmodule des Ger\u00e4ts \u00fcbertragen.<\/li>\n<li>Stellen Sie eine Konsolenschnittstelle zur Unterst\u00fctzung des Simulationsterminalbetriebs bereit<\/li>\n<li>Stellen Sie vier RJ45-Ethernet-Schnittstellen zur Unterst\u00fctzung der IP-basierten grafischen SNMP-Netzwerkverwaltung bereit<\/li>\n<li>Stellen Sie zwei SFP-Schnittstellen bereit, um die In-Band-Verwaltung von Ger\u00e4ten zu unterst\u00fctzen, die Verarbeitung von drei optischen \u00dcberwachungskan\u00e4len zu realisieren und den Empfang und das Senden optischer Signale des optischen \u00dcberwachungskanals an jeder Station abzuschlie\u00dfen<\/li>\n<\/ul>\n<\/div>\n<p><strong>Hardware-Schnittstelle<\/strong><\/p>\n<p><img loading=\"lazy\" decoding=\"async\" class=\"size-full wp-image-5145\" src=\"https:\/\/key2optics.com\/wp-content\/uploads\/2022\/10\/nms_interfaces.png\" alt=\"NMS-Karte\" width=\"1522\" height=\"195\" srcset=\"https:\/\/key2optics.com\/wp-content\/uploads\/2022\/10\/nms_interfaces.png 1522w, https:\/\/key2optics.com\/wp-content\/uploads\/2022\/10\/nms_interfaces-800x102.png 800w, https:\/\/key2optics.com\/wp-content\/uploads\/2022\/10\/nms_interfaces-750x96.png 750w, https:\/\/key2optics.com\/wp-content\/uploads\/2022\/10\/nms_interfaces-768x98.png 768w, https:\/\/key2optics.com\/wp-content\/uploads\/2022\/10\/nms_interfaces-18x2.png 18w, https:\/\/key2optics.com\/wp-content\/uploads\/2022\/10\/nms_interfaces-1140x146.png 1140w, https:\/\/key2optics.com\/wp-content\/uploads\/2022\/10\/nms_interfaces-920x118.png 920w, https:\/\/key2optics.com\/wp-content\/uploads\/2022\/10\/nms_interfaces-575x74.png 575w, https:\/\/key2optics.com\/wp-content\/uploads\/2022\/10\/nms_interfaces-380x49.png 380w\" sizes=\"(max-width: 1522px) 100vw, 1522px\" \/><\/p>\n<\/div>\n<p><strong>Benutzeroberfl\u00e4che des NMS-Systems<\/strong><\/p>\n<p><img loading=\"lazy\" decoding=\"async\" class=\"alignnone wp-image-5147 size-full\" src=\"https:\/\/key2optics.com\/wp-content\/uploads\/2022\/10\/NMS-UI.png\" alt=\"NMS-Benutzeroberfl\u00e4che\" width=\"1489\" height=\"813\" srcset=\"https:\/\/key2optics.com\/wp-content\/uploads\/2022\/10\/NMS-UI.png 1489w, https:\/\/key2optics.com\/wp-content\/uploads\/2022\/10\/NMS-UI-800x437.png 800w, https:\/\/key2optics.com\/wp-content\/uploads\/2022\/10\/NMS-UI-750x410.png 750w, https:\/\/key2optics.com\/wp-content\/uploads\/2022\/10\/NMS-UI-768x419.png 768w, https:\/\/key2optics.com\/wp-content\/uploads\/2022\/10\/NMS-UI-18x10.png 18w, https:\/\/key2optics.com\/wp-content\/uploads\/2022\/10\/NMS-UI-1140x622.png 1140w, https:\/\/key2optics.com\/wp-content\/uploads\/2022\/10\/NMS-UI-920x502.png 920w, https:\/\/key2optics.com\/wp-content\/uploads\/2022\/10\/NMS-UI-575x314.png 575w, https:\/\/key2optics.com\/wp-content\/uploads\/2022\/10\/NMS-UI-380x207.png 380w\" sizes=\"(max-width: 1489px) 100vw, 1489px\" \/><\/p>\n<div class=\"node__content clearfix\">\n<p>Bitte laden Sie die detaillierte Spezifikation von herunter<a href=\"https:\/\/key2optics.com\/de\/herunterladen\/\"> Verkn\u00fcpfung<\/a><\/p>\n<\/div>","protected":false},"excerpt":{"rendered":"<p>Die NMS-Servicekarte von Key2Optics ist ein Netzwerkmanagementmodul, das speziell f\u00fcr das WDM-System der OWS8-Serie entwickelt wurde. Seine Hauptfunktion besteht darin, die Schnittstelle zwischen Ger\u00e4ten und dem Netzwerkmanagementsystem bereitzustellen. Mit dem OTN-Netzwerkmanagementsystem der OWS8-Serie vervollst\u00e4ndigt NMS die Einzelkartenverwaltung, verschiedene Wartungs- und Verwaltungssignal\u00fcbertragungen der Netzwerkelemente und realisiert die Echtzeit\u00fcberwachung, Wartung und Verwaltung von Ger\u00e4teelementen und der gesamten synchronen Ausr\u00fcstung Netzwerk.<\/p>\n<p>Die NMS-Karte macht unser System zu einer umfassenden \u00dcberwachungsl\u00f6sung f\u00fcr Ihr optisches Transportnetzwerk.<\/p>","protected":false},"featured_media":5146,"comment_status":"closed","ping_status":"closed","template":"","meta":{"content-type":"","_themeisle_gutenberg_block_has_review":false},"product_cat":[154,157],"product_tag":[163],"aioseo_notices":[],"_links":{"self":[{"href":"https:\/\/key2optics.com\/de\/wp-json\/wp\/v2\/product\/5144"}],"collection":[{"href":"https:\/\/key2optics.com\/de\/wp-json\/wp\/v2\/product"}],"about":[{"href":"https:\/\/key2optics.com\/de\/wp-json\/wp\/v2\/types\/product"}],"replies":[{"embeddable":true,"href":"https:\/\/key2optics.com\/de\/wp-json\/wp\/v2\/comments?post=5144"}],"wp:featuredmedia":[{"embeddable":true,"href":"https:\/\/key2optics.com\/de\/wp-json\/wp\/v2\/media\/5146"}],"wp:attachment":[{"href":"https:\/\/key2optics.com\/de\/wp-json\/wp\/v2\/media?parent=5144"}],"wp:term":[{"taxonomy":"product_cat","embeddable":true,"href":"https:\/\/key2optics.com\/de\/wp-json\/wp\/v2\/product_cat?post=5144"},{"taxonomy":"product_tag","embeddable":true,"href":"https:\/\/key2optics.com\/de\/wp-json\/wp\/v2\/product_tag?post=5144"}],"curies":[{"name":"wp","href":"https:\/\/api.w.org\/{rel}","templated":true}]}}