{"id":5150,"date":"2022-10-08T10:00:08","date_gmt":"2022-10-08T02:00:08","guid":{"rendered":"https:\/\/key2optics.com\/?post_type=product&#038;p=5150"},"modified":"2025-09-15T10:23:20","modified_gmt":"2025-09-15T02:23:20","slug":"wdm-system-edfa-card","status":"publish","type":"product","link":"https:\/\/key2optics.com\/de\/produkt\/wdm-system-edfa-karte\/","title":{"rendered":"WDM-System EDFA-Karte"},"content":{"rendered":"<div class=\"node__content clearfix\">\n<div class=\"field field--name-body field--type-text-with-summary field--label-hidden field__item\">\n<p style=\"font-weight: 400;\">Die EDFA-Servicekarte von Key2Optics ist eine mit Erbium dotierte Faserverst\u00e4rkungskarte, die die Leistung des Signallichts in der \u00dcbertragungsstrecke kompensieren soll und die optischen Signale von bis zu 48 Kan\u00e4len (Kanalintervall 100 GHz) verst\u00e4rken kann 96 Kan\u00e4le (Kanalintervall 50 GHz) gleichzeitig im C-Band.<\/p>\n<p style=\"font-weight: 400;\">Die EDFA-Karte bietet viele Vorteile, wie z. B. flache Verst\u00e4rkung, gesperrte Verst\u00e4rkung, niedrige Rauschzahl usw.; Au\u00dferdem ist es eine unverzichtbare wichtige Komponente f\u00fcr DWDM-Systeme, zuk\u00fcnftige Hochgeschwindigkeitssysteme und die Fern\u00fcbertragung \u00fcber rein optische Netzwerke.<\/p>\n<p><strong>Merkmale<\/strong><\/p>\n<ul>\n<li>Modulares Kartendesign f\u00fcr den einfachen Hot-Plug-Einbau in das OTN-WDM-System<\/li>\n<li>Flexible und skalierbare L\u00f6sung f\u00fcr Installationspl\u00e4ne und zuk\u00fcnftige Upgrades<\/li>\n<li>Unterst\u00fctzt 48 Kan\u00e4le bei 100 Hz oder 96 Kan\u00e4le bei 50 Hz im C-Band f\u00fcr DWDM<\/li>\n<\/ul>\n<\/div>\n<p><strong>Hardware-Schnittstelle<\/strong><\/p>\n<ul>\n<li>Einstufiger Verst\u00e4rker<\/li>\n<\/ul>\n<p><img loading=\"lazy\" decoding=\"async\" class=\"aligncenter size-full wp-image-5158\" src=\"https:\/\/key2optics.com\/wp-content\/uploads\/2022\/10\/EDFA-sa-interface.png\" alt=\"\" width=\"1405\" height=\"149\" srcset=\"https:\/\/key2optics.com\/wp-content\/uploads\/2022\/10\/EDFA-sa-interface.png 1405w, https:\/\/key2optics.com\/wp-content\/uploads\/2022\/10\/EDFA-sa-interface-800x85.png 800w, https:\/\/key2optics.com\/wp-content\/uploads\/2022\/10\/EDFA-sa-interface-750x80.png 750w, https:\/\/key2optics.com\/wp-content\/uploads\/2022\/10\/EDFA-sa-interface-768x81.png 768w, https:\/\/key2optics.com\/wp-content\/uploads\/2022\/10\/EDFA-sa-interface-18x2.png 18w, https:\/\/key2optics.com\/wp-content\/uploads\/2022\/10\/EDFA-sa-interface-1140x121.png 1140w, https:\/\/key2optics.com\/wp-content\/uploads\/2022\/10\/EDFA-sa-interface-920x98.png 920w, https:\/\/key2optics.com\/wp-content\/uploads\/2022\/10\/EDFA-sa-interface-575x61.png 575w, https:\/\/key2optics.com\/wp-content\/uploads\/2022\/10\/EDFA-sa-interface-380x40.png 380w\" sizes=\"(max-width: 1405px) 100vw, 1405px\" \/><\/p>\n<p><img loading=\"lazy\" decoding=\"async\" class=\"size-full wp-image-5160\" src=\"https:\/\/key2optics.com\/wp-content\/uploads\/2022\/10\/52181478-4df2-4ca2-beec-914023951ed5.png\" alt=\"EDFA-sa-Diagramm\" width=\"288\" height=\"81\" srcset=\"https:\/\/key2optics.com\/wp-content\/uploads\/2022\/10\/52181478-4df2-4ca2-beec-914023951ed5.png 288w, https:\/\/key2optics.com\/wp-content\/uploads\/2022\/10\/52181478-4df2-4ca2-beec-914023951ed5-18x5.png 18w\" sizes=\"(max-width: 288px) 100vw, 288px\" \/><\/p>\n<ul>\n<li>Zweistufiger Verst\u00e4rker<\/li>\n<\/ul>\n<p><img loading=\"lazy\" decoding=\"async\" class=\"aligncenter size-full wp-image-5152\" src=\"https:\/\/key2optics.com\/wp-content\/uploads\/2022\/10\/EDFA-da-interface.png\" alt=\"\" width=\"1347\" height=\"143\" srcset=\"https:\/\/key2optics.com\/wp-content\/uploads\/2022\/10\/EDFA-da-interface.png 1347w, https:\/\/key2optics.com\/wp-content\/uploads\/2022\/10\/EDFA-da-interface-800x85.png 800w, https:\/\/key2optics.com\/wp-content\/uploads\/2022\/10\/EDFA-da-interface-750x80.png 750w, https:\/\/key2optics.com\/wp-content\/uploads\/2022\/10\/EDFA-da-interface-768x82.png 768w, https:\/\/key2optics.com\/wp-content\/uploads\/2022\/10\/EDFA-da-interface-18x2.png 18w, https:\/\/key2optics.com\/wp-content\/uploads\/2022\/10\/EDFA-da-interface-1140x121.png 1140w, https:\/\/key2optics.com\/wp-content\/uploads\/2022\/10\/EDFA-da-interface-920x98.png 920w, https:\/\/key2optics.com\/wp-content\/uploads\/2022\/10\/EDFA-da-interface-575x61.png 575w, https:\/\/key2optics.com\/wp-content\/uploads\/2022\/10\/EDFA-da-interface-380x40.png 380w\" sizes=\"(max-width: 1347px) 100vw, 1347px\" \/><\/p>\n<p><img loading=\"lazy\" decoding=\"async\" class=\"aligncenter size-full wp-image-5161\" src=\"https:\/\/key2optics.com\/wp-content\/uploads\/2022\/10\/a0bec63b-9ea4-437e-9d94-a1f788c9d6fb.png\" alt=\"\" width=\"429\" height=\"160\" srcset=\"https:\/\/key2optics.com\/wp-content\/uploads\/2022\/10\/a0bec63b-9ea4-437e-9d94-a1f788c9d6fb.png 429w, https:\/\/key2optics.com\/wp-content\/uploads\/2022\/10\/a0bec63b-9ea4-437e-9d94-a1f788c9d6fb-18x7.png 18w, https:\/\/key2optics.com\/wp-content\/uploads\/2022\/10\/a0bec63b-9ea4-437e-9d94-a1f788c9d6fb-380x142.png 380w\" sizes=\"(max-width: 429px) 100vw, 429px\" \/><\/p>\n<\/div>\n<ul>\n<li>Mittelverst\u00e4rker<\/li>\n<\/ul>\n<p><img loading=\"lazy\" decoding=\"async\" class=\"aligncenter size-full wp-image-5154\" src=\"https:\/\/key2optics.com\/wp-content\/uploads\/2022\/10\/EDFA-ma-interface.png\" alt=\"\" width=\"1353\" height=\"173\" srcset=\"https:\/\/key2optics.com\/wp-content\/uploads\/2022\/10\/EDFA-ma-interface.png 1353w, https:\/\/key2optics.com\/wp-content\/uploads\/2022\/10\/EDFA-ma-interface-800x102.png 800w, https:\/\/key2optics.com\/wp-content\/uploads\/2022\/10\/EDFA-ma-interface-750x96.png 750w, https:\/\/key2optics.com\/wp-content\/uploads\/2022\/10\/EDFA-ma-interface-768x98.png 768w, https:\/\/key2optics.com\/wp-content\/uploads\/2022\/10\/EDFA-ma-interface-18x2.png 18w, https:\/\/key2optics.com\/wp-content\/uploads\/2022\/10\/EDFA-ma-interface-1140x146.png 1140w, https:\/\/key2optics.com\/wp-content\/uploads\/2022\/10\/EDFA-ma-interface-920x118.png 920w, https:\/\/key2optics.com\/wp-content\/uploads\/2022\/10\/EDFA-ma-interface-575x74.png 575w, https:\/\/key2optics.com\/wp-content\/uploads\/2022\/10\/EDFA-ma-interface-380x49.png 380w\" sizes=\"(max-width: 1353px) 100vw, 1353px\" \/><\/p>\n<p><img loading=\"lazy\" decoding=\"async\" class=\"aligncenter size-full wp-image-5162\" src=\"https:\/\/key2optics.com\/wp-content\/uploads\/2022\/10\/0fc023fc-fb88-401d-9257-08ee656c4f7f.png\" alt=\"\" width=\"495\" height=\"182\" srcset=\"https:\/\/key2optics.com\/wp-content\/uploads\/2022\/10\/0fc023fc-fb88-401d-9257-08ee656c4f7f.png 495w, https:\/\/key2optics.com\/wp-content\/uploads\/2022\/10\/0fc023fc-fb88-401d-9257-08ee656c4f7f-18x7.png 18w, https:\/\/key2optics.com\/wp-content\/uploads\/2022\/10\/0fc023fc-fb88-401d-9257-08ee656c4f7f-380x140.png 380w\" sizes=\"(max-width: 495px) 100vw, 495px\" \/><\/p>\n<ul>\n<li>R\/B EDFA<\/li>\n<\/ul>\n<p><img loading=\"lazy\" decoding=\"async\" class=\"aligncenter size-full wp-image-5156\" src=\"https:\/\/key2optics.com\/wp-content\/uploads\/2022\/10\/EDFA-rb-interface.png\" alt=\"\" width=\"1488\" height=\"157\" srcset=\"https:\/\/key2optics.com\/wp-content\/uploads\/2022\/10\/EDFA-rb-interface.png 1488w, https:\/\/key2optics.com\/wp-content\/uploads\/2022\/10\/EDFA-rb-interface-800x84.png 800w, https:\/\/key2optics.com\/wp-content\/uploads\/2022\/10\/EDFA-rb-interface-750x79.png 750w, https:\/\/key2optics.com\/wp-content\/uploads\/2022\/10\/EDFA-rb-interface-768x81.png 768w, https:\/\/key2optics.com\/wp-content\/uploads\/2022\/10\/EDFA-rb-interface-18x2.png 18w, https:\/\/key2optics.com\/wp-content\/uploads\/2022\/10\/EDFA-rb-interface-1140x120.png 1140w, https:\/\/key2optics.com\/wp-content\/uploads\/2022\/10\/EDFA-rb-interface-920x97.png 920w, https:\/\/key2optics.com\/wp-content\/uploads\/2022\/10\/EDFA-rb-interface-575x61.png 575w, https:\/\/key2optics.com\/wp-content\/uploads\/2022\/10\/EDFA-rb-interface-380x40.png 380w\" sizes=\"(max-width: 1488px) 100vw, 1488px\" \/><\/p>\n<p><img loading=\"lazy\" decoding=\"async\" class=\"aligncenter size-full wp-image-5163\" src=\"https:\/\/key2optics.com\/wp-content\/uploads\/2022\/10\/9df61393-80ba-457e-87cd-f3685952bdbf.png\" alt=\"\" width=\"476\" height=\"130\" srcset=\"https:\/\/key2optics.com\/wp-content\/uploads\/2022\/10\/9df61393-80ba-457e-87cd-f3685952bdbf.png 476w, https:\/\/key2optics.com\/wp-content\/uploads\/2022\/10\/9df61393-80ba-457e-87cd-f3685952bdbf-18x5.png 18w, https:\/\/key2optics.com\/wp-content\/uploads\/2022\/10\/9df61393-80ba-457e-87cd-f3685952bdbf-380x104.png 380w\" sizes=\"(max-width: 476px) 100vw, 476px\" \/><\/p>\n<p><strong>Benutzeroberfl\u00e4che des NMS-Systems<\/strong><\/p>\n<p>&nbsp;<\/p>\n<div class=\"node__content clearfix\">\n<p>Bitte laden Sie die detaillierte Spezifikation von herunter<a href=\"https:\/\/key2optics.com\/de\/herunterladen\/\"> Verkn\u00fcpfung<\/a><\/p>\n<\/div>","protected":false},"excerpt":{"rendered":"<p style=\"font-weight: 400;\">Die EDFA-Servicekarte von Key2Optics ist eine mit Erbium dotierte Faserverst\u00e4rkungskarte, die die Leistung des Signallichts in der \u00dcbertragungsstrecke kompensieren soll und die optischen Signale von bis zu 48 Kan\u00e4len (Kanalintervall 100 GHz) verst\u00e4rken kann 96 Kan\u00e4le (Kanalintervall 50 GHz) gleichzeitig im C-Band.<\/p>\n<p style=\"font-weight: 400;\">Die EDFA-Karte bietet viele Vorteile, wie z. B. flache Verst\u00e4rkung, gesperrte Verst\u00e4rkung, niedrige Rauschzahl usw.; Au\u00dferdem ist es eine unverzichtbare wichtige Komponente f\u00fcr DWDM-Systeme, zuk\u00fcnftige Hochgeschwindigkeitssysteme und die Fern\u00fcbertragung \u00fcber rein optische Netzwerke.<\/p>","protected":false},"featured_media":5159,"comment_status":"closed","ping_status":"closed","template":"","meta":{"content-type":"","_themeisle_gutenberg_block_has_review":false},"product_cat":[154,157],"product_tag":[164],"aioseo_notices":[],"_links":{"self":[{"href":"https:\/\/key2optics.com\/de\/wp-json\/wp\/v2\/product\/5150"}],"collection":[{"href":"https:\/\/key2optics.com\/de\/wp-json\/wp\/v2\/product"}],"about":[{"href":"https:\/\/key2optics.com\/de\/wp-json\/wp\/v2\/types\/product"}],"replies":[{"embeddable":true,"href":"https:\/\/key2optics.com\/de\/wp-json\/wp\/v2\/comments?post=5150"}],"wp:featuredmedia":[{"embeddable":true,"href":"https:\/\/key2optics.com\/de\/wp-json\/wp\/v2\/media\/5159"}],"wp:attachment":[{"href":"https:\/\/key2optics.com\/de\/wp-json\/wp\/v2\/media?parent=5150"}],"wp:term":[{"taxonomy":"product_cat","embeddable":true,"href":"https:\/\/key2optics.com\/de\/wp-json\/wp\/v2\/product_cat?post=5150"},{"taxonomy":"product_tag","embeddable":true,"href":"https:\/\/key2optics.com\/de\/wp-json\/wp\/v2\/product_tag?post=5150"}],"curies":[{"name":"wp","href":"https:\/\/api.w.org\/{rel}","templated":true}]}}