{"id":5207,"date":"2022-10-08T16:42:39","date_gmt":"2022-10-08T08:42:39","guid":{"rendered":"https:\/\/key2optics.com\/?post_type=product&#038;p=5207"},"modified":"2025-09-15T10:23:19","modified_gmt":"2025-09-15T02:23:19","slug":"10g-active-sfp-dac","status":"publish","type":"product","link":"https:\/\/key2optics.com\/de\/produkt\/10g-aktiv-sfp-dac\/","title":{"rendered":"10G aktiver SFP+ DAC"},"content":{"rendered":"<div class=\"node__content clearfix\">\n<div class=\"field field--name-body field--type-text-with-summary field--label-hidden field__item\">\n<p>SFP+ von Key2Optics (<a href=\"https:\/\/en.wikipedia.org\/wiki\/Small_Form-factor_Pluggable#10_Gbit\/s_SFP+\" target=\"_blank\" rel=\"noopener\">Wiki: Was ist SFP+?<\/a>) Hochgeschwindigkeitskabel wird f\u00fcr die Daten\u00fcbertragung zwischen denselben oder benachbarten Schr\u00e4nken in Rechenzentren verwendet und ist 100% kompatibel mit der gesamten Palette von Markenservern, Switches, Routern, PDH\/SDH-\u00dcbertragungsger\u00e4ten, EPON-, GPON-, WDM-PON-Basisstationen und sonstige Vollausstattung. L\u00e4ngere \u00dcbertragungsentfernungen, geringer Stromverbrauch, niedrige Kosten und hohe Zuverl\u00e4ssigkeit machen es zur bevorzugten L\u00f6sung f\u00fcr Kurzstreckenanwendungen mit 10G-Raten.<\/p>\n<p>Aktiver SFP+ DAC kann f\u00fcr die Rack-zu-Rack-\u00dcbertragung in den Rechenzentren \u00fcber eine l\u00e4ngere Distanz ausgedehnt werden.<\/p>\n<p><strong>Merkmale<\/strong><\/p>\n<ul>\n<li>Unterst\u00fctzung f\u00fcr Hot-Plug-f\u00e4hige SFP+-Pakete<\/li>\n<li>Konform mit SFF-8431\/SFF-8432<\/li>\n<li>Konform mit den Standards SFP+ MSA und 10GSFP+Cu<\/li>\n<li>Maximale Geschwindigkeit bis zu 10,3125 Gbit\/s, abw\u00e4rtskompatibel zu 1 Gbit\/s<\/li>\n<li>Verbindungsl\u00e4ngen bis zu 15 Meter \u00fcber aktives Kupferkabel<\/li>\n<li>Verbesserte EMI\/EMV-Leistung<\/li>\n<li>Erh\u00e4ltlich in Kabelgr\u00f6\u00dfen von 30 AWG bis 24 AWG<\/li>\n<li>Zweidrahtige serielle Schnittstelle mit anpassbarer EEPROM-Signatur basierend auf I2C<\/li>\n<li>Betriebstemperatur: 0 bis 70 \u00b0C<\/li>\n<li>RoHS 6.0-konform<\/li>\n<\/ul>\n<p><img loading=\"lazy\" decoding=\"async\" class=\"wp-image-5217 aligncenter\" src=\"https:\/\/key2optics.com\/wp-content\/uploads\/2022\/10\/10g_active_aoc-scaled.jpg\" alt=\"\" width=\"436\" height=\"436\" srcset=\"https:\/\/key2optics.com\/wp-content\/uploads\/2022\/10\/10g_active_aoc-scaled.jpg 2560w, https:\/\/key2optics.com\/wp-content\/uploads\/2022\/10\/10g_active_aoc-scaled-420x420.jpg 420w, https:\/\/key2optics.com\/wp-content\/uploads\/2022\/10\/10g_active_aoc-scaled-100x100.jpg 100w, https:\/\/key2optics.com\/wp-content\/uploads\/2022\/10\/10g_active_aoc-scaled-800x800.jpg 800w, https:\/\/key2optics.com\/wp-content\/uploads\/2022\/10\/10g_active_aoc-480x480.jpg 480w, https:\/\/key2optics.com\/wp-content\/uploads\/2022\/10\/10g_active_aoc-180x180.jpg 180w, https:\/\/key2optics.com\/wp-content\/uploads\/2022\/10\/10g_active_aoc-768x768.jpg 768w, https:\/\/key2optics.com\/wp-content\/uploads\/2022\/10\/10g_active_aoc-1536x1536.jpg 1536w, https:\/\/key2optics.com\/wp-content\/uploads\/2022\/10\/10g_active_aoc-2048x2048.jpg 2048w, https:\/\/key2optics.com\/wp-content\/uploads\/2022\/10\/10g_active_aoc-12x12.jpg 12w, https:\/\/key2optics.com\/wp-content\/uploads\/2022\/10\/10g_active_aoc-1140x1140.jpg 1140w, https:\/\/key2optics.com\/wp-content\/uploads\/2022\/10\/10g_active_aoc-920x920.jpg 920w, https:\/\/key2optics.com\/wp-content\/uploads\/2022\/10\/10g_active_aoc-575x575.jpg 575w, https:\/\/key2optics.com\/wp-content\/uploads\/2022\/10\/10g_active_aoc-380x380.jpg 380w\" sizes=\"(max-width: 436px) 100vw, 436px\" \/><\/p>\n<p>&nbsp;<\/p>\n<p><strong>Standardkonformit\u00e4t<\/strong><br \/>\nIEEE 802.3ae<br \/>\nElektrisch: SFF-8431, SFF-8083<br \/>\nMechanisch: SFF-8432<br \/>\nEEPROM: SFF-8431<br \/>\nAktives Kabel: SFF-8461<\/p>\n<\/div>\n<\/div>\n<p>Bitte laden Sie die Spezifikation herunter <a href=\"https:\/\/key2optics.com\/de\/herunterladen\/\">Verkn\u00fcpfung<\/a><\/p>\n<h3><strong>Unterst\u00fctzte Ger\u00e4te und Marken<\/strong><\/h3>\n<hr \/>\n<p>Unsere optischen Transceiver sind mit den meisten Pappelmarken auf dem Markt kompatibel. Teilen Sie uns die Marken der Ger\u00e4te mit, die Sie verwenden werden, wir bieten Ihnen den ma\u00dfgeschneiderten Service.<\/p>\n<p>SFP\/SFP+\/SFP28\/QSFP\/QSFP+\/QSFP28\/CFP\/CFP2\/CFP4-Modul<strong> unterst\u00fctzte Marken<\/strong>: Cisco\/HP\/DELL\/FINISAR\/INTEL\/HUAWEI\/JUNIPER\/ZTE\/TP-LINK\/H3C \u2026<\/p>\n<p><strong>Unterst\u00fctzende Ger\u00e4te:<\/strong> Server\/Switch\/NAS\/WDM OTN\/Fiber-zu-Ethernet-Medienkonverter\/Router mit SFP\/SFP+\/SFP28\/QSFP\/QSFP+\/QSFP28\/CFP\/CFP2\/CFP4-Schnittstelle.<\/p>\n<p>&nbsp;<\/p>\n<p><img loading=\"lazy\" decoding=\"async\" class=\"aligncenter wp-image-4309\" src=\"https:\/\/key2optics.com\/wp-content\/uploads\/2022\/09\/Optical-Module-List-en.jpg\" alt=\"Transceiver-Kompatibilit\u00e4t\" width=\"1000\" height=\"992\" srcset=\"https:\/\/key2optics.com\/wp-content\/uploads\/2022\/09\/Optical-Module-List-en.jpg 1591w, https:\/\/key2optics.com\/wp-content\/uploads\/2022\/09\/Optical-Module-List-en-100x100.jpg 100w, https:\/\/key2optics.com\/wp-content\/uploads\/2022\/09\/Optical-Module-List-en-800x793.jpg 800w, https:\/\/key2optics.com\/wp-content\/uploads\/2022\/09\/Optical-Module-List-en-484x480.jpg 484w, https:\/\/key2optics.com\/wp-content\/uploads\/2022\/09\/Optical-Module-List-en-180x180.jpg 180w, https:\/\/key2optics.com\/wp-content\/uploads\/2022\/09\/Optical-Module-List-en-768x762.jpg 768w, https:\/\/key2optics.com\/wp-content\/uploads\/2022\/09\/Optical-Module-List-en-1536x1523.jpg 1536w, https:\/\/key2optics.com\/wp-content\/uploads\/2022\/09\/Optical-Module-List-en-1140x1131.jpg 1140w, https:\/\/key2optics.com\/wp-content\/uploads\/2022\/09\/Optical-Module-List-en-920x912.jpg 920w, https:\/\/key2optics.com\/wp-content\/uploads\/2022\/09\/Optical-Module-List-en-575x570.jpg 575w, https:\/\/key2optics.com\/wp-content\/uploads\/2022\/09\/Optical-Module-List-en-380x377.jpg 380w\" sizes=\"(max-width: 1000px) 100vw, 1000px\" \/><\/p>\n<p><img loading=\"lazy\" decoding=\"async\" class=\"wp-image-6388 size-full aligncenter\" src=\"https:\/\/key2optics.com\/wp-content\/uploads\/2019\/11\/Application1.jpg\" alt=\"Vom SFP-Modul unterst\u00fctzte Ger\u00e4te\" width=\"807\" height=\"444\" \/><\/p>\n<h3><strong>Warum Key2Optics<\/strong><\/h3>\n<hr \/>\n<h4>Produktions- und Qualit\u00e4tskontrolle<\/h4>\n<p>Mit fortschrittlichen Montagelinien, Roboterwerkst\u00e4tten und Testlabors sorgen wir daf\u00fcr, dass unsere Produkte 100% fehlerfrei sind und in jeder Umgebung und unter allen Umst\u00e4nden eingesetzt werden k\u00f6nnen. <a href=\"https:\/\/key2optics.com\/de\/qualitatskontrolle\/\" target=\"_blank\" rel=\"noopener\">Mehr\u2026<\/a><\/p>\n<p><a href=\"https:\/\/key2optics.com\/de\/qualitatskontrolle\/\" target=\"_blank\" rel=\"noopener\"><img loading=\"lazy\" decoding=\"async\" class=\"aligncenter wp-image-6391 size-full\" title=\"key2optics QC und Produktion\" src=\"https:\/\/key2optics.com\/wp-content\/uploads\/2019\/11\/QCProduction.jpg\" alt=\"key2optics QC und Produktion\" width=\"1000\" height=\"756\" \/><\/a><\/p>\n<p>Wir \u00fcberwachen jeden Schritt in der Produktion streng, um sicherzustellen, dass jedes an Sie gelieferte Produkt r\u00fcckverfolgbar und fehlerfrei ist.\u00a0 \u00a0<a href=\"https:\/\/key2optics.com\/de\/qualitatskontrolle\/\" target=\"_blank\" rel=\"noopener\">Mehr\u2026<\/a><\/p>\n<figure id=\"attachment_6394\" aria-describedby=\"caption-attachment-6394\" style=\"width: 1000px\" class=\"wp-caption aligncenter\"><a href=\"https:\/\/key2optics.com\/de\/qualitatskontrolle\/\" target=\"_blank\" rel=\"noopener\"><img loading=\"lazy\" decoding=\"async\" class=\"wp-image-6394 size-full\" src=\"https:\/\/key2optics.com\/wp-content\/uploads\/2019\/11\/production.jpg\" alt=\"key2optics Produktion und Pr\u00fcfung\" width=\"1000\" height=\"416\" \/><\/a><figcaption id=\"caption-attachment-6394\" class=\"wp-caption-text\">key2optics Produktion und Pr\u00fcfung<\/figcaption><\/figure>\n<h4>Unsere Qualifikation<\/h4>\n<p>Unsere Produkte und unsere Produktionslinie sind CE-, FCC- und RoHs-zertifiziert <a title=\"ISO9001\" href=\"https:\/\/key2optics.com\/wp-content\/uploads\/2022\/09\/ISO9001.jpg\" target=\"_blank\" rel=\"noopener\">ISO9001<\/a> zertifiziert. Wir verf\u00fcgen \u00fcber Dutzende von Patentzertifikaten und Softwarezertifikaten.\u00a0 <a href=\"https:\/\/key2optics.com\/de\/qualitatskontrolle\/\" target=\"_blank\" rel=\"noopener\">Mehr\u2026<\/a><\/p>\n<p><a href=\"https:\/\/key2optics.com\/de\/qualitatskontrolle\/\" target=\"_blank\" rel=\"noopener\"><img loading=\"lazy\" decoding=\"async\" class=\"aligncenter wp-image-6389 size-full\" src=\"https:\/\/key2optics.com\/wp-content\/uploads\/2019\/11\/Certificates.jpg\" alt=\"key2optics zertifiziert\" width=\"1000\" height=\"241\" \/><\/a><\/p>","protected":false},"excerpt":{"rendered":"<p>Das SFP+-Hochgeschwindigkeitskabel von Key2Optics wird f\u00fcr die Daten\u00fcbertragung zwischen denselben oder benachbarten Schr\u00e4nken in Rechenzentren verwendet und ist 100%-kompatibel mit der gesamten Palette an Markenservern, Switches, Routern, PDH\/SDH-\u00dcbertragungsger\u00e4ten, EPON, GPON und WDM-PON-Basis Stationen und andere komplette Ausr\u00fcstung. L\u00e4ngere \u00dcbertragungsentfernungen, geringer Stromverbrauch, niedrige Kosten und hohe Zuverl\u00e4ssigkeit machen es zur bevorzugten L\u00f6sung f\u00fcr Kurzstreckenanwendungen mit 10G-Raten.<\/p>\n<p>Aktiver SFP+ DAC kann f\u00fcr die Rack-zu-Rack-\u00dcbertragung in den Rechenzentren \u00fcber eine l\u00e4ngere Distanz ausgedehnt werden.<\/p>","protected":false},"featured_media":5217,"comment_status":"closed","ping_status":"closed","template":"","meta":{"content-type":"","_themeisle_gutenberg_block_has_review":false},"product_cat":[139],"product_tag":[166],"aioseo_notices":[],"_links":{"self":[{"href":"https:\/\/key2optics.com\/de\/wp-json\/wp\/v2\/product\/5207"}],"collection":[{"href":"https:\/\/key2optics.com\/de\/wp-json\/wp\/v2\/product"}],"about":[{"href":"https:\/\/key2optics.com\/de\/wp-json\/wp\/v2\/types\/product"}],"replies":[{"embeddable":true,"href":"https:\/\/key2optics.com\/de\/wp-json\/wp\/v2\/comments?post=5207"}],"wp:featuredmedia":[{"embeddable":true,"href":"https:\/\/key2optics.com\/de\/wp-json\/wp\/v2\/media\/5217"}],"wp:attachment":[{"href":"https:\/\/key2optics.com\/de\/wp-json\/wp\/v2\/media?parent=5207"}],"wp:term":[{"taxonomy":"product_cat","embeddable":true,"href":"https:\/\/key2optics.com\/de\/wp-json\/wp\/v2\/product_cat?post=5207"},{"taxonomy":"product_tag","embeddable":true,"href":"https:\/\/key2optics.com\/de\/wp-json\/wp\/v2\/product_tag?post=5207"}],"curies":[{"name":"wp","href":"https:\/\/api.w.org\/{rel}","templated":true}]}}