{"id":5455,"date":"2022-10-18T17:56:00","date_gmt":"2022-10-18T09:56:00","guid":{"rendered":"https:\/\/key2optics.com\/?post_type=product&#038;p=5455"},"modified":"2025-09-15T10:23:14","modified_gmt":"2025-09-15T02:23:14","slug":"awg-dwdm","status":"publish","type":"product","link":"https:\/\/key2optics.com\/de\/produkt\/awg-dwdm\/","title":{"rendered":"AAWG DWDM"},"content":{"rendered":"<div class=\"node__content clearfix\">\n<div class=\"field field--name-body field--type-text-with-summary field--label-hidden field__item\">\n<p>Das AAWG (Athermal Arrayed Waveguide Grating) (Wiki: <a href=\"https:\/\/en.wikipedia.org\/wiki\/Arrayed_waveguide_grating\">Was ist AWG?<\/a>?) DWDM basiert auf der Wellenleitergittertechnologie auf Siliziumsubstraten, die \u00fcber ein einzigartiges w\u00e4rmefreies Geh\u00e4usedesign verf\u00fcgt. Es kann eine genaue Kanalkopplung ohne Stromversorgung, Software oder Temperaturregelung erreicht werden. Es bietet eine Reihe von Vorteilen wie geringe Einf\u00fcgungsd\u00e4mpfung, hohe Kanalisolation und hohe Stabilit\u00e4t. Es gibt optionale Gau\u00df-Typen und Flat-Top-Typen.<\/p>\n<p>AAWG ist ideal f\u00fcr die Erh\u00f6hung der Glasfaserkapazit\u00e4t zwischen zwei Standorten, ohne dass zus\u00e4tzliche Glasfasern installiert oder gemietet werden m\u00fcssen. Die vollst\u00e4ndig passive L\u00f6sung erfordert keine Stromkabel und keine Konfiguration; Es handelt sich um eine echte Plug-and-Play-L\u00f6sung. Das AAWG h\u00e4lt die aktive Ausr\u00fcstung von den Wellenl\u00e4ngenmultiplexkomponenten getrennt. Es kann in Verbindung mit Key2optics oder jedem anderen DWDM-kompatiblen aktiven optischen Ger\u00e4t eines Herstellers verwendet werden.<\/p>\n<p><strong>Merkmale<\/strong><\/p>\n<ul>\n<li>Geringe Einf\u00fcged\u00e4mpfung (IL)<\/li>\n<li>Hohe Kanalisolation<\/li>\n<li>Hohe Stabilit\u00e4t und Zuverl\u00e4ssigkeit<\/li>\n<li>40\/48\/80\/96 Kan\u00e4le optional mit ABS oder 1U-Chassis-Paket<\/li>\n<li><span lang=\"EN-US\">Gro\u00dfer Betriebswellenl\u00e4ngenbereich<\/span><\/li>\n<li><span lang=\"EN-US\">Entspricht ITU-T G.694.1.<\/span><\/li>\n<li><span lang=\"EN-US\">Entspricht Telcordia GR-1209-CORE-2001.<\/span><\/li>\n<li><span lang=\"EN-US\">Entspricht Telcordia GR-1221-CORE-1999.<\/span><\/li>\n<li><span lang=\"EN-US\">RoHS-6-konform (bleifrei)<\/span><\/li>\n<\/ul>\n<p><strong>Netzwerkdiagramm<\/strong><\/p>\n<p><img loading=\"lazy\" decoding=\"async\" class=\"aligncenter wp-image-5458 size-full\" src=\"https:\/\/key2optics.com\/wp-content\/uploads\/2022\/10\/AAWG.jpeg\" alt=\"aawg-Diagramm\" width=\"479\" height=\"229\" srcset=\"https:\/\/key2optics.com\/wp-content\/uploads\/2022\/10\/AAWG.jpeg 479w, https:\/\/key2optics.com\/wp-content\/uploads\/2022\/10\/AAWG-18x9.jpeg 18w, https:\/\/key2optics.com\/wp-content\/uploads\/2022\/10\/AAWG-380x182.jpeg 380w\" sizes=\"(max-width: 479px) 100vw, 479px\" \/><\/p>\n<\/div>\n<\/div>\n<p align=\"left\"><strong><span lang=\"EN-US\">Spezifikation<\/span><\/strong><\/p>\n<table width=\"859\" cellspacing=\"0\" cellpadding=\"10\">\n<colgroup>\n<col width=\"279\" \/>\n<col width=\"120\" \/>\n<col width=\"120\" \/>\n<col width=\"120\" \/>\n<col width=\"119\" \/><\/colgroup>\n<tbody>\n<tr>\n<td bgcolor=\"#000000\" width=\"279\">\n<p class=\"cjk\"><span style=\"color: #ffffff;\"><span lang=\"en-US\" style=\"font-size: medium;\">Spezifikation<\/span><\/span><\/p>\n<\/td>\n<td colspan=\"4\" bgcolor=\"#000000\" width=\"538\">\n<p class=\"cjk\"><span style=\"color: #ffffff;\"><span lang=\"en-US\" style=\"font-size: medium;\">AAWG DWDM MUX\/DEMUX<\/span><\/span><\/p>\n<\/td>\n<\/tr>\n<tr>\n<td bgcolor=\"#FFFFFF\" width=\"279\">\n<p class=\"cjk\"><span lang=\"en-US\" style=\"font-size: medium;\">Kanalabstand<\/span><\/p>\n<\/td>\n<td colspan=\"2\" bgcolor=\"#FFFFFF\" width=\"260\">\n<p class=\"cjk\"><span lang=\"en-US\" style=\"font-size: medium;\">50 GHz<\/span><\/p>\n<\/td>\n<td colspan=\"2\" bgcolor=\"#FFFFFF\" width=\"259\">\n<p class=\"cjk\"><span lang=\"en-US\" style=\"font-size: medium;\">100 GHz<\/span><\/p>\n<\/td>\n<\/tr>\n<tr>\n<td bgcolor=\"#FFFFFF\" width=\"279\">\n<p class=\"cjk\"><span lang=\"en-US\" style=\"font-size: medium;\">Kanaltyp<\/span><\/p>\n<\/td>\n<td bgcolor=\"#FFFFFF\" width=\"120\">\n<p class=\"cjk\"><span lang=\"en-US\" style=\"font-size: medium;\">Flache Oberseite<\/span><\/p>\n<\/td>\n<td bgcolor=\"#FFFFFF\" width=\"120\">\n<p class=\"cjk\"><span lang=\"en-US\" style=\"font-size: medium;\">Gau\u00df<\/span><\/p>\n<\/td>\n<td bgcolor=\"#FFFFFF\" width=\"120\">\n<p class=\"cjk\"><span lang=\"en-US\" style=\"font-size: medium;\">Flache Oberseite<\/span><\/p>\n<\/td>\n<td bgcolor=\"#FFFFFF\" width=\"119\">\n<p class=\"cjk\"><span lang=\"en-US\" style=\"font-size: medium;\">Gau\u00df<\/span><\/p>\n<\/td>\n<\/tr>\n<tr>\n<td bgcolor=\"#FFFFFF\" width=\"279\">\n<p class=\"cjk\"><span lang=\"en-US\" style=\"font-size: medium;\">Kanal Nummer<\/span><\/p>\n<\/td>\n<td colspan=\"2\" bgcolor=\"#FFFFFF\" width=\"260\">\n<p class=\"cjk\"><span lang=\"en-US\" style=\"font-size: medium;\">80\/96<\/span><\/p>\n<\/td>\n<td colspan=\"2\" bgcolor=\"#FFFFFF\" width=\"259\">\n<p class=\"cjk\"><span lang=\"en-US\" style=\"font-size: medium;\">40\/48<\/span><\/p>\n<\/td>\n<\/tr>\n<tr>\n<td bgcolor=\"#FFFFFF\" width=\"279\">\n<p class=\"cjk\"><span lang=\"en-US\" style=\"font-size: medium;\">Wellenl\u00e4ngengenauigkeit (nm)<\/span><\/p>\n<\/td>\n<td colspan=\"4\" bgcolor=\"#FFFFFF\" width=\"538\">\n<p class=\"cjk\"><span lang=\"en-US\" style=\"font-size: medium;\">\u00b10,05<\/span><\/p>\n<\/td>\n<\/tr>\n<tr>\n<td bgcolor=\"#FFFFFF\" width=\"279\">\n<p class=\"cjk\"><span lang=\"en-US\" style=\"font-size: medium;\">-1dB Bandbreite (nm)<\/span><\/p>\n<\/td>\n<td bgcolor=\"#FFFFFF\" width=\"120\">\n<p class=\"cjk\"><span lang=\"en-US\" style=\"font-size: medium;\">&gt;0,34<\/span><\/p>\n<\/td>\n<td bgcolor=\"#FFFFFF\" width=\"120\">\n<p class=\"cjk\"><span lang=\"en-US\" style=\"font-size: medium;\">&gt;0,24<\/span><\/p>\n<\/td>\n<td bgcolor=\"#FFFFFF\" width=\"120\">\n<p class=\"cjk\"><span lang=\"en-US\" style=\"font-size: medium;\">&gt;0,38<\/span><\/p>\n<\/td>\n<td bgcolor=\"#FFFFFF\" width=\"119\">\n<p class=\"cjk\"><span lang=\"en-US\" style=\"font-size: medium;\">&gt;0,2<\/span><\/p>\n<\/td>\n<\/tr>\n<tr>\n<td bgcolor=\"#FFFFFF\" width=\"279\">\n<p class=\"cjk\"><span lang=\"en-US\" style=\"font-size: medium;\">-3dB Bandbreite (nm)<\/span><\/p>\n<\/td>\n<td bgcolor=\"#FFFFFF\" width=\"120\">\n<p class=\"cjk\"><span lang=\"en-US\" style=\"font-size: medium;\">&gt;0,51<\/span><\/p>\n<\/td>\n<td bgcolor=\"#FFFFFF\" width=\"120\">\n<p class=\"cjk\"><span lang=\"en-US\" style=\"font-size: medium;\">&gt;0,3<\/span><\/p>\n<\/td>\n<td bgcolor=\"#FFFFFF\" width=\"120\">\n<p class=\"cjk\"><span lang=\"en-US\" style=\"font-size: medium;\">&gt;0,58<\/span><\/p>\n<\/td>\n<td bgcolor=\"#FFFFFF\" width=\"119\">\n<p class=\"cjk\"><span lang=\"en-US\" style=\"font-size: medium;\">&gt;0,4<\/span><\/p>\n<\/td>\n<\/tr>\n<tr>\n<td bgcolor=\"#FFFFFF\" width=\"279\">\n<p class=\"cjk\"><span lang=\"en-US\" style=\"font-size: medium;\">Kanaleinf\u00fcged\u00e4mpfung (dB)<\/span><\/p>\n<\/td>\n<td bgcolor=\"#FFFFFF\" width=\"120\">\n<p class=\"cjk\"><span lang=\"en-US\" style=\"font-size: medium;\">&lt;7,0<\/span><\/p>\n<\/td>\n<td bgcolor=\"#FFFFFF\" width=\"120\">\n<p class=\"cjk\"><span lang=\"en-US\" style=\"font-size: medium;\">&lt;6,0<\/span><\/p>\n<\/td>\n<td bgcolor=\"#FFFFFF\" width=\"120\">\n<p class=\"cjk\"><span lang=\"en-US\" style=\"font-size: medium;\">&lt;5,5<\/span><\/p>\n<\/td>\n<td bgcolor=\"#FFFFFF\" width=\"119\">\n<p class=\"cjk\"><span lang=\"en-US\" style=\"font-size: medium;\">&lt;3,5<\/span><\/p>\n<\/td>\n<\/tr>\n<tr>\n<td bgcolor=\"#FFFFFF\" width=\"279\">\n<p class=\"cjk\"><span lang=\"en-US\" style=\"font-size: medium;\">Nachbarkanalisolation (dB)<\/span><\/p>\n<\/td>\n<td colspan=\"2\" bgcolor=\"#FFFFFF\" width=\"260\">\n<p class=\"cjk\"><span lang=\"en-US\" style=\"font-size: medium;\">&gt;26<\/span><\/p>\n<\/td>\n<td bgcolor=\"#FFFFFF\" width=\"120\">\n<p class=\"cjk\"><span lang=\"en-US\" style=\"font-size: medium;\">&gt;23<\/span><\/p>\n<\/td>\n<td bgcolor=\"#FFFFFF\" width=\"119\">\n<p class=\"cjk\"><span lang=\"en-US\" style=\"font-size: medium;\">&gt;26<\/span><\/p>\n<\/td>\n<\/tr>\n<tr>\n<td bgcolor=\"#FFFFFF\" width=\"279\">\n<p class=\"cjk\"><span lang=\"en-US\" style=\"font-size: medium;\">Nicht benachbarte Kanalisolation (dB)<\/span><\/p>\n<\/td>\n<td colspan=\"4\" bgcolor=\"#FFFFFF\" width=\"538\">\n<p class=\"cjk\"><span lang=\"en-US\" style=\"font-size: medium;\">&gt;30<\/span><\/p>\n<\/td>\n<\/tr>\n<tr>\n<td bgcolor=\"#FFFFFF\" width=\"279\">\n<p class=\"cjk\"><span lang=\"en-US\" style=\"font-size: medium;\">Vollst\u00e4ndige Isolierung (dB)<\/span><\/p>\n<\/td>\n<td colspan=\"2\" bgcolor=\"#FFFFFF\" width=\"260\">\n<p class=\"cjk\"><span lang=\"en-US\" style=\"font-size: medium;\">&gt;20<\/span><\/p>\n<\/td>\n<td colspan=\"2\" bgcolor=\"#FFFFFF\" width=\"259\">\n<p class=\"cjk\"><span lang=\"en-US\" style=\"font-size: medium;\">&gt;21<\/span><\/p>\n<\/td>\n<\/tr>\n<tr>\n<td bgcolor=\"#FFFFFF\" width=\"279\">\n<p class=\"cjk\"><span lang=\"en-US\" style=\"font-size: medium;\">Ebenheit (dB)<\/span><\/p>\n<\/td>\n<td colspan=\"4\" bgcolor=\"#FFFFFF\" width=\"538\">\n<p class=\"cjk\"><span lang=\"en-US\" style=\"font-size: medium;\">&lt;1,5<\/span><\/p>\n<\/td>\n<\/tr>\n<tr>\n<td bgcolor=\"#FFFFFF\" width=\"279\">\n<p class=\"cjk\"><span lang=\"en-US\" style=\"font-size: medium;\">R\u00fcckflussd\u00e4mpfung (dB)<\/span><\/p>\n<\/td>\n<td colspan=\"4\" bgcolor=\"#FFFFFF\" width=\"538\">\n<p class=\"cjk\"><span lang=\"en-US\" style=\"font-size: medium;\">&gt;40<\/span><\/p>\n<\/td>\n<\/tr>\n<tr>\n<td bgcolor=\"#FFFFFF\" width=\"279\">\n<p class=\"cjk\"><span lang=\"en-US\" style=\"font-size: medium;\">Richtwirkung (dB)<\/span><\/p>\n<\/td>\n<td colspan=\"4\" bgcolor=\"#FFFFFF\" width=\"538\">\n<p class=\"cjk\"><span lang=\"en-US\" style=\"font-size: medium;\">&gt;50<\/span><\/p>\n<\/td>\n<\/tr>\n<tr>\n<td bgcolor=\"#FFFFFF\" width=\"279\">\n<p class=\"cjk\"><span lang=\"en-US\" style=\"font-size: medium;\">Polarisationsabh\u00e4ngiger Verlust (dB)<\/span><\/p>\n<\/td>\n<td colspan=\"4\" bgcolor=\"#FFFFFF\" width=\"538\">\n<p class=\"cjk\"><span lang=\"en-US\" style=\"font-size: medium;\">&lt;0,5<\/span><\/p>\n<\/td>\n<\/tr>\n<tr>\n<td bgcolor=\"#FFFFFF\" width=\"279\">\n<p class=\"cjk\"><span lang=\"en-US\" style=\"font-size: medium;\">Polarisationsmodendispersion (ps)<\/span><\/p>\n<\/td>\n<td colspan=\"4\" bgcolor=\"#FFFFFF\" width=\"538\">\n<p class=\"cjk\"><span lang=\"en-US\" style=\"font-size: medium;\">&lt;0,5<\/span><\/p>\n<\/td>\n<\/tr>\n<tr>\n<td bgcolor=\"#FFFFFF\" width=\"279\">\n<p class=\"cjk\"><span lang=\"en-US\" style=\"font-size: medium;\">Betriebstemperatur (\u00b0C)<\/span><\/p>\n<\/td>\n<td colspan=\"4\" bgcolor=\"#FFFFFF\" width=\"538\">\n<p class=\"cjk\"><span lang=\"en-US\" style=\"font-size: medium;\">-10~+70<\/span><\/p>\n<\/td>\n<\/tr>\n<tr>\n<td bgcolor=\"#FFFFFF\" width=\"279\">\n<p class=\"cjk\"><span lang=\"en-US\" style=\"font-size: medium;\">Lagertemperatur (\u00b0C)<\/span><\/p>\n<\/td>\n<td colspan=\"4\" bgcolor=\"#FFFFFF\" width=\"538\">\n<p class=\"cjk\"><span lang=\"en-US\" style=\"font-size: medium;\">-40 ~+85<\/span><\/p>\n<\/td>\n<\/tr>\n<tr>\n<td bgcolor=\"#FFFFFF\" width=\"279\">\n<p class=\"cjk\"><span lang=\"en-US\" style=\"font-size: medium;\">Pakettyp<\/span><\/p>\n<\/td>\n<td colspan=\"4\" valign=\"top\" bgcolor=\"#FFFFFF\" width=\"538\">\n<p class=\"cjk\"><span lang=\"en-US\" style=\"font-size: medium;\">ABS-Box, 1U Standard-19-Zoll-Rack<\/span><\/p>\n<\/td>\n<\/tr>\n<\/tbody>\n<\/table>\n<p>Bitte laden Sie die Spezifikation herunter <a href=\"https:\/\/key2optics.com\/de\/herunterladen\/\">Verkn\u00fcpfung<\/a><\/p>\n<p>&nbsp;<\/p>\n<p>&nbsp;<\/p>\n<p>&nbsp;<\/p>","protected":false},"excerpt":{"rendered":"<p>Das AAWG (Athermal Arrayed Waveguide Grating) basiert auf der Wellenleitergittertechnologie auf Siliziumsubstraten, die \u00fcber ein einzigartiges w\u00e4rmefreies Geh\u00e4usedesign verf\u00fcgt. Es kann eine genaue Kanalkopplung ohne Stromversorgung, Software oder Temperaturregelung erreicht werden. Es bietet eine Reihe von Vorteilen wie geringe Einf\u00fcgungsd\u00e4mpfung, hohe Kanalisolation und hohe Stabilit\u00e4t. Es gibt optionale Gau\u00df- und Flat-Top-Typen.<\/p>","protected":false},"featured_media":5456,"comment_status":"closed","ping_status":"closed","template":"","meta":{"content-type":"","_themeisle_gutenberg_block_has_review":false},"product_cat":[71],"product_tag":[179],"aioseo_notices":[],"_links":{"self":[{"href":"https:\/\/key2optics.com\/de\/wp-json\/wp\/v2\/product\/5455"}],"collection":[{"href":"https:\/\/key2optics.com\/de\/wp-json\/wp\/v2\/product"}],"about":[{"href":"https:\/\/key2optics.com\/de\/wp-json\/wp\/v2\/types\/product"}],"replies":[{"embeddable":true,"href":"https:\/\/key2optics.com\/de\/wp-json\/wp\/v2\/comments?post=5455"}],"wp:featuredmedia":[{"embeddable":true,"href":"https:\/\/key2optics.com\/de\/wp-json\/wp\/v2\/media\/5456"}],"wp:attachment":[{"href":"https:\/\/key2optics.com\/de\/wp-json\/wp\/v2\/media?parent=5455"}],"wp:term":[{"taxonomy":"product_cat","embeddable":true,"href":"https:\/\/key2optics.com\/de\/wp-json\/wp\/v2\/product_cat?post=5455"},{"taxonomy":"product_tag","embeddable":true,"href":"https:\/\/key2optics.com\/de\/wp-json\/wp\/v2\/product_tag?post=5455"}],"curies":[{"name":"wp","href":"https:\/\/api.w.org\/{rel}","templated":true}]}}