{"id":5464,"date":"2022-10-19T16:28:29","date_gmt":"2022-10-19T08:28:29","guid":{"rendered":"https:\/\/key2optics.com\/?post_type=product&#038;p=5464"},"modified":"2025-09-15T10:23:13","modified_gmt":"2025-09-15T02:23:13","slug":"dwdm-muxdemux","status":"publish","type":"product","link":"https:\/\/key2optics.com\/de\/produkt\/dwdm-muxdemux\/","title":{"rendered":"DWDM Mux|Demux"},"content":{"rendered":"<div class=\"node__content clearfix\">\n<div class=\"field field--name-body field--type-text-with-summary field--label-hidden field__item\">\n<p>Key2 Optics Passiver DWDM Mux | Demux (Wiki: <a href=\"https:\/\/en.wikipedia.org\/wiki\/Wavelength-division_multiplexing\">Was ist DWDM?<\/a>) basiert auf der D\u00fcnnfilmfilter-Technologie (TFF) und arbeitet mit einem Kanalabstand von 100 GHz im ITU-Netz. Der DWDM-Wellenl\u00e4ngenbereich reicht von 1525 nm bis 1565 nm, und die ITU-Kanalwellenl\u00e4ngen sind w\u00e4hlbar; Es verf\u00fcgt \u00fcber eine Vielzahl von Geh\u00e4usestrukturen, eine geringe Einf\u00fcgungsd\u00e4mpfung und eine hohe Kanalisolation mit bis zu 16 DWDM-Kan\u00e4len.<\/p>\n<p><strong>Merkmale<\/strong><\/p>\n<ul>\n<li><span lang=\"EN-US\">Geringe Einf\u00fcged\u00e4mpfung (IL)\u00a0<\/span><\/li>\n<li><span lang=\"EN-US\">Hohe Kanalisolation<\/span><\/li>\n<li><span lang=\"EN-US\">Hohe Stabilit\u00e4t und Zuverl\u00e4ssigkeit<\/span><\/li>\n<li><span lang=\"EN-US\">Gro\u00dfer Betriebswellenl\u00e4ngenbereich<\/span><\/li>\n<li><span lang=\"EN-US\">Entspricht ITU-T G.694.1.<\/span><\/li>\n<li><span lang=\"EN-US\">Entspricht Telcordia GR-1209-CORE-2001.<\/span><\/li>\n<li><span lang=\"EN-US\">Entspricht Telcordia GR-1221-CORE-1999.<\/span><\/li>\n<li><span lang=\"EN-US\">RoHS-6-konform (bleifrei)<\/span><\/li>\n<li>Bis zu 16 DWDM-Kan\u00e4le f\u00fcr Density Wave<\/li>\n<\/ul>\n<p>Netzwerkdiagramm<\/p>\n<p><img loading=\"lazy\" decoding=\"async\" class=\"size-full wp-image-5466\" src=\"https:\/\/key2optics.com\/wp-content\/uploads\/2022\/10\/DWDM-Mux.jpeg\" alt=\"DWDM Mux Demux\" width=\"800\" height=\"389\" srcset=\"https:\/\/key2optics.com\/wp-content\/uploads\/2022\/10\/DWDM-Mux.jpeg 800w, https:\/\/key2optics.com\/wp-content\/uploads\/2022\/10\/DWDM-Mux-750x365.jpeg 750w, https:\/\/key2optics.com\/wp-content\/uploads\/2022\/10\/DWDM-Mux-768x373.jpeg 768w, https:\/\/key2optics.com\/wp-content\/uploads\/2022\/10\/DWDM-Mux-18x9.jpeg 18w, https:\/\/key2optics.com\/wp-content\/uploads\/2022\/10\/DWDM-Mux-575x280.jpeg 575w, https:\/\/key2optics.com\/wp-content\/uploads\/2022\/10\/DWDM-Mux-380x185.jpeg 380w\" sizes=\"(max-width: 800px) 100vw, 800px\" \/><\/p>\n<\/div>\n<\/div>\n<p align=\"left\"><strong><span lang=\"EN-US\">Spezifikation<\/span><\/strong><\/p>\n<table class=\"Table\" border=\"1\" cellspacing=\"0\">\n<tbody>\n<tr>\n<td bgcolor=\"#000000\" width=\"208\">\n<p align=\"left\"><span style=\"color: #ffffff;\"><strong><span lang=\"EN-US\">Parameter<\/span><\/strong><\/span><\/p>\n<\/td>\n<td colspan=\"5\" bgcolor=\"#000000\" width=\"392\">\n<p align=\"center\"><span style=\"color: #ffffff;\"><strong><span lang=\"EN-US\">DWDM-Mux | Demuxen<\/span><\/strong><\/span><\/p>\n<\/td>\n<\/tr>\n<tr>\n<td width=\"208\"><strong><span lang=\"EN-US\">Kanal Nummer<\/span><\/strong><\/td>\n<td width=\"78\">\n<p align=\"center\"><span lang=\"EN-US\">1<\/span><\/p>\n<\/td>\n<td width=\"78\">\n<p align=\"center\"><span lang=\"EN-US\">2<\/span><\/p>\n<\/td>\n<td width=\"78\">\n<p align=\"center\"><span lang=\"EN-US\">4<\/span><\/p>\n<\/td>\n<td width=\"78\">\n<p align=\"center\"><span lang=\"EN-US\">8<\/span><\/p>\n<\/td>\n<td width=\"78\">\n<p align=\"center\"><span lang=\"EN-US\">16<\/span><\/p>\n<\/td>\n<\/tr>\n<tr>\n<td width=\"208\"><strong><span lang=\"EN-US\">Betriebswellenl\u00e4ngenbereich (nm)<\/span><\/strong><\/td>\n<td colspan=\"5\" width=\"392\">\n<p align=\"center\">1525~1565<\/p>\n<\/td>\n<\/tr>\n<tr>\n<td width=\"208\"><strong><span lang=\"EN-US\">Kanalmittenwellenl\u00e4nge (nm)<\/span><\/strong><\/td>\n<td colspan=\"5\" width=\"392\">\n<p align=\"center\"><span lang=\"EN-US\">ITU-T-Gitter<\/span><\/p>\n<\/td>\n<\/tr>\n<tr>\n<td width=\"208\"><strong><span lang=\"EN-US\">Kanalabstand (nm)<\/span><\/strong><\/td>\n<td colspan=\"5\" width=\"392\">\n<p align=\"center\">0,8 nm (100 GHz)<\/p>\n<\/td>\n<\/tr>\n<tr>\n<td width=\"208\"><strong><span lang=\"EN-US\">Kanaleinf\u00fcged\u00e4mpfung (dB)<\/span><\/strong><\/td>\n<td width=\"78\">\n<p align=\"center\"><span lang=\"EN-US\">\u22640,8<\/span><\/p>\n<\/td>\n<td width=\"78\">\n<p align=\"center\"><span lang=\"EN-US\">\u22641,2<\/span><\/p>\n<\/td>\n<td width=\"78\">\n<p align=\"center\"><span lang=\"EN-US\">\u22641,8<\/span><\/p>\n<\/td>\n<td width=\"78\">\n<p align=\"center\"><span lang=\"EN-US\">\u22642,6<\/span><\/p>\n<\/td>\n<td width=\"78\">\n<p align=\"center\"><span lang=\"EN-US\">\u22644,5<\/span><\/p>\n<\/td>\n<\/tr>\n<tr>\n<td width=\"208\"><strong><span lang=\"EN-US\">Einf\u00fcgungsd\u00e4mpfung des Eingangs-\/Ausgangskanals (dB)<\/span><\/strong><\/td>\n<td width=\"78\">\n<p align=\"center\"><span lang=\"EN-US\">\u22640,8<\/span><\/p>\n<\/td>\n<td width=\"78\">\n<p align=\"center\"><span lang=\"EN-US\">\u22641,2<\/span><\/p>\n<\/td>\n<td width=\"78\">\n<p align=\"center\"><span lang=\"EN-US\">\u22641,8<\/span><\/p>\n<\/td>\n<td width=\"78\">\n<p align=\"center\"><span lang=\"EN-US\">\u22642,6<\/span><\/p>\n<\/td>\n<td width=\"78\">\n<p align=\"center\"><span lang=\"EN-US\">\u22644,5<\/span><\/p>\n<\/td>\n<\/tr>\n<tr>\n<td width=\"208\"><strong><span lang=\"EN-US\">Kanalbandbreite (nm)<\/span><\/strong><\/td>\n<td colspan=\"5\" width=\"392\">\n<p align=\"center\">ITU\u00b10,11<\/p>\n<\/td>\n<\/tr>\n<tr>\n<td width=\"208\"><strong><span lang=\"EN-US\">Ebenheit (dB)<\/span><\/strong><\/td>\n<td colspan=\"5\" width=\"392\">\n<p align=\"center\"><span lang=\"EN-US\">\u22640,5<\/span><\/p>\n<\/td>\n<\/tr>\n<tr>\n<td width=\"208\"><strong><span lang=\"EN-US\">Nachbarkanalisolation (dB)<\/span><\/strong><\/td>\n<td colspan=\"5\" width=\"392\">\n<p align=\"center\"><span lang=\"EN-US\">\u226530<\/span><\/p>\n<\/td>\n<\/tr>\n<tr>\n<td width=\"208\"><strong><span lang=\"EN-US\">Nicht benachbarte Kanalisolation (dB)<\/span><\/strong><\/td>\n<td colspan=\"5\" width=\"392\">\n<p align=\"center\"><span lang=\"EN-US\">\u226540<\/span><\/p>\n<\/td>\n<\/tr>\n<tr>\n<td width=\"208\"><strong><span lang=\"EN-US\">R\u00fcckflussd\u00e4mpfung (dB)<\/span><\/strong><\/td>\n<td colspan=\"5\" width=\"392\">\n<p align=\"center\"><span lang=\"EN-US\">\u226550<\/span><\/p>\n<\/td>\n<\/tr>\n<tr>\n<td width=\"208\"><strong><span lang=\"EN-US\">Direktionalit\u00e4t (dB)<\/span><\/strong><\/td>\n<td colspan=\"5\" width=\"392\">\n<p align=\"center\"><span lang=\"EN-US\">\u226555<\/span><\/p>\n<\/td>\n<\/tr>\n<tr>\n<td width=\"208\"><strong><span lang=\"EN-US\">PRL(dB)<\/span><\/strong><\/td>\n<td colspan=\"5\" width=\"392\">\n<p align=\"center\"><span lang=\"EN-US\">\u22640,2<\/span><\/p>\n<\/td>\n<\/tr>\n<tr>\n<td width=\"208\"><strong><span lang=\"EN-US\">PDL(ps)<\/span><\/strong><\/td>\n<td colspan=\"5\" width=\"392\">\n<p align=\"center\"><span lang=\"EN-US\">\u22640,2<\/span><\/p>\n<\/td>\n<\/tr>\n<tr>\n<td width=\"208\"><strong><span lang=\"EN-US\">Optische Leistung (dB)<\/span><\/strong><\/td>\n<td colspan=\"5\" width=\"392\">\n<p align=\"center\"><span lang=\"EN-US\">\u2264500<\/span><\/p>\n<\/td>\n<\/tr>\n<tr>\n<td width=\"208\"><strong><span lang=\"EN-US\">Betriebstemperatur(<\/span><\/strong><span lang=\"EN-US\">\u00b0C<strong>)<\/strong><\/span><\/td>\n<td colspan=\"5\" width=\"392\">\n<p align=\"center\"><span lang=\"EN-US\">0~+70<\/span><\/p>\n<\/td>\n<\/tr>\n<tr>\n<td width=\"208\"><strong><span lang=\"EN-US\">Lagertemperatur(<\/span><\/strong><span lang=\"EN-US\">\u00b0C<strong>)<\/strong><\/span><\/td>\n<td colspan=\"5\" width=\"392\">\n<p align=\"center\"><span lang=\"EN-US\">-40 ~+85<\/span><\/p>\n<\/td>\n<\/tr>\n<tr>\n<td width=\"208\"><strong><span lang=\"EN-US\">Pakettyp<\/span><\/strong><\/td>\n<td colspan=\"5\" valign=\"top\" width=\"392\">\n<p align=\"center\"><span lang=\"EN-US\">ABS-Box<\/span>\u3001<span lang=\"EN-US\">LGX-Standardbox<\/span>\u3001<span lang=\"EN-US\">1U-Standard-19-Zoll-Geh\u00e4use<\/span><\/p>\n<\/td>\n<\/tr>\n<\/tbody>\n<\/table>\n<p>Bitte laden Sie die Spezifikation herunter <a href=\"https:\/\/key2optics.com\/de\/herunterladen\/\">Verkn\u00fcpfung<\/a><\/p>\n<p>&nbsp;<\/p>\n<p>&nbsp;<\/p>\n<p>&nbsp;<\/p>\n<p>&nbsp;<\/p>","protected":false},"excerpt":{"rendered":"<p>Key2 Optics Passiver DWDM Mux | Demux basiert auf der D\u00fcnnfilmfilter-Technologie (TFF) und arbeitet mit einem Kanalabstand von 100 GHz im ITU-Netz. Der DWDM-Wellenl\u00e4ngenbereich reicht von 1525 nm bis 1565 nm, und die ITU-Kanalwellenl\u00e4ngen sind w\u00e4hlbar; Es verf\u00fcgt \u00fcber eine Vielzahl von Geh\u00e4usestrukturen, eine geringe Einf\u00fcgungsd\u00e4mpfung und eine hohe Kanalisolierung.<\/p>\n<p>Einfache Installation, kosteng\u00fcnstige WDM-L\u00f6sung f\u00fcr das Rechenzentrum.<\/p>","protected":false},"featured_media":5465,"comment_status":"closed","ping_status":"closed","template":"","meta":{"content-type":"","_themeisle_gutenberg_block_has_review":false},"product_cat":[71],"product_tag":[180],"aioseo_notices":[],"_links":{"self":[{"href":"https:\/\/key2optics.com\/de\/wp-json\/wp\/v2\/product\/5464"}],"collection":[{"href":"https:\/\/key2optics.com\/de\/wp-json\/wp\/v2\/product"}],"about":[{"href":"https:\/\/key2optics.com\/de\/wp-json\/wp\/v2\/types\/product"}],"replies":[{"embeddable":true,"href":"https:\/\/key2optics.com\/de\/wp-json\/wp\/v2\/comments?post=5464"}],"wp:featuredmedia":[{"embeddable":true,"href":"https:\/\/key2optics.com\/de\/wp-json\/wp\/v2\/media\/5465"}],"wp:attachment":[{"href":"https:\/\/key2optics.com\/de\/wp-json\/wp\/v2\/media?parent=5464"}],"wp:term":[{"taxonomy":"product_cat","embeddable":true,"href":"https:\/\/key2optics.com\/de\/wp-json\/wp\/v2\/product_cat?post=5464"},{"taxonomy":"product_tag","embeddable":true,"href":"https:\/\/key2optics.com\/de\/wp-json\/wp\/v2\/product_tag?post=5464"}],"curies":[{"name":"wp","href":"https:\/\/api.w.org\/{rel}","templated":true}]}}