{"id":912,"date":"2016-03-26T09:32:45","date_gmt":"2016-03-26T01:32:45","guid":{"rendered":"https:\/\/theme-gavias.com\/wp\/foxin\/?post_type=product&#038;p=912"},"modified":"2025-09-15T10:25:15","modified_gmt":"2025-09-15T02:25:15","slug":"qsfp28-100g-module","status":"publish","type":"product","link":"https:\/\/key2optics.com\/de\/produkt\/qsfp28-100g-modul\/","title":{"rendered":"100G QSFP28-Modul"},"content":{"rendered":"<div class=\"node__content clearfix\">\n<div class=\"field field--name-body field--type-text-with-summary field--label-hidden field__item\">\n<p>Key2 Optics 100G QSFP28 (Wiki: <a href=\"https:\/\/en.wikipedia.org\/wiki\/Small_Form-factor_Pluggable#:~:text=16G%20Fibre%20Channel-,100%20Gbit\/s%20(QSFP28),-The%20QSFP28%20standard\" target=\"_blank\" rel=\"noopener\">Was ist QSFP28?<\/a>) Optisches Kommunikationsmodul einschlie\u00dflich SR4, CWDM4, LR4, LR4, ER4 Lite verwendet einen optischen LC- oder MPO-Port, entspricht QSFP28 MSA, IEEE802.3bm und anderen Standards, mit geringem Stromverbrauch und hoher Stabilit\u00e4t, angewendet auf 100G-Rechenzentrums\u00fcbertragung und OTN \u00dcbertragung.<\/p>\n<div><strong>STANDARDKONFORMIT\u00c4T<\/strong><\/div>\n<p>IEEE 802.3bm<br \/>\nSFF-8661 (QSFP+ 4X-Modulspezifikation)<br \/>\nSFF-8672 (4X 28Gb\/s-Anschluss)<br \/>\nSFF-8679 (QSFP+ 4X Hardware- und elektrische Spezifikation)<br \/>\nSFF-8665 (QSFP+ 4X 28 Gb\/s steckbare Transceiver-L\u00f6sung)<\/p>\n<p><strong>Merkmale<\/strong><\/p>\n<ul>\n<li>4 unabh\u00e4ngige Vollduplex-Kan\u00e4le<\/li>\n<li>Bis zu 28 Gbit\/s Datenrate pro Kanal<\/li>\n<li>QSFP28 MSA-konform<\/li>\n<li>Bis zu 100 m OM4 MMF-\u00dcbertragung<\/li>\n<li>Betriebsgeh\u00e4usetemperatur: 0 bis 70 \u00b0C<\/li>\n<li>Einzelne 3,3-V-Stromversorgung<\/li>\n<li>Maximaler Stromverbrauch 3,5 W<\/li>\n<li>Optischer MTP\/MPO-Stecker<\/li>\n<\/ul>\n<figure id=\"attachment_3980\" aria-describedby=\"caption-attachment-3980\" style=\"width: 1413px\" class=\"wp-caption aligncenter\"><img loading=\"lazy\" decoding=\"async\" class=\"size-full wp-image-3980\" src=\"https:\/\/key2optics.com\/wp-content\/uploads\/2016\/03\/100g-qsfp28.jpg\" alt=\"100g qsfp28 spez\" width=\"1413\" height=\"355\" srcset=\"https:\/\/key2optics.com\/wp-content\/uploads\/2016\/03\/100g-qsfp28.jpg 1413w, https:\/\/key2optics.com\/wp-content\/uploads\/2016\/03\/100g-qsfp28-800x201.jpg 800w, https:\/\/key2optics.com\/wp-content\/uploads\/2016\/03\/100g-qsfp28-750x188.jpg 750w, https:\/\/key2optics.com\/wp-content\/uploads\/2016\/03\/100g-qsfp28-768x193.jpg 768w, https:\/\/key2optics.com\/wp-content\/uploads\/2016\/03\/100g-qsfp28-1140x286.jpg 1140w, https:\/\/key2optics.com\/wp-content\/uploads\/2016\/03\/100g-qsfp28-920x231.jpg 920w, https:\/\/key2optics.com\/wp-content\/uploads\/2016\/03\/100g-qsfp28-575x144.jpg 575w, https:\/\/key2optics.com\/wp-content\/uploads\/2016\/03\/100g-qsfp28-380x95.jpg 380w\" sizes=\"(max-width: 1413px) 100vw, 1413px\" \/><figcaption id=\"caption-attachment-3980\" class=\"wp-caption-text\"><span style=\"font-size: 16px;\">Laden Sie die Spezifikation herunter von <\/span><a style=\"font-size: 16px;\" href=\"https:\/\/key2optics.com\/wp-content\/uploads\/2016\/03\/100g-qsfp28.jpg\">Hier<\/a><\/figcaption><\/figure>\n<\/div>\n<\/div>\n<h3><strong>Unterst\u00fctzte Ger\u00e4te und Marken<\/strong><\/h3>\n<hr \/>\n<p>Unsere optischen Transceiver sind mit den meisten Pappelmarken auf dem Markt kompatibel. Teilen Sie uns die Marken der Ger\u00e4te mit, die Sie verwenden werden, wir bieten Ihnen den ma\u00dfgeschneiderten Service.<\/p>\n<p>SFP\/SFP+\/SFP28\/QSFP\/QSFP+\/QSFP28\/CFP\/CFP2\/CFP4-Modul<strong> unterst\u00fctzte Marken<\/strong>: Cisco\/HP\/DELL\/FINISAR\/INTEL\/HUAWEI\/JUNIPER\/ZTE\/TP-LINK\/H3C \u2026<\/p>\n<p><strong>Unterst\u00fctzende Ger\u00e4te:<\/strong> Server\/Switch\/NAS\/WDM OTN\/Fiber-zu-Ethernet-Medienkonverter\/Router mit SFP\/SFP+\/SFP28\/QSFP\/QSFP+\/QSFP28\/CFP\/CFP2\/CFP4-Schnittstelle.<\/p>\n<p>&nbsp;<\/p>\n<p><img loading=\"lazy\" decoding=\"async\" class=\"aligncenter wp-image-4309\" src=\"https:\/\/key2optics.com\/wp-content\/uploads\/2022\/09\/Optical-Module-List-en.jpg\" alt=\"Transceiver-Kompatibilit\u00e4t\" width=\"1000\" height=\"992\" srcset=\"https:\/\/key2optics.com\/wp-content\/uploads\/2022\/09\/Optical-Module-List-en.jpg 1591w, https:\/\/key2optics.com\/wp-content\/uploads\/2022\/09\/Optical-Module-List-en-100x100.jpg 100w, https:\/\/key2optics.com\/wp-content\/uploads\/2022\/09\/Optical-Module-List-en-800x793.jpg 800w, https:\/\/key2optics.com\/wp-content\/uploads\/2022\/09\/Optical-Module-List-en-484x480.jpg 484w, https:\/\/key2optics.com\/wp-content\/uploads\/2022\/09\/Optical-Module-List-en-180x180.jpg 180w, https:\/\/key2optics.com\/wp-content\/uploads\/2022\/09\/Optical-Module-List-en-768x762.jpg 768w, https:\/\/key2optics.com\/wp-content\/uploads\/2022\/09\/Optical-Module-List-en-1536x1523.jpg 1536w, https:\/\/key2optics.com\/wp-content\/uploads\/2022\/09\/Optical-Module-List-en-1140x1131.jpg 1140w, https:\/\/key2optics.com\/wp-content\/uploads\/2022\/09\/Optical-Module-List-en-920x912.jpg 920w, https:\/\/key2optics.com\/wp-content\/uploads\/2022\/09\/Optical-Module-List-en-575x570.jpg 575w, https:\/\/key2optics.com\/wp-content\/uploads\/2022\/09\/Optical-Module-List-en-380x377.jpg 380w\" sizes=\"(max-width: 1000px) 100vw, 1000px\" \/><\/p>\n<p><img loading=\"lazy\" decoding=\"async\" class=\"wp-image-6388 size-full aligncenter\" src=\"https:\/\/key2optics.com\/wp-content\/uploads\/2019\/11\/Application1.jpg\" alt=\"Vom SFP-Modul unterst\u00fctzte Ger\u00e4te\" width=\"807\" height=\"444\" \/><\/p>\n<h3><strong>Warum Key2Optics<\/strong><\/h3>\n<hr \/>\n<h4>Produktions- und Qualit\u00e4tskontrolle<\/h4>\n<p>Mit fortschrittlichen Montagelinien, Roboterwerkst\u00e4tten und Testlabors sorgen wir daf\u00fcr, dass unsere Produkte 100% fehlerfrei sind und in jeder Umgebung und unter allen Umst\u00e4nden eingesetzt werden k\u00f6nnen. <a href=\"https:\/\/key2optics.com\/de\/qualitatskontrolle\/\" target=\"_blank\" rel=\"noopener\">Mehr\u2026<\/a><\/p>\n<p><a href=\"https:\/\/key2optics.com\/de\/qualitatskontrolle\/\" target=\"_blank\" rel=\"noopener\"><img loading=\"lazy\" decoding=\"async\" class=\"aligncenter wp-image-6391 size-full\" title=\"key2optics QC und Produktion\" src=\"https:\/\/key2optics.com\/wp-content\/uploads\/2019\/11\/QCProduction.jpg\" alt=\"key2optics QC und Produktion\" width=\"1000\" height=\"756\" \/><\/a><\/p>\n<p>Wir \u00fcberwachen jeden Schritt in der Produktion streng, um sicherzustellen, dass jedes an Sie gelieferte Produkt r\u00fcckverfolgbar und fehlerfrei ist.\u00a0 \u00a0<a href=\"https:\/\/key2optics.com\/de\/qualitatskontrolle\/\" target=\"_blank\" rel=\"noopener\">Mehr\u2026<\/a><\/p>\n<figure id=\"attachment_6394\" aria-describedby=\"caption-attachment-6394\" style=\"width: 1000px\" class=\"wp-caption aligncenter\"><a href=\"https:\/\/key2optics.com\/de\/qualitatskontrolle\/\" target=\"_blank\" rel=\"noopener\"><img loading=\"lazy\" decoding=\"async\" class=\"wp-image-6394 size-full\" src=\"https:\/\/key2optics.com\/wp-content\/uploads\/2019\/11\/production.jpg\" alt=\"key2optics Produktion und Pr\u00fcfung\" width=\"1000\" height=\"416\" \/><\/a><figcaption id=\"caption-attachment-6394\" class=\"wp-caption-text\">key2optics Produktion und Pr\u00fcfung<\/figcaption><\/figure>\n<h4>Unsere Qualifikation<\/h4>\n<p>Unsere Produkte und unsere Produktionslinie sind CE-, FCC- und RoHs-zertifiziert <a title=\"ISO9001\" href=\"https:\/\/key2optics.com\/wp-content\/uploads\/2022\/09\/ISO9001.jpg\" target=\"_blank\" rel=\"noopener\">ISO9001<\/a> zertifiziert. Wir verf\u00fcgen \u00fcber Dutzende von Patentzertifikaten und Softwarezertifikaten.\u00a0 <a href=\"https:\/\/key2optics.com\/de\/qualitatskontrolle\/\" target=\"_blank\" rel=\"noopener\">Mehr\u2026<\/a><\/p>\n<p><a href=\"https:\/\/key2optics.com\/de\/qualitatskontrolle\/\" target=\"_blank\" rel=\"noopener\"><img loading=\"lazy\" decoding=\"async\" class=\"aligncenter wp-image-6389 size-full\" src=\"https:\/\/key2optics.com\/wp-content\/uploads\/2019\/11\/Certificates.jpg\" alt=\"key2optics zertifiziert\" width=\"1000\" height=\"241\" \/><\/a><\/p>","protected":false},"excerpt":{"rendered":"<p>Das optische Kommunikationsmodul 100G QSFP28 von Key2 Optics, einschlie\u00dflich SR4, CWDM4, LR4, LR4, ER4 Lite, verwendet einen optischen LC- oder MPO-Port, entspricht QSFP28 MSA, IEEE802.3bm und anderen Standards, mit geringem Stromverbrauch und hoher Stabilit\u00e4t, angewendet auf 100G-Rechenzentren \u00dcbertragung und OTN-\u00dcbertragung.<\/p>\n<p><span style=\"color: #ff0000;\"><strong>BITTE BEACHTEN SIE DIE SPEZIFIKATIONEN, UM DAS RICHTIGE MODELL UND DIE RICHTIGE SKU ZU FINDEN!<\/strong><\/span><\/p>","protected":false},"featured_media":3030,"comment_status":"closed","ping_status":"closed","template":"","meta":{"content-type":"","_themeisle_gutenberg_block_has_review":false},"product_cat":[64],"product_tag":[124],"aioseo_notices":[],"_links":{"self":[{"href":"https:\/\/key2optics.com\/de\/wp-json\/wp\/v2\/product\/912"}],"collection":[{"href":"https:\/\/key2optics.com\/de\/wp-json\/wp\/v2\/product"}],"about":[{"href":"https:\/\/key2optics.com\/de\/wp-json\/wp\/v2\/types\/product"}],"replies":[{"embeddable":true,"href":"https:\/\/key2optics.com\/de\/wp-json\/wp\/v2\/comments?post=912"}],"wp:featuredmedia":[{"embeddable":true,"href":"https:\/\/key2optics.com\/de\/wp-json\/wp\/v2\/media\/3030"}],"wp:attachment":[{"href":"https:\/\/key2optics.com\/de\/wp-json\/wp\/v2\/media?parent=912"}],"wp:term":[{"taxonomy":"product_cat","embeddable":true,"href":"https:\/\/key2optics.com\/de\/wp-json\/wp\/v2\/product_cat?post=912"},{"taxonomy":"product_tag","embeddable":true,"href":"https:\/\/key2optics.com\/de\/wp-json\/wp\/v2\/product_tag?post=912"}],"curies":[{"name":"wp","href":"https:\/\/api.w.org\/{rel}","templated":true}]}}