{"id":614,"date":"2016-03-07T03:11:22","date_gmt":"2016-03-06T19:11:22","guid":{"rendered":"https:\/\/theme-gavias.com\/wp\/foxin\/?page_id=614"},"modified":"2022-11-03T18:14:39","modified_gmt":"2022-11-03T10:14:39","slug":"faq-page","status":"publish","type":"page","link":"https:\/\/key2optics.com\/es\/pagina-de-preguntas-frecuentes\/","title":{"rendered":"Preguntas frecuentes sobre productos"},"content":{"rendered":"<h2 class=\"wp-block-heading\">Preguntas:<\/h2>\n\n\n\n<ul>\n<li><strong><a href=\"https:\/\/key2optics.com\/es\/pagina-de-preguntas-frecuentes\/#1\" title=\"\">\u00bfSu m\u00f3dulo \u00f3ptico puede funcionar en dispositivos de red de Cisco, Juniper, Arista o de otras marcas?<\/a><\/strong><\/li>\n\n\n\n<li><strong><a href=\"https:\/\/key2optics.com\/es\/pagina-de-preguntas-frecuentes\/#2\" title=\"\">Quiero saber cu\u00e1l es la diferencia entre FHD, FHX, FHU y FHZ.<\/a><\/strong><\/li>\n\n\n\n<li><strong><a href=\"https:\/\/key2optics.com\/es\/pagina-de-preguntas-frecuentes\/#3\" title=\"\">\u00bfLos transceptores tienen certificaciones est\u00e1ndar de la industria como CE, FCC, RoHS y UL?<\/a><\/strong><\/li>\n\n\n\n<li><strong><a href=\"https:\/\/key2optics.com\/es\/pagina-de-preguntas-frecuentes\/#4\" title=\"\">\u00bfPor qu\u00e9 deber\u00eda confiar en los transceptores compatibles con Key2Optics?<\/a><\/strong><\/li>\n\n\n\n<li><strong><a href=\"https:\/\/key2optics.com\/es\/pagina-de-preguntas-frecuentes\/#5\" title=\"\">\u00bfQu\u00e9 tipos de opciones personalizadas se ofrecen en Key2 Optics?<\/a><\/strong><\/li>\n\n\n\n<li><strong><a href=\"https:\/\/key2optics.com\/es\/pagina-de-preguntas-frecuentes\/#6\" title=\"\">CWDM pasivo frente a DWDM: \u00bfcu\u00e1l elegir?<\/a><\/strong><\/li>\n\n\n\n<li><strong><a href=\"https:\/\/key2optics.com\/es\/pagina-de-preguntas-frecuentes\/#7\" title=\"\">\u00bfCu\u00e1les son las marcas compatibles de nuestros transceptores?<\/a><\/strong><\/li>\n\n\n\n<li><strong><a href=\"https:\/\/key2optics.com\/es\/pagina-de-preguntas-frecuentes\/#8\" title=\"\">\u00bfQu\u00e9 es ROADM\/OADM?<\/a><\/strong><\/li>\n\n\n\n<li><strong><a href=\"https:\/\/key2optics.com\/es\/pagina-de-preguntas-frecuentes\/#9\" title=\"\">DWDM CWDM en ROADM?<\/a><\/strong><\/li>\n\n\n\n<li><strong><a href=\"https:\/\/key2optics.com\/es\/pagina-de-preguntas-frecuentes\/#10\" title=\"\">\u00bfQue es diferente? \u00bfSFP frente a SFP+?<\/a><\/strong><\/li>\n\n\n\n<li><strong><a href=\"https:\/\/key2optics.com\/es\/pagina-de-preguntas-frecuentes\/#11\" title=\"\">\u00bfLos m\u00f3dulos SFP son universales? <\/a><\/strong><\/li>\n\n\n\n<li><strong><a href=\"https:\/\/key2optics.com\/es\/pagina-de-preguntas-frecuentes\/#12\" title=\"\">\u00bfLos cables \u00f3pticos son direccionales?<\/a><\/strong><\/li>\n\n\n\n<li><strong><a href=\"https:\/\/key2optics.com\/es\/pagina-de-preguntas-frecuentes\/#13\" title=\"\">\u00bfQu\u00e9 es un m\u00f3dulo de enlace \u00f3ptico? <\/a><\/strong><\/li>\n<\/ul>\n\n\n\n<h2 class=\"wp-block-heading\">Preguntas frecuentes sobre productos<\/h2>\n\n\n\n<p id=\"1\"><strong>\u00bfSu m\u00f3dulo \u00f3ptico puede funcionar en dispositivos de red de Cisco, Juniper, Arista o de otras marcas?<\/strong><br>Nuestro m\u00f3dulo \u00f3ptico, AOC y DAC pueden funcionar en dispositivos de red de cualquier marca, la \u00fanica diferencia es que necesitamos cambiar los diferentes &#039;firmware&#039; para que coincidan con diferentes marcas y modelos, d\u00edganos qu\u00e9 tipos de dispositivos y n\u00fameros de modelos instalar\u00e1 nuestro m\u00f3dulo \u00f3ptico, actualizaremos el firmware exacto para usted.<br>Tenemos una lista de dispositivos compatibles de diferentes marcas, puedes <a href=\"https:\/\/key2optics.com\/es\/contactenos\/\" target=\"_blank\" rel=\"noopener\" title=\"Cont\u00e1ctenos de inmediato para obtener los productos m\u00e1s confiables: soluciones OTN totales\ufffc\">p\u00f3ngase en contacto con su gerente de cuenta de ventas<\/a> para este documento. Puedes comprobar los compatibles <a href=\"https:\/\/key2optics.com\/es\/pagina-de-preguntas-frecuentes\/#compatible-list\" title=\"Preguntas frecuentes sobre productos\">Listado abajo<\/a>.<\/p>\n\n\n\n<p id=\"2\"><strong>Quiero saber cu\u00e1l es la diferencia entre FHD, FHX, FHU y FHZ.<\/strong><br>Key2 Optics podr\u00eda proporcionar productos de cuatro series FHD, FHX, FHU y FHZ para demandas de soluciones de cableado estructurado. La serie FHD de alta densidad es una soluci\u00f3n vers\u00e1til en varios tama\u00f1os (1U\/2U\/4U) y estilos para construir redes troncales, centros de datos y aplicaciones empresariales. La serie FHX Ultra HD es ideal para proveedores de servicios, oficinas centrales, grandes empresas y centros de datos en la nube. La serie FHU est\u00e1 dise\u00f1ada para conectarse donde la implementaci\u00f3n r\u00e1pida y el mantenimiento simple son cr\u00edticos. La serie FHZ Premium Ultra HD permite proporcionar escalabilidad para aumentar la densidad a medida que evolucionan las demandas comerciales.<\/p>\n\n\n\n<p id=\"3\"><strong>\u00bfLos transceptores tienen certificaciones est\u00e1ndar de la industria como CE, FCC, RoHS y UL?<\/strong><br>La mayor\u00eda de los transceptores tienen certificaci\u00f3n CE y FCC, algunos tienen certificaci\u00f3n RoHS, y estamos trabajando en la certificaci\u00f3n UL, y tendremos todas las certificaciones compatibles, como EMC, MIL, listas en un futuro cercano.<\/p>\n\n\n\n<p id=\"4\"><strong>\u00bfPor qu\u00e9 deber\u00eda confiar en los transceptores compatibles con Key2Optics?<\/strong><br>Adem\u00e1s de la ventaja de precio, en comparaci\u00f3n con los transceptores de marca, los transceptores compatibles con Key2Optics tambi\u00e9n mantienen el mismo rendimiento y confiabilidad. Para satisfacer las necesidades de alto rendimiento de nuestros clientes, todos nuestros transceptores se prueban varias veces en interruptores principales de marcas originales en nuestro centro de pruebas antes de enviarlos.<\/p>\n\n\n\n<p id=\"5\"><strong>\u00bfQu\u00e9 tipos de opciones personalizadas se ofrecen en Key2 Optics?<\/strong><br>En cuanto a los cables de conexi\u00f3n directa personalizados y los cables \u00f3pticos activos, as\u00ed como todos nuestros productos transceptores, Key2 Optics ofrece opciones personalizadas regulares como compatibilidad, longitud del cable, color del cable, temperatura de funcionamiento, patr\u00f3n de etiqueta, colores de etiqueta, etc. Adem\u00e1s, Key2 Optics da la bienvenida a cualquier consulta sobre productos y soluciones personalizados para todas las necesidades y especificaciones.<\/p>\n\n\n\n<p id=\"6\"><strong>CWDM pasivo frente a DWDM: \u00bfcu\u00e1l elegir?<\/strong><br>En general, CWDM ofrece una soluci\u00f3n conveniente y rentable para una distancia corta (como 70 km), baja capacidad y hasta 10 G de velocidad por canal. Mientras que DWDM admite aplicaciones de larga distancia con protocolos de velocidad de hasta 100G\/200G por canal.<\/p>\n\n\n\n<div class=\"wp-block-group is-vertical is-layout-flex wp-container-core-group-is-layout-1 wp-block-group-is-layout-flex\">\n<p id=\"7\"><strong>\u00bfCu\u00e1les son las marcas compatibles de nuestros transceptores?<\/strong><\/p>\n\n\n\n<p>Admitimos casi todas las marcas de dispositivos de red en el mercado, busque la lista de la siguiente manera, si hay alguna marca que no figura en la lista, comun\u00edquese con nuestro <a href=\"mailto:info@smartiotec.com\">apoyo<\/a> (info@smartiotec.com).<\/p>\n<\/div>\n\n\n\n<figure class=\"wp-block-image size-full is-resized ticss-c4642bd5\" id=\"compatible-list\"><img loading=\"lazy\" decoding=\"async\" src=\"https:\/\/key2optics.com\/wp-content\/uploads\/2022\/09\/Optical-Module-List-en.jpg\" alt=\"compatibilidad del transceptor\" class=\"wp-image-4309\" width=\"840\" height=\"833\" srcset=\"https:\/\/key2optics.com\/wp-content\/uploads\/2022\/09\/Optical-Module-List-en.jpg 1591w, https:\/\/key2optics.com\/wp-content\/uploads\/2022\/09\/Optical-Module-List-en-100x100.jpg 100w, https:\/\/key2optics.com\/wp-content\/uploads\/2022\/09\/Optical-Module-List-en-800x793.jpg 800w, https:\/\/key2optics.com\/wp-content\/uploads\/2022\/09\/Optical-Module-List-en-484x480.jpg 484w, https:\/\/key2optics.com\/wp-content\/uploads\/2022\/09\/Optical-Module-List-en-180x180.jpg 180w, https:\/\/key2optics.com\/wp-content\/uploads\/2022\/09\/Optical-Module-List-en-768x762.jpg 768w, https:\/\/key2optics.com\/wp-content\/uploads\/2022\/09\/Optical-Module-List-en-1536x1523.jpg 1536w, https:\/\/key2optics.com\/wp-content\/uploads\/2022\/09\/Optical-Module-List-en-1140x1131.jpg 1140w, https:\/\/key2optics.com\/wp-content\/uploads\/2022\/09\/Optical-Module-List-en-920x912.jpg 920w, https:\/\/key2optics.com\/wp-content\/uploads\/2022\/09\/Optical-Module-List-en-575x570.jpg 575w, https:\/\/key2optics.com\/wp-content\/uploads\/2022\/09\/Optical-Module-List-en-380x377.jpg 380w\" sizes=\"(max-width: 840px) 100vw, 840px\" \/><\/figure>\n\n\n\n<p id=\"8\"><strong>\u00bfQu\u00e9 es ROADM\/OADM?<\/strong> (<a href=\"https:\/\/en.wikipedia.org\/wiki\/Reconfigurable_optical_add-drop_multiplexer\" target=\"_blank\" rel=\"noopener\" title=\"\">wiki<\/a>)<br>Un multiplexor \u00f3ptico add-drop reconfigurable (ROADM) es una forma de multiplexor \u00f3ptico add-drop que agrega la capacidad de conmutar de forma remota el tr\u00e1fico desde un sistema de multiplexaci\u00f3n por divisi\u00f3n de longitud de onda (WDM) en la capa de longitud de onda. Esto se logra mediante el uso de una longitud de onda selectiva<a href=\"https:\/\/en.wikipedia.org\/wiki\/Wavelength_selective_switching\"> traspuesta<\/a>&nbsp;m\u00f3dulo. Esto permite que se agreguen y\/o eliminen canales de datos de transporte de longitudes de onda individuales o m\u00faltiples de un transporte.&nbsp;<a href=\"https:\/\/en.wikipedia.org\/wiki\/Optical_fiber\">fibra<\/a>&nbsp;sin la necesidad de convertir las se\u00f1ales en todos los canales WDM a se\u00f1ales electr\u00f3nicas y nuevamente a se\u00f1ales \u00f3pticas.<\/p>\n\n\n\n<p>Las principales ventajas del ROADM son:<\/p>\n\n\n\n<ul>\n<li>No es necesario realizar la planificaci\u00f3n de toda la asignaci\u00f3n de ancho de banda durante el despliegue inicial de un sistema. La configuraci\u00f3n se puede realizar cuando sea necesario sin afectar el tr\u00e1fico que ya pasa por el ROADM.<\/li>\n\n\n\n<li>ROADM permite la configuraci\u00f3n y reconfiguraci\u00f3n remotas.<\/li>\n\n\n\n<li>En ROADM, como no est\u00e1 claro de antemano d\u00f3nde se puede enrutar potencialmente una se\u00f1al, existe la necesidad de equilibrar la potencia de estas se\u00f1ales. Los ROADM permiten el equilibrio autom\u00e1tico de energ\u00eda.<\/li>\n<\/ul>\n\n\n\n<p id=\"9\"><strong>DWDM CWDM en ROADM? <\/strong><br>La funcionalidad OADM apareci\u00f3 originalmente en densos vuelos de larga distancia.<a href=\"https:\/\/en.wikipedia.org\/wiki\/Wavelength-division_multiplexing#Dense_WDM\" target=\"_blank\" rel=\"noopener\" title=\"\"> Multiplexaci\u00f3n por Divisi\u00f3n de Longitud de Onda<\/a>&nbsp;(DWDM), pero en 2005, comenz\u00f3 a aparecer en los sistemas \u00f3pticos metropolitanos debido a la necesidad de construir grandes redes metropolitanas para hacer frente al tr\u00e1fico impulsado por la creciente demanda de&nbsp;<a href=\"https:\/\/en.wikipedia.org\/wiki\/Packet_(information_technology)\">paquete<\/a>-servicios basados<br>Las funciones de conmutaci\u00f3n o reconfiguraci\u00f3n de un ROADM se pueden lograr utilizando una variedad de tecnolog\u00edas de conmutaci\u00f3n que incluyen&nbsp;<a href=\"https:\/\/en.wikipedia.org\/wiki\/Microelectromechanical_systems\">sistemas micro electromec\u00e1nicos<\/a>&nbsp;(MEMS),&nbsp;<a href=\"https:\/\/en.wikipedia.org\/wiki\/Liquid_crystal\">Cristal liquido<\/a>,&nbsp;<a href=\"https:\/\/en.wikipedia.org\/w\/index.php?title=Thermo_optic_switch&amp;action=edit&amp;redlink=1\" target=\"_blank\" rel=\"noopener\" title=\"\">termo\u00f3ptico<\/a>&nbsp;e interruptores de direcci\u00f3n de haz en planar&nbsp;<a href=\"https:\/\/en.wikipedia.org\/wiki\/Waveguide\">guiaondas<\/a>&nbsp;circuitos y sintonizables&nbsp;<a href=\"https:\/\/en.wikipedia.org\/wiki\/Optical_filter\">filtro \u00f3ptico<\/a>&nbsp;tecnolog\u00eda.<\/p>\n\n\n\n<p id=\"10\"><strong>\u00bfQue es diferente? \u00bfSFP frente a SFP+?<\/strong><br>SFP es una interfaz conectable de factor de forma peque\u00f1o para transceptores \u00f3pticos SFP de 100 M ~ 1 G, la velocidad m\u00e1xima solo puede alcanzar 1,25 Gbps; SFP+ es una versi\u00f3n de mayor velocidad de la interfaz SFP, que brinda una mayor velocidad de hasta 10 Gbps. <br>SFP y SFP+ son compatibles entre s\u00ed, pero no por la velocidad, es decir, SFP no puede alcanzar una velocidad de 10 G cuando se encuentra en una interfaz SFP+, y SFP+ solo puede alcanzar una velocidad de 10 G cuando se inserta en una interfaz SFP. <\/p>\n\n\n\n<p id=\"11\"><strong>\u00bfLos m\u00f3dulos SFP son universales? <\/strong><br>No, no es universal para todas las interfaces SFP de diferentes marcas, porque algunas marcas como Cisco solo pueden usar sus propios m\u00f3dulos SFP debido a la barrera del &quot;c\u00f3digo&quot;. Sin embargo, podemos personalizar nuestro m\u00f3dulo SFP para que sea compatible con esas marcas y hacer que funcionen perfectamente como sus productos de m\u00f3dulo SFP originales. Consulte nuestra publicaci\u00f3n: (<a href=\"https:\/\/key2optics.com\/es\/son-todos-los-modulos-sfp-compatibles\/\" target=\"_blank\" rel=\"noopener\" title=\"\">\u00bfSon compatibles TODOS los m\u00f3dulos SFP?<\/a>) para m\u00e1s detalles. <\/p>\n\n\n\n<p id=\"12\"><strong>\u00bfLos cables \u00f3pticos son direccionales?<\/strong><br>Los cables \u00f3pticos, como los latiguillos o los cables AOC (cables \u00f3pticos activos) de alta velocidad, no son direccionales. Sin embargo, si usa alguna fibra d\u00faplex (especialmente fibra multimodo), en m\u00f3dulos SFP o transceptores \u00f3pticos, debe cruzar las dos fibras. Es decir, conectar el puerto de transmisi\u00f3n en un extremo y el puerto receptor en el otro extremo.<br><\/p>\n\n\n\n<figure class=\"wp-block-image size-full\"><img loading=\"lazy\" decoding=\"async\" width=\"916\" height=\"304\" src=\"https:\/\/key2optics.com\/wp-content\/uploads\/2022\/11\/FAQ.jpg\" alt=\"Preguntas frecuentes sobre productos\" class=\"wp-image-6032\" srcset=\"https:\/\/key2optics.com\/wp-content\/uploads\/2022\/11\/FAQ.jpg 916w, https:\/\/key2optics.com\/wp-content\/uploads\/2022\/11\/FAQ-800x266.jpg 800w, https:\/\/key2optics.com\/wp-content\/uploads\/2022\/11\/FAQ-750x249.jpg 750w, https:\/\/key2optics.com\/wp-content\/uploads\/2022\/11\/FAQ-768x255.jpg 768w, https:\/\/key2optics.com\/wp-content\/uploads\/2022\/11\/FAQ-575x191.jpg 575w, https:\/\/key2optics.com\/wp-content\/uploads\/2022\/11\/FAQ-380x126.jpg 380w\" sizes=\"(max-width: 916px) 100vw, 916px\" \/><\/figure>\n\n\n\n<p id=\"13\"><strong>\u00bfQu\u00e9 es un m\u00f3dulo de enlace \u00f3ptico? <\/strong><br>Un m\u00f3dulo de enlace \u00f3ptico es el alias de un transceptor \u00f3ptico, un m\u00f3dulo SFP o un transceptor SFP. <\/p>","protected":false},"excerpt":{"rendered":"<p>Preguntas: Preguntas frecuentes sobre el producto \u00bfPuede su m\u00f3dulo \u00f3ptico funcionar en Cisco, [\u2026]<\/p>","protected":false},"author":1,"featured_media":0,"parent":0,"menu_order":0,"comment_status":"closed","ping_status":"closed","template":"","meta":{"content-type":"","_themeisle_gutenberg_block_has_review":false,"footnotes":""},"aioseo_notices":[],"_links":{"self":[{"href":"https:\/\/key2optics.com\/es\/wp-json\/wp\/v2\/pages\/614"}],"collection":[{"href":"https:\/\/key2optics.com\/es\/wp-json\/wp\/v2\/pages"}],"about":[{"href":"https:\/\/key2optics.com\/es\/wp-json\/wp\/v2\/types\/page"}],"author":[{"embeddable":true,"href":"https:\/\/key2optics.com\/es\/wp-json\/wp\/v2\/users\/1"}],"replies":[{"embeddable":true,"href":"https:\/\/key2optics.com\/es\/wp-json\/wp\/v2\/comments?post=614"}],"version-history":[{"count":0,"href":"https:\/\/key2optics.com\/es\/wp-json\/wp\/v2\/pages\/614\/revisions"}],"wp:attachment":[{"href":"https:\/\/key2optics.com\/es\/wp-json\/wp\/v2\/media?parent=614"}],"curies":[{"name":"wp","href":"https:\/\/api.w.org\/{rel}","templated":true}]}}