{"id":3282,"date":"2019-11-20T11:11:33","date_gmt":"2019-11-20T03:11:33","guid":{"rendered":"https:\/\/key2optics.com\/?post_type=product&#038;p=3282"},"modified":"2025-09-15T10:24:32","modified_gmt":"2025-09-15T02:24:32","slug":"high-density-odf-with-cassette","status":"publish","type":"product","link":"https:\/\/key2optics.com\/es\/producto\/alta-densidad-odf-con-cassette\/","title":{"rendered":"ODF de alta densidad con casete"},"content":{"rendered":"<p>Key2 Optocs 1U\/2U\/4U Rack Mount HD Fiber Enclosure admite un m\u00e1ximo de 576 fibras. Se instala principalmente en un gabinete de servidor con capacidad para albergar 24 m\u00f3dulos o casetes de fibra MTP \/ MPO a LC de f\u00e1cil conexi\u00f3n y alta densidad desarrollados por nosotros mismos. Esta soluci\u00f3n contribuye a una mayor disponibilidad de la red que es especialmente ideal para la conexi\u00f3n y gesti\u00f3n de cables de centros de datos MDA, IDA, HDA y otras redes troncales de fibra \u00f3ptica. Se puede preterminar con m\u00f3dulos de conmutaci\u00f3n MPO\/MTP o paneles frontales de adaptadores MPO\/MTP para lograr la interconexi\u00f3n y la conexi\u00f3n cruzada de cables troncales y dispositivos activos.<\/p>\n<h4>Montaje en rack de 19&quot; para ser conveniente y flexible<\/h4>\n<p>La caja de fibra de alta densidad cargada con cassettes est\u00e1 completamente configurada de acuerdo con los est\u00e1ndares EIA, que es aplicable a todos los gabinetes que cumplan con dichos est\u00e1ndares.<\/p>\n<p><img loading=\"lazy\" decoding=\"async\" class=\"alignnone size-full wp-image-3283\" src=\"https:\/\/key2optics.com\/wp-content\/uploads\/2019\/11\/FHD1.jpg\" alt=\"\" width=\"492\" height=\"344\" srcset=\"https:\/\/key2optics.com\/wp-content\/uploads\/2019\/11\/FHD1.jpg 492w, https:\/\/key2optics.com\/wp-content\/uploads\/2019\/11\/FHD1-220x154.jpg 220w\" sizes=\"(max-width: 492px) 100vw, 492px\" \/><\/p>\n<h4>Cajones superpuestos e intercambiables con hebilla de remache Dise\u00f1o con cerradura<\/h4>\n<p>Los cajones se apilan instalados, mientras que cada capa se puede empujar hacia adentro o hacia afuera de forma independiente, lo que tambi\u00e9n ayuda a separar los cables para evitar que se enreden. Hay una hebilla de bloqueo independiente equipada en cada m\u00f3dulo para evitar deslizamientos.<\/p>\n<p><img loading=\"lazy\" decoding=\"async\" class=\"alignnone wp-image-3284\" src=\"https:\/\/key2optics.com\/wp-content\/uploads\/2019\/11\/FHD2.jpg\" alt=\"\" width=\"720\" height=\"332\" srcset=\"https:\/\/key2optics.com\/wp-content\/uploads\/2019\/11\/FHD2.jpg 1085w, https:\/\/key2optics.com\/wp-content\/uploads\/2019\/11\/FHD2-800x369.jpg 800w, https:\/\/key2optics.com\/wp-content\/uploads\/2019\/11\/FHD2-750x346.jpg 750w, https:\/\/key2optics.com\/wp-content\/uploads\/2019\/11\/FHD2-768x355.jpg 768w\" sizes=\"(max-width: 720px) 100vw, 720px\" \/><\/p>\n<h4>Identificaci\u00f3n clara y f\u00e1cil de localizar<\/h4>\n<p>Nuestro gabinete de fibra HD con cassettes est\u00e1 marcado con una identificaci\u00f3n clara correspondiente a los puertos en los paneles o cassettes para ubicarlos f\u00e1cilmente. El panel de color en frente del gabinete es para anotar claramente la informaci\u00f3n importante.<\/p>\n<p><img loading=\"lazy\" decoding=\"async\" class=\"alignnone wp-image-3285\" src=\"https:\/\/key2optics.com\/wp-content\/uploads\/2019\/11\/FHD3.jpg\" alt=\"\" width=\"634\" height=\"355\" srcset=\"https:\/\/key2optics.com\/wp-content\/uploads\/2019\/11\/FHD3.jpg 797w, https:\/\/key2optics.com\/wp-content\/uploads\/2019\/11\/FHD3-600x336.jpg 600w, https:\/\/key2optics.com\/wp-content\/uploads\/2019\/11\/FHD3-750x420.jpg 750w, https:\/\/key2optics.com\/wp-content\/uploads\/2019\/11\/FHD3-768x430.jpg 768w\" sizes=\"(max-width: 634px) 100vw, 634px\" \/><\/p>","protected":false},"excerpt":{"rendered":"<p>Key2 Optocs 1U\/2U\/4U Rack Mount HD Fiber Enclosure admite un m\u00e1ximo de 576 fibras. Se instala principalmente en un gabinete de servidor con capacidad para albergar 24 m\u00f3dulos o casetes de fibra MTP \/ MPO a LC de f\u00e1cil conexi\u00f3n y alta densidad desarrollados por nosotros mismos. Esta soluci\u00f3n contribuye a una mayor disponibilidad de la red que es especialmente ideal para la conexi\u00f3n y gesti\u00f3n de cables de centros de datos MDA, IDA, HDA y otras redes troncales de fibra \u00f3ptica. Se puede preterminar con m\u00f3dulos de conmutaci\u00f3n MPO\/MTP o paneles frontales de adaptadores MPO\/MTP para lograr la interconexi\u00f3n y la conexi\u00f3n cruzada de cables troncales y dispositivos activos.<\/p>","protected":false},"featured_media":3286,"comment_status":"closed","ping_status":"closed","template":"","meta":{"content-type":"","_themeisle_gutenberg_block_has_review":false},"product_cat":[143],"product_tag":[116],"aioseo_notices":[],"_links":{"self":[{"href":"https:\/\/key2optics.com\/es\/wp-json\/wp\/v2\/product\/3282"}],"collection":[{"href":"https:\/\/key2optics.com\/es\/wp-json\/wp\/v2\/product"}],"about":[{"href":"https:\/\/key2optics.com\/es\/wp-json\/wp\/v2\/types\/product"}],"replies":[{"embeddable":true,"href":"https:\/\/key2optics.com\/es\/wp-json\/wp\/v2\/comments?post=3282"}],"wp:featuredmedia":[{"embeddable":true,"href":"https:\/\/key2optics.com\/es\/wp-json\/wp\/v2\/media\/3286"}],"wp:attachment":[{"href":"https:\/\/key2optics.com\/es\/wp-json\/wp\/v2\/media?parent=3282"}],"wp:term":[{"taxonomy":"product_cat","embeddable":true,"href":"https:\/\/key2optics.com\/es\/wp-json\/wp\/v2\/product_cat?post=3282"},{"taxonomy":"product_tag","embeddable":true,"href":"https:\/\/key2optics.com\/es\/wp-json\/wp\/v2\/product_tag?post=3282"}],"curies":[{"name":"wp","href":"https:\/\/api.w.org\/{rel}","templated":true}]}}