{"id":4269,"date":"2022-09-07T22:36:17","date_gmt":"2022-09-07T14:36:17","guid":{"rendered":"https:\/\/key2optics.com\/?post_type=product&#038;p=4269"},"modified":"2025-09-15T10:24:28","modified_gmt":"2025-09-15T02:24:28","slug":"1g-10g-sfp-t-module","status":"publish","type":"product","link":"https:\/\/key2optics.com\/es\/producto\/1g-10g-sfp-t-modulo\/","title":{"rendered":"M\u00f3dulo SFP-T 1G\/10G"},"content":{"rendered":"<div class=\"node__content clearfix\">\n<div class=\"field field--name-body field--type-text-with-summary field--label-hidden field__item\">\n<p>Key2 Optics tiene 1000Base-T y 10GBase-T (100\/1000M\/10G) Cobre RJ45 SFP\/SFP+ (<a href=\"https:\/\/en.wikipedia.org\/wiki\/Small_Form-factor_Pluggable#10_Gbit\/s_SFP+\" target=\"_blank\" rel=\"noopener\">Wiki: \u00bfQu\u00e9 es SFP+?<\/a>) Transceptor, dise\u00f1ado con el chip Marvell 88XX PHY siguiendo IEEE 802.3abn y SFP\/SFP+ MSA, que admite transmisiones de hasta 100 metros sobre CAT.5e(GE)\/CAT.6a\/CAT.7(10G).<\/p>\n<p>&nbsp;<\/p>\n<p><strong>SFP-T-GE<\/strong><\/p>\n<p>SFP-GE-T es un transceptor SFP RJ45 de cobre de velocidad m\u00faltiple, dise\u00f1ado con el chip Marvell 88E1111 PHY siguiendo IEEE 802.3ab y SFP MSA, que admite transmisiones de hasta 100 metros a trav\u00e9s de CAT.5e que admiten negociaci\u00f3n autom\u00e1tica de 100\/1000M.<\/p>\n<p>&nbsp;<\/p>\n<p><strong>SFP-T-1OG<\/strong><\/p>\n<p>El m\u00f3dulo transceptor de cobre 10GBase-T es un enlace de datos d\u00faplex integrado de alto rendimiento para la comunicaci\u00f3n bidireccional a trav\u00e9s de un cable de cobre. Duradero y de bajo consumo de energ\u00eda: la disipaci\u00f3n de energ\u00eda de menos de 2,5 W y la junta conductora de calor brindan una funci\u00f3n de disipaci\u00f3n de calor superior para disipar el calor del m\u00f3dulo y aumentar su vida \u00fatil.<\/p>\n<p>Est\u00e1 dise\u00f1ado espec\u00edficamente con el chip Marvell 88X3300 PHY siguiendo IEEE 802.3an y SFP+ MSA.<\/p>\n<\/div>\n<p><strong>Caracter\u00edsticas<\/strong><\/p>\n<ul>\n<li>1000Base-T (<strong>SFP-T-GE<\/strong>) | 10GBase-T (<strong>SFP-T-1OG<\/strong>)<\/li>\n<li>Velocidad de datos: 1,25 Gb\/s (<strong>SFP-T-GE<\/strong>) | 10 Gbps (<strong>SFP-T-1OG<\/strong>)<\/li>\n<li>Interfaz: RJ-45<\/li>\n<li>Transmisi\u00f3n de 100 metros sobre CAT.5e (<strong>SFP-T-GE<\/strong>)<\/li>\n<li>Transmisi\u00f3n de 30 metros sobre CAT.6a\/CAT.7 (<strong>SFP-T-1OG<\/strong>)<\/li>\n<li>Cumple con 10G Base-T IEEE 802.3an (<strong>Solo SFP-T-1OG<\/strong>)<\/li>\n<li>Cumple con 1000Base-T IEEE 802.3ab<\/li>\n<li>Cumple con 100Base-TX IEEE 802.3u<\/li>\n<li>Cumple con SFP MSA<\/li>\n<li>Huella SFP conectable en caliente<\/li>\n<li>Fuente de alimentaci\u00f3n \u00fanica de +3,3 V<\/li>\n<li>Temperatura. Rango (\u2103): 0~70<\/li>\n<li>RoHS<img loading=\"lazy\" decoding=\"async\" class=\"wp-image-4336\" src=\"https:\/\/key2optics.com\/wp-content\/uploads\/2022\/09\/SFP-T.jpg\" alt=\"Transceptor SFP-T RJ45\" width=\"461\" height=\"346\" srcset=\"https:\/\/key2optics.com\/wp-content\/uploads\/2022\/09\/SFP-T.jpg 1440w, https:\/\/key2optics.com\/wp-content\/uploads\/2022\/09\/SFP-T-800x600.jpg 800w, https:\/\/key2optics.com\/wp-content\/uploads\/2022\/09\/SFP-T-640x480.jpg 640w, https:\/\/key2optics.com\/wp-content\/uploads\/2022\/09\/SFP-T-768x576.jpg 768w, https:\/\/key2optics.com\/wp-content\/uploads\/2022\/09\/SFP-T-1140x855.jpg 1140w, https:\/\/key2optics.com\/wp-content\/uploads\/2022\/09\/SFP-T-920x690.jpg 920w, https:\/\/key2optics.com\/wp-content\/uploads\/2022\/09\/SFP-T-575x431.jpg 575w, https:\/\/key2optics.com\/wp-content\/uploads\/2022\/09\/SFP-T-380x285.jpg 380w\" sizes=\"(max-width: 461px) 100vw, 461px\" \/><\/li>\n<\/ul>\n<\/div>\n<div class=\"node__content clearfix\">\n<p>Descargue la hoja de especificaciones de <a href=\"https:\/\/key2optics.com\/es\/descargar\/\">aqu\u00ed<\/a><\/p>\n<h3><strong>Dispositivos y marcas compatibles<\/strong><\/h3>\n<hr \/>\n<p>Nuestros transceptores \u00f3pticos son compatibles con la mayor\u00eda de las marcas de \u00e1lamos del mercado, d\u00edganos las marcas de los dispositivos que utilizar\u00e1, le brindaremos el servicio personalizado.<\/p>\n<p>M\u00f3dulo SFP\/SFP+\/SFP28\/QSFP\/QSFP+\/QSFP28\/CFP\/CFP2\/CFP4<strong> marcas compatibles<\/strong>: Cisco\/HP\/DELL\/FINISAR\/INTEL\/HUAWEI\/JUNIPER\/ZTE\/TP-LINK\/H3C...<\/p>\n<p><strong>Dispositivos de soporte:<\/strong> Servidor\/Switch\/NAS\/WDM OTN\/Fibra a Ethernet Media Converter\/Router con interfaz SFP\/SFP+\/SFP28\/QSFP\/QSFP+\/QSFP28\/CFP\/CFP2\/CFP4.<\/p>\n<p>&nbsp;<\/p>\n<p><img loading=\"lazy\" decoding=\"async\" class=\"aligncenter wp-image-4309\" src=\"https:\/\/key2optics.com\/wp-content\/uploads\/2022\/09\/Optical-Module-List-en.jpg\" alt=\"compatibilidad del transceptor\" width=\"1000\" height=\"992\" srcset=\"https:\/\/key2optics.com\/wp-content\/uploads\/2022\/09\/Optical-Module-List-en.jpg 1591w, https:\/\/key2optics.com\/wp-content\/uploads\/2022\/09\/Optical-Module-List-en-100x100.jpg 100w, https:\/\/key2optics.com\/wp-content\/uploads\/2022\/09\/Optical-Module-List-en-800x793.jpg 800w, https:\/\/key2optics.com\/wp-content\/uploads\/2022\/09\/Optical-Module-List-en-484x480.jpg 484w, https:\/\/key2optics.com\/wp-content\/uploads\/2022\/09\/Optical-Module-List-en-180x180.jpg 180w, https:\/\/key2optics.com\/wp-content\/uploads\/2022\/09\/Optical-Module-List-en-768x762.jpg 768w, https:\/\/key2optics.com\/wp-content\/uploads\/2022\/09\/Optical-Module-List-en-1536x1523.jpg 1536w, https:\/\/key2optics.com\/wp-content\/uploads\/2022\/09\/Optical-Module-List-en-1140x1131.jpg 1140w, https:\/\/key2optics.com\/wp-content\/uploads\/2022\/09\/Optical-Module-List-en-920x912.jpg 920w, https:\/\/key2optics.com\/wp-content\/uploads\/2022\/09\/Optical-Module-List-en-575x570.jpg 575w, https:\/\/key2optics.com\/wp-content\/uploads\/2022\/09\/Optical-Module-List-en-380x377.jpg 380w\" sizes=\"(max-width: 1000px) 100vw, 1000px\" \/><\/p>\n<p><img loading=\"lazy\" decoding=\"async\" class=\"wp-image-6388 size-full aligncenter\" src=\"https:\/\/key2optics.com\/wp-content\/uploads\/2019\/11\/Application1.jpg\" alt=\"Dispositivos compatibles con el m\u00f3dulo SFP\" width=\"807\" height=\"444\" \/><\/p>\n<h3><strong>Por qu\u00e9 Key2Optics<\/strong><\/h3>\n<hr \/>\n<h4>Producci\u00f3n y Control de Calidad<\/h4>\n<p>Con una l\u00ednea de ensamblaje avanzada, un taller de rob\u00f3tica y laboratorios de prueba, hacemos que nuestros productos 100% est\u00e9n libres de defectos y puedan usarse en cualquier entorno y bajo cualquier circunstancia. <a href=\"https:\/\/key2optics.com\/es\/control-de-calidad\/\" target=\"_blank\" rel=\"noopener\">M\u00e1s\u2026<\/a><\/p>\n<p><a href=\"https:\/\/key2optics.com\/es\/control-de-calidad\/\" target=\"_blank\" rel=\"noopener\"><img loading=\"lazy\" decoding=\"async\" class=\"aligncenter wp-image-6391 size-full\" title=\"control de calidad y producci\u00f3n de key2optics\" src=\"https:\/\/key2optics.com\/wp-content\/uploads\/2019\/11\/QCProduction.jpg\" alt=\"control de calidad y producci\u00f3n de key2optics\" width=\"1000\" height=\"756\" \/><\/a><\/p>\n<p>Supervisamos estrictamente cada paso de la producci\u00f3n para asegurarnos de que cada pieza de producto que se le entregue sea rastreable y no tenga defectos.\u00a0 \u00a0<a href=\"https:\/\/key2optics.com\/es\/control-de-calidad\/\" target=\"_blank\" rel=\"noopener\">M\u00e1s\u2026<\/a><\/p>\n<figure id=\"attachment_6394\" aria-describedby=\"caption-attachment-6394\" style=\"width: 1000px\" class=\"wp-caption aligncenter\"><a href=\"https:\/\/key2optics.com\/es\/control-de-calidad\/\" target=\"_blank\" rel=\"noopener\"><img loading=\"lazy\" decoding=\"async\" class=\"wp-image-6394 size-full\" src=\"https:\/\/key2optics.com\/wp-content\/uploads\/2019\/11\/production.jpg\" alt=\"producci\u00f3n y prueba de key2optics\" width=\"1000\" height=\"416\" \/><\/a><figcaption id=\"caption-attachment-6394\" class=\"wp-caption-text\">producci\u00f3n y prueba de key2optics<\/figcaption><\/figure>\n<h4>Nuestra calificaci\u00f3n<\/h4>\n<p>Nuestros productos est\u00e1n certificados con CE, FCC, RoHs y nuestra l\u00ednea de producci\u00f3n est\u00e1 <a title=\"ISO 9001\" href=\"https:\/\/key2optics.com\/wp-content\/uploads\/2022\/09\/ISO9001.jpg\" target=\"_blank\" rel=\"noopener\">ISO 9001<\/a> certificado. Tenemos m\u00e1s de decenas de certificados de patentes y certificados de software.\u00a0 <a href=\"https:\/\/key2optics.com\/es\/control-de-calidad\/\" target=\"_blank\" rel=\"noopener\">M\u00e1s\u2026<\/a><\/p>\n<p><a href=\"https:\/\/key2optics.com\/es\/control-de-calidad\/\" target=\"_blank\" rel=\"noopener\"><img loading=\"lazy\" decoding=\"async\" class=\"aligncenter wp-image-6389 size-full\" src=\"https:\/\/key2optics.com\/wp-content\/uploads\/2019\/11\/Certificates.jpg\" alt=\"certifcados key2optics\" width=\"1000\" height=\"241\" \/><\/a><\/p>","protected":false},"excerpt":{"rendered":"<p>Key2 Optics tiene un transceptor 1000Base-T y 10GBase-T (100\/1000M\/10G) de cobre RJ45 SFP\/SFP+, dise\u00f1ado con el chip Marvell 88XX PHY siguiendo IEEE 802.3abn y SFP\/SFP+ MSA, que admite transmisi\u00f3n de hasta 100 metros a trav\u00e9s de CAT .5e(GE)\/CAT.6a\/CAT.7(10G).<\/p>\n<p><span style=\"color: #ff0000;\"><strong>\u00a1CONSULTE LAS ESPECIFICACIONES PARA ENCONTRAR EL MODELO Y EL SKU CORRECTOS!<\/strong><\/span><\/p>","protected":false},"featured_media":4336,"comment_status":"closed","ping_status":"closed","template":"","meta":{"content-type":"","_themeisle_gutenberg_block_has_review":false},"product_cat":[64],"product_tag":[142],"aioseo_notices":[],"_links":{"self":[{"href":"https:\/\/key2optics.com\/es\/wp-json\/wp\/v2\/product\/4269"}],"collection":[{"href":"https:\/\/key2optics.com\/es\/wp-json\/wp\/v2\/product"}],"about":[{"href":"https:\/\/key2optics.com\/es\/wp-json\/wp\/v2\/types\/product"}],"replies":[{"embeddable":true,"href":"https:\/\/key2optics.com\/es\/wp-json\/wp\/v2\/comments?post=4269"}],"wp:featuredmedia":[{"embeddable":true,"href":"https:\/\/key2optics.com\/es\/wp-json\/wp\/v2\/media\/4336"}],"wp:attachment":[{"href":"https:\/\/key2optics.com\/es\/wp-json\/wp\/v2\/media?parent=4269"}],"wp:term":[{"taxonomy":"product_cat","embeddable":true,"href":"https:\/\/key2optics.com\/es\/wp-json\/wp\/v2\/product_cat?post=4269"},{"taxonomy":"product_tag","embeddable":true,"href":"https:\/\/key2optics.com\/es\/wp-json\/wp\/v2\/product_tag?post=4269"}],"curies":[{"name":"wp","href":"https:\/\/api.w.org\/{rel}","templated":true}]}}