{"id":4460,"date":"2022-09-09T19:35:24","date_gmt":"2022-09-09T11:35:24","guid":{"rendered":"https:\/\/key2optics.com\/?post_type=product&#038;p=4460"},"modified":"2025-09-15T10:24:27","modified_gmt":"2025-09-15T02:24:27","slug":"lgx-box-splitter","status":"publish","type":"product","link":"https:\/\/key2optics.com\/es\/producto\/lgx-box-divisor\/","title":{"rendered":"Divisor de caja LGX"},"content":{"rendered":"<p>1 \u00d7 2, 1 \u00d7 4, 1 \u00d7 8, 1 \u00d7 16 LGX Box PLC Divisor de fibra (Wiki: <a href=\"https:\/\/en.wikipedia.org\/wiki\/Fiber-optic_splitter\" target=\"_blank\" rel=\"noopener\">\u00bfQu\u00e9 es el divisor de fibra \u00f3ptica?<\/a>) para casete LGX est\u00e1ndar, LC\/APC, SC\/APC, monomodo, divisor de fibra \u00f3ptica pasiva<\/p>\n<p>Un divisor de circuito de onda de luz planar (PLC) es un tipo de dispositivo de administraci\u00f3n de energ\u00eda \u00f3ptica que se fabrica utilizando tecnolog\u00eda de gu\u00eda de onda \u00f3ptica de s\u00edlice para distribuir se\u00f1ales \u00f3pticas desde la oficina central (CO) a m\u00faltiples ubicaciones de instalaciones. Los divisores de PLC se encuentran com\u00fanmente en PON (Redes \u00f3pticas pasivas), Datacom, LAN (Redes de \u00e1rea local), CATV (TV por cable), LCP (Puntos de convergencia locales), FTTx y m\u00e1s aplicaciones, adecuadas para comunicaci\u00f3n, m\u00e9dico, banco, construcci\u00f3n , grandes edificios de oficinas, oficinas y otros lugares con requisitos de red de alta calidad. El divisor de cassette LGX se usa m\u00e1s com\u00fanmente para brindar protecci\u00f3n completa para la \u00f3ptica y los cables internos. Con su tama\u00f1o peque\u00f1o, alta confiabilidad y amplio rango de longitud de onda operativo, se usa ampliamente en redes PON para lograr una soluci\u00f3n de bajo costo para la distribuci\u00f3n de energ\u00eda de se\u00f1al \u00f3ptica.<\/p>\n<p>Key2optics son fabricantes profesionales de divisores de fibra \u00f3ptica desde 2009, tenemos todo tipo de divisores pasivos de fibra \u00f3ptica para diferentes aplicaciones.<\/p>\n<p><strong>Caracter\u00edsticas<\/strong><\/p>\n<ul>\n<li class=\"spotlights_item\"><span data-v-c5bb8b48=\"\">Se\u00f1al de entrada dividida uniformemente en 4 puertos de salida<\/span><\/li>\n<li class=\"spotlights_item\"><span data-v-c5bb8b48=\"\">P\u00e9rdida de inserci\u00f3n baja \u22647.3dB y p\u00e9rdida dependiente de polarizaci\u00f3n baja \u22640.2dB<\/span><\/li>\n<li class=\"spotlights_item\"><span data-v-c5bb8b48=\"\">Dispositivo de bifurcaci\u00f3n \u00f3ptica completamente pasivo<\/span><\/li>\n<li class=\"spotlights_item\"><span data-v-c5bb8b48=\"\">Longitudes de onda operativas amplias de 1260~1650nm<\/span><\/li>\n<li class=\"spotlights_item\"><span data-v-c5bb8b48=\"\">Com\u00fanmente encontrado en PON, Datacom, LAN, CATV, LCP, FTTx y m\u00e1s aplicaciones<\/span><\/li>\n<li class=\"spotlights_more\">\n<div class=\"spotlights_item\" data-v-c5bb8b48=\"\"><span data-v-c5bb8b48=\"\">Se adapta a racks, cajas de pared, cajas de distribuci\u00f3n \u00f3ptica, etc.<\/span><\/div>\n<\/li>\n<\/ul>\n<p><img loading=\"lazy\" decoding=\"async\" class=\"wp-image-4469\" src=\"https:\/\/key2optics.com\/wp-content\/uploads\/2022\/09\/1x4_splitter-e1662905638439.jpg\" alt=\"1x4_lgx_splitter\" width=\"481\" height=\"361\" srcset=\"https:\/\/key2optics.com\/wp-content\/uploads\/2022\/09\/1x4_splitter-e1662905638439.jpg 753w, https:\/\/key2optics.com\/wp-content\/uploads\/2022\/09\/1x4_splitter-e1662905638439-640x480.jpg 640w, https:\/\/key2optics.com\/wp-content\/uploads\/2022\/09\/1x4_splitter-e1662905638439-575x431.jpg 575w, https:\/\/key2optics.com\/wp-content\/uploads\/2022\/09\/1x4_splitter-e1662905638439-380x285.jpg 380w\" sizes=\"(max-width: 481px) 100vw, 481px\" \/><\/p>\n<p><strong>Aplicaci\u00f3n FTTx<\/strong><\/p>\n<p><img loading=\"lazy\" decoding=\"async\" class=\"aligncenter size-full wp-image-4735\" src=\"https:\/\/key2optics.com\/wp-content\/uploads\/2022\/09\/connection.webp\" alt=\"\" width=\"942\" height=\"620\" srcset=\"https:\/\/key2optics.com\/wp-content\/uploads\/2022\/09\/connection.webp 942w, https:\/\/key2optics.com\/wp-content\/uploads\/2022\/09\/connection-800x527.webp 800w, https:\/\/key2optics.com\/wp-content\/uploads\/2022\/09\/connection-729x480.webp 729w, https:\/\/key2optics.com\/wp-content\/uploads\/2022\/09\/connection-768x505.webp 768w, https:\/\/key2optics.com\/wp-content\/uploads\/2022\/09\/connection-920x606.webp 920w, https:\/\/key2optics.com\/wp-content\/uploads\/2022\/09\/connection-575x378.webp 575w, https:\/\/key2optics.com\/wp-content\/uploads\/2022\/09\/connection-380x250.webp 380w\" sizes=\"(max-width: 942px) 100vw, 942px\" \/><\/p>\n<p>&nbsp;<\/p>\n<p>Descargue la hoja de especificaciones de <a href=\"https:\/\/key2optics.com\/es\/descargar\/\">aqu\u00ed<\/a><\/p>\n<p>&nbsp;<\/p>\n<p>&nbsp;<\/p>","protected":false},"excerpt":{"rendered":"<p>Divisor de fibra PLC LGX Box 1\u00d72, 1\u00d74, 1\u00d78, 1\u00d716 para casete LGX est\u00e1ndar, LC\/APC, SC\/APC, monomodo, divisor de fibra \u00f3ptica pasiva<\/p>","protected":false},"featured_media":5083,"comment_status":"closed","ping_status":"closed","template":"","meta":{"content-type":"","_themeisle_gutenberg_block_has_review":false},"product_cat":[144],"product_tag":[146],"aioseo_notices":[],"_links":{"self":[{"href":"https:\/\/key2optics.com\/es\/wp-json\/wp\/v2\/product\/4460"}],"collection":[{"href":"https:\/\/key2optics.com\/es\/wp-json\/wp\/v2\/product"}],"about":[{"href":"https:\/\/key2optics.com\/es\/wp-json\/wp\/v2\/types\/product"}],"replies":[{"embeddable":true,"href":"https:\/\/key2optics.com\/es\/wp-json\/wp\/v2\/comments?post=4460"}],"wp:featuredmedia":[{"embeddable":true,"href":"https:\/\/key2optics.com\/es\/wp-json\/wp\/v2\/media\/5083"}],"wp:attachment":[{"href":"https:\/\/key2optics.com\/es\/wp-json\/wp\/v2\/media?parent=4460"}],"wp:term":[{"taxonomy":"product_cat","embeddable":true,"href":"https:\/\/key2optics.com\/es\/wp-json\/wp\/v2\/product_cat?post=4460"},{"taxonomy":"product_tag","embeddable":true,"href":"https:\/\/key2optics.com\/es\/wp-json\/wp\/v2\/product_tag?post=4460"}],"curies":[{"name":"wp","href":"https:\/\/api.w.org\/{rel}","templated":true}]}}