{"id":4773,"date":"2022-09-16T16:41:09","date_gmt":"2022-09-16T08:41:09","guid":{"rendered":"https:\/\/key2optics.com\/?post_type=product&#038;p=4773"},"modified":"2025-09-15T10:24:27","modified_gmt":"2025-09-15T02:24:27","slug":"1000m-media-convertor","status":"publish","type":"product","link":"https:\/\/key2optics.com\/es\/producto\/convertidor-de-medios-de-1000-m\/","title":{"rendered":"Convertidor de medios 1000M"},"content":{"rendered":"<p><strong>10\/100\/1000Base-T (1 puerto) RJ45 a 100\/1000Base-X SFP (1 puerto) Gigabit Ethernet Media Converter para redes de transici\u00f3n<\/strong><\/p>\n<div class=\"content\" data-v-37f1ddea=\"\">\n<p>El convertidor de medios Gigabit Ethernet (WiKi: <a href=\"https:\/\/en.wikipedia.org\/wiki\/Fiber_media_converter\" target=\"_blank\" rel=\"noopener\">\u00bfQu\u00e9 es el convertidor de medios de fibra?<\/a>) ampl\u00eda la distancia de comunicaci\u00f3n con un alto rendimiento de transmisi\u00f3n de datos a trav\u00e9s de cable de fibra \u00f3ptica. Puede construir la soluci\u00f3n de red ISP de FTTH o FTTC para ISP y FTTB, o para entornos de red de oficinas peque\u00f1as de empresas.<\/p>\n<p data-v-37f1ddea=\"\">Los convertidores de medios son compatibles con una amplia gama de m\u00f3dulos transceptores, como m\u00f3dulos transceptores 1000Base SFP generales, m\u00f3dulos transceptores BIDI, m\u00f3dulos transceptores CWDM, etc. Aseg\u00farese de que la longitud de onda, la velocidad y la distancia de los m\u00f3dulos transceptores utilizados en ambos extremos del convertidor de medios de redes de transici\u00f3n son consistentes.<\/p>\n<\/div>\n<p><iframe loading=\"lazy\" title=\"Convertidor de medios Ethernet de fibra con adaptador incorporado No se requiere adaptador de corriente, alimentaci\u00f3n de CA de 110 V~220 V\" width=\"1140\" height=\"641\" src=\"https:\/\/www.youtube.com\/embed\/ahHFivvS12c?feature=oembed\" frameborder=\"0\" allow=\"accelerometer; autoplay; clipboard-write; encrypted-media; gyroscope; picture-in-picture\" allowfullscreen><\/iframe><\/p>\n<p><strong>Caracter\u00edsticas<\/strong><\/p>\n<ul>\n<li class=\"spotlights_item\"><span data-v-0edac95c=\"\">1 puerto RJ45 de negociaci\u00f3n autom\u00e1tica de 10\/100\/1000Mbps compatible con Auto-MDI\/MDIX<\/span><\/li>\n<li class=\"spotlights_item\"><span data-v-0edac95c=\"\">La distancia m\u00e1xima de transmisi\u00f3n depende de los m\u00f3dulos insertados<\/span><\/li>\n<li class=\"spotlights_item\"><span data-v-0edac95c=\"\">Negociaci\u00f3n autom\u00e1tica del modo de transferencia Half-Duplex \/ Full-Duplex<\/span><\/li>\n<li class=\"spotlights_item\"><span data-v-0edac95c=\"\">Los LED indican el estado de enlace de fibra y Ethernet de un vistazo<\/span><\/li>\n<li class=\"spotlights_item\"><span data-v-0edac95c=\"\">Plug-and-play, utilizado como unidad independiente en un escritorio o estante<\/span><\/li>\n<li class=\"spotlights_more\">\n<div class=\"spotlights_item\" data-v-0edac95c=\"\"><span data-v-0edac95c=\"\">Cumple con IEEE 802.3, IEEE 802.3u, IEEE 802.3ab, IEEE 802.3z, IEEE 802.3x<\/span><\/div>\n<\/li>\n<\/ul>\n<p><img loading=\"lazy\" decoding=\"async\" class=\"aligncenter size-full wp-image-4767\" src=\"https:\/\/key2optics.com\/wp-content\/uploads\/2022\/09\/3.jpg\" alt=\"\" width=\"1185\" height=\"1200\" srcset=\"https:\/\/key2optics.com\/wp-content\/uploads\/2022\/09\/3.jpg 1185w, https:\/\/key2optics.com\/wp-content\/uploads\/2022\/09\/3-100x100.jpg 100w, https:\/\/key2optics.com\/wp-content\/uploads\/2022\/09\/3-800x810.jpg 800w, https:\/\/key2optics.com\/wp-content\/uploads\/2022\/09\/3-474x480.jpg 474w, https:\/\/key2optics.com\/wp-content\/uploads\/2022\/09\/3-768x778.jpg 768w, https:\/\/key2optics.com\/wp-content\/uploads\/2022\/09\/3-12x12.jpg 12w, https:\/\/key2optics.com\/wp-content\/uploads\/2022\/09\/3-1140x1154.jpg 1140w, https:\/\/key2optics.com\/wp-content\/uploads\/2022\/09\/3-920x932.jpg 920w, https:\/\/key2optics.com\/wp-content\/uploads\/2022\/09\/3-575x582.jpg 575w, https:\/\/key2optics.com\/wp-content\/uploads\/2022\/09\/3-380x385.jpg 380w\" sizes=\"(max-width: 1185px) 100vw, 1185px\" \/> <img loading=\"lazy\" decoding=\"async\" class=\"aligncenter size-full wp-image-4766\" src=\"https:\/\/key2optics.com\/wp-content\/uploads\/2022\/09\/2.jpg\" alt=\"\" width=\"1200\" height=\"1084\" srcset=\"https:\/\/key2optics.com\/wp-content\/uploads\/2022\/09\/2.jpg 1200w, https:\/\/key2optics.com\/wp-content\/uploads\/2022\/09\/2-800x723.jpg 800w, https:\/\/key2optics.com\/wp-content\/uploads\/2022\/09\/2-531x480.jpg 531w, https:\/\/key2optics.com\/wp-content\/uploads\/2022\/09\/2-768x694.jpg 768w, https:\/\/key2optics.com\/wp-content\/uploads\/2022\/09\/2-13x12.jpg 13w, https:\/\/key2optics.com\/wp-content\/uploads\/2022\/09\/2-1140x1030.jpg 1140w, https:\/\/key2optics.com\/wp-content\/uploads\/2022\/09\/2-920x831.jpg 920w, https:\/\/key2optics.com\/wp-content\/uploads\/2022\/09\/2-575x519.jpg 575w, https:\/\/key2optics.com\/wp-content\/uploads\/2022\/09\/2-380x343.jpg 380w\" sizes=\"(max-width: 1200px) 100vw, 1200px\" \/> <img loading=\"lazy\" decoding=\"async\" class=\"aligncenter size-full wp-image-4768\" src=\"https:\/\/key2optics.com\/wp-content\/uploads\/2022\/09\/4.jpg\" alt=\"\" width=\"1449\" height=\"1494\" srcset=\"https:\/\/key2optics.com\/wp-content\/uploads\/2022\/09\/4.jpg 1449w, https:\/\/key2optics.com\/wp-content\/uploads\/2022\/09\/4-800x825.jpg 800w, https:\/\/key2optics.com\/wp-content\/uploads\/2022\/09\/4-466x480.jpg 466w, https:\/\/key2optics.com\/wp-content\/uploads\/2022\/09\/4-768x792.jpg 768w, https:\/\/key2optics.com\/wp-content\/uploads\/2022\/09\/4-12x12.jpg 12w, https:\/\/key2optics.com\/wp-content\/uploads\/2022\/09\/4-1140x1175.jpg 1140w, https:\/\/key2optics.com\/wp-content\/uploads\/2022\/09\/4-920x949.jpg 920w, https:\/\/key2optics.com\/wp-content\/uploads\/2022\/09\/4-575x593.jpg 575w, https:\/\/key2optics.com\/wp-content\/uploads\/2022\/09\/4-380x392.jpg 380w\" sizes=\"(max-width: 1449px) 100vw, 1449px\" \/><\/p>\n<p>Descargue la hoja de especificaciones de <a href=\"https:\/\/key2optics.com\/es\/descargar\/\">aqu\u00ed<\/a><\/p>\n<p>&nbsp;<\/p>","protected":false},"excerpt":{"rendered":"<p class=\"title\">10\/100\/1000Base-T (1 puerto) RJ45 a 100\/1000Base-X SFP (1 puerto) Convertidor de medios Gigabit Ethernet<\/p>","protected":false},"featured_media":4772,"comment_status":"closed","ping_status":"closed","template":"","meta":{"content-type":"","_themeisle_gutenberg_block_has_review":false},"product_cat":[65],"product_tag":[148],"aioseo_notices":[],"_links":{"self":[{"href":"https:\/\/key2optics.com\/es\/wp-json\/wp\/v2\/product\/4773"}],"collection":[{"href":"https:\/\/key2optics.com\/es\/wp-json\/wp\/v2\/product"}],"about":[{"href":"https:\/\/key2optics.com\/es\/wp-json\/wp\/v2\/types\/product"}],"replies":[{"embeddable":true,"href":"https:\/\/key2optics.com\/es\/wp-json\/wp\/v2\/comments?post=4773"}],"wp:featuredmedia":[{"embeddable":true,"href":"https:\/\/key2optics.com\/es\/wp-json\/wp\/v2\/media\/4772"}],"wp:attachment":[{"href":"https:\/\/key2optics.com\/es\/wp-json\/wp\/v2\/media?parent=4773"}],"wp:term":[{"taxonomy":"product_cat","embeddable":true,"href":"https:\/\/key2optics.com\/es\/wp-json\/wp\/v2\/product_cat?post=4773"},{"taxonomy":"product_tag","embeddable":true,"href":"https:\/\/key2optics.com\/es\/wp-json\/wp\/v2\/product_tag?post=4773"}],"curies":[{"name":"wp","href":"https:\/\/api.w.org\/{rel}","templated":true}]}}