{"id":4998,"date":"2022-09-28T21:04:20","date_gmt":"2022-09-28T13:04:20","guid":{"rendered":"https:\/\/key2optics.com\/?post_type=product&#038;p=4998"},"modified":"2025-09-15T10:24:26","modified_gmt":"2025-09-15T02:24:26","slug":"otn-wdm-system","status":"publish","type":"product","link":"https:\/\/key2optics.com\/es\/producto\/sistema-otn-wdm\/","title":{"rendered":"Sistema WDM OTN"},"content":{"rendered":"<div class=\"node__content clearfix\">\n<div class=\"field field--name-body field--type-text-with-summary field--label-hidden field__item\">\n<p>La nueva generaci\u00f3n de sistemas de transmisi\u00f3n por divisi\u00f3n de longitud de onda 200G de alta capacidad y larga distancia de Key2 Optics utiliza tecnolog\u00eda de transmisi\u00f3n avanzada y tecnolog\u00eda de alta integraci\u00f3n para admitir velocidades de transmisi\u00f3n de un solo canal de 100 Mbps a 100 Gbps.<\/p>\n<p>El sistema OTN WDM proporciona un ancho de banda amplio, una gran capacidad y una transmisi\u00f3n totalmente transparente para una expansi\u00f3n de 200 Gbps y 400 Gbps, lo que hace que las actualizaciones de la red sean m\u00e1s flexibles y sencillas. Con nuestra poderosa plataforma de administraci\u00f3n de red, puede monitorear y controlar las operaciones de servicios m\u00faltiples, as\u00ed como tambi\u00e9n las futuras actualizaciones y escalabilidad de la red. Es ampliamente utilizado en operadores, radiodifusi\u00f3n, IDC, finanzas, gobierno, red en la nube, big data y otras industrias.<\/p>\n<p><strong>Caracter\u00edsticas<\/strong><\/p>\n<ul>\n<li>Sistema WDM todo en uno con dise\u00f1o modular y simplemente plug-in-play para construir su sistema WDM<\/li>\n<li><span lang=\"EN-US\">Dise\u00f1o de montaje en bastidor U-space est\u00e1ndar, integraci\u00f3n y mantenimiento de tarjetas de servicio modulares, conectables en caliente y sin configuraci\u00f3n<\/span><\/li>\n<li><span lang=\"EN-US\"><span lang=\"EN-US\">Acceso al servicio de 100 Mbit\/S ~ 100 Gbit\/s para diferentes empresas:\u00a0<\/span><\/span>CPRI1~10, eCPRI, FE\/GE\/10GE\/25GE\/40GE\/100GE, FC 1G~32G, STM-N, OTU1\/2\/3\/4<\/li>\n<li><span lang=\"EN-US\"><span lang=\"EN-US\">Enorme capacidad de transmisi\u00f3n de hasta 9,6 Tb\/s y soporte<\/span><\/span>Transmisi\u00f3n h\u00edbrida s 80\/96\u00d710G\/100G, una actualizaci\u00f3n flexible de 40 ondas a 80 ondas, 48 ondas a 96 ondas<\/li>\n<li><span lang=\"EN-US\"><span lang=\"EN-US\">El sistema de transporte 200G adopta\u00a0<\/span><\/span>Tecnolog\u00eda de codificaci\u00f3n PDM-QPSK para detecci\u00f3n coherente, admite SD-FEC, el \u00edndice de tolerancia B2B OSNR es excelente, adopta la tecnolog\u00eda de procesamiento DSP avanzada de la industria, la tolerancia de dispersi\u00f3n es de 22000 ps\/nm y 1200 km o m\u00e1s de transmisi\u00f3n de rel\u00e9 no el\u00e9ctrica.<\/li>\n<li><span lang=\"EN-US\">M\u00e9todos confiables de protecci\u00f3n de telecomunicaciones para importantes dispositivos de telecomunicaciones y l\u00edneas de fibra \u00f3ptica<\/span><\/li>\n<\/ul>\n<p><strong>Soluci\u00f3n de red<\/strong><\/p>\n<p><img loading=\"lazy\" decoding=\"async\" class=\"aligncenter size-full wp-image-5012\" src=\"https:\/\/key2optics.com\/wp-content\/uploads\/2022\/09\/Networking.jpg\" alt=\"\" width=\"1536\" height=\"388\" srcset=\"https:\/\/key2optics.com\/wp-content\/uploads\/2022\/09\/Networking.jpg 1536w, https:\/\/key2optics.com\/wp-content\/uploads\/2022\/09\/Networking-800x202.jpg 800w, https:\/\/key2optics.com\/wp-content\/uploads\/2022\/09\/Networking-750x189.jpg 750w, https:\/\/key2optics.com\/wp-content\/uploads\/2022\/09\/Networking-768x194.jpg 768w, https:\/\/key2optics.com\/wp-content\/uploads\/2022\/09\/Networking-18x5.jpg 18w, https:\/\/key2optics.com\/wp-content\/uploads\/2022\/09\/Networking-1140x288.jpg 1140w, https:\/\/key2optics.com\/wp-content\/uploads\/2022\/09\/Networking-920x232.jpg 920w, https:\/\/key2optics.com\/wp-content\/uploads\/2022\/09\/Networking-575x145.jpg 575w, https:\/\/key2optics.com\/wp-content\/uploads\/2022\/09\/Networking-380x96.jpg 380w\" sizes=\"(max-width: 1536px) 100vw, 1536px\" \/><\/p>\n<p><strong>Diagrama del sistema y plataforma de gesti\u00f3n<\/strong><\/p>\n<p><img loading=\"lazy\" decoding=\"async\" class=\"aligncenter wp-image-5169 size-full\" src=\"https:\/\/key2optics.com\/wp-content\/uploads\/2022\/09\/wdm_system_diagram.jpg\" alt=\"\" width=\"1280\" height=\"743\" srcset=\"https:\/\/key2optics.com\/wp-content\/uploads\/2022\/09\/wdm_system_diagram.jpg 1280w, https:\/\/key2optics.com\/wp-content\/uploads\/2022\/09\/wdm_system_diagram-800x464.jpg 800w, https:\/\/key2optics.com\/wp-content\/uploads\/2022\/09\/wdm_system_diagram-750x435.jpg 750w, https:\/\/key2optics.com\/wp-content\/uploads\/2022\/09\/wdm_system_diagram-768x446.jpg 768w, https:\/\/key2optics.com\/wp-content\/uploads\/2022\/09\/wdm_system_diagram-18x10.jpg 18w, https:\/\/key2optics.com\/wp-content\/uploads\/2022\/09\/wdm_system_diagram-1140x662.jpg 1140w, https:\/\/key2optics.com\/wp-content\/uploads\/2022\/09\/wdm_system_diagram-920x534.jpg 920w, https:\/\/key2optics.com\/wp-content\/uploads\/2022\/09\/wdm_system_diagram-575x334.jpg 575w, https:\/\/key2optics.com\/wp-content\/uploads\/2022\/09\/wdm_system_diagram-380x221.jpg 380w\" sizes=\"(max-width: 1280px) 100vw, 1280px\" \/><\/p>\n<\/div>\n<p><img loading=\"lazy\" decoding=\"async\" class=\"aligncenter wp-image-5014 size-full\" src=\"https:\/\/key2optics.com\/wp-content\/uploads\/2022\/09\/otn_cms.jpg\" alt=\"\" width=\"1280\" height=\"1280\" srcset=\"https:\/\/key2optics.com\/wp-content\/uploads\/2022\/09\/otn_cms.jpg 1280w, https:\/\/key2optics.com\/wp-content\/uploads\/2022\/09\/otn_cms-420x420.jpg 420w, https:\/\/key2optics.com\/wp-content\/uploads\/2022\/09\/otn_cms-100x100.jpg 100w, https:\/\/key2optics.com\/wp-content\/uploads\/2022\/09\/otn_cms-800x800.jpg 800w, https:\/\/key2optics.com\/wp-content\/uploads\/2022\/09\/otn_cms-480x480.jpg 480w, https:\/\/key2optics.com\/wp-content\/uploads\/2022\/09\/otn_cms-180x180.jpg 180w, https:\/\/key2optics.com\/wp-content\/uploads\/2022\/09\/otn_cms-768x768.jpg 768w, https:\/\/key2optics.com\/wp-content\/uploads\/2022\/09\/otn_cms-12x12.jpg 12w, https:\/\/key2optics.com\/wp-content\/uploads\/2022\/09\/otn_cms-1140x1140.jpg 1140w, https:\/\/key2optics.com\/wp-content\/uploads\/2022\/09\/otn_cms-920x920.jpg 920w, https:\/\/key2optics.com\/wp-content\/uploads\/2022\/09\/otn_cms-575x575.jpg 575w, https:\/\/key2optics.com\/wp-content\/uploads\/2022\/09\/otn_cms-380x380.jpg 380w\" sizes=\"(max-width: 1280px) 100vw, 1280px\" \/><\/p>\n<p>Descargue las especificaciones detalladas de la<a href=\"https:\/\/key2optics.com\/es\/descargar\/\"> Enlace<\/a><\/p>\n<\/div>","protected":false},"excerpt":{"rendered":"<p>La nueva generaci\u00f3n de sistemas de transmisi\u00f3n por divisi\u00f3n de longitud de onda 200G de alta capacidad y larga distancia de Key2 Optics utiliza tecnolog\u00eda de transmisi\u00f3n avanzada y tecnolog\u00eda de alta integraci\u00f3n para admitir velocidades de transmisi\u00f3n de un solo canal de 100 Mbps a 100 Gbps.<\/p>","protected":false},"featured_media":4994,"comment_status":"closed","ping_status":"closed","template":"","meta":{"content-type":"","_themeisle_gutenberg_block_has_review":false},"product_cat":[154],"product_tag":[156],"aioseo_notices":[],"_links":{"self":[{"href":"https:\/\/key2optics.com\/es\/wp-json\/wp\/v2\/product\/4998"}],"collection":[{"href":"https:\/\/key2optics.com\/es\/wp-json\/wp\/v2\/product"}],"about":[{"href":"https:\/\/key2optics.com\/es\/wp-json\/wp\/v2\/types\/product"}],"replies":[{"embeddable":true,"href":"https:\/\/key2optics.com\/es\/wp-json\/wp\/v2\/comments?post=4998"}],"wp:featuredmedia":[{"embeddable":true,"href":"https:\/\/key2optics.com\/es\/wp-json\/wp\/v2\/media\/4994"}],"wp:attachment":[{"href":"https:\/\/key2optics.com\/es\/wp-json\/wp\/v2\/media?parent=4998"}],"wp:term":[{"taxonomy":"product_cat","embeddable":true,"href":"https:\/\/key2optics.com\/es\/wp-json\/wp\/v2\/product_cat?post=4998"},{"taxonomy":"product_tag","embeddable":true,"href":"https:\/\/key2optics.com\/es\/wp-json\/wp\/v2\/product_tag?post=4998"}],"curies":[{"name":"wp","href":"https:\/\/api.w.org\/{rel}","templated":true}]}}