{"id":5027,"date":"2022-09-29T17:42:27","date_gmt":"2022-09-29T09:42:27","guid":{"rendered":"https:\/\/key2optics.com\/?post_type=product&#038;p=5027"},"modified":"2025-09-15T10:24:26","modified_gmt":"2025-09-15T02:24:26","slug":"otn-wdm-system-copy","status":"publish","type":"product","link":"https:\/\/key2optics.com\/es\/producto\/otn-wdm-sistema-copia\/","title":{"rendered":"10G OTU 8SFP+"},"content":{"rendered":"<div class=\"node__content clearfix\">\n<div class=\"field field--name-body field--type-text-with-summary field--label-hidden field__item\">\n<p>La tarjeta de servicio 10G OTU (unidad de transpondedor \u00f3ptico) de Key2 Optics es una tarjeta modular que se puede utilizar en nuestro sistema OTN WDM todo en uno. Admite cuatro tipos de acceso a servicios con tasas de 42M~11.3G. su funci\u00f3n principal es finalizar la regeneraci\u00f3n 3R de cualquier se\u00f1al de 4 canales bajo cualquier protocolo dentro de la tasa de acceso de 1,25 Gbit\/s~11,3 Gbit\/s, y luego convertirlas en se\u00f1ales \u00f3pticas de una longitud de onda DWDM est\u00e1ndar o CWDM est\u00e1ndar longitud de onda, de modo que la unidad de multiplexaci\u00f3n pueda conducir WDM para se\u00f1ales \u00f3pticas de diferentes longitudes de onda y tambi\u00e9n lograr el proceso inverso del proceso anterior. Es aplicable a la soluci\u00f3n de transmisi\u00f3n por divisi\u00f3n de longitud de onda para cualquier acceso de servicios con una tasa de 11.3G o inferior.<\/p>\n<p><strong>Caracter\u00edsticas<\/strong><\/p>\n<ul>\n<li>Dise\u00f1o de tarjeta modular para que sea f\u00e1cilmente conectable en caliente en el sistema OTN WDM<\/li>\n<li>Soluci\u00f3n flexible y escalable para el plan de instalaci\u00f3n y actualizaci\u00f3n futura<\/li>\n<li>Admite 4 velocidades de m\u00f3dulos SFP\/SFP+ de 42 Mbps a 11,3 Gbps<\/li>\n<li>Admite longitudes de onda est\u00e1ndar CWDM (18 ondas) y DWDM (banda C 50 Hz, 96 ondas)<\/li>\n<\/ul>\n<p><strong>Interfaz de hardware<\/strong><\/p>\n<p><img loading=\"lazy\" decoding=\"async\" class=\"aligncenter size-full wp-image-5037\" src=\"https:\/\/key2optics.com\/wp-content\/uploads\/2022\/09\/10g-otu8sfpplus-e1664503207115.jpg\" alt=\"\" width=\"1017\" height=\"326\" srcset=\"https:\/\/key2optics.com\/wp-content\/uploads\/2022\/09\/10g-otu8sfpplus-e1664503207115.jpg 1017w, https:\/\/key2optics.com\/wp-content\/uploads\/2022\/09\/10g-otu8sfpplus-e1664503207115-800x256.jpg 800w, https:\/\/key2optics.com\/wp-content\/uploads\/2022\/09\/10g-otu8sfpplus-e1664503207115-750x240.jpg 750w, https:\/\/key2optics.com\/wp-content\/uploads\/2022\/09\/10g-otu8sfpplus-e1664503207115-768x246.jpg 768w, https:\/\/key2optics.com\/wp-content\/uploads\/2022\/09\/10g-otu8sfpplus-e1664503207115-18x6.jpg 18w, https:\/\/key2optics.com\/wp-content\/uploads\/2022\/09\/10g-otu8sfpplus-e1664503207115-920x295.jpg 920w, https:\/\/key2optics.com\/wp-content\/uploads\/2022\/09\/10g-otu8sfpplus-e1664503207115-575x184.jpg 575w, https:\/\/key2optics.com\/wp-content\/uploads\/2022\/09\/10g-otu8sfpplus-e1664503207115-380x122.jpg 380w\" sizes=\"(max-width: 1017px) 100vw, 1017px\" \/><\/p>\n<p>&nbsp;<\/p>\n<p><strong>Sistema de diagrama<\/strong><\/p>\n<\/div>\n<p><img loading=\"lazy\" decoding=\"async\" class=\"wp-image-5035\" src=\"https:\/\/key2optics.com\/wp-content\/uploads\/2022\/09\/10G-OTU.jpg\" alt=\"Diagrama de transpoder 10G OTU\" width=\"692\" height=\"461\" srcset=\"https:\/\/key2optics.com\/wp-content\/uploads\/2022\/09\/10G-OTU.jpg 1080w, https:\/\/key2optics.com\/wp-content\/uploads\/2022\/09\/10G-OTU-800x533.jpg 800w, https:\/\/key2optics.com\/wp-content\/uploads\/2022\/09\/10G-OTU-720x480.jpg 720w, https:\/\/key2optics.com\/wp-content\/uploads\/2022\/09\/10G-OTU-768x512.jpg 768w, https:\/\/key2optics.com\/wp-content\/uploads\/2022\/09\/10G-OTU-18x12.jpg 18w, https:\/\/key2optics.com\/wp-content\/uploads\/2022\/09\/10G-OTU-920x613.jpg 920w, https:\/\/key2optics.com\/wp-content\/uploads\/2022\/09\/10G-OTU-575x383.jpg 575w, https:\/\/key2optics.com\/wp-content\/uploads\/2022\/09\/10G-OTU-380x253.jpg 380w\" sizes=\"(max-width: 692px) 100vw, 692px\" \/><\/p>\n<div class=\"field field--name-body field--type-text-with-summary field--label-hidden field__item\"><\/div>\n<p>Descargue las especificaciones detalladas de la<a href=\"https:\/\/key2optics.com\/es\/descargar\/\"> Enlace<\/a><\/p>\n<\/div>","protected":false},"excerpt":{"rendered":"<p>La tarjeta de servicio 10G OTU (unidad de transpondedor \u00f3ptico) de Key2 Optics es una tarjeta modular que se puede utilizar en nuestro sistema OTN WDM todo en uno. Admite cuatro tipos de acceso a servicios con tasas de 42M~11.3G.<\/p>","protected":false},"featured_media":5137,"comment_status":"closed","ping_status":"closed","template":"","meta":{"content-type":"","_themeisle_gutenberg_block_has_review":false},"product_cat":[154,157],"product_tag":[158],"aioseo_notices":[],"_links":{"self":[{"href":"https:\/\/key2optics.com\/es\/wp-json\/wp\/v2\/product\/5027"}],"collection":[{"href":"https:\/\/key2optics.com\/es\/wp-json\/wp\/v2\/product"}],"about":[{"href":"https:\/\/key2optics.com\/es\/wp-json\/wp\/v2\/types\/product"}],"replies":[{"embeddable":true,"href":"https:\/\/key2optics.com\/es\/wp-json\/wp\/v2\/comments?post=5027"}],"wp:featuredmedia":[{"embeddable":true,"href":"https:\/\/key2optics.com\/es\/wp-json\/wp\/v2\/media\/5137"}],"wp:attachment":[{"href":"https:\/\/key2optics.com\/es\/wp-json\/wp\/v2\/media?parent=5027"}],"wp:term":[{"taxonomy":"product_cat","embeddable":true,"href":"https:\/\/key2optics.com\/es\/wp-json\/wp\/v2\/product_cat?post=5027"},{"taxonomy":"product_tag","embeddable":true,"href":"https:\/\/key2optics.com\/es\/wp-json\/wp\/v2\/product_tag?post=5027"}],"curies":[{"name":"wp","href":"https:\/\/api.w.org\/{rel}","templated":true}]}}