{"id":5088,"date":"2022-09-30T12:31:22","date_gmt":"2022-09-30T04:31:22","guid":{"rendered":"https:\/\/key2optics.com\/?post_type=product&#038;p=5088"},"modified":"2025-09-15T10:23:21","modified_gmt":"2025-09-15T02:23:21","slug":"200g-transponder-1cfp2qsfp28","status":"publish","type":"product","link":"https:\/\/key2optics.com\/es\/producto\/200g-transpondedor-1cfp2qsfp28\/","title":{"rendered":"200G OTU 1CFP+2QSFP28"},"content":{"rendered":"<div class=\"node__content clearfix\">\n<div class=\"field field--name-body field--type-text-with-summary field--label-hidden field__item\">\n<p>La tarjeta OTU 200G de Key2 Optics admite dos accesos de servicio 100G, adopta modulaci\u00f3n PDM-QPSK y tecnolog\u00eda de recepci\u00f3n coherente, y supera los requisitos OSNR, tolerancia CD y tolerancia PMD de los sistemas de transmisi\u00f3n de alta velocidad. Y los efectos f\u00edsicos no lineales de la transmisi\u00f3n, como el servicio 200G 1200 km o m\u00e1s de transmisi\u00f3n de retransmisi\u00f3n no el\u00e9ctrica, y la interfaz del lado de la l\u00ednea admite la banda C de 96 ondas (50 GHz) ajustable.<\/p>\n<p><strong>Caracter\u00edsticas<\/strong><\/p>\n<ul>\n<li>Dise\u00f1o de tarjeta modular para que sea f\u00e1cilmente conectable en caliente en el sistema OTN WDM<\/li>\n<li>Soluci\u00f3n flexible y escalable para el plan de instalaci\u00f3n y actualizaci\u00f3n futura<\/li>\n<li>Admite 2 m\u00f3dulos QSFP28 de hasta 100 Gbps por unidad en el cliente y 1 PDM-QPSK coherente CFP2<\/li>\n<li>Admite longitud de onda DWDM (banda C 50 Hz, 96 ondas)<\/li>\n<\/ul>\n<p><strong>Interfaz de hardware<\/strong><\/p>\n<p><img loading=\"lazy\" decoding=\"async\" class=\"size-full wp-image-5113\" src=\"https:\/\/key2optics.com\/wp-content\/uploads\/2022\/09\/200G-OTU-diagram.jpeg\" alt=\"Diagrama de transpoder OTU 200G\" width=\"500\" height=\"182\" srcset=\"https:\/\/key2optics.com\/wp-content\/uploads\/2022\/09\/200G-OTU-diagram.jpeg 500w, https:\/\/key2optics.com\/wp-content\/uploads\/2022\/09\/200G-OTU-diagram-18x7.jpeg 18w, https:\/\/key2optics.com\/wp-content\/uploads\/2022\/09\/200G-OTU-diagram-380x138.jpeg 380w\" sizes=\"(max-width: 500px) 100vw, 500px\" \/><\/p>\n<p>&nbsp;<\/p>\n<p><strong>Sistema de diagrama<\/strong><\/p>\n<\/div>\n<p><img loading=\"lazy\" decoding=\"async\" class=\"wp-image-5108 size-medium\" src=\"https:\/\/key2optics.com\/wp-content\/uploads\/2022\/09\/200otu-interface-750x375.jpg\" alt=\"Interfaz OTU 200G\" width=\"750\" height=\"375\" srcset=\"https:\/\/key2optics.com\/wp-content\/uploads\/2022\/09\/200otu-interface-750x375.jpg 750w, https:\/\/key2optics.com\/wp-content\/uploads\/2022\/09\/200otu-interface-800x400.jpg 800w, https:\/\/key2optics.com\/wp-content\/uploads\/2022\/09\/200otu-interface-768x384.jpg 768w, https:\/\/key2optics.com\/wp-content\/uploads\/2022\/09\/200otu-interface-18x9.jpg 18w, https:\/\/key2optics.com\/wp-content\/uploads\/2022\/09\/200otu-interface-920x460.jpg 920w, https:\/\/key2optics.com\/wp-content\/uploads\/2022\/09\/200otu-interface-575x288.jpg 575w, https:\/\/key2optics.com\/wp-content\/uploads\/2022\/09\/200otu-interface-380x190.jpg 380w, https:\/\/key2optics.com\/wp-content\/uploads\/2022\/09\/200otu-interface.jpg 1080w\" sizes=\"(max-width: 750px) 100vw, 750px\" \/><\/p>\n<div class=\"field field--name-body field--type-text-with-summary field--label-hidden field__item\"><\/div>\n<p>Descargue las especificaciones detalladas de la<a href=\"https:\/\/key2optics.com\/es\/descargar\/\"> Enlace<\/a><\/p>\n<\/div>","protected":false},"excerpt":{"rendered":"<p>La tarjeta OTU 200G de Key2 Optics admite dos accesos de servicio 100G, adopta modulaci\u00f3n PDM-QPSK y tecnolog\u00eda de recepci\u00f3n coherente, y supera los requisitos OSNR, tolerancia CD y tolerancia PMD de los sistemas de transmisi\u00f3n de alta velocidad. Y los efectos f\u00edsicos no lineales de la transmisi\u00f3n, como el servicio 200G 1200 km o m\u00e1s de transmisi\u00f3n de retransmisi\u00f3n no el\u00e9ctrica, y la interfaz del lado de la l\u00ednea admite la banda C de 96 ondas (50 GHz) ajustable.<\/p>","protected":false},"featured_media":5109,"comment_status":"closed","ping_status":"closed","template":"","meta":{"content-type":"","_themeisle_gutenberg_block_has_review":false},"product_cat":[154,157],"product_tag":[160],"aioseo_notices":[],"_links":{"self":[{"href":"https:\/\/key2optics.com\/es\/wp-json\/wp\/v2\/product\/5088"}],"collection":[{"href":"https:\/\/key2optics.com\/es\/wp-json\/wp\/v2\/product"}],"about":[{"href":"https:\/\/key2optics.com\/es\/wp-json\/wp\/v2\/types\/product"}],"replies":[{"embeddable":true,"href":"https:\/\/key2optics.com\/es\/wp-json\/wp\/v2\/comments?post=5088"}],"wp:featuredmedia":[{"embeddable":true,"href":"https:\/\/key2optics.com\/es\/wp-json\/wp\/v2\/media\/5109"}],"wp:attachment":[{"href":"https:\/\/key2optics.com\/es\/wp-json\/wp\/v2\/media?parent=5088"}],"wp:term":[{"taxonomy":"product_cat","embeddable":true,"href":"https:\/\/key2optics.com\/es\/wp-json\/wp\/v2\/product_cat?post=5088"},{"taxonomy":"product_tag","embeddable":true,"href":"https:\/\/key2optics.com\/es\/wp-json\/wp\/v2\/product_tag?post=5088"}],"curies":[{"name":"wp","href":"https:\/\/api.w.org\/{rel}","templated":true}]}}