{"id":5123,"date":"2022-09-30T17:17:29","date_gmt":"2022-09-30T09:17:29","guid":{"rendered":"https:\/\/key2optics.com\/?post_type=product&#038;p=5123"},"modified":"2025-09-15T10:23:20","modified_gmt":"2025-09-15T02:23:20","slug":"100g-otu-1cfp1qsfp28","status":"publish","type":"product","link":"https:\/\/key2optics.com\/es\/producto\/100g-otu-1cfp1qsfp28\/","title":{"rendered":"100G OTU 1CFP+1QSFP28"},"content":{"rendered":"<div class=\"node__content clearfix\">\n<div class=\"field field--name-body field--type-text-with-summary field--label-hidden field__item\">\n<p>Key2 Optics&#039; 100G OTU (unidad de transpondedor \u00f3ptico, <a href=\"https:\/\/en.wikipedia.org\/wiki\/Transponder\" target=\"_blank\" rel=\"noopener\">Wiki: \u00bfQu\u00e9 es una unidad de transpondedor \u00f3ptico?<\/a>) admite un acceso de servicio de 100G, adopta modulaci\u00f3n PDM-QPSK y tecnolog\u00eda de recepci\u00f3n coherente, y supera los requisitos de OSNR, tolerancia de CD y tolerancia de PMD de los sistemas de transmisi\u00f3n de alta velocidad. Y los efectos f\u00edsicos no lineales de la transmisi\u00f3n, como el servicio 100G 1200 km o m\u00e1s de transmisi\u00f3n de retransmisi\u00f3n no el\u00e9ctrica, y la interfaz del lado de la l\u00ednea admite la banda C de 96 ondas (50 GHz) ajustable.<\/p>\n<p><strong>Caracter\u00edsticas<\/strong><\/p>\n<ul>\n<li>Dise\u00f1o de tarjeta modular para que sea f\u00e1cilmente conectable en caliente en el sistema OTN WDM<\/li>\n<li>Soluci\u00f3n flexible y escalable para el plan de instalaci\u00f3n y actualizaci\u00f3n futura<\/li>\n<li>Admite 1 m\u00f3dulo QSFP28 de hasta 100 Gbps por unidad en el cliente y 1 PDM-QPSK coherente de 100 G CFP<\/li>\n<li>Admite longitud de onda DWDM (banda C 50 Hz, 96 ondas)<\/li>\n<\/ul>\n<p><strong>Sistema de diagrama<\/strong><\/p>\n<p><img loading=\"lazy\" decoding=\"async\" class=\"wp-image-5125 size-medium aligncenter\" src=\"https:\/\/key2optics.com\/wp-content\/uploads\/2022\/09\/100G-11OTU-diagram-750x153.jpg\" alt=\"100G-11OTU-diagrama\" width=\"750\" height=\"153\" srcset=\"https:\/\/key2optics.com\/wp-content\/uploads\/2022\/09\/100G-11OTU-diagram-750x153.jpg 750w, https:\/\/key2optics.com\/wp-content\/uploads\/2022\/09\/100G-11OTU-diagram-800x163.jpg 800w, https:\/\/key2optics.com\/wp-content\/uploads\/2022\/09\/100G-11OTU-diagram-768x157.jpg 768w, https:\/\/key2optics.com\/wp-content\/uploads\/2022\/09\/100G-11OTU-diagram-18x4.jpg 18w, https:\/\/key2optics.com\/wp-content\/uploads\/2022\/09\/100G-11OTU-diagram-1140x232.jpg 1140w, https:\/\/key2optics.com\/wp-content\/uploads\/2022\/09\/100G-11OTU-diagram-920x188.jpg 920w, https:\/\/key2optics.com\/wp-content\/uploads\/2022\/09\/100G-11OTU-diagram-575x117.jpg 575w, https:\/\/key2optics.com\/wp-content\/uploads\/2022\/09\/100G-11OTU-diagram-380x77.jpg 380w, https:\/\/key2optics.com\/wp-content\/uploads\/2022\/09\/100G-11OTU-diagram.jpg 1280w\" sizes=\"(max-width: 750px) 100vw, 750px\" \/><\/p>\n<\/div>\n<p><strong>Interfaz de hardware<\/strong><\/p>\n<p><img loading=\"lazy\" decoding=\"async\" class=\"wp-image-5126 size-medium aligncenter\" src=\"https:\/\/key2optics.com\/wp-content\/uploads\/2022\/09\/100otu11-interface-750x162.jpg\" alt=\"interfaz 100otu11\" width=\"750\" height=\"162\" srcset=\"https:\/\/key2optics.com\/wp-content\/uploads\/2022\/09\/100otu11-interface-750x162.jpg 750w, https:\/\/key2optics.com\/wp-content\/uploads\/2022\/09\/100otu11-interface-800x173.jpg 800w, https:\/\/key2optics.com\/wp-content\/uploads\/2022\/09\/100otu11-interface-768x166.jpg 768w, https:\/\/key2optics.com\/wp-content\/uploads\/2022\/09\/100otu11-interface-18x4.jpg 18w, https:\/\/key2optics.com\/wp-content\/uploads\/2022\/09\/100otu11-interface-1140x246.jpg 1140w, https:\/\/key2optics.com\/wp-content\/uploads\/2022\/09\/100otu11-interface-920x198.jpg 920w, https:\/\/key2optics.com\/wp-content\/uploads\/2022\/09\/100otu11-interface-575x124.jpg 575w, https:\/\/key2optics.com\/wp-content\/uploads\/2022\/09\/100otu11-interface-380x82.jpg 380w, https:\/\/key2optics.com\/wp-content\/uploads\/2022\/09\/100otu11-interface.jpg 1280w\" sizes=\"(max-width: 750px) 100vw, 750px\" \/><\/p>\n<p>Descargue las especificaciones detalladas de la<a href=\"https:\/\/key2optics.com\/es\/descargar\/\"> Enlace<\/a><\/p>\n<\/div>","protected":false},"excerpt":{"rendered":"<p>La tarjeta OTU 100G de Key2 Optics admite un acceso de servicio 100G, adopta modulaci\u00f3n PDM-QPSK y tecnolog\u00eda de recepci\u00f3n coherente, y supera los requisitos OSNR, tolerancia CD y tolerancia PMD de los sistemas de transmisi\u00f3n de alta velocidad. Y los efectos f\u00edsicos no lineales de la transmisi\u00f3n, como el servicio 100G 1200 km o m\u00e1s de transmisi\u00f3n de retransmisi\u00f3n no el\u00e9ctrica, y la interfaz del lado de la l\u00ednea admite la banda C de 96 ondas (50 GHz) ajustable.<\/p>","protected":false},"featured_media":5115,"comment_status":"closed","ping_status":"closed","template":"","meta":{"content-type":"","_themeisle_gutenberg_block_has_review":false},"product_cat":[154,157],"product_tag":[169],"aioseo_notices":[],"_links":{"self":[{"href":"https:\/\/key2optics.com\/es\/wp-json\/wp\/v2\/product\/5123"}],"collection":[{"href":"https:\/\/key2optics.com\/es\/wp-json\/wp\/v2\/product"}],"about":[{"href":"https:\/\/key2optics.com\/es\/wp-json\/wp\/v2\/types\/product"}],"replies":[{"embeddable":true,"href":"https:\/\/key2optics.com\/es\/wp-json\/wp\/v2\/comments?post=5123"}],"wp:featuredmedia":[{"embeddable":true,"href":"https:\/\/key2optics.com\/es\/wp-json\/wp\/v2\/media\/5115"}],"wp:attachment":[{"href":"https:\/\/key2optics.com\/es\/wp-json\/wp\/v2\/media?parent=5123"}],"wp:term":[{"taxonomy":"product_cat","embeddable":true,"href":"https:\/\/key2optics.com\/es\/wp-json\/wp\/v2\/product_cat?post=5123"},{"taxonomy":"product_tag","embeddable":true,"href":"https:\/\/key2optics.com\/es\/wp-json\/wp\/v2\/product_tag?post=5123"}],"curies":[{"name":"wp","href":"https:\/\/api.w.org\/{rel}","templated":true}]}}