{"id":5144,"date":"2022-10-07T11:06:26","date_gmt":"2022-10-07T03:06:26","guid":{"rendered":"https:\/\/key2optics.com\/?post_type=product&#038;p=5144"},"modified":"2025-09-15T10:23:20","modified_gmt":"2025-09-15T02:23:20","slug":"wdm-system-nms","status":"publish","type":"product","link":"https:\/\/key2optics.com\/es\/producto\/wdm-sistema-nms\/","title":{"rendered":"Sistema WDM NMS"},"content":{"rendered":"<div class=\"node__content clearfix\">\n<div class=\"field field--name-body field--type-text-with-summary field--label-hidden field__item\">\n<p>La tarjeta de servicio NMS de Key2Optics es un m\u00f3dulo de gesti\u00f3n de red especialmente dise\u00f1ado para el sistema WDM de la serie OWS8. Su funci\u00f3n principal es proporcionar la interfaz entre el equipo y el sistema de gesti\u00f3n de red. Con el sistema de gesti\u00f3n de red OTN de la serie OWS8, NMS completa la gesti\u00f3n de una sola tarjeta para diversos mantenimientos y gesti\u00f3n para la transmisi\u00f3n de se\u00f1ales de la red, que realiza la supervisi\u00f3n, el mantenimiento y la gesti\u00f3n en tiempo real de los equipos y de toda la red s\u00edncrona.<\/p>\n<p>La tarjeta NMS hace de nuestro sistema una soluci\u00f3n total de monitoreo para su red de transporte \u00f3ptico.<\/p>\n<p><strong>Caracter\u00edsticas<\/strong><\/p>\n<ul>\n<li>Dise\u00f1o de tarjeta modular para que sea f\u00e1cilmente conectable en caliente en el sistema OTN WDM<\/li>\n<li>Soluci\u00f3n flexible y escalable para el plan de instalaci\u00f3n y actualizaci\u00f3n futura<\/li>\n<li>Se utiliza un procesador ARM de alta velocidad para proporcionar una potente capacidad de procesamiento de datos. Puede recopilar informaci\u00f3n de estado, eventos de alarma y par\u00e1metros de rendimiento del m\u00f3dulo de funci\u00f3n de cada tarjeta, transformar procesos y almacenarlos. Mientras tanto, la informaci\u00f3n de control y gesti\u00f3n se transmite a otros m\u00f3dulos funcionales del equipo.<\/li>\n<li>Proporcione una interfaz de consola para admitir la operaci\u00f3n del terminal de simulaci\u00f3n<\/li>\n<li>Proporcione cuatro interfaces Ethernet RJ45 para admitir la gesti\u00f3n de red SNMP gr\u00e1fica basada en IP<\/li>\n<li>Proporcione 2 interfaces SFP para admitir la gesti\u00f3n de equipos en banda, realice el procesamiento de 3 canales de monitoreo \u00f3ptico y complete la recepci\u00f3n y el env\u00edo de se\u00f1ales \u00f3pticas del canal de monitoreo \u00f3ptico en cada estaci\u00f3n<\/li>\n<\/ul>\n<\/div>\n<p><strong>Interfaz de hardware<\/strong><\/p>\n<p><img loading=\"lazy\" decoding=\"async\" class=\"size-full wp-image-5145\" src=\"https:\/\/key2optics.com\/wp-content\/uploads\/2022\/10\/nms_interfaces.png\" alt=\"Tarjeta NMS\" width=\"1522\" height=\"195\" srcset=\"https:\/\/key2optics.com\/wp-content\/uploads\/2022\/10\/nms_interfaces.png 1522w, https:\/\/key2optics.com\/wp-content\/uploads\/2022\/10\/nms_interfaces-800x102.png 800w, https:\/\/key2optics.com\/wp-content\/uploads\/2022\/10\/nms_interfaces-750x96.png 750w, https:\/\/key2optics.com\/wp-content\/uploads\/2022\/10\/nms_interfaces-768x98.png 768w, https:\/\/key2optics.com\/wp-content\/uploads\/2022\/10\/nms_interfaces-18x2.png 18w, https:\/\/key2optics.com\/wp-content\/uploads\/2022\/10\/nms_interfaces-1140x146.png 1140w, https:\/\/key2optics.com\/wp-content\/uploads\/2022\/10\/nms_interfaces-920x118.png 920w, https:\/\/key2optics.com\/wp-content\/uploads\/2022\/10\/nms_interfaces-575x74.png 575w, https:\/\/key2optics.com\/wp-content\/uploads\/2022\/10\/nms_interfaces-380x49.png 380w\" sizes=\"(max-width: 1522px) 100vw, 1522px\" \/><\/p>\n<\/div>\n<p><strong>Interfaz de usuario del sistema NMS<\/strong><\/p>\n<p><img loading=\"lazy\" decoding=\"async\" class=\"alignnone wp-image-5147 size-full\" src=\"https:\/\/key2optics.com\/wp-content\/uploads\/2022\/10\/NMS-UI.png\" alt=\"Interfaz de usuario de NMS\" width=\"1489\" height=\"813\" srcset=\"https:\/\/key2optics.com\/wp-content\/uploads\/2022\/10\/NMS-UI.png 1489w, https:\/\/key2optics.com\/wp-content\/uploads\/2022\/10\/NMS-UI-800x437.png 800w, https:\/\/key2optics.com\/wp-content\/uploads\/2022\/10\/NMS-UI-750x410.png 750w, https:\/\/key2optics.com\/wp-content\/uploads\/2022\/10\/NMS-UI-768x419.png 768w, https:\/\/key2optics.com\/wp-content\/uploads\/2022\/10\/NMS-UI-18x10.png 18w, https:\/\/key2optics.com\/wp-content\/uploads\/2022\/10\/NMS-UI-1140x622.png 1140w, https:\/\/key2optics.com\/wp-content\/uploads\/2022\/10\/NMS-UI-920x502.png 920w, https:\/\/key2optics.com\/wp-content\/uploads\/2022\/10\/NMS-UI-575x314.png 575w, https:\/\/key2optics.com\/wp-content\/uploads\/2022\/10\/NMS-UI-380x207.png 380w\" sizes=\"(max-width: 1489px) 100vw, 1489px\" \/><\/p>\n<div class=\"node__content clearfix\">\n<p>Descargue las especificaciones detalladas de la<a href=\"https:\/\/key2optics.com\/es\/descargar\/\"> Enlace<\/a><\/p>\n<\/div>","protected":false},"excerpt":{"rendered":"<p>La tarjeta de servicio NMS de Key2Optics es un m\u00f3dulo de gesti\u00f3n de red especialmente dise\u00f1ado para el sistema WDM de la serie OWS8. Su funci\u00f3n principal es proporcionar la interfaz entre el equipo y el sistema de gesti\u00f3n de red. Con el sistema de gesti\u00f3n de red OTN de la serie OWS8, NMS completa la gesti\u00f3n de una sola tarjeta, varios mantenimientos y la transmisi\u00f3n de se\u00f1ales de gesti\u00f3n de los elementos de la red, y realiza la supervisi\u00f3n, el mantenimiento y la gesti\u00f3n en tiempo real de los elementos del equipo y todo el equipo s\u00edncrono. red.<\/p>\n<p>La tarjeta NMS hace de nuestro sistema una soluci\u00f3n total de monitoreo para su red de transporte \u00f3ptico.<\/p>","protected":false},"featured_media":5146,"comment_status":"closed","ping_status":"closed","template":"","meta":{"content-type":"","_themeisle_gutenberg_block_has_review":false},"product_cat":[154,157],"product_tag":[163],"aioseo_notices":[],"_links":{"self":[{"href":"https:\/\/key2optics.com\/es\/wp-json\/wp\/v2\/product\/5144"}],"collection":[{"href":"https:\/\/key2optics.com\/es\/wp-json\/wp\/v2\/product"}],"about":[{"href":"https:\/\/key2optics.com\/es\/wp-json\/wp\/v2\/types\/product"}],"replies":[{"embeddable":true,"href":"https:\/\/key2optics.com\/es\/wp-json\/wp\/v2\/comments?post=5144"}],"wp:featuredmedia":[{"embeddable":true,"href":"https:\/\/key2optics.com\/es\/wp-json\/wp\/v2\/media\/5146"}],"wp:attachment":[{"href":"https:\/\/key2optics.com\/es\/wp-json\/wp\/v2\/media?parent=5144"}],"wp:term":[{"taxonomy":"product_cat","embeddable":true,"href":"https:\/\/key2optics.com\/es\/wp-json\/wp\/v2\/product_cat?post=5144"},{"taxonomy":"product_tag","embeddable":true,"href":"https:\/\/key2optics.com\/es\/wp-json\/wp\/v2\/product_tag?post=5144"}],"curies":[{"name":"wp","href":"https:\/\/api.w.org\/{rel}","templated":true}]}}