{"id":5207,"date":"2022-10-08T16:42:39","date_gmt":"2022-10-08T08:42:39","guid":{"rendered":"https:\/\/key2optics.com\/?post_type=product&#038;p=5207"},"modified":"2025-09-15T10:23:19","modified_gmt":"2025-09-15T02:23:19","slug":"10g-active-sfp-dac","status":"publish","type":"product","link":"https:\/\/key2optics.com\/es\/producto\/10g-activo-sfp-dac\/","title":{"rendered":"10G activo SFP+ DAC"},"content":{"rendered":"<div class=\"node__content clearfix\">\n<div class=\"field field--name-body field--type-text-with-summary field--label-hidden field__item\">\n<p>SFP+ de Key2Optics (<a href=\"https:\/\/en.wikipedia.org\/wiki\/Small_Form-factor_Pluggable#10_Gbit\/s_SFP+\" target=\"_blank\" rel=\"noopener\">Wiki: \u00bfQu\u00e9 es SFP+?<\/a>) El cable de alta velocidad se utiliza para la transmisi\u00f3n de datos entre gabinetes iguales o adyacentes en centros de datos y es compatible con 100% con la gama completa de servidores, conmutadores, enrutadores, equipos de transmisi\u00f3n PDH\/SDH, EPON, GPON, estaciones base WDM PON y otra gama completa de equipos. Las distancias de transmisi\u00f3n m\u00e1s largas, el bajo consumo de energ\u00eda, el bajo costo y la alta confiabilidad lo convierten en la soluci\u00f3n preferida para aplicaciones de corta distancia a velocidades de 10G.<\/p>\n<p>Active SFP+ DAC puede extenderse a una distancia m\u00e1s larga para la transmisi\u00f3n de rack a rack en los centros de datos.<\/p>\n<p><strong>Caracter\u00edsticas<\/strong><\/p>\n<ul>\n<li>Compatibilidad con paquetes SFP+ conectables en marcha<\/li>\n<li>Cumple con SFF-8431\/SFF-8432<\/li>\n<li>Cumple con los est\u00e1ndares SFP+ MSA y 10GSFP+Cu<\/li>\n<li>Velocidad m\u00e1xima de hasta 10,3125 Gbps, compatible con versiones anteriores de 1 Gbps<\/li>\n<li>Longitudes de conexi\u00f3n de hasta 15 metros sobre cable de cobre activo<\/li>\n<li>Rendimiento EMI\/EMC mejorado<\/li>\n<li>Disponible en tama\u00f1os de cable de 30 AWG a 24 AWG<\/li>\n<li>Interfaz serie de dos hilos con firma EEPROM personalizable basada en I2C<\/li>\n<li>Temperatura de funcionamiento: 0 a 70\u00b0C<\/li>\n<li>Cumple con RoHS 6.0<\/li>\n<\/ul>\n<p><img loading=\"lazy\" decoding=\"async\" class=\"wp-image-5217 aligncenter\" src=\"https:\/\/key2optics.com\/wp-content\/uploads\/2022\/10\/10g_active_aoc-scaled.jpg\" alt=\"\" width=\"436\" height=\"436\" srcset=\"https:\/\/key2optics.com\/wp-content\/uploads\/2022\/10\/10g_active_aoc-scaled.jpg 2560w, https:\/\/key2optics.com\/wp-content\/uploads\/2022\/10\/10g_active_aoc-scaled-420x420.jpg 420w, https:\/\/key2optics.com\/wp-content\/uploads\/2022\/10\/10g_active_aoc-scaled-100x100.jpg 100w, https:\/\/key2optics.com\/wp-content\/uploads\/2022\/10\/10g_active_aoc-scaled-800x800.jpg 800w, https:\/\/key2optics.com\/wp-content\/uploads\/2022\/10\/10g_active_aoc-480x480.jpg 480w, https:\/\/key2optics.com\/wp-content\/uploads\/2022\/10\/10g_active_aoc-180x180.jpg 180w, https:\/\/key2optics.com\/wp-content\/uploads\/2022\/10\/10g_active_aoc-768x768.jpg 768w, https:\/\/key2optics.com\/wp-content\/uploads\/2022\/10\/10g_active_aoc-1536x1536.jpg 1536w, https:\/\/key2optics.com\/wp-content\/uploads\/2022\/10\/10g_active_aoc-2048x2048.jpg 2048w, https:\/\/key2optics.com\/wp-content\/uploads\/2022\/10\/10g_active_aoc-12x12.jpg 12w, https:\/\/key2optics.com\/wp-content\/uploads\/2022\/10\/10g_active_aoc-1140x1140.jpg 1140w, https:\/\/key2optics.com\/wp-content\/uploads\/2022\/10\/10g_active_aoc-920x920.jpg 920w, https:\/\/key2optics.com\/wp-content\/uploads\/2022\/10\/10g_active_aoc-575x575.jpg 575w, https:\/\/key2optics.com\/wp-content\/uploads\/2022\/10\/10g_active_aoc-380x380.jpg 380w\" sizes=\"(max-width: 436px) 100vw, 436px\" \/><\/p>\n<p>&nbsp;<\/p>\n<p><strong>Cumplimiento est\u00e1ndar<\/strong><br \/>\nIEEE 802.3ae<br \/>\nEl\u00e9ctrico: SFF-8431, SFF-8083<br \/>\nMec\u00e1nico: SFF-8432<br \/>\nEEPROM: SFF-8431<br \/>\nCable activo: SFF-8461<\/p>\n<\/div>\n<\/div>\n<p>Por favor, descargue la especificaci\u00f3n de la <a href=\"https:\/\/key2optics.com\/es\/descargar\/\">enlace<\/a><\/p>\n<h3><strong>Dispositivos y marcas compatibles<\/strong><\/h3>\n<hr \/>\n<p>Nuestros transceptores \u00f3pticos son compatibles con la mayor\u00eda de las marcas de \u00e1lamos del mercado, d\u00edganos las marcas de los dispositivos que utilizar\u00e1, le brindaremos el servicio personalizado.<\/p>\n<p>M\u00f3dulo SFP\/SFP+\/SFP28\/QSFP\/QSFP+\/QSFP28\/CFP\/CFP2\/CFP4<strong> marcas compatibles<\/strong>: Cisco\/HP\/DELL\/FINISAR\/INTEL\/HUAWEI\/JUNIPER\/ZTE\/TP-LINK\/H3C...<\/p>\n<p><strong>Dispositivos de soporte:<\/strong> Servidor\/Switch\/NAS\/WDM OTN\/Fibra a Ethernet Media Converter\/Router con interfaz SFP\/SFP+\/SFP28\/QSFP\/QSFP+\/QSFP28\/CFP\/CFP2\/CFP4.<\/p>\n<p>&nbsp;<\/p>\n<p><img loading=\"lazy\" decoding=\"async\" class=\"aligncenter wp-image-4309\" src=\"https:\/\/key2optics.com\/wp-content\/uploads\/2022\/09\/Optical-Module-List-en.jpg\" alt=\"compatibilidad del transceptor\" width=\"1000\" height=\"992\" srcset=\"https:\/\/key2optics.com\/wp-content\/uploads\/2022\/09\/Optical-Module-List-en.jpg 1591w, https:\/\/key2optics.com\/wp-content\/uploads\/2022\/09\/Optical-Module-List-en-100x100.jpg 100w, https:\/\/key2optics.com\/wp-content\/uploads\/2022\/09\/Optical-Module-List-en-800x793.jpg 800w, https:\/\/key2optics.com\/wp-content\/uploads\/2022\/09\/Optical-Module-List-en-484x480.jpg 484w, https:\/\/key2optics.com\/wp-content\/uploads\/2022\/09\/Optical-Module-List-en-180x180.jpg 180w, https:\/\/key2optics.com\/wp-content\/uploads\/2022\/09\/Optical-Module-List-en-768x762.jpg 768w, https:\/\/key2optics.com\/wp-content\/uploads\/2022\/09\/Optical-Module-List-en-1536x1523.jpg 1536w, https:\/\/key2optics.com\/wp-content\/uploads\/2022\/09\/Optical-Module-List-en-1140x1131.jpg 1140w, https:\/\/key2optics.com\/wp-content\/uploads\/2022\/09\/Optical-Module-List-en-920x912.jpg 920w, https:\/\/key2optics.com\/wp-content\/uploads\/2022\/09\/Optical-Module-List-en-575x570.jpg 575w, https:\/\/key2optics.com\/wp-content\/uploads\/2022\/09\/Optical-Module-List-en-380x377.jpg 380w\" sizes=\"(max-width: 1000px) 100vw, 1000px\" \/><\/p>\n<p><img loading=\"lazy\" decoding=\"async\" class=\"wp-image-6388 size-full aligncenter\" src=\"https:\/\/key2optics.com\/wp-content\/uploads\/2019\/11\/Application1.jpg\" alt=\"Dispositivos compatibles con el m\u00f3dulo SFP\" width=\"807\" height=\"444\" \/><\/p>\n<h3><strong>Por qu\u00e9 Key2Optics<\/strong><\/h3>\n<hr \/>\n<h4>Producci\u00f3n y Control de Calidad<\/h4>\n<p>Con una l\u00ednea de ensamblaje avanzada, un taller de rob\u00f3tica y laboratorios de prueba, hacemos que nuestros productos 100% est\u00e9n libres de defectos y puedan usarse en cualquier entorno y bajo cualquier circunstancia. <a href=\"https:\/\/key2optics.com\/es\/control-de-calidad\/\" target=\"_blank\" rel=\"noopener\">M\u00e1s\u2026<\/a><\/p>\n<p><a href=\"https:\/\/key2optics.com\/es\/control-de-calidad\/\" target=\"_blank\" rel=\"noopener\"><img loading=\"lazy\" decoding=\"async\" class=\"aligncenter wp-image-6391 size-full\" title=\"control de calidad y producci\u00f3n de key2optics\" src=\"https:\/\/key2optics.com\/wp-content\/uploads\/2019\/11\/QCProduction.jpg\" alt=\"control de calidad y producci\u00f3n de key2optics\" width=\"1000\" height=\"756\" \/><\/a><\/p>\n<p>Supervisamos estrictamente cada paso de la producci\u00f3n para asegurarnos de que cada pieza de producto que se le entregue sea rastreable y no tenga defectos.\u00a0 \u00a0<a href=\"https:\/\/key2optics.com\/es\/control-de-calidad\/\" target=\"_blank\" rel=\"noopener\">M\u00e1s\u2026<\/a><\/p>\n<figure id=\"attachment_6394\" aria-describedby=\"caption-attachment-6394\" style=\"width: 1000px\" class=\"wp-caption aligncenter\"><a href=\"https:\/\/key2optics.com\/es\/control-de-calidad\/\" target=\"_blank\" rel=\"noopener\"><img loading=\"lazy\" decoding=\"async\" class=\"wp-image-6394 size-full\" src=\"https:\/\/key2optics.com\/wp-content\/uploads\/2019\/11\/production.jpg\" alt=\"producci\u00f3n y prueba de key2optics\" width=\"1000\" height=\"416\" \/><\/a><figcaption id=\"caption-attachment-6394\" class=\"wp-caption-text\">producci\u00f3n y prueba de key2optics<\/figcaption><\/figure>\n<h4>Nuestra calificaci\u00f3n<\/h4>\n<p>Nuestros productos est\u00e1n certificados con CE, FCC, RoHs y nuestra l\u00ednea de producci\u00f3n est\u00e1 <a title=\"ISO 9001\" href=\"https:\/\/key2optics.com\/wp-content\/uploads\/2022\/09\/ISO9001.jpg\" target=\"_blank\" rel=\"noopener\">ISO 9001<\/a> certificado. Tenemos m\u00e1s de decenas de certificados de patentes y certificados de software.\u00a0 <a href=\"https:\/\/key2optics.com\/es\/control-de-calidad\/\" target=\"_blank\" rel=\"noopener\">M\u00e1s\u2026<\/a><\/p>\n<p><a href=\"https:\/\/key2optics.com\/es\/control-de-calidad\/\" target=\"_blank\" rel=\"noopener\"><img loading=\"lazy\" decoding=\"async\" class=\"aligncenter wp-image-6389 size-full\" src=\"https:\/\/key2optics.com\/wp-content\/uploads\/2019\/11\/Certificates.jpg\" alt=\"certifcados key2optics\" width=\"1000\" height=\"241\" \/><\/a><\/p>","protected":false},"excerpt":{"rendered":"<p>El cable de alta velocidad SFP+ de Key2Optics se utiliza para la transmisi\u00f3n de datos entre gabinetes iguales o adyacentes en centros de datos y es compatible con 100% con la gama completa de servidores, conmutadores, enrutadores, equipos de transmisi\u00f3n PDH\/SDH, EPON, GPON, base WDM PON estaciones y otra gama completa de equipos. Las distancias de transmisi\u00f3n m\u00e1s largas, el bajo consumo de energ\u00eda, el bajo costo y la alta confiabilidad lo convierten en la soluci\u00f3n preferida para aplicaciones de corta distancia a velocidades de 10G.<\/p>\n<p>Active SFP+ DAC puede extenderse a una distancia m\u00e1s larga para la transmisi\u00f3n de rack a rack en los centros de datos.<\/p>","protected":false},"featured_media":5217,"comment_status":"closed","ping_status":"closed","template":"","meta":{"content-type":"","_themeisle_gutenberg_block_has_review":false},"product_cat":[139],"product_tag":[166],"aioseo_notices":[],"_links":{"self":[{"href":"https:\/\/key2optics.com\/es\/wp-json\/wp\/v2\/product\/5207"}],"collection":[{"href":"https:\/\/key2optics.com\/es\/wp-json\/wp\/v2\/product"}],"about":[{"href":"https:\/\/key2optics.com\/es\/wp-json\/wp\/v2\/types\/product"}],"replies":[{"embeddable":true,"href":"https:\/\/key2optics.com\/es\/wp-json\/wp\/v2\/comments?post=5207"}],"wp:featuredmedia":[{"embeddable":true,"href":"https:\/\/key2optics.com\/es\/wp-json\/wp\/v2\/media\/5217"}],"wp:attachment":[{"href":"https:\/\/key2optics.com\/es\/wp-json\/wp\/v2\/media?parent=5207"}],"wp:term":[{"taxonomy":"product_cat","embeddable":true,"href":"https:\/\/key2optics.com\/es\/wp-json\/wp\/v2\/product_cat?post=5207"},{"taxonomy":"product_tag","embeddable":true,"href":"https:\/\/key2optics.com\/es\/wp-json\/wp\/v2\/product_tag?post=5207"}],"curies":[{"name":"wp","href":"https:\/\/api.w.org\/{rel}","templated":true}]}}