{"id":5238,"date":"2022-10-08T19:13:54","date_gmt":"2022-10-08T11:13:54","guid":{"rendered":"https:\/\/key2optics.com\/?post_type=product&#038;p=5238"},"modified":"2025-09-15T10:23:18","modified_gmt":"2025-09-15T02:23:18","slug":"wdm-system-olp","status":"publish","type":"product","link":"https:\/\/key2optics.com\/es\/producto\/wdm-sistema-olp\/","title":{"rendered":"Sistema WDM OLP"},"content":{"rendered":"<div class=\"node__content clearfix\">\n<div class=\"field field--name-body field--type-text-with-summary field--label-hidden field__item\">\n<p style=\"font-weight: 400;\">La OLP (tarjeta de protecci\u00f3n \u00f3ptica) de Key2Optics es para ayudar al sistema de divisi\u00f3n de longitud de onda a completar las soluciones de protecci\u00f3n de la capa \u00f3ptica, como la protecci\u00f3n de l\u00ednea \u00f3ptica 1+1 y la protecci\u00f3n de longitud de onda \u00f3ptica 1+1. Puede monitorear las rutas \u00f3pticas de enrutamiento principal y de respaldo en tiempo real. En el caso de que el n\u00facleo de fibra se bloquee o su rendimiento se degrade, puede implementar la reorganizaci\u00f3n segura autom\u00e1ticamente en el n\u00facleo de fibra principal y de respaldo, para garantizar que las se\u00f1ales \u00f3pticas en la l\u00ednea del sistema se recuperen r\u00e1pidamente. La tecnolog\u00eda OLP es para completar la operaci\u00f3n del interruptor de enrutamiento en la capa \u00f3ptica. La protecci\u00f3n de la capa \u00f3ptica tiene ventajas incomparables sobre la protecci\u00f3n de los servicios superiores, y es la mejor soluci\u00f3n para proporcionar al usuario una comunicaci\u00f3n ininterrumpida.<\/p>\n<p><strong>Caracter\u00edsticas<\/strong><\/p>\n<ul>\n<li>Dise\u00f1o de tarjeta modular para que sea f\u00e1cilmente conectable en caliente en el sistema OTN WDM<\/li>\n<li>Soluci\u00f3n flexible y escalable para el plan de instalaci\u00f3n y actualizaci\u00f3n futura<\/li>\n<li class=\"w-label-content-item current\" data-area=\"tabArea0\">\n<div id=\"smc_tabArea0\" class=\"smAreaC\">\n<div id=\"smv_tem_41_50\" class=\"smartRecpt esmartMargin smartAbs\">\n<div class=\"yibuFrameContent tem_41_50 productSummaryBind_Style1\">\n<div class=\"w-info\">Supervise el estado de la se\u00f1al de las rutas principal y de reserva en tiempo real, y cambie de forma autom\u00e1tica y segura las rutas principal y de respaldo para garantizar una recuperaci\u00f3n r\u00e1pida<\/div>\n<\/div>\n<\/div>\n<\/div>\n<\/li>\n<\/ul>\n<\/div>\n<p><strong>Sistema de diagrama<\/strong><\/p>\n<p><img loading=\"lazy\" decoding=\"async\" class=\"aligncenter size-full wp-image-5331\" src=\"https:\/\/key2optics.com\/wp-content\/uploads\/2022\/10\/system_diagram_olp.jpg\" alt=\"\" width=\"1690\" height=\"432\" srcset=\"https:\/\/key2optics.com\/wp-content\/uploads\/2022\/10\/system_diagram_olp.jpg 1690w, https:\/\/key2optics.com\/wp-content\/uploads\/2022\/10\/system_diagram_olp-800x204.jpg 800w, https:\/\/key2optics.com\/wp-content\/uploads\/2022\/10\/system_diagram_olp-750x192.jpg 750w, https:\/\/key2optics.com\/wp-content\/uploads\/2022\/10\/system_diagram_olp-768x196.jpg 768w, https:\/\/key2optics.com\/wp-content\/uploads\/2022\/10\/system_diagram_olp-1536x393.jpg 1536w, https:\/\/key2optics.com\/wp-content\/uploads\/2022\/10\/system_diagram_olp-18x5.jpg 18w, https:\/\/key2optics.com\/wp-content\/uploads\/2022\/10\/system_diagram_olp-1140x291.jpg 1140w, https:\/\/key2optics.com\/wp-content\/uploads\/2022\/10\/system_diagram_olp-920x235.jpg 920w, https:\/\/key2optics.com\/wp-content\/uploads\/2022\/10\/system_diagram_olp-575x147.jpg 575w, https:\/\/key2optics.com\/wp-content\/uploads\/2022\/10\/system_diagram_olp-380x97.jpg 380w\" sizes=\"(max-width: 1690px) 100vw, 1690px\" \/><\/p>\n<\/div>\n<p><strong>Tarjeta OLP 1:1<\/strong><\/p>\n<p><img loading=\"lazy\" decoding=\"async\" class=\"aligncenter size-full wp-image-5335\" src=\"https:\/\/key2optics.com\/wp-content\/uploads\/2022\/10\/olp1to1.jpg\" alt=\"\" width=\"1982\" height=\"822\" srcset=\"https:\/\/key2optics.com\/wp-content\/uploads\/2022\/10\/olp1to1.jpg 1982w, https:\/\/key2optics.com\/wp-content\/uploads\/2022\/10\/olp1to1-800x332.jpg 800w, https:\/\/key2optics.com\/wp-content\/uploads\/2022\/10\/olp1to1-750x311.jpg 750w, https:\/\/key2optics.com\/wp-content\/uploads\/2022\/10\/olp1to1-768x319.jpg 768w, https:\/\/key2optics.com\/wp-content\/uploads\/2022\/10\/olp1to1-1536x637.jpg 1536w, https:\/\/key2optics.com\/wp-content\/uploads\/2022\/10\/olp1to1-18x7.jpg 18w, https:\/\/key2optics.com\/wp-content\/uploads\/2022\/10\/olp1to1-1140x473.jpg 1140w, https:\/\/key2optics.com\/wp-content\/uploads\/2022\/10\/olp1to1-920x382.jpg 920w, https:\/\/key2optics.com\/wp-content\/uploads\/2022\/10\/olp1to1-575x238.jpg 575w, https:\/\/key2optics.com\/wp-content\/uploads\/2022\/10\/olp1to1-380x158.jpg 380w\" sizes=\"(max-width: 1982px) 100vw, 1982px\" \/><\/p>\n<p><strong>Tarjeta OLP 1+1<\/strong><\/p>\n<p><img loading=\"lazy\" decoding=\"async\" class=\"aligncenter size-full wp-image-5334\" src=\"https:\/\/key2optics.com\/wp-content\/uploads\/2022\/10\/olp1plus1.jpg\" alt=\"\" width=\"1966\" height=\"928\" srcset=\"https:\/\/key2optics.com\/wp-content\/uploads\/2022\/10\/olp1plus1.jpg 1966w, https:\/\/key2optics.com\/wp-content\/uploads\/2022\/10\/olp1plus1-800x378.jpg 800w, https:\/\/key2optics.com\/wp-content\/uploads\/2022\/10\/olp1plus1-750x354.jpg 750w, https:\/\/key2optics.com\/wp-content\/uploads\/2022\/10\/olp1plus1-768x363.jpg 768w, https:\/\/key2optics.com\/wp-content\/uploads\/2022\/10\/olp1plus1-1536x725.jpg 1536w, https:\/\/key2optics.com\/wp-content\/uploads\/2022\/10\/olp1plus1-18x8.jpg 18w, https:\/\/key2optics.com\/wp-content\/uploads\/2022\/10\/olp1plus1-1140x538.jpg 1140w, https:\/\/key2optics.com\/wp-content\/uploads\/2022\/10\/olp1plus1-920x434.jpg 920w, https:\/\/key2optics.com\/wp-content\/uploads\/2022\/10\/olp1plus1-575x271.jpg 575w, https:\/\/key2optics.com\/wp-content\/uploads\/2022\/10\/olp1plus1-380x179.jpg 380w\" sizes=\"(max-width: 1966px) 100vw, 1966px\" \/><\/p>\n<p><strong>Tarjeta OLP 1-1<\/strong><\/p>\n<p><img loading=\"lazy\" decoding=\"async\" class=\"aligncenter size-full wp-image-5332\" src=\"https:\/\/key2optics.com\/wp-content\/uploads\/2022\/10\/olp1-1.png\" alt=\"\" width=\"1902\" height=\"782\" srcset=\"https:\/\/key2optics.com\/wp-content\/uploads\/2022\/10\/olp1-1.png 1902w, https:\/\/key2optics.com\/wp-content\/uploads\/2022\/10\/olp1-1-800x329.png 800w, https:\/\/key2optics.com\/wp-content\/uploads\/2022\/10\/olp1-1-750x308.png 750w, https:\/\/key2optics.com\/wp-content\/uploads\/2022\/10\/olp1-1-768x316.png 768w, https:\/\/key2optics.com\/wp-content\/uploads\/2022\/10\/olp1-1-1536x632.png 1536w, https:\/\/key2optics.com\/wp-content\/uploads\/2022\/10\/olp1-1-18x7.png 18w, https:\/\/key2optics.com\/wp-content\/uploads\/2022\/10\/olp1-1-1140x469.png 1140w, https:\/\/key2optics.com\/wp-content\/uploads\/2022\/10\/olp1-1-920x378.png 920w, https:\/\/key2optics.com\/wp-content\/uploads\/2022\/10\/olp1-1-575x236.png 575w, https:\/\/key2optics.com\/wp-content\/uploads\/2022\/10\/olp1-1-380x156.png 380w\" sizes=\"(max-width: 1902px) 100vw, 1902px\" \/><\/p>\n<p><strong>OLP BiDi<\/strong><\/p>\n<p><img loading=\"lazy\" decoding=\"async\" class=\"aligncenter size-full wp-image-5333\" src=\"https:\/\/key2optics.com\/wp-content\/uploads\/2022\/10\/olpbidi.png\" alt=\"\" width=\"2020\" height=\"752\" srcset=\"https:\/\/key2optics.com\/wp-content\/uploads\/2022\/10\/olpbidi.png 2020w, https:\/\/key2optics.com\/wp-content\/uploads\/2022\/10\/olpbidi-800x298.png 800w, https:\/\/key2optics.com\/wp-content\/uploads\/2022\/10\/olpbidi-750x279.png 750w, https:\/\/key2optics.com\/wp-content\/uploads\/2022\/10\/olpbidi-768x286.png 768w, https:\/\/key2optics.com\/wp-content\/uploads\/2022\/10\/olpbidi-1536x572.png 1536w, https:\/\/key2optics.com\/wp-content\/uploads\/2022\/10\/olpbidi-18x7.png 18w, https:\/\/key2optics.com\/wp-content\/uploads\/2022\/10\/olpbidi-1140x424.png 1140w, https:\/\/key2optics.com\/wp-content\/uploads\/2022\/10\/olpbidi-920x342.png 920w, https:\/\/key2optics.com\/wp-content\/uploads\/2022\/10\/olpbidi-575x214.png 575w, https:\/\/key2optics.com\/wp-content\/uploads\/2022\/10\/olpbidi-380x141.png 380w\" sizes=\"(max-width: 2020px) 100vw, 2020px\" \/><\/p>\n<p>&nbsp;<\/p>\n<div class=\"node__content clearfix\">\n<p>Descargue las especificaciones detalladas de la<a href=\"https:\/\/key2optics.com\/es\/descargar\/\"> Enlace<\/a><\/p>\n<\/div>","protected":false},"excerpt":{"rendered":"<p>La OLP (tarjeta de protecci\u00f3n \u00f3ptica) de Key2Optics es para ayudar al sistema de divisi\u00f3n de longitud de onda a completar las soluciones de protecci\u00f3n de la capa \u00f3ptica, como la protecci\u00f3n de l\u00ednea \u00f3ptica 1+1 y la protecci\u00f3n de longitud de onda \u00f3ptica 1+1. Puede monitorear las rutas \u00f3pticas de enrutamiento principal y de respaldo en tiempo real. En el caso de que el n\u00facleo de fibra se bloquee o su rendimiento se degrade, puede implementar la reorganizaci\u00f3n segura autom\u00e1ticamente en el n\u00facleo de fibra principal y de respaldo, para garantizar que las se\u00f1ales \u00f3pticas en la l\u00ednea del sistema se recuperen r\u00e1pidamente. La tecnolog\u00eda OLP es para completar la operaci\u00f3n del interruptor de enrutamiento en la capa \u00f3ptica. La protecci\u00f3n de la capa \u00f3ptica tiene ventajas incomparables sobre la protecci\u00f3n de los servicios superiores, y es la mejor soluci\u00f3n para proporcionar al usuario una comunicaci\u00f3n ininterrumpida.<\/p>","protected":false},"featured_media":5239,"comment_status":"closed","ping_status":"closed","template":"","meta":{"content-type":"","_themeisle_gutenberg_block_has_review":false},"product_cat":[154,157],"product_tag":[171],"aioseo_notices":[],"_links":{"self":[{"href":"https:\/\/key2optics.com\/es\/wp-json\/wp\/v2\/product\/5238"}],"collection":[{"href":"https:\/\/key2optics.com\/es\/wp-json\/wp\/v2\/product"}],"about":[{"href":"https:\/\/key2optics.com\/es\/wp-json\/wp\/v2\/types\/product"}],"replies":[{"embeddable":true,"href":"https:\/\/key2optics.com\/es\/wp-json\/wp\/v2\/comments?post=5238"}],"wp:featuredmedia":[{"embeddable":true,"href":"https:\/\/key2optics.com\/es\/wp-json\/wp\/v2\/media\/5239"}],"wp:attachment":[{"href":"https:\/\/key2optics.com\/es\/wp-json\/wp\/v2\/media?parent=5238"}],"wp:term":[{"taxonomy":"product_cat","embeddable":true,"href":"https:\/\/key2optics.com\/es\/wp-json\/wp\/v2\/product_cat?post=5238"},{"taxonomy":"product_tag","embeddable":true,"href":"https:\/\/key2optics.com\/es\/wp-json\/wp\/v2\/product_tag?post=5238"}],"curies":[{"name":"wp","href":"https:\/\/api.w.org\/{rel}","templated":true}]}}