{"id":5342,"date":"2022-10-09T15:03:36","date_gmt":"2022-10-09T07:03:36","guid":{"rendered":"https:\/\/key2optics.com\/?post_type=product&#038;p=5342"},"modified":"2025-09-15T10:23:17","modified_gmt":"2025-09-15T02:23:17","slug":"wdm-system-ocp","status":"publish","type":"product","link":"https:\/\/key2optics.com\/es\/producto\/wdm-sistema-ocp\/","title":{"rendered":"Sistema WDM 10G OCP"},"content":{"rendered":"<div class=\"node__content clearfix\">\n<div class=\"field field--name-body field--type-text-with-summary field--label-hidden field__item\">\n<p style=\"font-weight: 400;\">La tarjeta de servicio OCP de Key2Optics (Protecci\u00f3n de canal \u00f3ptico) es una parte opcional del sistema WDM, que se utiliza principalmente en protecci\u00f3n de l\u00ednea y red de protecci\u00f3n de red en anillo. En el extremo transmisor, una se\u00f1al \u00f3ptica se divide en dos se\u00f1ales id\u00e9nticas, que se transmiten a trav\u00e9s de diferentes longitudes de onda espec\u00edficas o l\u00edneas diferentes. En el extremo receptor, se reciben las se\u00f1ales de dos longitudes de onda espec\u00edficas o l\u00edneas diferentes y se env\u00edan al procesamiento posterior de acuerdo con la calidad de la se\u00f1al, que es el proceso de doble transmisi\u00f3n y recepci\u00f3n selectiva.<\/p>\n<p><strong>Caracter\u00edsticas<\/strong><\/p>\n<ul>\n<li>Dise\u00f1o de tarjeta modular para que sea f\u00e1cilmente conectable en caliente en el sistema OTN WDM<\/li>\n<li>Soluci\u00f3n flexible y escalable para el plan de instalaci\u00f3n y actualizaci\u00f3n futura<\/li>\n<li>2 interfaces SFP\/SFP+ 10G y 4 interfaces QSFP\/SFP+ 10G WDM<\/li>\n<\/ul>\n<\/div>\n<p><b>Interfaz de hardware<\/b><\/p>\n<\/div>\n<p><img loading=\"lazy\" decoding=\"async\" class=\"aligncenter size-full wp-image-5349\" src=\"https:\/\/key2optics.com\/wp-content\/uploads\/2022\/10\/ocp-interface.jpg\" alt=\"\" width=\"1488\" height=\"158\" srcset=\"https:\/\/key2optics.com\/wp-content\/uploads\/2022\/10\/ocp-interface.jpg 1488w, https:\/\/key2optics.com\/wp-content\/uploads\/2022\/10\/ocp-interface-800x85.jpg 800w, https:\/\/key2optics.com\/wp-content\/uploads\/2022\/10\/ocp-interface-750x80.jpg 750w, https:\/\/key2optics.com\/wp-content\/uploads\/2022\/10\/ocp-interface-768x82.jpg 768w, https:\/\/key2optics.com\/wp-content\/uploads\/2022\/10\/ocp-interface-18x2.jpg 18w, https:\/\/key2optics.com\/wp-content\/uploads\/2022\/10\/ocp-interface-1140x121.jpg 1140w, https:\/\/key2optics.com\/wp-content\/uploads\/2022\/10\/ocp-interface-920x98.jpg 920w, https:\/\/key2optics.com\/wp-content\/uploads\/2022\/10\/ocp-interface-575x61.jpg 575w, https:\/\/key2optics.com\/wp-content\/uploads\/2022\/10\/ocp-interface-380x40.jpg 380w\" sizes=\"(max-width: 1488px) 100vw, 1488px\" \/><\/p>\n<p><strong>Estructura<\/strong><\/p>\n<p><img loading=\"lazy\" decoding=\"async\" class=\"aligncenter wp-image-5351\" src=\"https:\/\/key2optics.com\/wp-content\/uploads\/2022\/10\/ocp-structure.png\" alt=\"\" width=\"499\" height=\"285\" srcset=\"https:\/\/key2optics.com\/wp-content\/uploads\/2022\/10\/ocp-structure.png 1200w, https:\/\/key2optics.com\/wp-content\/uploads\/2022\/10\/ocp-structure-800x457.png 800w, https:\/\/key2optics.com\/wp-content\/uploads\/2022\/10\/ocp-structure-750x429.png 750w, https:\/\/key2optics.com\/wp-content\/uploads\/2022\/10\/ocp-structure-768x439.png 768w, https:\/\/key2optics.com\/wp-content\/uploads\/2022\/10\/ocp-structure-18x10.png 18w, https:\/\/key2optics.com\/wp-content\/uploads\/2022\/10\/ocp-structure-1140x652.png 1140w, https:\/\/key2optics.com\/wp-content\/uploads\/2022\/10\/ocp-structure-920x526.png 920w, https:\/\/key2optics.com\/wp-content\/uploads\/2022\/10\/ocp-structure-575x329.png 575w, https:\/\/key2optics.com\/wp-content\/uploads\/2022\/10\/ocp-structure-380x217.png 380w\" sizes=\"(max-width: 499px) 100vw, 499px\" \/><\/p>\n<p>&nbsp;<\/p>\n<div class=\"node__content clearfix\">\n<p>Descargue las especificaciones detalladas de la<a href=\"https:\/\/key2optics.com\/es\/descargar\/\"> Enlace<\/a><\/p>\n<\/div>\n<p><span id=\"pv-float-bar-container\" style=\"display: none; top: 451px; right: 198px; opacity: 0.01;\"><\/span><\/p>","protected":false},"excerpt":{"rendered":"<p style=\"font-weight: 400;\">La tarjeta de servicio OCP de Key2Optics (Protecci\u00f3n de canal \u00f3ptico) es una parte opcional del sistema WDM, que se utiliza principalmente en protecci\u00f3n de l\u00ednea y red de protecci\u00f3n de red en anillo. En el extremo transmisor, una se\u00f1al \u00f3ptica se divide en dos se\u00f1ales id\u00e9nticas, que se transmiten a trav\u00e9s de diferentes longitudes de onda espec\u00edficas o l\u00edneas diferentes. En el extremo receptor, se reciben las se\u00f1ales de dos longitudes de onda espec\u00edficas o l\u00edneas diferentes y se env\u00edan al procesamiento posterior de acuerdo con la calidad de la se\u00f1al, que es el proceso de doble transmisi\u00f3n y recepci\u00f3n selectiva.<\/p>\n<p><strong>Caracter\u00edsticas<\/strong><\/p>\n<ul>\n<li>Dise\u00f1o de tarjeta modular para que sea f\u00e1cilmente conectable en caliente en el sistema OTN WDM<\/li>\n<li>Soluci\u00f3n flexible y escalable para el plan de instalaci\u00f3n y actualizaci\u00f3n futura<\/li>\n<li>2 interfaces SFP\/SFP+ 10G y 4 interfaces QSFP\/SFP+ 10G WDM<\/li>\n<\/ul>","protected":false},"featured_media":5239,"comment_status":"closed","ping_status":"closed","template":"","meta":{"content-type":"","_themeisle_gutenberg_block_has_review":false},"product_cat":[154,157],"product_tag":[173],"aioseo_notices":[],"_links":{"self":[{"href":"https:\/\/key2optics.com\/es\/wp-json\/wp\/v2\/product\/5342"}],"collection":[{"href":"https:\/\/key2optics.com\/es\/wp-json\/wp\/v2\/product"}],"about":[{"href":"https:\/\/key2optics.com\/es\/wp-json\/wp\/v2\/types\/product"}],"replies":[{"embeddable":true,"href":"https:\/\/key2optics.com\/es\/wp-json\/wp\/v2\/comments?post=5342"}],"wp:featuredmedia":[{"embeddable":true,"href":"https:\/\/key2optics.com\/es\/wp-json\/wp\/v2\/media\/5239"}],"wp:attachment":[{"href":"https:\/\/key2optics.com\/es\/wp-json\/wp\/v2\/media?parent=5342"}],"wp:term":[{"taxonomy":"product_cat","embeddable":true,"href":"https:\/\/key2optics.com\/es\/wp-json\/wp\/v2\/product_cat?post=5342"},{"taxonomy":"product_tag","embeddable":true,"href":"https:\/\/key2optics.com\/es\/wp-json\/wp\/v2\/product_tag?post=5342"}],"curies":[{"name":"wp","href":"https:\/\/api.w.org\/{rel}","templated":true}]}}