{"id":5372,"date":"2022-10-13T11:59:52","date_gmt":"2022-10-13T03:59:52","guid":{"rendered":"https:\/\/key2optics.com\/?post_type=product&#038;p=5372"},"modified":"2025-09-15T10:23:16","modified_gmt":"2025-09-15T02:23:16","slug":"wdm-system-oadm","status":"publish","type":"product","link":"https:\/\/key2optics.com\/es\/producto\/wdm-sistema-oadm\/","title":{"rendered":"Sistema WDM OADM\/ROAMD"},"content":{"rendered":"<div class=\"node__content clearfix\">\n<div class=\"field field--name-body field--type-text-with-summary field--label-hidden field__item\">\n<p style=\"font-weight: 400;\">OADM\/ROADM de Key2Optics (Wiki: <a href=\"https:\/\/en.wikipedia.org\/wiki\/Optical_add-drop_multiplexer\" target=\"_blank\" rel=\"noopener\">Multiplexaci\u00f3n \u00f3ptica Add-Drop<\/a>\u00a0o Agregar filtro de gotas) es una parte importante del sistema WDM. Puede realizar la reconfiguraci\u00f3n din\u00e1mica del canal de longitud de onda \u00f3ptica por el m\u00f3dulo OADM. Es decir, puede ajustar din\u00e1micamente el recurso de longitud de onda y la ruta de fibra en la capa de ruta \u00f3ptica de acuerdo con el cambio de tr\u00e1fico y la demanda en la red de transmisi\u00f3n. La asignaci\u00f3n de recursos de ruta hace el uso m\u00e1s efectivo de los recursos de la red.<\/p>\n<p><strong>Caracter\u00edsticas<\/strong><\/p>\n<ul>\n<li>Dise\u00f1o de tarjeta modular para que sea f\u00e1cilmente conectable en caliente en el sistema OTN WDM<\/li>\n<li>Soluci\u00f3n flexible y escalable para el plan de instalaci\u00f3n y actualizaci\u00f3n futura<\/li>\n<\/ul>\n<\/div>\n<p><b>Interfaz de hardware<\/b><\/p>\n<\/div>\n<p><img loading=\"lazy\" decoding=\"async\" class=\"aligncenter size-full wp-image-5375\" src=\"https:\/\/key2optics.com\/wp-content\/uploads\/2022\/10\/OADM-interface.jpg\" alt=\"\" width=\"1892\" height=\"280\" srcset=\"https:\/\/key2optics.com\/wp-content\/uploads\/2022\/10\/OADM-interface.jpg 1892w, https:\/\/key2optics.com\/wp-content\/uploads\/2022\/10\/OADM-interface-800x118.jpg 800w, https:\/\/key2optics.com\/wp-content\/uploads\/2022\/10\/OADM-interface-750x111.jpg 750w, https:\/\/key2optics.com\/wp-content\/uploads\/2022\/10\/OADM-interface-768x114.jpg 768w, https:\/\/key2optics.com\/wp-content\/uploads\/2022\/10\/OADM-interface-1536x227.jpg 1536w, https:\/\/key2optics.com\/wp-content\/uploads\/2022\/10\/OADM-interface-18x3.jpg 18w, https:\/\/key2optics.com\/wp-content\/uploads\/2022\/10\/OADM-interface-1140x169.jpg 1140w, https:\/\/key2optics.com\/wp-content\/uploads\/2022\/10\/OADM-interface-920x136.jpg 920w, https:\/\/key2optics.com\/wp-content\/uploads\/2022\/10\/OADM-interface-575x85.jpg 575w, https:\/\/key2optics.com\/wp-content\/uploads\/2022\/10\/OADM-interface-380x56.jpg 380w\" sizes=\"(max-width: 1892px) 100vw, 1892px\" \/><\/p>\n<p><strong>Diagrama<\/strong><\/p>\n<p><img loading=\"lazy\" decoding=\"async\" class=\"aligncenter wp-image-5376\" src=\"https:\/\/key2optics.com\/wp-content\/uploads\/2022\/10\/OADM-diagram.jpg\" alt=\"\" width=\"650\" height=\"167\" srcset=\"https:\/\/key2optics.com\/wp-content\/uploads\/2022\/10\/OADM-diagram.jpg 1216w, https:\/\/key2optics.com\/wp-content\/uploads\/2022\/10\/OADM-diagram-800x205.jpg 800w, https:\/\/key2optics.com\/wp-content\/uploads\/2022\/10\/OADM-diagram-750x192.jpg 750w, https:\/\/key2optics.com\/wp-content\/uploads\/2022\/10\/OADM-diagram-768x197.jpg 768w, https:\/\/key2optics.com\/wp-content\/uploads\/2022\/10\/OADM-diagram-18x5.jpg 18w, https:\/\/key2optics.com\/wp-content\/uploads\/2022\/10\/OADM-diagram-1140x293.jpg 1140w, https:\/\/key2optics.com\/wp-content\/uploads\/2022\/10\/OADM-diagram-920x236.jpg 920w, https:\/\/key2optics.com\/wp-content\/uploads\/2022\/10\/OADM-diagram-575x148.jpg 575w, https:\/\/key2optics.com\/wp-content\/uploads\/2022\/10\/OADM-diagram-380x98.jpg 380w\" sizes=\"(max-width: 650px) 100vw, 650px\" \/><\/p>\n<p>&nbsp;<\/p>\n<div class=\"node__content clearfix\">\n<p>Descargue las especificaciones detalladas de la<a href=\"https:\/\/key2optics.com\/es\/descargar\/\"> Enlace<\/a><\/p>\n<\/div>\n<p>&nbsp;<\/p>\n<p>&nbsp;<\/p>","protected":false},"excerpt":{"rendered":"<p style=\"font-weight: 400;\">OADM\/ROADM de Key2Optics (Wiki: <a href=\"https:\/\/en.wikipedia.org\/wiki\/Optical_add-drop_multiplexer\" target=\"_blank\" rel=\"noopener\">Multiplexaci\u00f3n \u00f3ptica Add-Drop o filtro Add Drop<\/a>) es una parte importante del sistema WDM. Puede realizar la reconfiguraci\u00f3n din\u00e1mica del canal de longitud de onda \u00f3ptica por el m\u00f3dulo OADM. Es decir, puede ajustar din\u00e1micamente el recurso de longitud de onda y la ruta de fibra en la capa de ruta \u00f3ptica de acuerdo con el cambio de tr\u00e1fico y la demanda en la red de transmisi\u00f3n. La asignaci\u00f3n de recursos de ruta hace el uso m\u00e1s efectivo de los recursos de la red.<\/p>","protected":false},"featured_media":5374,"comment_status":"closed","ping_status":"closed","template":"","meta":{"content-type":"","_themeisle_gutenberg_block_has_review":false},"product_cat":[154,157],"product_tag":[175],"aioseo_notices":[],"_links":{"self":[{"href":"https:\/\/key2optics.com\/es\/wp-json\/wp\/v2\/product\/5372"}],"collection":[{"href":"https:\/\/key2optics.com\/es\/wp-json\/wp\/v2\/product"}],"about":[{"href":"https:\/\/key2optics.com\/es\/wp-json\/wp\/v2\/types\/product"}],"replies":[{"embeddable":true,"href":"https:\/\/key2optics.com\/es\/wp-json\/wp\/v2\/comments?post=5372"}],"wp:featuredmedia":[{"embeddable":true,"href":"https:\/\/key2optics.com\/es\/wp-json\/wp\/v2\/media\/5374"}],"wp:attachment":[{"href":"https:\/\/key2optics.com\/es\/wp-json\/wp\/v2\/media?parent=5372"}],"wp:term":[{"taxonomy":"product_cat","embeddable":true,"href":"https:\/\/key2optics.com\/es\/wp-json\/wp\/v2\/product_cat?post=5372"},{"taxonomy":"product_tag","embeddable":true,"href":"https:\/\/key2optics.com\/es\/wp-json\/wp\/v2\/product_tag?post=5372"}],"curies":[{"name":"wp","href":"https:\/\/api.w.org\/{rel}","templated":true}]}}