{"id":5399,"date":"2022-10-13T14:43:00","date_gmt":"2022-10-13T06:43:00","guid":{"rendered":"https:\/\/key2optics.com\/?post_type=product&#038;p=5399"},"modified":"2025-09-15T10:23:16","modified_gmt":"2025-09-15T02:23:16","slug":"array-waveguide-grating","status":"publish","type":"product","link":"https:\/\/key2optics.com\/es\/producto\/matriz-guiaondas-rejilla\/","title":{"rendered":"Rejilla de gu\u00eda de ondas de matriz WDM AWG"},"content":{"rendered":"<div class=\"node__content clearfix\">\n<div class=\"field field--name-body field--type-text-with-summary field--label-hidden field__item\">\n<p style=\"font-weight: 400;\">AWG de Key2Optics (<a href=\"https:\/\/en.wikipedia.org\/wiki\/Arrayed_waveguide_grating\" target=\"_blank\" rel=\"noopener\">\u00bfQu\u00e9 significa AWG?<\/a>) La rejilla de gu\u00eda de ondas en matriz o la tarjeta de onda dividida de gu\u00eda de ondas de rejilla se utiliza en el sistema DWDM para completar 40 funciones de multiplexaci\u00f3n y demultiplexaci\u00f3n de longitud de onda \u00f3ptica en el rango de banda C, que puede multiplexar diferentes longitudes de onda de luz en una sola. M\u00faltiples canales \u00f3pticos multiplexados en la misma fibra est\u00e1n separados por longitud de onda en la fibra. Se basa en la tecnolog\u00eda de rejilla de gu\u00eda de ondas sobre sustratos de silicio y presenta un dise\u00f1o de paquete \u00fanico sin calor para un acoplamiento de canal preciso, baja p\u00e9rdida de inserci\u00f3n, alto aislamiento de canal y alta estabilidad para sistemas DWDM de alta capacidad de 40 u 80 ondas.<\/p>\n<p><strong>Caracter\u00edsticas<\/strong><\/p>\n<ul>\n<li>Dise\u00f1o de tarjeta modular para que sea f\u00e1cilmente conectable en caliente en el sistema OTN WDM<\/li>\n<li>Soluci\u00f3n flexible y escalable para el plan de instalaci\u00f3n y actualizaci\u00f3n futura en la gu\u00eda de ondas de rejilla<\/li>\n<li>P\u00e9rdida de inserci\u00f3n baja (IL), aislamiento de canal alto<\/li>\n<li>Mux y demux de 40 canales<\/li>\n<li>Conforme a ITU-T G.694.1<\/li>\n<li>Cumple con el est\u00e1ndar Telcordia GR-1209-CORE-2001<\/li>\n<li>Cumple con el est\u00e1ndar Telcordia GR-1221-CORE-1999<\/li>\n<li>Conforme a RoHS-6<\/li>\n<\/ul>\n<\/div>\n<p><b>Interfaz de hardware<\/b><\/p>\n<\/div>\n<figure id=\"attachment_5411\" aria-describedby=\"caption-attachment-5411\" style=\"width: 1976px\" class=\"wp-caption aligncenter\"><img loading=\"lazy\" decoding=\"async\" class=\"wp-image-5411 size-full\" title=\"rejilla de gu\u00eda de ondas de matriz\" src=\"https:\/\/key2optics.com\/wp-content\/uploads\/2022\/10\/AWG-interface.jpg\" alt=\"rejilla de gu\u00eda de ondas de matriz\" width=\"1976\" height=\"450\" srcset=\"https:\/\/key2optics.com\/wp-content\/uploads\/2022\/10\/AWG-interface.jpg 1976w, https:\/\/key2optics.com\/wp-content\/uploads\/2022\/10\/AWG-interface-800x182.jpg 800w, https:\/\/key2optics.com\/wp-content\/uploads\/2022\/10\/AWG-interface-750x171.jpg 750w, https:\/\/key2optics.com\/wp-content\/uploads\/2022\/10\/AWG-interface-768x175.jpg 768w, https:\/\/key2optics.com\/wp-content\/uploads\/2022\/10\/AWG-interface-1536x350.jpg 1536w, https:\/\/key2optics.com\/wp-content\/uploads\/2022\/10\/AWG-interface-18x4.jpg 18w, https:\/\/key2optics.com\/wp-content\/uploads\/2022\/10\/AWG-interface-1140x260.jpg 1140w, https:\/\/key2optics.com\/wp-content\/uploads\/2022\/10\/AWG-interface-920x210.jpg 920w, https:\/\/key2optics.com\/wp-content\/uploads\/2022\/10\/AWG-interface-575x131.jpg 575w, https:\/\/key2optics.com\/wp-content\/uploads\/2022\/10\/AWG-interface-380x87.jpg 380w\" sizes=\"(max-width: 1976px) 100vw, 1976px\" \/><figcaption id=\"caption-attachment-5411\" class=\"wp-caption-text\">rejilla de gu\u00eda de onda de matriz\/gu\u00eda de onda de rejilla<\/figcaption><\/figure>\n<p><strong>Diagrama<\/strong><\/p>\n<p><img loading=\"lazy\" decoding=\"async\" class=\"aligncenter size-full wp-image-5412\" src=\"https:\/\/key2optics.com\/wp-content\/uploads\/2022\/10\/CWDM-diagram.jpg\" alt=\"\" width=\"1880\" height=\"742\" srcset=\"https:\/\/key2optics.com\/wp-content\/uploads\/2022\/10\/CWDM-diagram.jpg 1880w, https:\/\/key2optics.com\/wp-content\/uploads\/2022\/10\/CWDM-diagram-800x316.jpg 800w, https:\/\/key2optics.com\/wp-content\/uploads\/2022\/10\/CWDM-diagram-750x296.jpg 750w, https:\/\/key2optics.com\/wp-content\/uploads\/2022\/10\/CWDM-diagram-768x303.jpg 768w, https:\/\/key2optics.com\/wp-content\/uploads\/2022\/10\/CWDM-diagram-1536x606.jpg 1536w, https:\/\/key2optics.com\/wp-content\/uploads\/2022\/10\/CWDM-diagram-18x7.jpg 18w, https:\/\/key2optics.com\/wp-content\/uploads\/2022\/10\/CWDM-diagram-1140x450.jpg 1140w, https:\/\/key2optics.com\/wp-content\/uploads\/2022\/10\/CWDM-diagram-920x363.jpg 920w, https:\/\/key2optics.com\/wp-content\/uploads\/2022\/10\/CWDM-diagram-575x227.jpg 575w, https:\/\/key2optics.com\/wp-content\/uploads\/2022\/10\/CWDM-diagram-380x150.jpg 380w\" sizes=\"(max-width: 1880px) 100vw, 1880px\" \/><\/p>\n<p>&nbsp;<\/p>\n<div class=\"node__content clearfix\">\n<p>Descargue las especificaciones detalladas de la<a href=\"https:\/\/key2optics.com\/es\/descargar\/\"> Enlace<\/a><\/p>\n<\/div>\n<p><span id=\"pv-float-bar-container\" style=\"display: none; top: 738px; right: 25px; opacity: 0.01;\"><\/span><\/p>","protected":false},"excerpt":{"rendered":"<div class=\"field field--name-body field--type-text-with-summary field--label-hidden field__item\">\n<p style=\"font-weight: 400;\">Tarjeta de onda dividida AWG de Key2Optics, que es una gu\u00eda de ondas de rejilla\/rejilla de gu\u00eda de ondas ordenada. Se utiliza en el sistema DWDM para completar 40 funciones de multiplexaci\u00f3n y demultiplexaci\u00f3n de longitud de onda \u00f3ptica en el rango de la banda C, que puede multiplexar diferentes longitudes de onda de luz en una sola. M\u00faltiples canales \u00f3pticos multiplexados en la misma fibra est\u00e1n separados por longitud de onda en la fibra. Se basa en la tecnolog\u00eda de rejilla de gu\u00eda de ondas sobre sustratos de silicio y presenta un dise\u00f1o de paquete \u00fanico sin calor para un acoplamiento de canal preciso, baja p\u00e9rdida de inserci\u00f3n, alto aislamiento de canal y alta estabilidad para sistemas DWDM de alta capacidad de 40 u 80 ondas.<\/p>\n<p><strong>Caracter\u00edsticas<\/strong><\/p>\n<ul>\n<li>Dise\u00f1o de tarjeta modular para que sea f\u00e1cilmente conectable en caliente en el sistema OTN WDM<\/li>\n<li>Soluci\u00f3n flexible y escalable para el plan de instalaci\u00f3n y actualizaci\u00f3n futura<\/li>\n<li>P\u00e9rdida de inserci\u00f3n baja (IL), aislamiento de canal alto<\/li>\n<li>Mux y demux de 40 canales<\/li>\n<li>Conforme a ITU-T G.694.1<\/li>\n<li>Cumple con el est\u00e1ndar Telcordia GR-1209-CORE-2001<\/li>\n<li>Cumple con el est\u00e1ndar Telcordia GR-1221-CORE-1999<\/li>\n<li>Conforme a RoHS-6<\/li>\n<\/ul>\n<\/div>","protected":false},"featured_media":5410,"comment_status":"closed","ping_status":"closed","template":"","meta":{"content-type":"","_themeisle_gutenberg_block_has_review":false},"product_cat":[154,157],"product_tag":[176],"aioseo_notices":[],"_links":{"self":[{"href":"https:\/\/key2optics.com\/es\/wp-json\/wp\/v2\/product\/5399"}],"collection":[{"href":"https:\/\/key2optics.com\/es\/wp-json\/wp\/v2\/product"}],"about":[{"href":"https:\/\/key2optics.com\/es\/wp-json\/wp\/v2\/types\/product"}],"replies":[{"embeddable":true,"href":"https:\/\/key2optics.com\/es\/wp-json\/wp\/v2\/comments?post=5399"}],"wp:featuredmedia":[{"embeddable":true,"href":"https:\/\/key2optics.com\/es\/wp-json\/wp\/v2\/media\/5410"}],"wp:attachment":[{"href":"https:\/\/key2optics.com\/es\/wp-json\/wp\/v2\/media?parent=5399"}],"wp:term":[{"taxonomy":"product_cat","embeddable":true,"href":"https:\/\/key2optics.com\/es\/wp-json\/wp\/v2\/product_cat?post=5399"},{"taxonomy":"product_tag","embeddable":true,"href":"https:\/\/key2optics.com\/es\/wp-json\/wp\/v2\/product_tag?post=5399"}],"curies":[{"name":"wp","href":"https:\/\/api.w.org\/{rel}","templated":true}]}}