{"id":5414,"date":"2022-10-13T15:24:14","date_gmt":"2022-10-13T07:24:14","guid":{"rendered":"https:\/\/key2optics.com\/?post_type=product&#038;p=5414"},"modified":"2025-09-15T10:23:15","modified_gmt":"2025-09-15T02:23:15","slug":"otn-network-management-platform","status":"publish","type":"product","link":"https:\/\/key2optics.com\/es\/producto\/otn-network-management-platform\/","title":{"rendered":"Plataforma de gesti\u00f3n OTN"},"content":{"rendered":"<div class=\"node__content clearfix\">\n<div class=\"field field--name-body field--type-text-with-summary field--label-hidden field__item\">\n<p>Red OTN de Key2 Optics (\u00bfQu\u00e9 <a href=\"https:\/\/www.google.com\/search?q=wiki+what+is+otn&amp;client=safari&amp;sxsrf=ALiCzsYu3tD6cmnQ4ifTUSWdl9O4mTnPHA%3A1666782116229&amp;source=hp&amp;ei=pBNZY7abCuiiptQP-tK80AQ&amp;iflsig=AJiK0e8AAAAAY1khtLN4utTLuJcW5Muql2CIVitYwZgk&amp;ved=0ahUKEwi2_c6f3_36AhVokYkEHXopD0oQ4dUDCA4&amp;uact=5&amp;oq=wiki+what+is+otn&amp;gs_lp=Egdnd3Mtd2l6uAED-AEBMggQABiABBjLATIIEAAYgAQYywEyCBAAGIAEGMsBMggQABiABBjLATIKEAAYgAQYChjLATIIEAAYgAQYywEyCBAAGIAEGMsBMggQABiABBjLATIIEAAYgAQYywEyCBAAGIAEGMsBwgIEECMYJ8ICCxAuGIAEGNQCGMsBwgIIEC4YgAQYywFIlCFQAFjjH3AAeADIAQCQAQCYAegDoAGcFKoBBzItMi4yLjM&amp;sclient=gws-wiz\" target=\"_blank\" rel=\"noopener\">OTN<\/a> significa?) La plataforma de gesti\u00f3n se basa en la arquitectura B\/S. Admite la gesti\u00f3n unificada de todos los productos de red de comunicaci\u00f3n de Key2optics y proporciona funciones de gesti\u00f3n, mantenimiento y prueba de fallas, rendimiento, configuraci\u00f3n y seguridad de todo el sistema de red. Las funciones de gesti\u00f3n de extremo a extremo tambi\u00e9n se pueden proporcionar de acuerdo con los requisitos de los usuarios. Mediante el uso de la plataforma de administraci\u00f3n de red, puede mejorar la calidad del servicio de la red, reducir los costos de mantenimiento, garantizar el uso racional de los recursos de la red y proporcionar interfaces externas est\u00e1ndar para la administraci\u00f3n superior de la red. La plataforma es una soluci\u00f3n completa para la operaci\u00f3n de red de la red de transporte \u00f3ptico (OTN).<\/p>\n<p><strong>Caracter\u00edsticas<\/strong><\/p>\n<ul>\n<li><strong>un bot\u00f3n <\/strong><strong>a<\/strong><strong>utom\u00e1tico <\/strong><strong>d<\/strong><strong>descubrimiento<\/strong><strong>: <\/strong>Busque dispositivos de red en el proceso de descubrimiento autom\u00e1tico, identifique tipos y modelos de dispositivos y genere diagramas de panel de dispositivos<\/li>\n<li><strong>Gesti\u00f3n integral de equipos: <\/strong>A trav\u00e9s de la vista topol\u00f3gica, es conveniente administrar el equipo y sus par\u00e1metros de configuraci\u00f3n, y apoya la operaci\u00f3n relacionada del equipo. Admite la identificaci\u00f3n autom\u00e1tica del tipo de dispositivo actual y los par\u00e1metros de configuraci\u00f3n, y una vista en tiempo real del funcionamiento del equipo.<\/li>\n<li><strong>Visual <\/strong><strong>t<\/strong><strong>opolog\u00eda <\/strong><strong>metro<\/strong><strong>gesti\u00f3n: <\/strong>Admite enlace de estructura de \u00e1rbol\/plano para mostrar la relaci\u00f3n de topolog\u00eda de red y dividir la red por varios modos de dise\u00f1o; Visualizaci\u00f3n en tiempo real del estado del equipo con diferentes \u00edconos en la topolog\u00eda; Forma de topolog\u00eda gr\u00e1fica y concreta para administrar equipos, recursos de equipos y enlaces para reducir la dificultad de mantenimiento y el dise\u00f1o de arrastre hace que la configuraci\u00f3n sea m\u00e1s flexible.<\/li>\n<li><strong>Gesti\u00f3n oportuna de fallas: <\/strong>m\u00faltiples mecanismos de alarma y umbrales de alarma autoconfigurables pueden localizar r\u00e1pidamente el equipo de alarma; recopilaci\u00f3n completa de informaci\u00f3n de alarma, alarma oportuna y una variedad de modos de activaci\u00f3n de alarma para garantizar la resoluci\u00f3n oportuna de fallas, lo que mejora en gran medida la eficiencia del procesamiento de alarmas y reduce la p\u00e9rdida causada por la falla.<\/li>\n<li><strong>Estad\u00edsticas detalladas del informe: <\/strong>con la funci\u00f3n estad\u00edstica de m\u00faltiples datos, los gr\u00e1ficos estad\u00edsticos se pueden exportar o imprimir para respaldo o comparaci\u00f3n; a trav\u00e9s de varios tipos de visualizaci\u00f3n de gr\u00e1ficos, los usuarios pueden tener una comprensi\u00f3n completa e intuitiva de la red en general. Y a trav\u00e9s del an\u00e1lisis de datos, la situaci\u00f3n de la red se puede comprender de manera integral para proporcionar una base para la toma de decisiones.<\/li>\n<li><strong>Control profundo <\/strong><strong>de <\/strong><strong>Equipo: <\/strong>Cada dispositivo puede configurarse\/respaldarse y el software puede actualizarse para reducir la carga de trabajo de los administradores y mejorar la disponibilidad del sistema. Admite funciones de actualizaci\u00f3n, copia de seguridad y recuperaci\u00f3n de archivos de configuraci\u00f3n para dispositivos individuales y por lotes; gesti\u00f3n de configuraci\u00f3n, gesti\u00f3n de software de equipos y gesti\u00f3n de par\u00e1metros de equipos para ayudarlo a reducir la carga de trabajo.<\/li>\n<li><strong>Gesti\u00f3n de seguridad multinivel: <\/strong>Mediante la configuraci\u00f3n de la red de usuarios y los derechos de los usuarios, y el control de la lista blanca y negra, podemos mejorar la seguridad de la red desde m\u00faltiples niveles y m\u00faltiples \u00e1ngulos, y garantizar que todo el sistema est\u00e9 fuera de la interconexi\u00f3n sospechosa.<\/li>\n<\/ul>\n<p><strong>Soluci\u00f3n de red<\/strong><\/p>\n<p><img loading=\"lazy\" decoding=\"async\" class=\"aligncenter size-full wp-image-5012\" src=\"https:\/\/key2optics.com\/wp-content\/uploads\/2022\/09\/Networking.jpg\" alt=\"\" width=\"1536\" height=\"388\" srcset=\"https:\/\/key2optics.com\/wp-content\/uploads\/2022\/09\/Networking.jpg 1536w, https:\/\/key2optics.com\/wp-content\/uploads\/2022\/09\/Networking-800x202.jpg 800w, https:\/\/key2optics.com\/wp-content\/uploads\/2022\/09\/Networking-750x189.jpg 750w, https:\/\/key2optics.com\/wp-content\/uploads\/2022\/09\/Networking-768x194.jpg 768w, https:\/\/key2optics.com\/wp-content\/uploads\/2022\/09\/Networking-18x5.jpg 18w, https:\/\/key2optics.com\/wp-content\/uploads\/2022\/09\/Networking-1140x288.jpg 1140w, https:\/\/key2optics.com\/wp-content\/uploads\/2022\/09\/Networking-920x232.jpg 920w, https:\/\/key2optics.com\/wp-content\/uploads\/2022\/09\/Networking-575x145.jpg 575w, https:\/\/key2optics.com\/wp-content\/uploads\/2022\/09\/Networking-380x96.jpg 380w\" sizes=\"(max-width: 1536px) 100vw, 1536px\" \/><\/p>\n<p><strong>Diagrama del sistema y plataforma de gesti\u00f3n<\/strong><\/p>\n<p><img loading=\"lazy\" decoding=\"async\" class=\"aligncenter wp-image-5169 size-full\" src=\"https:\/\/key2optics.com\/wp-content\/uploads\/2022\/09\/wdm_system_diagram.jpg\" alt=\"\" width=\"1280\" height=\"743\" srcset=\"https:\/\/key2optics.com\/wp-content\/uploads\/2022\/09\/wdm_system_diagram.jpg 1280w, https:\/\/key2optics.com\/wp-content\/uploads\/2022\/09\/wdm_system_diagram-800x464.jpg 800w, https:\/\/key2optics.com\/wp-content\/uploads\/2022\/09\/wdm_system_diagram-750x435.jpg 750w, https:\/\/key2optics.com\/wp-content\/uploads\/2022\/09\/wdm_system_diagram-768x446.jpg 768w, https:\/\/key2optics.com\/wp-content\/uploads\/2022\/09\/wdm_system_diagram-18x10.jpg 18w, https:\/\/key2optics.com\/wp-content\/uploads\/2022\/09\/wdm_system_diagram-1140x662.jpg 1140w, https:\/\/key2optics.com\/wp-content\/uploads\/2022\/09\/wdm_system_diagram-920x534.jpg 920w, https:\/\/key2optics.com\/wp-content\/uploads\/2022\/09\/wdm_system_diagram-575x334.jpg 575w, https:\/\/key2optics.com\/wp-content\/uploads\/2022\/09\/wdm_system_diagram-380x221.jpg 380w\" sizes=\"(max-width: 1280px) 100vw, 1280px\" \/><\/p>\n<\/div>\n<p><strong>Interfaz de usuario web de la plataforma<\/strong><\/p>\n<div class=\"field field--name-body field--type-text-with-summary field--label-hidden field__item\">\n<p><img loading=\"lazy\" decoding=\"async\" class=\"aligncenter size-full wp-image-5419\" src=\"https:\/\/key2optics.com\/wp-content\/uploads\/2022\/10\/WDM-platform-UI.jpg\" alt=\"\" width=\"2196\" height=\"1248\" srcset=\"https:\/\/key2optics.com\/wp-content\/uploads\/2022\/10\/WDM-platform-UI.jpg 2196w, https:\/\/key2optics.com\/wp-content\/uploads\/2022\/10\/WDM-platform-UI-800x455.jpg 800w, https:\/\/key2optics.com\/wp-content\/uploads\/2022\/10\/WDM-platform-UI-750x426.jpg 750w, https:\/\/key2optics.com\/wp-content\/uploads\/2022\/10\/WDM-platform-UI-768x436.jpg 768w, https:\/\/key2optics.com\/wp-content\/uploads\/2022\/10\/WDM-platform-UI-1536x873.jpg 1536w, https:\/\/key2optics.com\/wp-content\/uploads\/2022\/10\/WDM-platform-UI-2048x1164.jpg 2048w, https:\/\/key2optics.com\/wp-content\/uploads\/2022\/10\/WDM-platform-UI-18x10.jpg 18w, https:\/\/key2optics.com\/wp-content\/uploads\/2022\/10\/WDM-platform-UI-1140x648.jpg 1140w, https:\/\/key2optics.com\/wp-content\/uploads\/2022\/10\/WDM-platform-UI-920x523.jpg 920w, https:\/\/key2optics.com\/wp-content\/uploads\/2022\/10\/WDM-platform-UI-575x327.jpg 575w, https:\/\/key2optics.com\/wp-content\/uploads\/2022\/10\/WDM-platform-UI-380x216.jpg 380w\" sizes=\"(max-width: 2196px) 100vw, 2196px\" \/><\/p>\n<\/div>\n<p><img loading=\"lazy\" decoding=\"async\" class=\"aligncenter wp-image-5014 size-full\" src=\"https:\/\/key2optics.com\/wp-content\/uploads\/2022\/09\/otn_cms.jpg\" alt=\"\" width=\"1280\" height=\"1280\" srcset=\"https:\/\/key2optics.com\/wp-content\/uploads\/2022\/09\/otn_cms.jpg 1280w, https:\/\/key2optics.com\/wp-content\/uploads\/2022\/09\/otn_cms-420x420.jpg 420w, https:\/\/key2optics.com\/wp-content\/uploads\/2022\/09\/otn_cms-100x100.jpg 100w, https:\/\/key2optics.com\/wp-content\/uploads\/2022\/09\/otn_cms-800x800.jpg 800w, https:\/\/key2optics.com\/wp-content\/uploads\/2022\/09\/otn_cms-480x480.jpg 480w, https:\/\/key2optics.com\/wp-content\/uploads\/2022\/09\/otn_cms-180x180.jpg 180w, https:\/\/key2optics.com\/wp-content\/uploads\/2022\/09\/otn_cms-768x768.jpg 768w, https:\/\/key2optics.com\/wp-content\/uploads\/2022\/09\/otn_cms-12x12.jpg 12w, https:\/\/key2optics.com\/wp-content\/uploads\/2022\/09\/otn_cms-1140x1140.jpg 1140w, https:\/\/key2optics.com\/wp-content\/uploads\/2022\/09\/otn_cms-920x920.jpg 920w, https:\/\/key2optics.com\/wp-content\/uploads\/2022\/09\/otn_cms-575x575.jpg 575w, https:\/\/key2optics.com\/wp-content\/uploads\/2022\/09\/otn_cms-380x380.jpg 380w\" sizes=\"(max-width: 1280px) 100vw, 1280px\" \/><\/p>\n<p>Descargue las especificaciones detalladas de la<a href=\"https:\/\/key2optics.com\/es\/descargar\/\"> Enlace<\/a><\/p>\n<\/div>\n<p><span id=\"pv-float-bar-container\" style=\"display: none; top: 2250px; right: 25px; opacity: 0.01;\"><\/span><\/p>","protected":false},"excerpt":{"rendered":"<p>La plataforma de gesti\u00f3n de red OTN de Key2 Optics se basa en la arquitectura B\/S. Admite la gesti\u00f3n unificada de todos los productos de red de comunicaci\u00f3n de Key2optics y proporciona funciones de gesti\u00f3n, mantenimiento y prueba de fallas, rendimiento, configuraci\u00f3n y seguridad de todo el sistema de red. La funci\u00f3n de gesti\u00f3n de extremo a extremo tambi\u00e9n se puede proporcionar de acuerdo con los requisitos de los usuarios. Mediante el uso de la plataforma de administraci\u00f3n de red, puede mejorar la calidad del servicio de la red, reducir los costos de mantenimiento, garantizar el uso racional de los recursos de la red y proporcionar interfaces externas est\u00e1ndar para la administraci\u00f3n superior de la red. La plataforma es una soluci\u00f3n completa para la operaci\u00f3n de red de la red de transporte \u00f3ptico (OTN).<\/p>","protected":false},"featured_media":5147,"comment_status":"closed","ping_status":"closed","template":"","meta":{"content-type":"","_themeisle_gutenberg_block_has_review":false},"product_cat":[154],"product_tag":[177],"aioseo_notices":[],"_links":{"self":[{"href":"https:\/\/key2optics.com\/es\/wp-json\/wp\/v2\/product\/5414"}],"collection":[{"href":"https:\/\/key2optics.com\/es\/wp-json\/wp\/v2\/product"}],"about":[{"href":"https:\/\/key2optics.com\/es\/wp-json\/wp\/v2\/types\/product"}],"replies":[{"embeddable":true,"href":"https:\/\/key2optics.com\/es\/wp-json\/wp\/v2\/comments?post=5414"}],"wp:featuredmedia":[{"embeddable":true,"href":"https:\/\/key2optics.com\/es\/wp-json\/wp\/v2\/media\/5147"}],"wp:attachment":[{"href":"https:\/\/key2optics.com\/es\/wp-json\/wp\/v2\/media?parent=5414"}],"wp:term":[{"taxonomy":"product_cat","embeddable":true,"href":"https:\/\/key2optics.com\/es\/wp-json\/wp\/v2\/product_cat?post=5414"},{"taxonomy":"product_tag","embeddable":true,"href":"https:\/\/key2optics.com\/es\/wp-json\/wp\/v2\/product_tag?post=5414"}],"curies":[{"name":"wp","href":"https:\/\/api.w.org\/{rel}","templated":true}]}}