{"id":5455,"date":"2022-10-18T17:56:00","date_gmt":"2022-10-18T09:56:00","guid":{"rendered":"https:\/\/key2optics.com\/?post_type=product&#038;p=5455"},"modified":"2025-09-15T10:23:14","modified_gmt":"2025-09-15T02:23:14","slug":"awg-dwdm","status":"publish","type":"product","link":"https:\/\/key2optics.com\/es\/producto\/awg-dwdm\/","title":{"rendered":"AAWG DWDM"},"content":{"rendered":"<div class=\"node__content clearfix\">\n<div class=\"field field--name-body field--type-text-with-summary field--label-hidden field__item\">\n<p>El AAWG (rejilla de gu\u00eda de ondas con matriz at\u00e9rmica) (Wiki: <a href=\"https:\/\/en.wikipedia.org\/wiki\/Arrayed_waveguide_grating\">\u00bfQu\u00e9 es AWG?<\/a>?) DWDM se basa en la tecnolog\u00eda de rejilla de gu\u00eda de ondas en sustratos de silicio que tiene un dise\u00f1o de paquete \u00fanico sin temperatura. Puede lograr un acoplamiento de canal preciso sin fuente de alimentaci\u00f3n, software o control de temperatura. Tiene una serie de ventajas como baja p\u00e9rdida de inserci\u00f3n, alto aislamiento de canal y alta estabilidad. Hay tipos de Gauss y tipos de parte superior plana para ser opcionales.<\/p>\n<p>AAWG es ideal para aumentar la capacidad de fibra entre dos sitios sin necesidad de instalar o arrendar fibra adicional. La soluci\u00f3n pasiva completa no requiere cables de alimentaci\u00f3n ni configuraci\u00f3n; es una verdadera soluci\u00f3n plug-and-play. El AAWG mantiene el equipo activo separado de los componentes de multiplexaci\u00f3n de longitud de onda. Se puede utilizar junto con Key2optics o cualquier otro equipo \u00f3ptico activo del fabricante compatible con DWDM.<\/p>\n<p><strong>Caracter\u00edsticas<\/strong><\/p>\n<ul>\n<li>Baja p\u00e9rdida de inserci\u00f3n (IL)<\/li>\n<li>Alto aislamiento de canal<\/li>\n<li>Alta estabilidad y fiabilidad<\/li>\n<li>40\/48\/80\/96 canales opcionales con ABS o paquete de chasis 1U<\/li>\n<li><span lang=\"EN-US\">Amplio rango de longitud de onda operativa<\/span><\/li>\n<li><span lang=\"EN-US\">Cumple con ITU-T G.694.1.<\/span><\/li>\n<li><span lang=\"EN-US\">Cumple con Telcordia GR-1209-CORE-2001.<\/span><\/li>\n<li><span lang=\"EN-US\">Cumple con Telcordia GR-1221-CORE-1999.<\/span><\/li>\n<li><span lang=\"EN-US\">Cumple con RoHS-6 (sin plomo)<\/span><\/li>\n<\/ul>\n<p><strong>Diagrama de Red<\/strong><\/p>\n<p><img loading=\"lazy\" decoding=\"async\" class=\"aligncenter wp-image-5458 size-full\" src=\"https:\/\/key2optics.com\/wp-content\/uploads\/2022\/10\/AAWG.jpeg\" alt=\"diagrama aawg\" width=\"479\" height=\"229\" srcset=\"https:\/\/key2optics.com\/wp-content\/uploads\/2022\/10\/AAWG.jpeg 479w, https:\/\/key2optics.com\/wp-content\/uploads\/2022\/10\/AAWG-18x9.jpeg 18w, https:\/\/key2optics.com\/wp-content\/uploads\/2022\/10\/AAWG-380x182.jpeg 380w\" sizes=\"(max-width: 479px) 100vw, 479px\" \/><\/p>\n<\/div>\n<\/div>\n<p align=\"left\"><strong><span lang=\"EN-US\">Especificaci\u00f3n<\/span><\/strong><\/p>\n<table width=\"859\" cellspacing=\"0\" cellpadding=\"10\">\n<colgroup>\n<col width=\"279\" \/>\n<col width=\"120\" \/>\n<col width=\"120\" \/>\n<col width=\"120\" \/>\n<col width=\"119\" \/><\/colgroup>\n<tbody>\n<tr>\n<td bgcolor=\"#000000\" width=\"279\">\n<p class=\"cjk\"><span style=\"color: #ffffff;\"><span lang=\"en-US\" style=\"font-size: medium;\">Especificaci\u00f3n<\/span><\/span><\/p>\n<\/td>\n<td colspan=\"4\" bgcolor=\"#000000\" width=\"538\">\n<p class=\"cjk\"><span style=\"color: #ffffff;\"><span lang=\"en-US\" style=\"font-size: medium;\">AAWG DWDM MUX\/DEMUX<\/span><\/span><\/p>\n<\/td>\n<\/tr>\n<tr>\n<td bgcolor=\"#FFFFFF\" width=\"279\">\n<p class=\"cjk\"><span lang=\"en-US\" style=\"font-size: medium;\">Espaciado de canales<\/span><\/p>\n<\/td>\n<td colspan=\"2\" bgcolor=\"#FFFFFF\" width=\"260\">\n<p class=\"cjk\"><span lang=\"en-US\" style=\"font-size: medium;\">50GHz<\/span><\/p>\n<\/td>\n<td colspan=\"2\" bgcolor=\"#FFFFFF\" width=\"259\">\n<p class=\"cjk\"><span lang=\"en-US\" style=\"font-size: medium;\">100GHz<\/span><\/p>\n<\/td>\n<\/tr>\n<tr>\n<td bgcolor=\"#FFFFFF\" width=\"279\">\n<p class=\"cjk\"><span lang=\"en-US\" style=\"font-size: medium;\">Tipo de canal<\/span><\/p>\n<\/td>\n<td bgcolor=\"#FFFFFF\" width=\"120\">\n<p class=\"cjk\"><span lang=\"en-US\" style=\"font-size: medium;\">Superficie plana<\/span><\/p>\n<\/td>\n<td bgcolor=\"#FFFFFF\" width=\"120\">\n<p class=\"cjk\"><span lang=\"en-US\" style=\"font-size: medium;\">Gauss<\/span><\/p>\n<\/td>\n<td bgcolor=\"#FFFFFF\" width=\"120\">\n<p class=\"cjk\"><span lang=\"en-US\" style=\"font-size: medium;\">Superficie plana<\/span><\/p>\n<\/td>\n<td bgcolor=\"#FFFFFF\" width=\"119\">\n<p class=\"cjk\"><span lang=\"en-US\" style=\"font-size: medium;\">Gauss<\/span><\/p>\n<\/td>\n<\/tr>\n<tr>\n<td bgcolor=\"#FFFFFF\" width=\"279\">\n<p class=\"cjk\"><span lang=\"en-US\" style=\"font-size: medium;\">Numero de canal<\/span><\/p>\n<\/td>\n<td colspan=\"2\" bgcolor=\"#FFFFFF\" width=\"260\">\n<p class=\"cjk\"><span lang=\"en-US\" style=\"font-size: medium;\">80\/96<\/span><\/p>\n<\/td>\n<td colspan=\"2\" bgcolor=\"#FFFFFF\" width=\"259\">\n<p class=\"cjk\"><span lang=\"en-US\" style=\"font-size: medium;\">40\/48<\/span><\/p>\n<\/td>\n<\/tr>\n<tr>\n<td bgcolor=\"#FFFFFF\" width=\"279\">\n<p class=\"cjk\"><span lang=\"en-US\" style=\"font-size: medium;\">Precisi\u00f3n de longitud de onda (nm)<\/span><\/p>\n<\/td>\n<td colspan=\"4\" bgcolor=\"#FFFFFF\" width=\"538\">\n<p class=\"cjk\"><span lang=\"en-US\" style=\"font-size: medium;\">\u00b10,05<\/span><\/p>\n<\/td>\n<\/tr>\n<tr>\n<td bgcolor=\"#FFFFFF\" width=\"279\">\n<p class=\"cjk\"><span lang=\"en-US\" style=\"font-size: medium;\">-1dB ancho de banda (nm)<\/span><\/p>\n<\/td>\n<td bgcolor=\"#FFFFFF\" width=\"120\">\n<p class=\"cjk\"><span lang=\"en-US\" style=\"font-size: medium;\">&gt;0,34<\/span><\/p>\n<\/td>\n<td bgcolor=\"#FFFFFF\" width=\"120\">\n<p class=\"cjk\"><span lang=\"en-US\" style=\"font-size: medium;\">&gt;0.24<\/span><\/p>\n<\/td>\n<td bgcolor=\"#FFFFFF\" width=\"120\">\n<p class=\"cjk\"><span lang=\"en-US\" style=\"font-size: medium;\">&gt;0.38<\/span><\/p>\n<\/td>\n<td bgcolor=\"#FFFFFF\" width=\"119\">\n<p class=\"cjk\"><span lang=\"en-US\" style=\"font-size: medium;\">&gt;0.2<\/span><\/p>\n<\/td>\n<\/tr>\n<tr>\n<td bgcolor=\"#FFFFFF\" width=\"279\">\n<p class=\"cjk\"><span lang=\"en-US\" style=\"font-size: medium;\">-3dB ancho de banda (nm)<\/span><\/p>\n<\/td>\n<td bgcolor=\"#FFFFFF\" width=\"120\">\n<p class=\"cjk\"><span lang=\"en-US\" style=\"font-size: medium;\">&gt;0.51<\/span><\/p>\n<\/td>\n<td bgcolor=\"#FFFFFF\" width=\"120\">\n<p class=\"cjk\"><span lang=\"en-US\" style=\"font-size: medium;\">&gt;0.3<\/span><\/p>\n<\/td>\n<td bgcolor=\"#FFFFFF\" width=\"120\">\n<p class=\"cjk\"><span lang=\"en-US\" style=\"font-size: medium;\">&gt;0,58<\/span><\/p>\n<\/td>\n<td bgcolor=\"#FFFFFF\" width=\"119\">\n<p class=\"cjk\"><span lang=\"en-US\" style=\"font-size: medium;\">&gt;0.4<\/span><\/p>\n<\/td>\n<\/tr>\n<tr>\n<td bgcolor=\"#FFFFFF\" width=\"279\">\n<p class=\"cjk\"><span lang=\"en-US\" style=\"font-size: medium;\">P\u00e9rdida de inserci\u00f3n de canal (dB)<\/span><\/p>\n<\/td>\n<td bgcolor=\"#FFFFFF\" width=\"120\">\n<p class=\"cjk\"><span lang=\"en-US\" style=\"font-size: medium;\">&lt;7.0<\/span><\/p>\n<\/td>\n<td bgcolor=\"#FFFFFF\" width=\"120\">\n<p class=\"cjk\"><span lang=\"en-US\" style=\"font-size: medium;\">&lt;6,0<\/span><\/p>\n<\/td>\n<td bgcolor=\"#FFFFFF\" width=\"120\">\n<p class=\"cjk\"><span lang=\"en-US\" style=\"font-size: medium;\">&lt;5.5<\/span><\/p>\n<\/td>\n<td bgcolor=\"#FFFFFF\" width=\"119\">\n<p class=\"cjk\"><span lang=\"en-US\" style=\"font-size: medium;\">&lt;3.5<\/span><\/p>\n<\/td>\n<\/tr>\n<tr>\n<td bgcolor=\"#FFFFFF\" width=\"279\">\n<p class=\"cjk\"><span lang=\"en-US\" style=\"font-size: medium;\">Aislamiento de canal adyacente (dB)<\/span><\/p>\n<\/td>\n<td colspan=\"2\" bgcolor=\"#FFFFFF\" width=\"260\">\n<p class=\"cjk\"><span lang=\"en-US\" style=\"font-size: medium;\">&gt;26<\/span><\/p>\n<\/td>\n<td bgcolor=\"#FFFFFF\" width=\"120\">\n<p class=\"cjk\"><span lang=\"en-US\" style=\"font-size: medium;\">&gt;23<\/span><\/p>\n<\/td>\n<td bgcolor=\"#FFFFFF\" width=\"119\">\n<p class=\"cjk\"><span lang=\"en-US\" style=\"font-size: medium;\">&gt;26<\/span><\/p>\n<\/td>\n<\/tr>\n<tr>\n<td bgcolor=\"#FFFFFF\" width=\"279\">\n<p class=\"cjk\"><span lang=\"en-US\" style=\"font-size: medium;\">Aislamiento de canal no adyacente (dB)<\/span><\/p>\n<\/td>\n<td colspan=\"4\" bgcolor=\"#FFFFFF\" width=\"538\">\n<p class=\"cjk\"><span lang=\"en-US\" style=\"font-size: medium;\">&gt;30<\/span><\/p>\n<\/td>\n<\/tr>\n<tr>\n<td bgcolor=\"#FFFFFF\" width=\"279\">\n<p class=\"cjk\"><span lang=\"en-US\" style=\"font-size: medium;\">Aislamiento total (dB)<\/span><\/p>\n<\/td>\n<td colspan=\"2\" bgcolor=\"#FFFFFF\" width=\"260\">\n<p class=\"cjk\"><span lang=\"en-US\" style=\"font-size: medium;\">&gt;20<\/span><\/p>\n<\/td>\n<td colspan=\"2\" bgcolor=\"#FFFFFF\" width=\"259\">\n<p class=\"cjk\"><span lang=\"en-US\" style=\"font-size: medium;\">&gt;21<\/span><\/p>\n<\/td>\n<\/tr>\n<tr>\n<td bgcolor=\"#FFFFFF\" width=\"279\">\n<p class=\"cjk\"><span lang=\"en-US\" style=\"font-size: medium;\">Planitud (dB)<\/span><\/p>\n<\/td>\n<td colspan=\"4\" bgcolor=\"#FFFFFF\" width=\"538\">\n<p class=\"cjk\"><span lang=\"en-US\" style=\"font-size: medium;\">&lt;1.5<\/span><\/p>\n<\/td>\n<\/tr>\n<tr>\n<td bgcolor=\"#FFFFFF\" width=\"279\">\n<p class=\"cjk\"><span lang=\"en-US\" style=\"font-size: medium;\">P\u00e9rdida de retorno (dB)<\/span><\/p>\n<\/td>\n<td colspan=\"4\" bgcolor=\"#FFFFFF\" width=\"538\">\n<p class=\"cjk\"><span lang=\"en-US\" style=\"font-size: medium;\">&gt;40<\/span><\/p>\n<\/td>\n<\/tr>\n<tr>\n<td bgcolor=\"#FFFFFF\" width=\"279\">\n<p class=\"cjk\"><span lang=\"en-US\" style=\"font-size: medium;\">Directividad (dB)<\/span><\/p>\n<\/td>\n<td colspan=\"4\" bgcolor=\"#FFFFFF\" width=\"538\">\n<p class=\"cjk\"><span lang=\"en-US\" style=\"font-size: medium;\">&gt;50<\/span><\/p>\n<\/td>\n<\/tr>\n<tr>\n<td bgcolor=\"#FFFFFF\" width=\"279\">\n<p class=\"cjk\"><span lang=\"en-US\" style=\"font-size: medium;\">P\u00e9rdida dependiente de la polarizaci\u00f3n (dB)<\/span><\/p>\n<\/td>\n<td colspan=\"4\" bgcolor=\"#FFFFFF\" width=\"538\">\n<p class=\"cjk\"><span lang=\"en-US\" style=\"font-size: medium;\">&lt;0.5<\/span><\/p>\n<\/td>\n<\/tr>\n<tr>\n<td bgcolor=\"#FFFFFF\" width=\"279\">\n<p class=\"cjk\"><span lang=\"en-US\" style=\"font-size: medium;\">Dispersi\u00f3n del modo de polarizaci\u00f3n (ps)<\/span><\/p>\n<\/td>\n<td colspan=\"4\" bgcolor=\"#FFFFFF\" width=\"538\">\n<p class=\"cjk\"><span lang=\"en-US\" style=\"font-size: medium;\">&lt;0.5<\/span><\/p>\n<\/td>\n<\/tr>\n<tr>\n<td bgcolor=\"#FFFFFF\" width=\"279\">\n<p class=\"cjk\"><span lang=\"en-US\" style=\"font-size: medium;\">Temperatura de funcionamiento (\u00b0C)<\/span><\/p>\n<\/td>\n<td colspan=\"4\" bgcolor=\"#FFFFFF\" width=\"538\">\n<p class=\"cjk\"><span lang=\"en-US\" style=\"font-size: medium;\">-10~+70<\/span><\/p>\n<\/td>\n<\/tr>\n<tr>\n<td bgcolor=\"#FFFFFF\" width=\"279\">\n<p class=\"cjk\"><span lang=\"en-US\" style=\"font-size: medium;\">Temperatura de almacenamiento (\u00b0C)<\/span><\/p>\n<\/td>\n<td colspan=\"4\" bgcolor=\"#FFFFFF\" width=\"538\">\n<p class=\"cjk\"><span lang=\"en-US\" style=\"font-size: medium;\">-40 ~+85<\/span><\/p>\n<\/td>\n<\/tr>\n<tr>\n<td bgcolor=\"#FFFFFF\" width=\"279\">\n<p class=\"cjk\"><span lang=\"en-US\" style=\"font-size: medium;\">Tipo de paquete<\/span><\/p>\n<\/td>\n<td colspan=\"4\" valign=\"top\" bgcolor=\"#FFFFFF\" width=\"538\">\n<p class=\"cjk\"><span lang=\"en-US\" style=\"font-size: medium;\">Caja ABS, rack 1U est\u00e1ndar de 19 pulgadas<\/span><\/p>\n<\/td>\n<\/tr>\n<\/tbody>\n<\/table>\n<p>Descargue la especificaci\u00f3n de la <a href=\"https:\/\/key2optics.com\/es\/descargar\/\">enlace<\/a><\/p>\n<p>&nbsp;<\/p>\n<p>&nbsp;<\/p>\n<p>&nbsp;<\/p>","protected":false},"excerpt":{"rendered":"<p>La AAWG (rejilla de gu\u00eda de ondas con matriz at\u00e9rmica) se basa en la tecnolog\u00eda de rejilla de gu\u00eda de ondas en sustratos de silicio que tiene un dise\u00f1o de paquete \u00fanico sin temperatura. Puede lograr un acoplamiento de canal preciso sin fuente de alimentaci\u00f3n, software o control de temperatura. Tiene una serie de ventajas como baja p\u00e9rdida de inserci\u00f3n, alto aislamiento de canal y alta estabilidad. Hay tipos de Gauss y tipos de parte superior plana para ser opcionales.<\/p>","protected":false},"featured_media":5456,"comment_status":"closed","ping_status":"closed","template":"","meta":{"content-type":"","_themeisle_gutenberg_block_has_review":false},"product_cat":[71],"product_tag":[179],"aioseo_notices":[],"_links":{"self":[{"href":"https:\/\/key2optics.com\/es\/wp-json\/wp\/v2\/product\/5455"}],"collection":[{"href":"https:\/\/key2optics.com\/es\/wp-json\/wp\/v2\/product"}],"about":[{"href":"https:\/\/key2optics.com\/es\/wp-json\/wp\/v2\/types\/product"}],"replies":[{"embeddable":true,"href":"https:\/\/key2optics.com\/es\/wp-json\/wp\/v2\/comments?post=5455"}],"wp:featuredmedia":[{"embeddable":true,"href":"https:\/\/key2optics.com\/es\/wp-json\/wp\/v2\/media\/5456"}],"wp:attachment":[{"href":"https:\/\/key2optics.com\/es\/wp-json\/wp\/v2\/media?parent=5455"}],"wp:term":[{"taxonomy":"product_cat","embeddable":true,"href":"https:\/\/key2optics.com\/es\/wp-json\/wp\/v2\/product_cat?post=5455"},{"taxonomy":"product_tag","embeddable":true,"href":"https:\/\/key2optics.com\/es\/wp-json\/wp\/v2\/product_tag?post=5455"}],"curies":[{"name":"wp","href":"https:\/\/api.w.org\/{rel}","templated":true}]}}