{"id":5464,"date":"2022-10-19T16:28:29","date_gmt":"2022-10-19T08:28:29","guid":{"rendered":"https:\/\/key2optics.com\/?post_type=product&#038;p=5464"},"modified":"2025-09-15T10:23:13","modified_gmt":"2025-09-15T02:23:13","slug":"dwdm-muxdemux","status":"publish","type":"product","link":"https:\/\/key2optics.com\/es\/producto\/dwdm-muxdemux\/","title":{"rendered":"DWDM Mux|Demultiplexor"},"content":{"rendered":"<div class=\"node__content clearfix\">\n<div class=\"field field--name-body field--type-text-with-summary field--label-hidden field__item\">\n<p>Mux DWDM pasivo de Key2 Optics | Demux (Wiki: <a href=\"https:\/\/en.wikipedia.org\/wiki\/Wavelength-division_multiplexing\">\u00bfQu\u00e9 es DWDM?<\/a>) se basa en la tecnolog\u00eda de filtro de pel\u00edcula fina (TFF) y funciona con una separaci\u00f3n de canales de 100 GHz en la cuadr\u00edcula de la UIT. El rango de longitud de onda DWDM es de 1525nm a 1565nm, y las longitudes de onda del canal ITU son seleccionables; tiene una variedad de estructuras de paquete, baja p\u00e9rdida de inserci\u00f3n y alto aislamiento de canal con hasta 16 canales DWDM.<\/p>\n<p><strong>Caracter\u00edsticas<\/strong><\/p>\n<ul>\n<li><span lang=\"EN-US\">Baja p\u00e9rdida de inserci\u00f3n (IL)\u00a0<\/span><\/li>\n<li><span lang=\"EN-US\">Alto aislamiento de canal<\/span><\/li>\n<li><span lang=\"EN-US\">Alta estabilidad y fiabilidad<\/span><\/li>\n<li><span lang=\"EN-US\">Amplio rango de longitud de onda operativa<\/span><\/li>\n<li><span lang=\"EN-US\">Cumple con ITU-T G.694.1.<\/span><\/li>\n<li><span lang=\"EN-US\">Cumple con Telcordia GR-1209-CORE-2001.<\/span><\/li>\n<li><span lang=\"EN-US\">Cumple con Telcordia GR-1221-CORE-1999.<\/span><\/li>\n<li><span lang=\"EN-US\">Cumple con RoHS-6 (sin plomo)<\/span><\/li>\n<li>Hasta 16 canales DWDM para onda de densidad<\/li>\n<\/ul>\n<p>Diagrama de Red<\/p>\n<p><img loading=\"lazy\" decoding=\"async\" class=\"size-full wp-image-5466\" src=\"https:\/\/key2optics.com\/wp-content\/uploads\/2022\/10\/DWDM-Mux.jpeg\" alt=\"DWDM Mux Demultiplexor\" width=\"800\" height=\"389\" srcset=\"https:\/\/key2optics.com\/wp-content\/uploads\/2022\/10\/DWDM-Mux.jpeg 800w, https:\/\/key2optics.com\/wp-content\/uploads\/2022\/10\/DWDM-Mux-750x365.jpeg 750w, https:\/\/key2optics.com\/wp-content\/uploads\/2022\/10\/DWDM-Mux-768x373.jpeg 768w, https:\/\/key2optics.com\/wp-content\/uploads\/2022\/10\/DWDM-Mux-18x9.jpeg 18w, https:\/\/key2optics.com\/wp-content\/uploads\/2022\/10\/DWDM-Mux-575x280.jpeg 575w, https:\/\/key2optics.com\/wp-content\/uploads\/2022\/10\/DWDM-Mux-380x185.jpeg 380w\" sizes=\"(max-width: 800px) 100vw, 800px\" \/><\/p>\n<\/div>\n<\/div>\n<p align=\"left\"><strong><span lang=\"EN-US\">Especificaci\u00f3n<\/span><\/strong><\/p>\n<table class=\"Table\" border=\"1\" cellspacing=\"0\">\n<tbody>\n<tr>\n<td bgcolor=\"#000000\" width=\"208\">\n<p align=\"left\"><span style=\"color: #ffffff;\"><strong><span lang=\"EN-US\">Par\u00e1metro<\/span><\/strong><\/span><\/p>\n<\/td>\n<td colspan=\"5\" bgcolor=\"#000000\" width=\"392\">\n<p align=\"center\"><span style=\"color: #ffffff;\"><strong><span lang=\"EN-US\">Mux DWDM | Demultiplexor<\/span><\/strong><\/span><\/p>\n<\/td>\n<\/tr>\n<tr>\n<td width=\"208\"><strong><span lang=\"EN-US\">Numero de canal<\/span><\/strong><\/td>\n<td width=\"78\">\n<p align=\"center\"><span lang=\"EN-US\">1<\/span><\/p>\n<\/td>\n<td width=\"78\">\n<p align=\"center\"><span lang=\"EN-US\">2<\/span><\/p>\n<\/td>\n<td width=\"78\">\n<p align=\"center\"><span lang=\"EN-US\">4<\/span><\/p>\n<\/td>\n<td width=\"78\">\n<p align=\"center\"><span lang=\"EN-US\">8<\/span><\/p>\n<\/td>\n<td width=\"78\">\n<p align=\"center\"><span lang=\"EN-US\">16<\/span><\/p>\n<\/td>\n<\/tr>\n<tr>\n<td width=\"208\"><strong><span lang=\"EN-US\">rango de longitud de onda operativa (nm)<\/span><\/strong><\/td>\n<td colspan=\"5\" width=\"392\">\n<p align=\"center\">1525~1565<\/p>\n<\/td>\n<\/tr>\n<tr>\n<td width=\"208\"><strong><span lang=\"EN-US\">Longitud de onda del centro del canal (nm)<\/span><\/strong><\/td>\n<td colspan=\"5\" width=\"392\">\n<p align=\"center\"><span lang=\"EN-US\">Rejilla UIT-T<\/span><\/p>\n<\/td>\n<\/tr>\n<tr>\n<td width=\"208\"><strong><span lang=\"EN-US\">Espaciado de canales (nm)<\/span><\/strong><\/td>\n<td colspan=\"5\" width=\"392\">\n<p align=\"center\">0,8 nm (100 GHz)<\/p>\n<\/td>\n<\/tr>\n<tr>\n<td width=\"208\"><strong><span lang=\"EN-US\">P\u00e9rdida de inserci\u00f3n de canal (dB)<\/span><\/strong><\/td>\n<td width=\"78\">\n<p align=\"center\"><span lang=\"EN-US\">\u22640.8<\/span><\/p>\n<\/td>\n<td width=\"78\">\n<p align=\"center\"><span lang=\"EN-US\">\u22641.2<\/span><\/p>\n<\/td>\n<td width=\"78\">\n<p align=\"center\"><span lang=\"EN-US\">\u22641.8<\/span><\/p>\n<\/td>\n<td width=\"78\">\n<p align=\"center\"><span lang=\"EN-US\">\u22642.6<\/span><\/p>\n<\/td>\n<td width=\"78\">\n<p align=\"center\"><span lang=\"EN-US\">\u22644.5<\/span><\/p>\n<\/td>\n<\/tr>\n<tr>\n<td width=\"208\"><strong><span lang=\"EN-US\">P\u00e9rdida de inserci\u00f3n del canal de entrada\/salida (dB)<\/span><\/strong><\/td>\n<td width=\"78\">\n<p align=\"center\"><span lang=\"EN-US\">\u22640.8<\/span><\/p>\n<\/td>\n<td width=\"78\">\n<p align=\"center\"><span lang=\"EN-US\">\u22641.2<\/span><\/p>\n<\/td>\n<td width=\"78\">\n<p align=\"center\"><span lang=\"EN-US\">\u22641.8<\/span><\/p>\n<\/td>\n<td width=\"78\">\n<p align=\"center\"><span lang=\"EN-US\">\u22642.6<\/span><\/p>\n<\/td>\n<td width=\"78\">\n<p align=\"center\"><span lang=\"EN-US\">\u22644.5<\/span><\/p>\n<\/td>\n<\/tr>\n<tr>\n<td width=\"208\"><strong><span lang=\"EN-US\">Ancho de banda del canal (nm)<\/span><\/strong><\/td>\n<td colspan=\"5\" width=\"392\">\n<p align=\"center\">UIT\u00b10.11<\/p>\n<\/td>\n<\/tr>\n<tr>\n<td width=\"208\"><strong><span lang=\"EN-US\">Planitud (dB)<\/span><\/strong><\/td>\n<td colspan=\"5\" width=\"392\">\n<p align=\"center\"><span lang=\"EN-US\">\u22640.5<\/span><\/p>\n<\/td>\n<\/tr>\n<tr>\n<td width=\"208\"><strong><span lang=\"EN-US\">Aislamiento de canal adyacente (dB)<\/span><\/strong><\/td>\n<td colspan=\"5\" width=\"392\">\n<p align=\"center\"><span lang=\"EN-US\">\u226530<\/span><\/p>\n<\/td>\n<\/tr>\n<tr>\n<td width=\"208\"><strong><span lang=\"EN-US\">Aislamiento de canal no adyacente (dB)<\/span><\/strong><\/td>\n<td colspan=\"5\" width=\"392\">\n<p align=\"center\"><span lang=\"EN-US\">\u226540<\/span><\/p>\n<\/td>\n<\/tr>\n<tr>\n<td width=\"208\"><strong><span lang=\"EN-US\">P\u00e9rdida de retorno (dB)<\/span><\/strong><\/td>\n<td colspan=\"5\" width=\"392\">\n<p align=\"center\"><span lang=\"EN-US\">\u226550<\/span><\/p>\n<\/td>\n<\/tr>\n<tr>\n<td width=\"208\"><strong><span lang=\"EN-US\">Direccionalidad (dB)<\/span><\/strong><\/td>\n<td colspan=\"5\" width=\"392\">\n<p align=\"center\"><span lang=\"EN-US\">\u226555<\/span><\/p>\n<\/td>\n<\/tr>\n<tr>\n<td width=\"208\"><strong><span lang=\"EN-US\">PRL(dB)<\/span><\/strong><\/td>\n<td colspan=\"5\" width=\"392\">\n<p align=\"center\"><span lang=\"EN-US\">\u22640.2<\/span><\/p>\n<\/td>\n<\/tr>\n<tr>\n<td width=\"208\"><strong><span lang=\"EN-US\">PDL (ps)<\/span><\/strong><\/td>\n<td colspan=\"5\" width=\"392\">\n<p align=\"center\"><span lang=\"EN-US\">\u22640.2<\/span><\/p>\n<\/td>\n<\/tr>\n<tr>\n<td width=\"208\"><strong><span lang=\"EN-US\">Potencia \u00f3ptica (dB)<\/span><\/strong><\/td>\n<td colspan=\"5\" width=\"392\">\n<p align=\"center\"><span lang=\"EN-US\">\u2264500<\/span><\/p>\n<\/td>\n<\/tr>\n<tr>\n<td width=\"208\"><strong><span lang=\"EN-US\">Temperatura de funcionamiento(<\/span><\/strong><span lang=\"EN-US\">\u00baC<strong>)<\/strong><\/span><\/td>\n<td colspan=\"5\" width=\"392\">\n<p align=\"center\"><span lang=\"EN-US\">0~+70<\/span><\/p>\n<\/td>\n<\/tr>\n<tr>\n<td width=\"208\"><strong><span lang=\"EN-US\">Temperatura de almacenamiento(<\/span><\/strong><span lang=\"EN-US\">\u00baC<strong>)<\/strong><\/span><\/td>\n<td colspan=\"5\" width=\"392\">\n<p align=\"center\"><span lang=\"EN-US\">-40 ~+85<\/span><\/p>\n<\/td>\n<\/tr>\n<tr>\n<td width=\"208\"><strong><span lang=\"EN-US\">Tipo de paquete<\/span><\/strong><\/td>\n<td colspan=\"5\" valign=\"top\" width=\"392\">\n<p align=\"center\"><span lang=\"EN-US\">caja ABS<\/span>\u3001<span lang=\"EN-US\">Caja est\u00e1ndar LGX<\/span>\u3001<span lang=\"EN-US\">Chasis est\u00e1ndar de 19&#039; 1U<\/span><\/p>\n<\/td>\n<\/tr>\n<\/tbody>\n<\/table>\n<p>Descargue la especificaci\u00f3n de la <a href=\"https:\/\/key2optics.com\/es\/descargar\/\">enlace<\/a><\/p>\n<p>&nbsp;<\/p>\n<p>&nbsp;<\/p>\n<p>&nbsp;<\/p>\n<p>&nbsp;<\/p>","protected":false},"excerpt":{"rendered":"<p>Mux DWDM pasivo de Key2 Optics | Demux se basa en la tecnolog\u00eda de filtro de pel\u00edcula fina (TFF) y funciona con una separaci\u00f3n de canales de 100 GHz en la red de la UIT. El rango de longitud de onda DWDM es de 1525nm a 1565nm, y las longitudes de onda del canal ITU son seleccionables; tiene una variedad de estructuras de paquete, baja p\u00e9rdida de inserci\u00f3n y alto aislamiento de canal.<\/p>\n<p>Instalaci\u00f3n simple, soluci\u00f3n WDM rentable para el centro de datos.<\/p>","protected":false},"featured_media":5465,"comment_status":"closed","ping_status":"closed","template":"","meta":{"content-type":"","_themeisle_gutenberg_block_has_review":false},"product_cat":[71],"product_tag":[180],"aioseo_notices":[],"_links":{"self":[{"href":"https:\/\/key2optics.com\/es\/wp-json\/wp\/v2\/product\/5464"}],"collection":[{"href":"https:\/\/key2optics.com\/es\/wp-json\/wp\/v2\/product"}],"about":[{"href":"https:\/\/key2optics.com\/es\/wp-json\/wp\/v2\/types\/product"}],"replies":[{"embeddable":true,"href":"https:\/\/key2optics.com\/es\/wp-json\/wp\/v2\/comments?post=5464"}],"wp:featuredmedia":[{"embeddable":true,"href":"https:\/\/key2optics.com\/es\/wp-json\/wp\/v2\/media\/5465"}],"wp:attachment":[{"href":"https:\/\/key2optics.com\/es\/wp-json\/wp\/v2\/media?parent=5464"}],"wp:term":[{"taxonomy":"product_cat","embeddable":true,"href":"https:\/\/key2optics.com\/es\/wp-json\/wp\/v2\/product_cat?post=5464"},{"taxonomy":"product_tag","embeddable":true,"href":"https:\/\/key2optics.com\/es\/wp-json\/wp\/v2\/product_tag?post=5464"}],"curies":[{"name":"wp","href":"https:\/\/api.w.org\/{rel}","templated":true}]}}