{"id":912,"date":"2016-03-26T09:32:45","date_gmt":"2016-03-26T01:32:45","guid":{"rendered":"https:\/\/theme-gavias.com\/wp\/foxin\/?post_type=product&#038;p=912"},"modified":"2025-09-15T10:25:15","modified_gmt":"2025-09-15T02:25:15","slug":"qsfp28-100g-module","status":"publish","type":"product","link":"https:\/\/key2optics.com\/es\/producto\/modulo-qsfp28-100g\/","title":{"rendered":"M\u00f3dulo 100G QSFP28"},"content":{"rendered":"<div class=\"node__content clearfix\">\n<div class=\"field field--name-body field--type-text-with-summary field--label-hidden field__item\">\n<p>\u00d3ptica Key2 100G QSFP28 (Wiki: <a href=\"https:\/\/en.wikipedia.org\/wiki\/Small_Form-factor_Pluggable#:~:text=16G%20Fibre%20Channel-,100%20Gbit\/s%20(QSFP28),-The%20QSFP28%20standard\" target=\"_blank\" rel=\"noopener\">\u00bfQu\u00e9 es QSFP28?<\/a>) m\u00f3dulo de comunicaci\u00f3n \u00f3ptica que incluye SR4, CWDM4, LR4, LR4, ER4 Lite utiliza puerto \u00f3ptico LC o MPO, cumple con QSFP28 MSA, IEEE802.3bm y otros est\u00e1ndares, con bajo consumo de energ\u00eda y alta estabilidad, aplicado a transmisi\u00f3n de centro de datos 100G y OTN transmisi\u00f3n.<\/p>\n<div><strong>CUMPLIMIENTO DE EST\u00c1NDARES<\/strong><\/div>\n<p>IEEE 802.3bm<br \/>\nSFF-8661 (Especificaci\u00f3n del m\u00f3dulo QSFP+ 4X)<br \/>\nSFF-8672 (4 conectores de 28 Gb\/s)<br \/>\nSFF-8679 (Especificaci\u00f3n el\u00e9ctrica y de hardware QSFP+ 4X)<br \/>\nSFF-8665 (Soluci\u00f3n de transceptor enchufable QSFP+ 4X 28 Gb\/s)<\/p>\n<p><strong>Caracter\u00edsticas<\/strong><\/p>\n<ul>\n<li>4 canales full-duplex independientes<\/li>\n<li>Velocidad de datos de hasta 28 Gb\/s por canal<\/li>\n<li>Cumple con QSFP28 MSA<\/li>\n<li>Transmisi\u00f3n OM4 MMF de hasta 100 m<\/li>\n<li>Temperatura de funcionamiento de la caja: 0 a 70\u00baC<\/li>\n<li>Fuente de alimentaci\u00f3n \u00fanica de 3,3 V<\/li>\n<li>Consumo m\u00e1ximo de energ\u00eda 3.5W<\/li>\n<li>Conector \u00f3ptico MTP\/MPO<\/li>\n<\/ul>\n<figure id=\"attachment_3980\" aria-describedby=\"caption-attachment-3980\" style=\"width: 1413px\" class=\"wp-caption aligncenter\"><img loading=\"lazy\" decoding=\"async\" class=\"size-full wp-image-3980\" src=\"https:\/\/key2optics.com\/wp-content\/uploads\/2016\/03\/100g-qsfp28.jpg\" alt=\"100g qsfp28 especificaci\u00f3n\" width=\"1413\" height=\"355\" srcset=\"https:\/\/key2optics.com\/wp-content\/uploads\/2016\/03\/100g-qsfp28.jpg 1413w, https:\/\/key2optics.com\/wp-content\/uploads\/2016\/03\/100g-qsfp28-800x201.jpg 800w, https:\/\/key2optics.com\/wp-content\/uploads\/2016\/03\/100g-qsfp28-750x188.jpg 750w, https:\/\/key2optics.com\/wp-content\/uploads\/2016\/03\/100g-qsfp28-768x193.jpg 768w, https:\/\/key2optics.com\/wp-content\/uploads\/2016\/03\/100g-qsfp28-1140x286.jpg 1140w, https:\/\/key2optics.com\/wp-content\/uploads\/2016\/03\/100g-qsfp28-920x231.jpg 920w, https:\/\/key2optics.com\/wp-content\/uploads\/2016\/03\/100g-qsfp28-575x144.jpg 575w, https:\/\/key2optics.com\/wp-content\/uploads\/2016\/03\/100g-qsfp28-380x95.jpg 380w\" sizes=\"(max-width: 1413px) 100vw, 1413px\" \/><figcaption id=\"caption-attachment-3980\" class=\"wp-caption-text\"><span style=\"font-size: 16px;\">Descarga la especificaci\u00f3n de <\/span><a style=\"font-size: 16px;\" href=\"https:\/\/key2optics.com\/wp-content\/uploads\/2016\/03\/100g-qsfp28.jpg\">aqu\u00ed<\/a><\/figcaption><\/figure>\n<\/div>\n<\/div>\n<h3><strong>Dispositivos y marcas compatibles<\/strong><\/h3>\n<hr \/>\n<p>Nuestros transceptores \u00f3pticos son compatibles con la mayor\u00eda de las marcas de \u00e1lamos del mercado, d\u00edganos las marcas de los dispositivos que utilizar\u00e1, le brindaremos el servicio personalizado.<\/p>\n<p>M\u00f3dulo SFP\/SFP+\/SFP28\/QSFP\/QSFP+\/QSFP28\/CFP\/CFP2\/CFP4<strong> marcas compatibles<\/strong>: Cisco\/HP\/DELL\/FINISAR\/INTEL\/HUAWEI\/JUNIPER\/ZTE\/TP-LINK\/H3C...<\/p>\n<p><strong>Dispositivos de soporte:<\/strong> Servidor\/Switch\/NAS\/WDM OTN\/Fibra a Ethernet Media Converter\/Router con interfaz SFP\/SFP+\/SFP28\/QSFP\/QSFP+\/QSFP28\/CFP\/CFP2\/CFP4.<\/p>\n<p>&nbsp;<\/p>\n<p><img loading=\"lazy\" decoding=\"async\" class=\"aligncenter wp-image-4309\" src=\"https:\/\/key2optics.com\/wp-content\/uploads\/2022\/09\/Optical-Module-List-en.jpg\" alt=\"compatibilidad del transceptor\" width=\"1000\" height=\"992\" srcset=\"https:\/\/key2optics.com\/wp-content\/uploads\/2022\/09\/Optical-Module-List-en.jpg 1591w, https:\/\/key2optics.com\/wp-content\/uploads\/2022\/09\/Optical-Module-List-en-100x100.jpg 100w, https:\/\/key2optics.com\/wp-content\/uploads\/2022\/09\/Optical-Module-List-en-800x793.jpg 800w, https:\/\/key2optics.com\/wp-content\/uploads\/2022\/09\/Optical-Module-List-en-484x480.jpg 484w, https:\/\/key2optics.com\/wp-content\/uploads\/2022\/09\/Optical-Module-List-en-180x180.jpg 180w, https:\/\/key2optics.com\/wp-content\/uploads\/2022\/09\/Optical-Module-List-en-768x762.jpg 768w, https:\/\/key2optics.com\/wp-content\/uploads\/2022\/09\/Optical-Module-List-en-1536x1523.jpg 1536w, https:\/\/key2optics.com\/wp-content\/uploads\/2022\/09\/Optical-Module-List-en-1140x1131.jpg 1140w, https:\/\/key2optics.com\/wp-content\/uploads\/2022\/09\/Optical-Module-List-en-920x912.jpg 920w, https:\/\/key2optics.com\/wp-content\/uploads\/2022\/09\/Optical-Module-List-en-575x570.jpg 575w, https:\/\/key2optics.com\/wp-content\/uploads\/2022\/09\/Optical-Module-List-en-380x377.jpg 380w\" sizes=\"(max-width: 1000px) 100vw, 1000px\" \/><\/p>\n<p><img loading=\"lazy\" decoding=\"async\" class=\"wp-image-6388 size-full aligncenter\" src=\"https:\/\/key2optics.com\/wp-content\/uploads\/2019\/11\/Application1.jpg\" alt=\"Dispositivos compatibles con el m\u00f3dulo SFP\" width=\"807\" height=\"444\" \/><\/p>\n<h3><strong>Por qu\u00e9 Key2Optics<\/strong><\/h3>\n<hr \/>\n<h4>Producci\u00f3n y Control de Calidad<\/h4>\n<p>Con una l\u00ednea de ensamblaje avanzada, un taller de rob\u00f3tica y laboratorios de prueba, hacemos que nuestros productos 100% est\u00e9n libres de defectos y puedan usarse en cualquier entorno y bajo cualquier circunstancia. <a href=\"https:\/\/key2optics.com\/es\/control-de-calidad\/\" target=\"_blank\" rel=\"noopener\">M\u00e1s\u2026<\/a><\/p>\n<p><a href=\"https:\/\/key2optics.com\/es\/control-de-calidad\/\" target=\"_blank\" rel=\"noopener\"><img loading=\"lazy\" decoding=\"async\" class=\"aligncenter wp-image-6391 size-full\" title=\"control de calidad y producci\u00f3n de key2optics\" src=\"https:\/\/key2optics.com\/wp-content\/uploads\/2019\/11\/QCProduction.jpg\" alt=\"control de calidad y producci\u00f3n de key2optics\" width=\"1000\" height=\"756\" \/><\/a><\/p>\n<p>Supervisamos estrictamente cada paso de la producci\u00f3n para asegurarnos de que cada pieza de producto que se le entregue sea rastreable y no tenga defectos.\u00a0 \u00a0<a href=\"https:\/\/key2optics.com\/es\/control-de-calidad\/\" target=\"_blank\" rel=\"noopener\">M\u00e1s\u2026<\/a><\/p>\n<figure id=\"attachment_6394\" aria-describedby=\"caption-attachment-6394\" style=\"width: 1000px\" class=\"wp-caption aligncenter\"><a href=\"https:\/\/key2optics.com\/es\/control-de-calidad\/\" target=\"_blank\" rel=\"noopener\"><img loading=\"lazy\" decoding=\"async\" class=\"wp-image-6394 size-full\" src=\"https:\/\/key2optics.com\/wp-content\/uploads\/2019\/11\/production.jpg\" alt=\"producci\u00f3n y prueba de key2optics\" width=\"1000\" height=\"416\" \/><\/a><figcaption id=\"caption-attachment-6394\" class=\"wp-caption-text\">producci\u00f3n y prueba de key2optics<\/figcaption><\/figure>\n<h4>Nuestra calificaci\u00f3n<\/h4>\n<p>Nuestros productos est\u00e1n certificados con CE, FCC, RoHs y nuestra l\u00ednea de producci\u00f3n est\u00e1 <a title=\"ISO 9001\" href=\"https:\/\/key2optics.com\/wp-content\/uploads\/2022\/09\/ISO9001.jpg\" target=\"_blank\" rel=\"noopener\">ISO 9001<\/a> certificado. Tenemos m\u00e1s de decenas de certificados de patentes y certificados de software.\u00a0 <a href=\"https:\/\/key2optics.com\/es\/control-de-calidad\/\" target=\"_blank\" rel=\"noopener\">M\u00e1s\u2026<\/a><\/p>\n<p><a href=\"https:\/\/key2optics.com\/es\/control-de-calidad\/\" target=\"_blank\" rel=\"noopener\"><img loading=\"lazy\" decoding=\"async\" class=\"aligncenter wp-image-6389 size-full\" src=\"https:\/\/key2optics.com\/wp-content\/uploads\/2019\/11\/Certificates.jpg\" alt=\"certifcados key2optics\" width=\"1000\" height=\"241\" \/><\/a><\/p>","protected":false},"excerpt":{"rendered":"<p>El m\u00f3dulo de comunicaci\u00f3n \u00f3ptica Key2 Optics 100G QSFP28 que incluye SR4, CWDM4, LR4, LR4, ER4 Lite utiliza puerto \u00f3ptico LC o MPO, cumple con QSFP28 MSA, IEEE802.3bm y otros est\u00e1ndares, con bajo consumo de energ\u00eda y alta estabilidad, aplicado al centro de datos 100G transmisi\u00f3n y transmisi\u00f3n OTN.<\/p>\n<p><span style=\"color: #ff0000;\"><strong>\u00a1CONSULTE LAS ESPECIFICACIONES PARA ENCONTRAR EL MODELO Y EL SKU CORRECTOS!<\/strong><\/span><\/p>","protected":false},"featured_media":3030,"comment_status":"closed","ping_status":"closed","template":"","meta":{"content-type":"","_themeisle_gutenberg_block_has_review":false},"product_cat":[64],"product_tag":[124],"aioseo_notices":[],"_links":{"self":[{"href":"https:\/\/key2optics.com\/es\/wp-json\/wp\/v2\/product\/912"}],"collection":[{"href":"https:\/\/key2optics.com\/es\/wp-json\/wp\/v2\/product"}],"about":[{"href":"https:\/\/key2optics.com\/es\/wp-json\/wp\/v2\/types\/product"}],"replies":[{"embeddable":true,"href":"https:\/\/key2optics.com\/es\/wp-json\/wp\/v2\/comments?post=912"}],"wp:featuredmedia":[{"embeddable":true,"href":"https:\/\/key2optics.com\/es\/wp-json\/wp\/v2\/media\/3030"}],"wp:attachment":[{"href":"https:\/\/key2optics.com\/es\/wp-json\/wp\/v2\/media?parent=912"}],"wp:term":[{"taxonomy":"product_cat","embeddable":true,"href":"https:\/\/key2optics.com\/es\/wp-json\/wp\/v2\/product_cat?post=912"},{"taxonomy":"product_tag","embeddable":true,"href":"https:\/\/key2optics.com\/es\/wp-json\/wp\/v2\/product_tag?post=912"}],"curies":[{"name":"wp","href":"https:\/\/api.w.org\/{rel}","templated":true}]}}