{"id":4539,"date":"2022-09-12T11:48:59","date_gmt":"2022-09-12T03:48:59","guid":{"rendered":"https:\/\/key2optics.com\/?page_id=4539"},"modified":"2023-02-01T17:18:36","modified_gmt":"2023-02-01T09:18:36","slug":"oem-odm-services","status":"publish","type":"page","link":"https:\/\/key2optics.com\/fr\/services-oem-odm\/","title":{"rendered":"Services OEM\/ODM"},"content":{"rendered":"<div id=\"wp-block-themeisle-blocks-advanced-columns-34b7d25e\" class=\"wp-block-themeisle-blocks-advanced-columns has-2-columns has-desktop-twoOne-layout has-tablet-equal-layout has-mobile-equal-layout has-vertical-unset\"><div class=\"wp-block-themeisle-blocks-advanced-columns-overlay\"><\/div><div class=\"innerblocks-wrap\">\n<div id=\"wp-block-themeisle-blocks-advanced-column-3c312736\" class=\"wp-block-themeisle-blocks-advanced-column\">\n<p>Key2Optics est l&#039;un des principaux fournisseurs de services OEM\/ODM pour les produits de transmission optique, y compris les \u00e9metteurs-r\u00e9cepteurs optiques, les AOC, les DAC, les CWDM\/DWDM, id\u00e9aux pour les installations de r\u00e9seau 5G, les r\u00e9seaux de t\u00e9l\u00e9communications, les r\u00e9seaux industriels et autres r\u00e9seaux de nouvelle g\u00e9n\u00e9ration. Notre \u00e9quipe d&#039;experts, avec plus de 10 ans d&#039;exp\u00e9rience dans les projets OTN, offre un service complet de conception et de validation des liens r\u00e9seau. Nous travaillons en \u00e9troite collaboration avec nos clients pour personnaliser nos produits afin de r\u00e9pondre aux besoins et aux exigences sp\u00e9cifiques de chaque projet.<\/p>\n\n\n\n<p>Avec des installations de fabrication avanc\u00e9es certifi\u00e9es conformes aux normes de l&#039;industrie et une exp\u00e9rience \u00e9prouv\u00e9e au service de plus de 3000 clients dans le monde, Key2Optics est votre partenaire de confiance pour tous vos besoins de transmission optique.<\/p>\n\n\n\n<div class=\"wp-block-buttons is-layout-flex wp-block-buttons-is-layout-flex\">\n<div class=\"wp-block-button\"><a class=\"wp-block-button__link has-color-6-color has-text-color wp-element-button\" href=\"mailto:info@key2optics.com\" target=\"_blank\" rel=\"noreferrer noopener\">Contactez notre assistance OEM<\/a><\/div>\n<\/div>\n<\/div>\n\n\n\n<div id=\"wp-block-themeisle-blocks-advanced-column-a88e60bb\" class=\"wp-block-themeisle-blocks-advanced-column\">\n<figure class=\"wp-block-image size-full\"><img loading=\"lazy\" decoding=\"async\" width=\"800\" height=\"540\" src=\"https:\/\/key2optics.com\/wp-content\/uploads\/2015\/12\/image-9.jpg\" alt=\"\" class=\"wp-image-1719\" srcset=\"https:\/\/key2optics.com\/wp-content\/uploads\/2015\/12\/image-9.jpg 800w, https:\/\/key2optics.com\/wp-content\/uploads\/2015\/12\/image-9-600x405.jpg 600w, https:\/\/key2optics.com\/wp-content\/uploads\/2015\/12\/image-9-711x480.jpg 711w, https:\/\/key2optics.com\/wp-content\/uploads\/2015\/12\/image-9-768x518.jpg 768w\" sizes=\"(max-width: 800px) 100vw, 800px\" \/><\/figure>\n\n\n\n<div style=\"height:34px\" aria-hidden=\"true\" class=\"wp-block-spacer\"><\/div>\n\n\n\n<p class=\"has-text-align-center\"><strong>Produits personnalisables<\/strong><\/p>\n\n\n\n<figure class=\"wp-block-gallery has-nested-images columns-3 is-cropped wp-block-gallery-1 is-layout-flex wp-block-gallery-is-layout-flex\">\n<figure class=\"wp-block-image size-thumbnail\"><a href=\"https:\/\/key2optics.com\/fr\/categorie-de-produit\/optical-modules\/\"><img loading=\"lazy\" decoding=\"async\" width=\"180\" height=\"180\" src=\"https:\/\/key2optics.com\/wp-content\/uploads\/2022\/09\/4322-USB-Drive-II-180x180.png\" alt=\"\" class=\"wp-image-4061\" srcset=\"https:\/\/key2optics.com\/wp-content\/uploads\/2022\/09\/4322-USB-Drive-II-180x180.png 180w, https:\/\/key2optics.com\/wp-content\/uploads\/2022\/09\/4322-USB-Drive-II-100x100.png 100w, https:\/\/key2optics.com\/wp-content\/uploads\/2022\/09\/4322-USB-Drive-II.png 256w\" sizes=\"(max-width: 180px) 100vw, 180px\" \/><\/a><figcaption class=\"wp-element-caption\">MODULE<\/figcaption><\/figure>\n\n\n\n<figure class=\"wp-block-image size-thumbnail\"><a href=\"https:\/\/key2optics.com\/fr\/categorie-de-produit\/aoc\/\"><img loading=\"lazy\" decoding=\"async\" width=\"180\" height=\"180\" src=\"https:\/\/key2optics.com\/wp-content\/uploads\/2022\/09\/4326-Internet-Cable-180x180.png\" alt=\"\" class=\"wp-image-4065\" srcset=\"https:\/\/key2optics.com\/wp-content\/uploads\/2022\/09\/4326-Internet-Cable-180x180.png 180w, https:\/\/key2optics.com\/wp-content\/uploads\/2022\/09\/4326-Internet-Cable-100x100.png 100w, https:\/\/key2optics.com\/wp-content\/uploads\/2022\/09\/4326-Internet-Cable.png 256w\" sizes=\"(max-width: 180px) 100vw, 180px\" \/><\/a><figcaption class=\"wp-element-caption\">AOC\/DAC<\/figcaption><\/figure>\n\n\n\n<figure class=\"wp-block-image size-thumbnail\"><a href=\"https:\/\/key2optics.com\/fr\/categorie-de-produit\/optical-passive-components\/plc-splitter\/\"><img loading=\"lazy\" decoding=\"async\" width=\"180\" height=\"180\" src=\"https:\/\/key2optics.com\/wp-content\/uploads\/2022\/09\/4291-Intranet-180x180.png\" alt=\"\" class=\"wp-image-4030\" srcset=\"https:\/\/key2optics.com\/wp-content\/uploads\/2022\/09\/4291-Intranet-180x180.png 180w, https:\/\/key2optics.com\/wp-content\/uploads\/2022\/09\/4291-Intranet-100x100.png 100w, https:\/\/key2optics.com\/wp-content\/uploads\/2022\/09\/4291-Intranet.png 256w\" sizes=\"(max-width: 180px) 100vw, 180px\" \/><\/a><figcaption class=\"wp-element-caption\">S\u00c9PARATEUR<\/figcaption><\/figure>\n<\/figure>\n<\/div>\n<\/div><\/div>","protected":false},"excerpt":{"rendered":"","protected":false},"author":1,"featured_media":0,"parent":0,"menu_order":0,"comment_status":"closed","ping_status":"closed","template":"","meta":{"content-type":"","_themeisle_gutenberg_block_has_review":false,"footnotes":""},"aioseo_notices":[],"_links":{"self":[{"href":"https:\/\/key2optics.com\/fr\/wp-json\/wp\/v2\/pages\/4539"}],"collection":[{"href":"https:\/\/key2optics.com\/fr\/wp-json\/wp\/v2\/pages"}],"about":[{"href":"https:\/\/key2optics.com\/fr\/wp-json\/wp\/v2\/types\/page"}],"author":[{"embeddable":true,"href":"https:\/\/key2optics.com\/fr\/wp-json\/wp\/v2\/users\/1"}],"replies":[{"embeddable":true,"href":"https:\/\/key2optics.com\/fr\/wp-json\/wp\/v2\/comments?post=4539"}],"version-history":[{"count":0,"href":"https:\/\/key2optics.com\/fr\/wp-json\/wp\/v2\/pages\/4539\/revisions"}],"wp:attachment":[{"href":"https:\/\/key2optics.com\/fr\/wp-json\/wp\/v2\/media?parent=4539"}],"curies":[{"name":"wp","href":"https:\/\/api.w.org\/{rel}","templated":true}]}}