{"id":6136,"date":"2022-11-10T11:26:49","date_gmt":"2022-11-10T03:26:49","guid":{"rendered":"https:\/\/key2optics.com\/?page_id=6136"},"modified":"2023-02-01T17:31:54","modified_gmt":"2023-02-01T09:31:54","slug":"quality-control","status":"publish","type":"page","link":"https:\/\/key2optics.com\/fr\/controle-de-qualite\/","title":{"rendered":"Contr\u00f4le de qualit\u00e9"},"content":{"rendered":"<div id=\"wp-block-themeisle-blocks-advanced-columns-9c96bd43\" class=\"wp-block-themeisle-blocks-advanced-columns has-1-columns has-desktop-equal-layout has-tablet-equal-layout has-mobile-equal-layout has-vertical-unset\"><div class=\"wp-block-themeisle-blocks-advanced-columns-overlay\"><\/div><div class=\"innerblocks-wrap\">\n<div id=\"wp-block-themeisle-blocks-advanced-column-e1dcd5f8\" class=\"wp-block-themeisle-blocks-advanced-column\">\n<h2 class=\"wp-block-heading\">Votre confiance, notre promesse<\/h2>\n\n\n\n<p>Avec une d\u00e9cennie d&#039;expertise dans l&#039;industrie des communications optiques, Key2Optics s&#039;est forg\u00e9 une solide r\u00e9putation dans la fourniture de produits optiques de haute qualit\u00e9, notamment des solutions OTN totales, des syst\u00e8mes de r\u00e9seau WDM, des \u00e9metteurs-r\u00e9cepteurs optiques, des c\u00e2bles optiques actifs, des c\u00e2bles \u00e0 connexion directe et des composants optiques passifs. Nous nous engageons \u00e0 fournir \u00e0 nos clients les meilleurs produits et services qui r\u00e9pondent \u00e0 leurs besoins et exigences uniques.<\/p>\n\n\n\n<p>Notre engagement envers la qualit\u00e9 commence d\u00e8s la toute premi\u00e8re \u00e9tape du processus de production - le contr\u00f4le de l&#039;approvisionnement en mati\u00e8res premi\u00e8res. Nous utilisons uniquement les meilleurs mat\u00e9riaux pour garantir que les produits que nous fabriquons sont de la plus haute qualit\u00e9. \u00c0 partir de l\u00e0, notre processus de production est strictement contr\u00f4l\u00e9, y compris des inspections de contr\u00f4le de qualit\u00e9 rigoureuses, utilisant les derniers \u00e9quipements et techniques, pour garantir que chaque produit est parfait avant qu&#039;il ne quitte notre usine.<\/p>\n\n\n\n<p>Chez Key2Optics, nous pensons que nos clients m\u00e9ritent ce qu&#039;il y a de mieux, c&#039;est pourquoi nous nous engageons \u00e0 fournir des produits et services de premier ordre, \u00e0 la fois fiables et efficaces. Que vous recherchiez des solutions personnalis\u00e9es ou des produits pr\u00eats \u00e0 l&#039;emploi, notre \u00e9quipe d&#039;experts est toujours l\u00e0 pour vous aider. En mettant l&#039;accent sur la fourniture d&#039;un support client exceptionnel et la fourniture de produits de la plus haute qualit\u00e9, Key2Optics est votre partenaire de confiance pour tous vos besoins de communication optique.<\/p>\n\n\n\n<div class=\"wp-block-columns is-layout-flex wp-container-core-columns-is-layout-1 wp-block-columns-is-layout-flex\">\n<div class=\"wp-block-column is-layout-flow wp-block-column-is-layout-flow\">\n<figure class=\"wp-block-embed is-type-video is-provider-youtube wp-block-embed-youtube wp-embed-aspect-16-9 wp-has-aspect-ratio\"><div class=\"wp-block-embed__wrapper\">\n<iframe loading=\"lazy\" title=\"Fabricants de r\u00e9partiteurs de fibre optique Test d&#039;extr\u00e9mit\u00e9 de fibre\" width=\"1140\" height=\"641\" src=\"https:\/\/www.youtube.com\/embed\/VXjrAAqqFD4?feature=oembed\" frameborder=\"0\" allow=\"accelerometer; autoplay; clipboard-write; encrypted-media; gyroscope; picture-in-picture\" allowfullscreen><\/iframe>\n<\/div><figcaption class=\"wp-element-caption\">V\u00e9rification de l&#039;extr\u00e9mit\u00e9 de la fibre<\/figcaption><\/figure>\n<\/div>\n\n\n\n<div class=\"wp-block-column is-layout-flow wp-block-column-is-layout-flow\">\n<figure class=\"wp-block-embed is-type-video is-provider-youtube wp-block-embed-youtube wp-embed-aspect-16-9 wp-has-aspect-ratio\"><div class=\"wp-block-embed__wrapper\">\n<iframe loading=\"lazy\" title=\"Fabricants de s\u00e9parateurs de fibres optiques\" width=\"1140\" height=\"641\" src=\"https:\/\/www.youtube.com\/embed\/19_xNGlNRT0?feature=oembed\" frameborder=\"0\" allow=\"accelerometer; autoplay; clipboard-write; encrypted-media; gyroscope; picture-in-picture\" allowfullscreen><\/iframe>\n<\/div><figcaption class=\"wp-element-caption\">V\u00e9rification au microscope<\/figcaption><\/figure>\n<\/div>\n\n\n\n<div class=\"wp-block-column is-layout-flow wp-block-column-is-layout-flow\">\n<figure class=\"wp-block-embed is-type-video is-provider-youtube wp-block-embed-youtube wp-embed-aspect-16-9 wp-has-aspect-ratio\"><div class=\"wp-block-embed__wrapper\">\n<iframe loading=\"lazy\" title=\"Processus de rev\u00eatement de fibre optique\" width=\"1140\" height=\"641\" src=\"https:\/\/www.youtube.com\/embed\/4y-YhGL6ql8?feature=oembed\" frameborder=\"0\" allow=\"accelerometer; autoplay; clipboard-write; encrypted-media; gyroscope; picture-in-picture\" allowfullscreen><\/iframe>\n<\/div><figcaption class=\"wp-element-caption\">Rev\u00eatement en fibre<\/figcaption><\/figure>\n<\/div>\n<\/div>\n\n\n\n<div class=\"wp-block-columns is-layout-flex wp-container-core-columns-is-layout-2 wp-block-columns-is-layout-flex\">\n<div class=\"wp-block-column is-layout-flow wp-block-column-is-layout-flow\">\n<figure class=\"wp-block-embed is-type-video is-provider-youtube wp-block-embed-youtube wp-embed-aspect-16-9 wp-has-aspect-ratio\"><div class=\"wp-block-embed__wrapper\">\n<iframe loading=\"lazy\" title=\"Test de collimateur \u00e0 fibre unique\" width=\"1140\" height=\"641\" src=\"https:\/\/www.youtube.com\/embed\/dxqntdiLghE?feature=oembed\" frameborder=\"0\" allow=\"accelerometer; autoplay; clipboard-write; encrypted-media; gyroscope; picture-in-picture\" allowfullscreen><\/iframe>\n<\/div><figcaption class=\"wp-element-caption\">Collimateur de fibre<\/figcaption><\/figure>\n<\/div>\n\n\n\n<div class=\"wp-block-column is-layout-flow wp-block-column-is-layout-flow\">\n<figure class=\"wp-block-embed is-type-video is-provider-youtube wp-block-embed-youtube wp-embed-aspect-16-9 wp-has-aspect-ratio\"><div class=\"wp-block-embed__wrapper\">\n<iframe loading=\"lazy\" title=\"Testez le syst\u00e8me WDM tout-en-un en laboratoire\" width=\"1140\" height=\"641\" src=\"https:\/\/www.youtube.com\/embed\/iBuVc31JJpY?feature=oembed\" frameborder=\"0\" allow=\"accelerometer; autoplay; clipboard-write; encrypted-media; gyroscope; picture-in-picture\" allowfullscreen><\/iframe>\n<\/div><figcaption class=\"wp-element-caption\">Test r\u00e9seau WDM<\/figcaption><\/figure>\n<\/div>\n\n\n\n<div class=\"wp-block-column is-layout-flow wp-block-column-is-layout-flow\">\n<figure class=\"wp-block-embed is-type-video is-provider-youtube wp-block-embed-youtube wp-embed-aspect-4-3 wp-has-aspect-ratio\"><div class=\"wp-block-embed__wrapper\">\n<iframe loading=\"lazy\" title=\"Ligne d&#039;assemblage de modules optiques d&#039;\u00e9metteurs-r\u00e9cepteurs\" width=\"1140\" height=\"855\" src=\"https:\/\/www.youtube.com\/embed\/tPQ_oBN_3JE?feature=oembed\" frameborder=\"0\" allow=\"accelerometer; autoplay; clipboard-write; encrypted-media; gyroscope; picture-in-picture\" allowfullscreen><\/iframe>\n<\/div><figcaption class=\"wp-element-caption\">Assemblage robotique<\/figcaption><\/figure>\n<\/div>\n<\/div>\n\n\n\n<div class=\"wp-block-columns is-layout-flex wp-container-core-columns-is-layout-3 wp-block-columns-is-layout-flex\">\n<div class=\"wp-block-column is-layout-flow wp-block-column-is-layout-flow\">\n<figure class=\"wp-block-embed is-type-video is-provider-youtube wp-block-embed-youtube wp-embed-aspect-16-9 wp-has-aspect-ratio\"><div class=\"wp-block-embed__wrapper\">\n<iframe loading=\"lazy\" title=\"Soudage par robot laser pour modules SFP et \u00e9metteurs-r\u00e9cepteurs optiques, l&#039;avenir arrive ~\" width=\"1140\" height=\"641\" src=\"https:\/\/www.youtube.com\/embed\/kfJHdUTMGbo?feature=oembed\" frameborder=\"0\" allow=\"accelerometer; autoplay; clipboard-write; encrypted-media; gyroscope; picture-in-picture\" allowfullscreen><\/iframe>\n<\/div><figcaption class=\"wp-element-caption\">Soudure robotis\u00e9e au laser<br><\/figcaption><\/figure>\n<\/div>\n\n\n\n<div class=\"wp-block-column is-layout-flow wp-block-column-is-layout-flow\">\n<figure class=\"wp-block-embed is-type-video is-provider-youtube wp-block-embed-youtube wp-embed-aspect-16-9 wp-has-aspect-ratio\"><div class=\"wp-block-embed__wrapper\">\n<iframe loading=\"lazy\" title=\"Test de temp\u00e9rature pour les \u00e9metteurs-r\u00e9cepteurs 25G SFP28\" width=\"1140\" height=\"641\" src=\"https:\/\/www.youtube.com\/embed\/ogk113yA064?feature=oembed\" frameborder=\"0\" allow=\"accelerometer; autoplay; clipboard-write; encrypted-media; gyroscope; picture-in-picture\" allowfullscreen><\/iframe>\n<\/div><figcaption class=\"wp-element-caption\">Test de temp\u00e9rature du module 25G<\/figcaption><\/figure>\n<\/div>\n\n\n\n<div class=\"wp-block-column is-layout-flow wp-block-column-is-layout-flow\">\n<figure class=\"wp-block-embed is-type-video is-provider-youtube wp-block-embed-youtube wp-embed-aspect-16-9 wp-has-aspect-ratio\"><div class=\"wp-block-embed__wrapper\">\n<iframe loading=\"lazy\" title=\"Soudage ROSA en production pour la fabrication d&#039;\u00e9metteurs-r\u00e9cepteurs SFP\" width=\"1140\" height=\"641\" src=\"https:\/\/www.youtube.com\/embed\/RicxXYLjb4A?feature=oembed\" frameborder=\"0\" allow=\"accelerometer; autoplay; clipboard-write; encrypted-media; gyroscope; picture-in-picture\" allowfullscreen><\/iframe>\n<\/div><figcaption class=\"wp-element-caption\">ROSA Soudage en production<\/figcaption><\/figure>\n<\/div>\n<\/div>\n\n\n\n<h2 class=\"wp-block-heading\">Notre certificat<\/h2>\n\n\n\n<figure class=\"wp-block-gallery alignwide has-nested-images columns-6 is-cropped wp-block-gallery-1 is-layout-flex wp-block-gallery-is-layout-flex\">\n<figure class=\"wp-block-image size-large\"><a href=\"\/fr\/Etrakin.com\/\"><img loading=\"lazy\" decoding=\"async\" width=\"571\" height=\"790\" src=\"https:\/\/key2optics.com\/wp-content\/uploads\/2022\/09\/SW-Certificate.jpg\" alt=\"\" class=\"wp-image-4365\" srcset=\"https:\/\/key2optics.com\/wp-content\/uploads\/2022\/09\/SW-Certificate.jpg 571w, https:\/\/key2optics.com\/wp-content\/uploads\/2022\/09\/SW-Certificate-347x480.jpg 347w, https:\/\/key2optics.com\/wp-content\/uploads\/2022\/09\/SW-Certificate-380x526.jpg 380w\" sizes=\"(max-width: 571px) 100vw, 571px\" \/><\/a><figcaption class=\"wp-element-caption\">Logiciel<\/figcaption><\/figure>\n\n\n\n<figure class=\"wp-block-image size-large\"><img loading=\"lazy\" decoding=\"async\" width=\"373\" height=\"538\" src=\"https:\/\/key2optics.com\/wp-content\/uploads\/2022\/09\/PATENT-CERTIFICATE.jpg\" alt=\"\" class=\"wp-image-4364\" srcset=\"https:\/\/key2optics.com\/wp-content\/uploads\/2022\/09\/PATENT-CERTIFICATE.jpg 373w, https:\/\/key2optics.com\/wp-content\/uploads\/2022\/09\/PATENT-CERTIFICATE-333x480.jpg 333w\" sizes=\"(max-width: 373px) 100vw, 373px\" \/><figcaption class=\"wp-element-caption\">Brevet de Chine<\/figcaption><\/figure>\n\n\n\n<figure class=\"wp-block-image size-large\"><a href=\"\/fr\/smartiotec.com\/\"><img loading=\"lazy\" decoding=\"async\" width=\"573\" height=\"823\" src=\"https:\/\/key2optics.com\/wp-content\/uploads\/2022\/09\/ISO9001.jpg\" alt=\"\" class=\"wp-image-4363\" srcset=\"https:\/\/key2optics.com\/wp-content\/uploads\/2022\/09\/ISO9001.jpg 573w, https:\/\/key2optics.com\/wp-content\/uploads\/2022\/09\/ISO9001-334x480.jpg 334w, https:\/\/key2optics.com\/wp-content\/uploads\/2022\/09\/ISO9001-380x546.jpg 380w\" sizes=\"(max-width: 573px) 100vw, 573px\" \/><\/a><figcaption class=\"wp-element-caption\">ISO 9001<\/figcaption><\/figure>\n\n\n\n<figure class=\"wp-block-image size-large\"><img loading=\"lazy\" decoding=\"async\" width=\"333\" height=\"495\" src=\"https:\/\/key2optics.com\/wp-content\/uploads\/2022\/09\/IEC.jpg\" alt=\"\" class=\"wp-image-4362\" srcset=\"https:\/\/key2optics.com\/wp-content\/uploads\/2022\/09\/IEC.jpg 333w, https:\/\/key2optics.com\/wp-content\/uploads\/2022\/09\/IEC-323x480.jpg 323w\" sizes=\"(max-width: 333px) 100vw, 333px\" \/><figcaption class=\"wp-element-caption\">Rapport CEI<\/figcaption><\/figure>\n\n\n\n<figure class=\"wp-block-image size-large\"><img loading=\"lazy\" decoding=\"async\" width=\"313\" height=\"483\" src=\"https:\/\/key2optics.com\/wp-content\/uploads\/2022\/09\/FCC.jpg\" alt=\"\" class=\"wp-image-4361\" srcset=\"https:\/\/key2optics.com\/wp-content\/uploads\/2022\/09\/FCC.jpg 313w, https:\/\/key2optics.com\/wp-content\/uploads\/2022\/09\/FCC-311x480.jpg 311w\" sizes=\"(max-width: 313px) 100vw, 313px\" \/><figcaption class=\"wp-element-caption\">FAC<\/figcaption><\/figure>\n\n\n\n<figure class=\"wp-block-image size-large\"><img loading=\"lazy\" decoding=\"async\" width=\"562\" height=\"802\" src=\"https:\/\/key2optics.com\/wp-content\/uploads\/2022\/09\/CE.jpg\" alt=\"\" class=\"wp-image-4360\" srcset=\"https:\/\/key2optics.com\/wp-content\/uploads\/2022\/09\/CE.jpg 562w, https:\/\/key2optics.com\/wp-content\/uploads\/2022\/09\/CE-336x480.jpg 336w, https:\/\/key2optics.com\/wp-content\/uploads\/2022\/09\/CE-380x542.jpg 380w\" sizes=\"(max-width: 562px) 100vw, 562px\" \/><figcaption class=\"wp-element-caption\">Certificat CEI<\/figcaption><\/figure>\n<\/figure>\n<\/div>\n<\/div><\/div>\n\n\n\n<h2 class=\"wp-block-heading\">Nos infrastructures<\/h2>\n\n\n\n<div id=\"wp-block-themeisle-blocks-slider-cdf749fe\" class=\"wp-block-themeisle-blocks-slider alignwide glide\" data-per-view=\"2\" data-gap=\"10\" data-peek=\"35\" data-autoplay=\"true\" data-height=\"500px\" data-hide-arrows=\"false\"><div class=\"glide__track\" data-glide-el=\"track\"><div class=\"glide__slides\"><div class=\"wp-block-themeisle-blocks-slider-item-wrapper glide__slide\" tabindex=\"0\"><figure><img decoding=\"async\" class=\"wp-block-themeisle-blocks-slider-item\" src=\"https:\/\/key2optics.com\/wp-content\/uploads\/2022\/09\/testing5.jpg\" alt=\"\" title=\"\" data-id=\"4322\"\/><figcaption>Essais de vibrations<\/figcaption><\/figure><\/div><div class=\"wp-block-themeisle-blocks-slider-item-wrapper glide__slide\" tabindex=\"0\"><figure><img decoding=\"async\" class=\"wp-block-themeisle-blocks-slider-item\" src=\"https:\/\/key2optics.com\/wp-content\/uploads\/2022\/09\/testing4.jpg\" alt=\"\" title=\"\" data-id=\"4321\"\/><figcaption>Test de flexion<\/figcaption><\/figure><\/div><div class=\"wp-block-themeisle-blocks-slider-item-wrapper glide__slide\" tabindex=\"0\"><figure><img decoding=\"async\" class=\"wp-block-themeisle-blocks-slider-item\" src=\"https:\/\/key2optics.com\/wp-content\/uploads\/2022\/09\/testing3.jpg\" alt=\"\" title=\"\" data-id=\"4320\"\/><figcaption>Test de temp\u00e9rature<\/figcaption><\/figure><\/div><div class=\"wp-block-themeisle-blocks-slider-item-wrapper glide__slide\" tabindex=\"0\"><figure><img decoding=\"async\" class=\"wp-block-themeisle-blocks-slider-item\" src=\"https:\/\/key2optics.com\/wp-content\/uploads\/2022\/09\/testing1.jpg\" alt=\"\" title=\"\" data-id=\"4318\"\/><figcaption>Test d&#039;\u00e9tirement de fil<\/figcaption><\/figure><\/div><div class=\"wp-block-themeisle-blocks-slider-item-wrapper glide__slide\" tabindex=\"0\"><figure><img decoding=\"async\" class=\"wp-block-themeisle-blocks-slider-item\" src=\"https:\/\/key2optics.com\/wp-content\/uploads\/2022\/09\/testing2.jpg\" alt=\"\" title=\"\" data-id=\"4319\"\/><figcaption>Test de pulv\u00e9risation de sel<\/figcaption><\/figure><\/div><div class=\"wp-block-themeisle-blocks-slider-item-wrapper glide__slide\" tabindex=\"0\"><figure><img decoding=\"async\" class=\"wp-block-themeisle-blocks-slider-item\" src=\"https:\/\/key2optics.com\/wp-content\/uploads\/2022\/09\/testing6.jpg\" alt=\"\" title=\"\" data-id=\"4323\"\/><figcaption>V\u00e9rification post-production<\/figcaption><\/figure><\/div><div class=\"wp-block-themeisle-blocks-slider-item-wrapper glide__slide\" tabindex=\"0\"><figure><img decoding=\"async\" class=\"wp-block-themeisle-blocks-slider-item\" src=\"https:\/\/key2optics.com\/wp-content\/uploads\/2022\/09\/testing7.jpg\" alt=\"\" title=\"\" data-id=\"4324\"\/><figcaption>Inspection al\u00e9atoire en ligne<\/figcaption><\/figure><\/div><\/div><div class=\"glide__bullets\" data-glide-el=\"controls[nav]\"><button class=\"glide__bullet\" data-glide-dir=\"=0\"><\/button><button class=\"glide__bullet\" data-glide-dir=\"=1\"><\/button><button class=\"glide__bullet\" data-glide-dir=\"=2\"><\/button><button class=\"glide__bullet\" data-glide-dir=\"=3\"><\/button><button class=\"glide__bullet\" data-glide-dir=\"=4\"><\/button><button class=\"glide__bullet\" data-glide-dir=\"=5\"><\/button><button class=\"glide__bullet\" data-glide-dir=\"=6\"><\/button><\/div><\/div><\/div>\n\n\n\n<h2 class=\"wp-block-heading\">Processus de contr\u00f4le partiel<\/h2>\n\n\n\n<figure class=\"wp-block-gallery alignwide has-nested-images columns-default is-cropped wp-block-gallery-2 is-layout-flex wp-block-gallery-is-layout-flex\">\n<figure class=\"wp-block-image size-large\"><img loading=\"lazy\" decoding=\"async\" width=\"750\" height=\"850\" data-id=\"4314\" src=\"https:\/\/key2optics.com\/wp-content\/uploads\/2022\/09\/QQ\u56fe\u724720210512110440.jpg\" alt=\"\" class=\"wp-image-4314\" srcset=\"https:\/\/key2optics.com\/wp-content\/uploads\/2022\/09\/QQ\u56fe\u724720210512110440.jpg 750w, https:\/\/key2optics.com\/wp-content\/uploads\/2022\/09\/QQ\u56fe\u724720210512110440-424x480.jpg 424w, https:\/\/key2optics.com\/wp-content\/uploads\/2022\/09\/QQ\u56fe\u724720210512110440-575x652.jpg 575w, https:\/\/key2optics.com\/wp-content\/uploads\/2022\/09\/QQ\u56fe\u724720210512110440-380x431.jpg 380w\" sizes=\"(max-width: 750px) 100vw, 750px\" \/><\/figure>\n\n\n\n<figure class=\"wp-block-image size-large\"><img loading=\"lazy\" decoding=\"async\" width=\"750\" height=\"850\" data-id=\"4313\" src=\"https:\/\/key2optics.com\/wp-content\/uploads\/2022\/09\/QQ\u56fe\u724720210512110459.jpg\" alt=\"\" class=\"wp-image-4313\" srcset=\"https:\/\/key2optics.com\/wp-content\/uploads\/2022\/09\/QQ\u56fe\u724720210512110459.jpg 750w, https:\/\/key2optics.com\/wp-content\/uploads\/2022\/09\/QQ\u56fe\u724720210512110459-424x480.jpg 424w, https:\/\/key2optics.com\/wp-content\/uploads\/2022\/09\/QQ\u56fe\u724720210512110459-575x652.jpg 575w, https:\/\/key2optics.com\/wp-content\/uploads\/2022\/09\/QQ\u56fe\u724720210512110459-380x431.jpg 380w\" sizes=\"(max-width: 750px) 100vw, 750px\" \/><\/figure>\n<\/figure>\n\n\n\n<h2 class=\"wp-block-heading\">Notre service ne s&#039;arr\u00eate jamais\u2026<\/h2>\n\n\n\n<h2 class=\"has-text-align-right wp-block-heading\">Suivez-nous<\/h2>\n\n\n\n<ul class=\"wp-block-social-links alignright is-layout-flex wp-block-social-links-is-layout-flex\"><li class=\"wp-social-link wp-social-link-youtube  wp-block-social-link\"><a href=\"https:\/\/www.youtube.com\/channel\/UCBFiV0DZ7CclcPidkiqozQA\" class=\"wp-block-social-link-anchor\"><svg width=\"24\" height=\"24\" viewbox=\"0 0 24 24\" version=\"1.1\" xmlns=\"http:\/\/www.w3.org\/2000\/svg\" aria-hidden=\"true\" focusable=\"false\"><path d=\"M21.8,8.001c0,0-0.195-1.378-0.795-1.985c-0.76-0.797-1.613-0.801-2.004-0.847c-2.799-0.202-6.997-0.202-6.997-0.202 h-0.009c0,0-4.198,0-6.997,0.202C4.608,5.216,3.756,5.22,2.995,6.016C2.395,6.623,2.2,8.001,2.2,8.001S2,9.62,2,11.238v1.517 c0,1.618,0.2,3.237,0.2,3.237s0.195,1.378,0.795,1.985c0.761,0.797,1.76,0.771,2.205,0.855c1.6,0.153,6.8,0.201,6.8,0.201 s4.203-0.006,7.001-0.209c0.391-0.047,1.243-0.051,2.004-0.847c0.6-0.607,0.795-1.985,0.795-1.985s0.2-1.618,0.2-3.237v-1.517 C22,9.62,21.8,8.001,21.8,8.001z M9.935,14.594l-0.001-5.62l5.404,2.82L9.935,14.594z\"><\/path><\/svg><span class=\"wp-block-social-link-label screen-reader-text\">Youtube<\/span><\/a><\/li>\n\n<li class=\"wp-social-link wp-social-link-tiktok  wp-block-social-link\"><a href=\"https:\/\/www.tiktok.com\/@key2optics\" class=\"wp-block-social-link-anchor\"><svg width=\"24\" height=\"24\" viewbox=\"0 0 32 32\" version=\"1.1\" xmlns=\"http:\/\/www.w3.org\/2000\/svg\" aria-hidden=\"true\" focusable=\"false\"><path d=\"M16.708 0.027c1.745-0.027 3.48-0.011 5.213-0.027 0.105 2.041 0.839 4.12 2.333 5.563 1.491 1.479 3.6 2.156 5.652 2.385v5.369c-1.923-0.063-3.855-0.463-5.6-1.291-0.76-0.344-1.468-0.787-2.161-1.24-0.009 3.896 0.016 7.787-0.025 11.667-0.104 1.864-0.719 3.719-1.803 5.255-1.744 2.557-4.771 4.224-7.88 4.276-1.907 0.109-3.812-0.411-5.437-1.369-2.693-1.588-4.588-4.495-4.864-7.615-0.032-0.667-0.043-1.333-0.016-1.984 0.24-2.537 1.495-4.964 3.443-6.615 2.208-1.923 5.301-2.839 8.197-2.297 0.027 1.975-0.052 3.948-0.052 5.923-1.323-0.428-2.869-0.308-4.025 0.495-0.844 0.547-1.485 1.385-1.819 2.333-0.276 0.676-0.197 1.427-0.181 2.145 0.317 2.188 2.421 4.027 4.667 3.828 1.489-0.016 2.916-0.88 3.692-2.145 0.251-0.443 0.532-0.896 0.547-1.417 0.131-2.385 0.079-4.76 0.095-7.145 0.011-5.375-0.016-10.735 0.025-16.093z\" \/><\/svg><span class=\"wp-block-social-link-label screen-reader-text\">TIC Tac<\/span><\/a><\/li>\n\n<li class=\"wp-social-link wp-social-link-pinterest  wp-block-social-link\"><a href=\"https:\/\/www.pinterest.com\/key2optics\/\" class=\"wp-block-social-link-anchor\"><svg width=\"24\" height=\"24\" viewbox=\"0 0 24 24\" version=\"1.1\" xmlns=\"http:\/\/www.w3.org\/2000\/svg\" aria-hidden=\"true\" focusable=\"false\"><path d=\"M12.289,2C6.617,2,3.606,5.648,3.606,9.622c0,1.846,1.025,4.146,2.666,4.878c0.25,0.111,0.381,0.063,0.439-0.169 c0.044-0.175,0.267-1.029,0.365-1.428c0.032-0.128,0.017-0.237-0.091-0.362C6.445,11.911,6.01,10.75,6.01,9.668 c0-2.777,2.194-5.464,5.933-5.464c3.23,0,5.49,2.108,5.49,5.122c0,3.407-1.794,5.768-4.13,5.768c-1.291,0-2.257-1.021-1.948-2.277 c0.372-1.495,1.089-3.112,1.089-4.191c0-0.967-0.542-1.775-1.663-1.775c-1.319,0-2.379,1.309-2.379,3.059 c0,1.115,0.394,1.869,0.394,1.869s-1.302,5.279-1.54,6.261c-0.405,1.666,0.053,4.368,0.094,4.604 c0.021,0.126,0.167,0.169,0.25,0.063c0.129-0.165,1.699-2.419,2.142-4.051c0.158-0.59,0.817-2.995,0.817-2.995 c0.43,0.784,1.681,1.446,3.013,1.446c3.963,0,6.822-3.494,6.822-7.833C20.394,5.112,16.849,2,12.289,2\"><\/path><\/svg><span class=\"wp-block-social-link-label screen-reader-text\">Pinterest<\/span><\/a><\/li>\n\n<li class=\"wp-social-link wp-social-link-facebook  wp-block-social-link\"><a href=\"https:\/\/www.facebook.com\/100083392328227\/\" class=\"wp-block-social-link-anchor\"><svg width=\"24\" height=\"24\" viewbox=\"0 0 24 24\" version=\"1.1\" xmlns=\"http:\/\/www.w3.org\/2000\/svg\" aria-hidden=\"true\" focusable=\"false\"><path d=\"M12 2C6.5 2 2 6.5 2 12c0 5 3.7 9.1 8.4 9.9v-7H7.9V12h2.5V9.8c0-2.5 1.5-3.9 3.8-3.9 1.1 0 2.2.2 2.2.2v2.5h-1.3c-1.2 0-1.6.8-1.6 1.6V12h2.8l-.4 2.9h-2.3v7C18.3 21.1 22 17 22 12c0-5.5-4.5-10-10-10z\"><\/path><\/svg><span class=\"wp-block-social-link-label screen-reader-text\">Facebook<\/span><\/a><\/li>\n\n<li class=\"wp-social-link wp-social-link-linkedin  wp-block-social-link\"><a href=\"https:\/\/www.linkedin.com\/company\/key2optics\/\" class=\"wp-block-social-link-anchor\"><svg width=\"24\" height=\"24\" viewbox=\"0 0 24 24\" version=\"1.1\" xmlns=\"http:\/\/www.w3.org\/2000\/svg\" aria-hidden=\"true\" focusable=\"false\"><path d=\"M19.7,3H4.3C3.582,3,3,3.582,3,4.3v15.4C3,20.418,3.582,21,4.3,21h15.4c0.718,0,1.3-0.582,1.3-1.3V4.3 C21,3.582,20.418,3,19.7,3z M8.339,18.338H5.667v-8.59h2.672V18.338z M7.004,8.574c-0.857,0-1.549-0.694-1.549-1.548 c0-0.855,0.691-1.548,1.549-1.548c0.854,0,1.547,0.694,1.547,1.548C8.551,7.881,7.858,8.574,7.004,8.574z M18.339,18.338h-2.669 v-4.177c0-0.996-0.017-2.278-1.387-2.278c-1.389,0-1.601,1.086-1.601,2.206v4.249h-2.667v-8.59h2.559v1.174h0.037 c0.356-0.675,1.227-1.387,2.526-1.387c2.703,0,3.203,1.779,3.203,4.092V18.338z\"><\/path><\/svg><span class=\"wp-block-social-link-label screen-reader-text\">LinkedIn<\/span><\/a><\/li><\/ul>","protected":false},"excerpt":{"rendered":"<p>Our Facilities Partial Control Process Our Service Never Stop&#8230; Follow [&hellip;]<\/p>","protected":false},"author":1,"featured_media":0,"parent":0,"menu_order":0,"comment_status":"closed","ping_status":"closed","template":"","meta":{"content-type":"","_themeisle_gutenberg_block_has_review":false,"footnotes":""},"aioseo_notices":[],"_links":{"self":[{"href":"https:\/\/key2optics.com\/fr\/wp-json\/wp\/v2\/pages\/6136"}],"collection":[{"href":"https:\/\/key2optics.com\/fr\/wp-json\/wp\/v2\/pages"}],"about":[{"href":"https:\/\/key2optics.com\/fr\/wp-json\/wp\/v2\/types\/page"}],"author":[{"embeddable":true,"href":"https:\/\/key2optics.com\/fr\/wp-json\/wp\/v2\/users\/1"}],"replies":[{"embeddable":true,"href":"https:\/\/key2optics.com\/fr\/wp-json\/wp\/v2\/comments?post=6136"}],"version-history":[{"count":0,"href":"https:\/\/key2optics.com\/fr\/wp-json\/wp\/v2\/pages\/6136\/revisions"}],"wp:attachment":[{"href":"https:\/\/key2optics.com\/fr\/wp-json\/wp\/v2\/media?parent=6136"}],"curies":[{"name":"wp","href":"https:\/\/api.w.org\/{rel}","templated":true}]}}