{"id":3093,"date":"2019-11-16T19:13:20","date_gmt":"2019-11-16T11:13:20","guid":{"rendered":"https:\/\/key2optics.com\/?post_type=product&#038;p=3093"},"modified":"2025-09-15T10:25:15","modified_gmt":"2025-09-15T02:25:15","slug":"qsfp-40g-module","status":"publish","type":"product","link":"https:\/\/key2optics.com\/fr\/produit\/module-qsfp-40g\/","title":{"rendered":"Module QSFP+ 40G"},"content":{"rendered":"<p>Optique Key2 40G QSFP+ (<a href=\"https:\/\/en.wikipedia.org\/wiki\/Small_Form-factor_Pluggable#QSFP\" target=\"_blank\" rel=\"noopener\">Wiki\u00a0: Qu&#039;est-ce que QSFP+\u00a0?<\/a>) s\u00e9rie de modules optiques, y compris 150 m\/400 m SR4, 2 km\/10 km\/30 km LR4, adopte un port optique LC ou MPO, compatible avec IEEE802.3bm, SFF-8436 et d&#039;autres normes\u00a0; avec une faible consommation d&#039;\u00e9nergie, une longue distance de transmission, etc., qui s&#039;appliquent \u00e0 l&#039;Ethernet 40G dans les centres de donn\u00e9es.<\/p>\n<div><strong>CONFORMIT\u00c9 AUX NORMES<\/strong><\/div>\n<p>IEEE 802.3ba<br \/>\nSFF-8436 (QSFP+)<br \/>\nSFF-8635 (QSFP+10\u00a0:\u00a0solution d&#039;\u00e9metteur-r\u00e9cepteur enfichable QSFP+ 10\u00a0Gb\/s 4X)<br \/>\nSFF-8663 (Cage QSFP+ 28 Gb\/s)<br \/>\nSFF-8683 (Cage QSFP+)<\/p>\n<p><strong>Caract\u00e9ristiques<\/strong><\/p>\n<ul>\n<li>Quatre canaux de transmission et de r\u00e9ception adressables ind\u00e9pendamment<\/li>\n<li>Tr\u00e8s compact\u00a0: \u00e9conomies de 60% sur l&#039;utilisation de la p\u00e9riph\u00e9rie et de la carte par rapport \u00e0 quatre modules SFP+ comparables<\/li>\n<li>Enfichable \u00e9lectriquement \u00e0 chaud<\/li>\n<li>Connecteur optique MTP\/MPO<\/li>\n<\/ul>\n<p><img loading=\"lazy\" decoding=\"async\" class=\"size-full wp-image-3973\" src=\"https:\/\/key2optics.com\/wp-content\/uploads\/2019\/11\/40g-qsfpplus.jpg\" alt=\"40g qsfp plus sp\u00e9cification\" width=\"1525\" height=\"229\" srcset=\"https:\/\/key2optics.com\/wp-content\/uploads\/2019\/11\/40g-qsfpplus.jpg 1525w, https:\/\/key2optics.com\/wp-content\/uploads\/2019\/11\/40g-qsfpplus-800x120.jpg 800w, https:\/\/key2optics.com\/wp-content\/uploads\/2019\/11\/40g-qsfpplus-750x113.jpg 750w, https:\/\/key2optics.com\/wp-content\/uploads\/2019\/11\/40g-qsfpplus-768x115.jpg 768w, https:\/\/key2optics.com\/wp-content\/uploads\/2019\/11\/40g-qsfpplus-1140x171.jpg 1140w, https:\/\/key2optics.com\/wp-content\/uploads\/2019\/11\/40g-qsfpplus-920x138.jpg 920w, https:\/\/key2optics.com\/wp-content\/uploads\/2019\/11\/40g-qsfpplus-575x86.jpg 575w, https:\/\/key2optics.com\/wp-content\/uploads\/2019\/11\/40g-qsfpplus-380x57.jpg 380w\" sizes=\"(max-width: 1525px) 100vw, 1525px\" \/><\/p>\n<h3><strong>Appareils et marques pris en charge<\/strong><\/h3>\n<hr \/>\n<p>Nos \u00e9metteurs-r\u00e9cepteurs optiques sont compatibles avec la plupart des marques de peuplier du march\u00e9, indiquez-nous les marques d&#039;appareils que vous utiliserez, nous vous fournirons le service personnalis\u00e9.<\/p>\n<p>Module SFP\/SFP+\/SFP28\/QSFP\/QSFP+\/QSFP28\/CFP\/CFP2\/CFP4<strong> marques soutenues<\/strong>: Cisco\/HP\/DELL\/FINISAR\/INTEL\/HUAWEI\/JUNIPER\/ZTE\/TP-LINK\/H3C \u2026<\/p>\n<p><strong>Appareils pris en charge\u00a0:<\/strong> Serveur\/commutateur\/NAS\/WDM OTN\/convertisseur\/routeur de m\u00e9dia fibre vers Ethernet avec interface SFP\/SFP+\/SFP28\/QSFP\/QSFP+\/QSFP28\/CFP\/CFP2\/CFP4.<\/p>\n<p><img loading=\"lazy\" decoding=\"async\" class=\"aligncenter wp-image-4309\" src=\"https:\/\/key2optics.com\/wp-content\/uploads\/2022\/09\/Optical-Module-List-en.jpg\" alt=\"compatibilit\u00e9 \u00e9metteur-r\u00e9cepteur\" width=\"1000\" height=\"992\" srcset=\"https:\/\/key2optics.com\/wp-content\/uploads\/2022\/09\/Optical-Module-List-en.jpg 1591w, https:\/\/key2optics.com\/wp-content\/uploads\/2022\/09\/Optical-Module-List-en-100x100.jpg 100w, https:\/\/key2optics.com\/wp-content\/uploads\/2022\/09\/Optical-Module-List-en-800x793.jpg 800w, https:\/\/key2optics.com\/wp-content\/uploads\/2022\/09\/Optical-Module-List-en-484x480.jpg 484w, https:\/\/key2optics.com\/wp-content\/uploads\/2022\/09\/Optical-Module-List-en-180x180.jpg 180w, https:\/\/key2optics.com\/wp-content\/uploads\/2022\/09\/Optical-Module-List-en-768x762.jpg 768w, https:\/\/key2optics.com\/wp-content\/uploads\/2022\/09\/Optical-Module-List-en-1536x1523.jpg 1536w, https:\/\/key2optics.com\/wp-content\/uploads\/2022\/09\/Optical-Module-List-en-1140x1131.jpg 1140w, https:\/\/key2optics.com\/wp-content\/uploads\/2022\/09\/Optical-Module-List-en-920x912.jpg 920w, https:\/\/key2optics.com\/wp-content\/uploads\/2022\/09\/Optical-Module-List-en-575x570.jpg 575w, https:\/\/key2optics.com\/wp-content\/uploads\/2022\/09\/Optical-Module-List-en-380x377.jpg 380w\" sizes=\"(max-width: 1000px) 100vw, 1000px\" \/><\/p>\n<p><img loading=\"lazy\" decoding=\"async\" class=\"wp-image-6388 size-full aligncenter\" src=\"https:\/\/key2optics.com\/wp-content\/uploads\/2019\/11\/Application1.jpg\" alt=\"P\u00e9riph\u00e9riques pris en charge par le module SFP\" width=\"807\" height=\"444\" \/><\/p>\n<h3><strong>Pourquoi Key2Optics<\/strong><\/h3>\n<hr \/>\n<h4>Fabrication et contr\u00f4le qualit\u00e9<\/h4>\n<p>Avec une ligne d&#039;assemblage avanc\u00e9e, un atelier robotique et des laboratoires de test, nous rendons nos produits 100% exempts de d\u00e9fauts et pouvons \u00eatre utilis\u00e9s dans tous les environnements et en toutes circonstances. <a href=\"https:\/\/key2optics.com\/fr\/controle-de-qualite\/\" target=\"_blank\" rel=\"noopener\">Plus\u2026<\/a><\/p>\n<p><a href=\"https:\/\/key2optics.com\/fr\/controle-de-qualite\/\" target=\"_blank\" rel=\"noopener\"><img loading=\"lazy\" decoding=\"async\" class=\"aligncenter wp-image-6391 size-full\" title=\"CQ et production de key2optics\" src=\"https:\/\/key2optics.com\/wp-content\/uploads\/2019\/11\/QCProduction.jpg\" alt=\"CQ et production de key2optics\" width=\"1000\" height=\"756\" \/><\/a><\/p>\n<p>Nous surveillons strictement chaque \u00e9tape de la production pour nous assurer que chaque produit qui vous est livr\u00e9 est tra\u00e7able et non d\u00e9fectueux.\u00a0 \u00a0<a href=\"https:\/\/key2optics.com\/fr\/controle-de-qualite\/\" target=\"_blank\" rel=\"noopener\">Plus\u2026<\/a><\/p>\n<figure id=\"attachment_6394\" aria-describedby=\"caption-attachment-6394\" style=\"width: 1000px\" class=\"wp-caption aligncenter\"><a href=\"https:\/\/key2optics.com\/fr\/controle-de-qualite\/\" target=\"_blank\" rel=\"noopener\"><img loading=\"lazy\" decoding=\"async\" class=\"wp-image-6394 size-full\" src=\"https:\/\/key2optics.com\/wp-content\/uploads\/2019\/11\/production.jpg\" alt=\"production et test de key2optics\" width=\"1000\" height=\"416\" \/><\/a><figcaption id=\"caption-attachment-6394\" class=\"wp-caption-text\">production et test de key2optics<\/figcaption><\/figure>\n<h4>Notre qualification<\/h4>\n<p>Nos produits sont certifi\u00e9s CE, FCC, RoHs et notre ligne de production est <a title=\"ISO 9001\" href=\"https:\/\/key2optics.com\/wp-content\/uploads\/2022\/09\/ISO9001.jpg\" target=\"_blank\" rel=\"noopener\">ISO 9001<\/a> agr\u00e9\u00e9. Nous avons plus de dizaines de certificats de brevets et de certificats logiciels.\u00a0 <a href=\"https:\/\/key2optics.com\/fr\/controle-de-qualite\/\" target=\"_blank\" rel=\"noopener\">Plus\u2026<\/a><\/p>\n<p><a href=\"https:\/\/key2optics.com\/fr\/controle-de-qualite\/\" target=\"_blank\" rel=\"noopener\"><img loading=\"lazy\" decoding=\"async\" class=\"aligncenter wp-image-6389 size-full\" src=\"https:\/\/key2optics.com\/wp-content\/uploads\/2019\/11\/Certificates.jpg\" alt=\"certificats key2optics\" width=\"1000\" height=\"241\" \/><\/a><\/p>","protected":false},"excerpt":{"rendered":"<p>La s\u00e9rie de modules optiques Key2 Optics 40G QSFP+, y compris 150 m\/400 m SR4, 2 km\/10 km\/30 km LR4, adopte un port optique LC ou MPO, compatible avec IEEE802.3bm, SFF-8436 et d&#039;autres normes\u00a0; avec une faible consommation d&#039;\u00e9nergie, une longue distance de transmission, etc., qui s&#039;appliquent \u00e0 l&#039;Ethernet 40G dans les centres de donn\u00e9es.<\/p>\n<p><span style=\"color: #ff0000;\"><strong>VEUILLEZ VOUS R\u00c9F\u00c9RER AUX SP\u00c9CIFICATIONS POUR TROUVER LE MOD\u00c8LE ET LE SKU CORRECTS\u00a0!<\/strong><\/span><\/p>","protected":false},"featured_media":3056,"comment_status":"closed","ping_status":"closed","template":"","meta":{"content-type":"","_themeisle_gutenberg_block_has_review":false},"product_cat":[64],"product_tag":[122],"aioseo_notices":[],"_links":{"self":[{"href":"https:\/\/key2optics.com\/fr\/wp-json\/wp\/v2\/product\/3093"}],"collection":[{"href":"https:\/\/key2optics.com\/fr\/wp-json\/wp\/v2\/product"}],"about":[{"href":"https:\/\/key2optics.com\/fr\/wp-json\/wp\/v2\/types\/product"}],"replies":[{"embeddable":true,"href":"https:\/\/key2optics.com\/fr\/wp-json\/wp\/v2\/comments?post=3093"}],"wp:featuredmedia":[{"embeddable":true,"href":"https:\/\/key2optics.com\/fr\/wp-json\/wp\/v2\/media\/3056"}],"wp:attachment":[{"href":"https:\/\/key2optics.com\/fr\/wp-json\/wp\/v2\/media?parent=3093"}],"wp:term":[{"taxonomy":"product_cat","embeddable":true,"href":"https:\/\/key2optics.com\/fr\/wp-json\/wp\/v2\/product_cat?post=3093"},{"taxonomy":"product_tag","embeddable":true,"href":"https:\/\/key2optics.com\/fr\/wp-json\/wp\/v2\/product_tag?post=3093"}],"curies":[{"name":"wp","href":"https:\/\/api.w.org\/{rel}","templated":true}]}}