{"id":3114,"date":"2019-11-16T20:33:06","date_gmt":"2019-11-16T12:33:06","guid":{"rendered":"https:\/\/key2optics.com\/?post_type=product&#038;p=3114"},"modified":"2025-09-15T10:25:14","modified_gmt":"2025-09-15T02:25:14","slug":"sfp-fiber-cable","status":"publish","type":"product","link":"https:\/\/key2optics.com\/fr\/produit\/cable-fibre-sfp\/","title":{"rendered":"C\u00e2ble fibre AOC SFP personnalis\u00e9"},"content":{"rendered":"<div class=\"node__content clearfix\">\n<div class=\"field field--name-body field--type-text-with-summary field--label-hidden field__item\">\n<p>Key2 Optics AOC (c\u00e2ble optique actif, Wiki\u00a0: <a href=\"https:\/\/key2optics.com\/fr\/quest-ce-quun-cable-aoc\/\" target=\"_blank\" rel=\"noopener\">Qu&#039;est-ce qu&#039;un c\u00e2ble AOC ?<\/a>) Les produits de c\u00e2ble \u00e0 fibre optique SFP incluent 10GbE SFP+ (Wiki\u00a0: <a href=\"https:\/\/en.wikipedia.org\/wiki\/Small_Form-factor_Pluggable\" target=\"_blank\" rel=\"noopener\">qu&#039;est-ce que SFP\/QSFP\u00a0?<\/a>) AOC, 25GbE SFP28 AOC, 40GbE QSFP+AOC, 100GbE QSFP28 AOC. Avec une faible consommation d&#039;\u00e9nergie, un petit rayon de courbure, aucune perte d&#039;insertion de fibre et une introduction sans poussi\u00e8re, il est fortement recommand\u00e9 pour les centres de donn\u00e9es \u00e0 haute densit\u00e9 avec un budget \u00e0 faible co\u00fbt.<\/p>\n<\/div>\n<p>Cat\u00e9gorie : C\u00e2ble AOC Breakout | c\u00e2ble fibre sfp | c\u00e2ble fibre sfp+ | c\u00e2ble fibre qsfp | c\u00e2ble fibre qsfp+<\/p>\n<p><iframe loading=\"lazy\" title=\"Comment utiliser 40G \u00e0 4x10G AOC actif\" width=\"1140\" height=\"641\" src=\"https:\/\/www.youtube.com\/embed\/5k1k578ii9o?feature=oembed\" frameborder=\"0\" allow=\"accelerometer; autoplay; clipboard-write; encrypted-media; gyroscope; picture-in-picture\" allowfullscreen><\/iframe><\/p>\n<div class=\"field field--name-body field--type-text-with-summary field--label-hidden field__item\">\n<p>Veuillez t\u00e9l\u00e9charger la sp\u00e9cification \u00e0 partir du <a href=\"https:\/\/key2optics.com\/fr\/telecharger\/\">lien<\/a>.<\/p>\n<\/div>\n<\/div>\n<h3><strong>Appareils pris en charge et marques de c\u00e2ble fibre SFP\u00a0<\/strong><\/h3>\n<hr \/>\n<p>Nos \u00e9metteurs-r\u00e9cepteurs optiques sont compatibles avec la plupart des marques de peuplier du march\u00e9, indiquez-nous les marques d&#039;appareils que vous utiliserez, nous vous fournirons le service personnalis\u00e9.<\/p>\n<p>Module SFP\/SFP+\/SFP28\/QSFP\/QSFP+\/QSFP28\/CFP\/CFP2\/CFP4<strong> marques soutenues<\/strong>: Cisco\/HP\/DELL\/FINISAR\/INTEL\/HUAWEI\/JUNIPER\/ZTE\/TP-LINK\/H3C \u2026<\/p>\n<p><strong>Appareils pris en charge\u00a0:<\/strong> Serveur\/commutateur\/NAS\/WDM OTN\/convertisseur\/routeur de m\u00e9dia fibre vers Ethernet avec interface SFP\/SFP+\/SFP28\/QSFP\/QSFP+\/QSFP28\/CFP\/CFP2\/CFP4.<\/p>\n<p>&nbsp;<\/p>\n<p><img loading=\"lazy\" decoding=\"async\" class=\"wp-image-4309\" title=\"c\u00e2ble fibre SFP \" src=\"https:\/\/key2optics.com\/wp-content\/uploads\/2022\/09\/Optical-Module-List-en.jpg\" alt=\"compatibilit\u00e9 \u00e9metteur-r\u00e9cepteur c\u00e2ble fibre SFP \" width=\"1000\" height=\"992\" srcset=\"https:\/\/key2optics.com\/wp-content\/uploads\/2022\/09\/Optical-Module-List-en.jpg 1591w, https:\/\/key2optics.com\/wp-content\/uploads\/2022\/09\/Optical-Module-List-en-100x100.jpg 100w, https:\/\/key2optics.com\/wp-content\/uploads\/2022\/09\/Optical-Module-List-en-800x793.jpg 800w, https:\/\/key2optics.com\/wp-content\/uploads\/2022\/09\/Optical-Module-List-en-484x480.jpg 484w, https:\/\/key2optics.com\/wp-content\/uploads\/2022\/09\/Optical-Module-List-en-180x180.jpg 180w, https:\/\/key2optics.com\/wp-content\/uploads\/2022\/09\/Optical-Module-List-en-768x762.jpg 768w, https:\/\/key2optics.com\/wp-content\/uploads\/2022\/09\/Optical-Module-List-en-1536x1523.jpg 1536w, https:\/\/key2optics.com\/wp-content\/uploads\/2022\/09\/Optical-Module-List-en-1140x1131.jpg 1140w, https:\/\/key2optics.com\/wp-content\/uploads\/2022\/09\/Optical-Module-List-en-920x912.jpg 920w, https:\/\/key2optics.com\/wp-content\/uploads\/2022\/09\/Optical-Module-List-en-575x570.jpg 575w, https:\/\/key2optics.com\/wp-content\/uploads\/2022\/09\/Optical-Module-List-en-380x377.jpg 380w\" sizes=\"(max-width: 1000px) 100vw, 1000px\" \/><\/p>\n<p><img loading=\"lazy\" decoding=\"async\" class=\"aligncenter wp-image-6388 size-full\" title=\"c\u00e2ble fibre SFP \" src=\"https:\/\/key2optics.com\/wp-content\/uploads\/2019\/11\/Application1.jpg\" alt=\"P\u00e9riph\u00e9riques pris en charge par le module SFP\" width=\"807\" height=\"444\" \/><\/p>\n<h3><strong>Pourquoi Key2Optics<\/strong><\/h3>\n<hr \/>\n<h4>Production et contr\u00f4le de la qualit\u00e9 du c\u00e2ble \u00e0 fibre optique SFP<\/h4>\n<p>Avec une ligne d&#039;assemblage avanc\u00e9e, un atelier robotique et des laboratoires de test, nous rendons nos produits 100% exempts de d\u00e9fauts et pouvons \u00eatre utilis\u00e9s dans tous les environnements et en toutes circonstances. <a href=\"https:\/\/key2optics.com\/fr\/controle-de-qualite\/\" target=\"_blank\" rel=\"noopener\">Plus\u2026<\/a><\/p>\n<p><a href=\"https:\/\/key2optics.com\/fr\/controle-de-qualite\/\" target=\"_blank\" rel=\"noopener\"><img loading=\"lazy\" decoding=\"async\" class=\"aligncenter wp-image-6391 size-full\" title=\"CQ et production de key2optics\" src=\"https:\/\/key2optics.com\/wp-content\/uploads\/2019\/11\/QCProduction.jpg\" alt=\"CQ et production de key2optics\" width=\"1000\" height=\"756\" \/><\/a><\/p>\n<p>Nous surveillons strictement chaque \u00e9tape de la production pour nous assurer que chaque produit qui vous est livr\u00e9 est tra\u00e7able et non d\u00e9fectueux.\u00a0 \u00a0<a href=\"https:\/\/key2optics.com\/fr\/controle-de-qualite\/\" target=\"_blank\" rel=\"noopener\">Plus\u2026<\/a><\/p>\n<figure id=\"attachment_6394\" aria-describedby=\"caption-attachment-6394\" style=\"width: 1000px\" class=\"wp-caption aligncenter\"><a href=\"https:\/\/key2optics.com\/fr\/controle-de-qualite\/\" target=\"_blank\" rel=\"noopener\"><img loading=\"lazy\" decoding=\"async\" class=\"wp-image-6394 size-full\" title=\"c\u00e2ble fibre SFP \" src=\"https:\/\/key2optics.com\/wp-content\/uploads\/2019\/11\/production.jpg\" alt=\"key2optics production et test de c\u00e2ble fibre optique SFP \" width=\"1000\" height=\"416\" \/><\/a><figcaption id=\"caption-attachment-6394\" class=\"wp-caption-text\">production et test de key2optics<\/figcaption><\/figure>\n<h4>Notre qualification<\/h4>\n<p>Nos produits sont certifi\u00e9s CE, FCC, RoHs et notre ligne de production est <a title=\"ISO 9001\" href=\"https:\/\/key2optics.com\/wp-content\/uploads\/2022\/09\/ISO9001.jpg\" target=\"_blank\" rel=\"noopener\">ISO 9001<\/a> agr\u00e9\u00e9. Nous avons plus de dizaines de certificats de brevets et de certificats logiciels.\u00a0 <a href=\"https:\/\/key2optics.com\/fr\/controle-de-qualite\/\" target=\"_blank\" rel=\"noopener\">Plus\u2026<\/a><\/p>\n<p><a href=\"https:\/\/key2optics.com\/fr\/controle-de-qualite\/\" target=\"_blank\" rel=\"noopener\"><img loading=\"lazy\" decoding=\"async\" class=\"aligncenter wp-image-6389 size-full\" src=\"https:\/\/key2optics.com\/wp-content\/uploads\/2019\/11\/Certificates.jpg\" alt=\"key2optics certifie le c\u00e2ble fibre SFP \" width=\"1000\" height=\"241\" \/><\/a><\/p>","protected":false},"excerpt":{"rendered":"<p>Les produits de c\u00e2ble \u00e0 fibre optique SFP Key2 Optics AOC (c\u00e2ble optique actif) incluent 10GbE SFP AOC, 25GbE SFP28 AOC, 40GbE QSFP+AOC, 100GbE QSFP28 AOC. Avec une faible consommation d&#039;\u00e9nergie, un petit rayon de courbure, aucune perte d&#039;insertion de fibre et une introduction sans poussi\u00e8re, il est fortement recommand\u00e9 pour les centres de donn\u00e9es \u00e0 haute densit\u00e9 avec des budgets \u00e0 faible co\u00fbt.<\/p>","protected":false},"featured_media":5894,"comment_status":"closed","ping_status":"closed","template":"","meta":{"content-type":"","_themeisle_gutenberg_block_has_review":false},"product_cat":[138],"product_tag":[119],"aioseo_notices":[],"_links":{"self":[{"href":"https:\/\/key2optics.com\/fr\/wp-json\/wp\/v2\/product\/3114"}],"collection":[{"href":"https:\/\/key2optics.com\/fr\/wp-json\/wp\/v2\/product"}],"about":[{"href":"https:\/\/key2optics.com\/fr\/wp-json\/wp\/v2\/types\/product"}],"replies":[{"embeddable":true,"href":"https:\/\/key2optics.com\/fr\/wp-json\/wp\/v2\/comments?post=3114"}],"wp:featuredmedia":[{"embeddable":true,"href":"https:\/\/key2optics.com\/fr\/wp-json\/wp\/v2\/media\/5894"}],"wp:attachment":[{"href":"https:\/\/key2optics.com\/fr\/wp-json\/wp\/v2\/media?parent=3114"}],"wp:term":[{"taxonomy":"product_cat","embeddable":true,"href":"https:\/\/key2optics.com\/fr\/wp-json\/wp\/v2\/product_cat?post=3114"},{"taxonomy":"product_tag","embeddable":true,"href":"https:\/\/key2optics.com\/fr\/wp-json\/wp\/v2\/product_tag?post=3114"}],"curies":[{"name":"wp","href":"https:\/\/api.w.org\/{rel}","templated":true}]}}