{"id":3282,"date":"2019-11-20T11:11:33","date_gmt":"2019-11-20T03:11:33","guid":{"rendered":"https:\/\/key2optics.com\/?post_type=product&#038;p=3282"},"modified":"2025-09-15T10:24:32","modified_gmt":"2025-09-15T02:24:32","slug":"high-density-odf-with-cassette","status":"publish","type":"product","link":"https:\/\/key2optics.com\/fr\/produit\/haute-densite-odf-avec-cassette\/","title":{"rendered":"ODF haute densit\u00e9 avec cassette"},"content":{"rendered":"<p>Le bo\u00eetier de fibre HD \u00e0 montage en rack Key2 Optocs 1U\/2U\/4U prend en charge un maximum de 576 fibres. Il est principalement install\u00e9 dans une armoire de serveur avec la capacit\u00e9 de loger 24pcs MTP \/ MPO \u00e0 haute densit\u00e9 facile \u00e0 brancher sur des modules ou des cassettes de fibre LC d\u00e9velopp\u00e9s par nous-m\u00eames. Cette solution contribue \u00e0 une plus grande disponibilit\u00e9 du r\u00e9seau, particuli\u00e8rement id\u00e9ale pour la gestion des connexions et des c\u00e2bles des Data Center MDA, IDA, HDA et autres backbones \u00e0 fibre optique. Il peut \u00eatre pr\u00e9-termin\u00e9 avec des modules de commutation MPO\/MTP ou des panneaux avant d&#039;adaptateur MPO\/MTP pour r\u00e9aliser l&#039;interconnexion et la connexion crois\u00e9e des c\u00e2bles de dorsale et des dispositifs actifs.<\/p>\n<h4>Montage en rack 19&quot; pour \u00eatre pratique et flexible<\/h4>\n<p>L&#039;enceinte fibre haute densit\u00e9 charg\u00e9e de cassettes est enti\u00e8rement r\u00e9gl\u00e9e selon les normes EIA, applicables \u00e0 toutes les armoires conformes auxdites normes.<\/p>\n<p><img loading=\"lazy\" decoding=\"async\" class=\"alignnone size-full wp-image-3283\" src=\"https:\/\/key2optics.com\/wp-content\/uploads\/2019\/11\/FHD1.jpg\" alt=\"\" width=\"492\" height=\"344\" srcset=\"https:\/\/key2optics.com\/wp-content\/uploads\/2019\/11\/FHD1.jpg 492w, https:\/\/key2optics.com\/wp-content\/uploads\/2019\/11\/FHD1-220x154.jpg 220w\" sizes=\"(max-width: 492px) 100vw, 492px\" \/><\/p>\n<h4>Tiroirs superpos\u00e9s et commutables avec conception verrouillable \u00e0 boucle rivet<\/h4>\n<p>Les tiroirs sont empil\u00e9s tandis que chaque couche peut \u00eatre ins\u00e9r\u00e9e ou retir\u00e9e ind\u00e9pendamment, ce qui permet \u00e9galement de s\u00e9parer les c\u00e2bles pour \u00e9viter l&#039;enroulement. Il y a une boucle de verrouillage ind\u00e9pendante \u00e9quip\u00e9e sur chaque module pour \u00e9viter de glisser.<\/p>\n<p><img loading=\"lazy\" decoding=\"async\" class=\"alignnone wp-image-3284\" src=\"https:\/\/key2optics.com\/wp-content\/uploads\/2019\/11\/FHD2.jpg\" alt=\"\" width=\"720\" height=\"332\" srcset=\"https:\/\/key2optics.com\/wp-content\/uploads\/2019\/11\/FHD2.jpg 1085w, https:\/\/key2optics.com\/wp-content\/uploads\/2019\/11\/FHD2-800x369.jpg 800w, https:\/\/key2optics.com\/wp-content\/uploads\/2019\/11\/FHD2-750x346.jpg 750w, https:\/\/key2optics.com\/wp-content\/uploads\/2019\/11\/FHD2-768x355.jpg 768w\" sizes=\"(max-width: 720px) 100vw, 720px\" \/><\/p>\n<h4>Identification claire et facile \u00e0 localiser<\/h4>\n<p>Notre bo\u00eetier fibre HD avec cassettes est enti\u00e8rement marqu\u00e9 d&#039;un ID clair correspondant aux ports sur les panneaux ou les cassettes pour une localisation facile. Le panneau de couleur devant l&#039;enceinte sert \u00e0 noter clairement les informations importantes.<\/p>\n<p><img loading=\"lazy\" decoding=\"async\" class=\"alignnone wp-image-3285\" src=\"https:\/\/key2optics.com\/wp-content\/uploads\/2019\/11\/FHD3.jpg\" alt=\"\" width=\"634\" height=\"355\" srcset=\"https:\/\/key2optics.com\/wp-content\/uploads\/2019\/11\/FHD3.jpg 797w, https:\/\/key2optics.com\/wp-content\/uploads\/2019\/11\/FHD3-600x336.jpg 600w, https:\/\/key2optics.com\/wp-content\/uploads\/2019\/11\/FHD3-750x420.jpg 750w, https:\/\/key2optics.com\/wp-content\/uploads\/2019\/11\/FHD3-768x430.jpg 768w\" sizes=\"(max-width: 634px) 100vw, 634px\" \/><\/p>","protected":false},"excerpt":{"rendered":"<p>Le bo\u00eetier de fibre HD \u00e0 montage en rack Key2 Optocs 1U\/2U\/4U prend en charge un maximum de 576 fibres. Il est principalement install\u00e9 dans une armoire de serveur avec la capacit\u00e9 de loger 24pcs MTP \/ MPO \u00e0 haute densit\u00e9 facile \u00e0 brancher sur des modules ou des cassettes de fibre LC d\u00e9velopp\u00e9s par nous-m\u00eames. Cette solution contribue \u00e0 une plus grande disponibilit\u00e9 du r\u00e9seau, particuli\u00e8rement id\u00e9ale pour la gestion des connexions et des c\u00e2bles des Data Center MDA, IDA, HDA et autres backbones \u00e0 fibre optique. Il peut \u00eatre pr\u00e9-termin\u00e9 avec des modules de commutation MPO\/MTP ou des panneaux avant d&#039;adaptateur MPO\/MTP pour r\u00e9aliser l&#039;interconnexion et la connexion crois\u00e9e des c\u00e2bles de dorsale et des dispositifs actifs.<\/p>","protected":false},"featured_media":3286,"comment_status":"closed","ping_status":"closed","template":"","meta":{"content-type":"","_themeisle_gutenberg_block_has_review":false},"product_cat":[143],"product_tag":[116],"aioseo_notices":[],"_links":{"self":[{"href":"https:\/\/key2optics.com\/fr\/wp-json\/wp\/v2\/product\/3282"}],"collection":[{"href":"https:\/\/key2optics.com\/fr\/wp-json\/wp\/v2\/product"}],"about":[{"href":"https:\/\/key2optics.com\/fr\/wp-json\/wp\/v2\/types\/product"}],"replies":[{"embeddable":true,"href":"https:\/\/key2optics.com\/fr\/wp-json\/wp\/v2\/comments?post=3282"}],"wp:featuredmedia":[{"embeddable":true,"href":"https:\/\/key2optics.com\/fr\/wp-json\/wp\/v2\/media\/3286"}],"wp:attachment":[{"href":"https:\/\/key2optics.com\/fr\/wp-json\/wp\/v2\/media?parent=3282"}],"wp:term":[{"taxonomy":"product_cat","embeddable":true,"href":"https:\/\/key2optics.com\/fr\/wp-json\/wp\/v2\/product_cat?post=3282"},{"taxonomy":"product_tag","embeddable":true,"href":"https:\/\/key2optics.com\/fr\/wp-json\/wp\/v2\/product_tag?post=3282"}],"curies":[{"name":"wp","href":"https:\/\/api.w.org\/{rel}","templated":true}]}}