{"id":3805,"date":"2022-09-05T11:43:33","date_gmt":"2022-09-05T03:43:33","guid":{"rendered":"https:\/\/key2optics.com\/?post_type=product&#038;p=3805"},"modified":"2025-09-15T10:24:29","modified_gmt":"2025-09-15T02:24:29","slug":"sfp-module-2-5g","status":"publish","type":"product","link":"https:\/\/key2optics.com\/fr\/produit\/sfp-module-2-5g\/","title":{"rendered":"Module SFP 2.5G"},"content":{"rendered":"<div class=\"node__content clearfix\">\n<div class=\"field field--name-body field--type-text-with-summary field--label-hidden field__item\">\n<p>Key2 Optics a 2.5G SFP (<a href=\"https:\/\/en.wikipedia.org\/wiki\/Small_Form-factor_Pluggable\" target=\"_blank\" rel=\"noopener\">Wiki\u00a0: Qu&#039;est-ce que SFP\u00a0?<\/a>) module de lumi\u00e8re blanche \u00e0 gamme compl\u00e8te de s\u00e9rie, module CWDM\/DWDM, module bidirectionnel \u00e0 fibre unique\u00a0; avec une faible consommation d&#039;\u00e9nergie, une temp\u00e9rature de travail de qualit\u00e9 industrielle, une fiabilit\u00e9 \u00e9lev\u00e9e et d&#039;autres avantages.<\/p>\n<\/div>\n<\/div>\n<div><strong>CONFORMIT\u00c9 AUX NORMES<\/strong><\/div>\n<p>IEEE 802.3ab<br \/>\nSFF-8032 (SFP am\u00e9lior\u00e9 m\u00e9canique) (expir\u00e9)<br \/>\nSFF-8636 (interface de gestion pour modules et c\u00e2bles \u00e0 4 voies)<br \/>\nSFF-8074 (SFP)<br \/>\nSFF-8079 (taux et application SFP)<br \/>\nSFF-8089 (d\u00e9bit SFP et codes d&#039;application)<br \/>\nConforme \u00e0 SFP MSA<\/p>\n<div class=\"field field--name-body field--type-text-with-summary field--label-hidden field__item\">\n<p><strong>Caract\u00e9ristiques<\/strong><\/p>\n<\/div>\n<ul>\n<li>D\u00e9bit de donn\u00e9es jusqu&#039;\u00e0 2,5\u00a0Gb\/s<\/li>\n<li>Distance jusqu&#039;\u00e0 500m, 2\/10\/40\/80\/100\/120km<\/li>\n<li>Interface de connecteur LC duplex ou connecteur \u00e0 fibre unique pour bidirectionnel<\/li>\n<li>Alimentation 3,3\u00a0V unique et interface logique LVTTL<\/li>\n<li>Empreinte SFP enfichable \u00e0 chaud<\/li>\n<li>Conformit\u00e9 laser classe 1 IEC \/ CDRH<\/li>\n<li>Temp\u00e9rature du bo\u00eetier de fonctionnement : 0\u00b0C~+70\u00b0C ou Industriel : -40\u00b0C~+85\u00b0C<\/li>\n<li>Conforme RoHS 6<\/li>\n<li>pour DWDM\u00a0: disponible dans toutes les longueurs d&#039;onde en bande C sur la grille ITU DWDM 50\u00a0GHz ou 100\u00a0Ghz<\/li>\n<li>pour CWDM\u00a0:<br \/>\n18 Longueur d&#039;onde (\u03bb) : 1270 nm \u00e0 1610 nm Transmetteur<br \/>\njusqu&#039;\u00e0 41dB\/1G, 35dB\/2.67G, 47dB\/100MB Budget de puissance au moins<\/li>\n<\/ul>\n<h3><strong>Appareils et marques pris en charge<\/strong><\/h3>\n<hr \/>\n<p>Nos \u00e9metteurs-r\u00e9cepteurs optiques sont compatibles avec la plupart des marques de peuplier du march\u00e9, indiquez-nous les marques d&#039;appareils que vous utiliserez, nous vous fournirons le service personnalis\u00e9.<\/p>\n<p>Module SFP\/SFP+\/SFP28\/QSFP\/QSFP+\/QSFP28\/CFP\/CFP2\/CFP4<strong> marques soutenues<\/strong>: Cisco\/HP\/DELL\/FINISAR\/INTEL\/HUAWEI\/JUNIPER\/ZTE\/TP-LINK\/H3C \u2026<\/p>\n<p><strong>Appareils pris en charge\u00a0:<\/strong> Serveur\/commutateur\/NAS\/WDM OTN\/convertisseur\/routeur de m\u00e9dia fibre vers Ethernet avec interface SFP\/SFP+\/SFP28\/QSFP\/QSFP+\/QSFP28\/CFP\/CFP2\/CFP4.<\/p>\n<p>&nbsp;<\/p>\n<p><img loading=\"lazy\" decoding=\"async\" class=\"aligncenter wp-image-4309\" src=\"https:\/\/key2optics.com\/wp-content\/uploads\/2022\/09\/Optical-Module-List-en.jpg\" alt=\"compatibilit\u00e9 \u00e9metteur-r\u00e9cepteur\" width=\"1000\" height=\"992\" srcset=\"https:\/\/key2optics.com\/wp-content\/uploads\/2022\/09\/Optical-Module-List-en.jpg 1591w, https:\/\/key2optics.com\/wp-content\/uploads\/2022\/09\/Optical-Module-List-en-100x100.jpg 100w, https:\/\/key2optics.com\/wp-content\/uploads\/2022\/09\/Optical-Module-List-en-800x793.jpg 800w, https:\/\/key2optics.com\/wp-content\/uploads\/2022\/09\/Optical-Module-List-en-484x480.jpg 484w, https:\/\/key2optics.com\/wp-content\/uploads\/2022\/09\/Optical-Module-List-en-180x180.jpg 180w, https:\/\/key2optics.com\/wp-content\/uploads\/2022\/09\/Optical-Module-List-en-768x762.jpg 768w, https:\/\/key2optics.com\/wp-content\/uploads\/2022\/09\/Optical-Module-List-en-1536x1523.jpg 1536w, https:\/\/key2optics.com\/wp-content\/uploads\/2022\/09\/Optical-Module-List-en-1140x1131.jpg 1140w, https:\/\/key2optics.com\/wp-content\/uploads\/2022\/09\/Optical-Module-List-en-920x912.jpg 920w, https:\/\/key2optics.com\/wp-content\/uploads\/2022\/09\/Optical-Module-List-en-575x570.jpg 575w, https:\/\/key2optics.com\/wp-content\/uploads\/2022\/09\/Optical-Module-List-en-380x377.jpg 380w\" sizes=\"(max-width: 1000px) 100vw, 1000px\" \/><\/p>\n<p><img loading=\"lazy\" decoding=\"async\" class=\"wp-image-6388 size-full aligncenter\" src=\"https:\/\/key2optics.com\/wp-content\/uploads\/2019\/11\/Application1.jpg\" alt=\"P\u00e9riph\u00e9riques pris en charge par le module SFP\" width=\"807\" height=\"444\" \/><\/p>\n<h3><strong>Pourquoi Key2Optics<\/strong><\/h3>\n<hr \/>\n<h4>Fabrication et contr\u00f4le qualit\u00e9<\/h4>\n<p>Avec une ligne d&#039;assemblage avanc\u00e9e, un atelier robotique et des laboratoires de test, nous rendons nos produits 100% exempts de d\u00e9fauts et pouvons \u00eatre utilis\u00e9s dans tous les environnements et en toutes circonstances. <a href=\"https:\/\/key2optics.com\/fr\/controle-de-qualite\/\" target=\"_blank\" rel=\"noopener\">Plus\u2026<\/a><\/p>\n<p><a href=\"https:\/\/key2optics.com\/fr\/controle-de-qualite\/\" target=\"_blank\" rel=\"noopener\"><img loading=\"lazy\" decoding=\"async\" class=\"aligncenter wp-image-6391 size-full\" title=\"CQ et production de key2optics\" src=\"https:\/\/key2optics.com\/wp-content\/uploads\/2019\/11\/QCProduction.jpg\" alt=\"CQ et production de key2optics\" width=\"1000\" height=\"756\" \/><\/a><\/p>\n<p>Nous surveillons strictement chaque \u00e9tape de la production pour nous assurer que chaque produit qui vous est livr\u00e9 est tra\u00e7able et non d\u00e9fectueux.\u00a0 \u00a0<a href=\"https:\/\/key2optics.com\/fr\/controle-de-qualite\/\" target=\"_blank\" rel=\"noopener\">Plus\u2026<\/a><\/p>\n<figure id=\"attachment_6394\" aria-describedby=\"caption-attachment-6394\" style=\"width: 1000px\" class=\"wp-caption aligncenter\"><a href=\"https:\/\/key2optics.com\/fr\/controle-de-qualite\/\" target=\"_blank\" rel=\"noopener\"><img loading=\"lazy\" decoding=\"async\" class=\"wp-image-6394 size-full\" src=\"https:\/\/key2optics.com\/wp-content\/uploads\/2019\/11\/production.jpg\" alt=\"production et test de key2optics\" width=\"1000\" height=\"416\" \/><\/a><figcaption id=\"caption-attachment-6394\" class=\"wp-caption-text\">production et test de key2optics<\/figcaption><\/figure>\n<h4>Notre qualification<\/h4>\n<p>Nos produits sont certifi\u00e9s CE, FCC, RoHs et notre ligne de production est <a title=\"ISO 9001\" href=\"https:\/\/key2optics.com\/wp-content\/uploads\/2022\/09\/ISO9001.jpg\" target=\"_blank\" rel=\"noopener\">ISO 9001<\/a> agr\u00e9\u00e9. Nous avons plus de dizaines de certificats de brevets et de certificats logiciels.\u00a0 <a href=\"https:\/\/key2optics.com\/fr\/controle-de-qualite\/\" target=\"_blank\" rel=\"noopener\">Plus\u2026<\/a><\/p>\n<p><a href=\"https:\/\/key2optics.com\/fr\/controle-de-qualite\/\" target=\"_blank\" rel=\"noopener\"><img loading=\"lazy\" decoding=\"async\" class=\"aligncenter wp-image-6389 size-full\" src=\"https:\/\/key2optics.com\/wp-content\/uploads\/2019\/11\/Certificates.jpg\" alt=\"certificats key2optics\" width=\"1000\" height=\"241\" \/><\/a><\/p>","protected":false},"excerpt":{"rendered":"<p>Key2 Optics a un module de lumi\u00e8re blanche \u00e0 gamme compl\u00e8te de la s\u00e9rie 2.5G SFP, un module CWDM\/DWDM, un module bidirectionnel \u00e0 fibre unique; avec une faible consommation d&#039;\u00e9nergie, une temp\u00e9rature de travail de qualit\u00e9 industrielle, une fiabilit\u00e9 \u00e9lev\u00e9e et d&#039;autres avantages.<\/p>\n<p><span style=\"color: #ff0000;\"><strong>VEUILLEZ VOUS R\u00c9F\u00c9RER AUX SP\u00c9CIFICATIONS POUR TROUVER LE MOD\u00c8LE ET LE SKU CORRECTS\u00a0!<\/strong><\/span><\/p>","protected":false},"featured_media":3183,"comment_status":"closed","ping_status":"closed","template":"","meta":{"content-type":"","_themeisle_gutenberg_block_has_review":false},"product_cat":[64],"product_tag":[135],"aioseo_notices":[],"_links":{"self":[{"href":"https:\/\/key2optics.com\/fr\/wp-json\/wp\/v2\/product\/3805"}],"collection":[{"href":"https:\/\/key2optics.com\/fr\/wp-json\/wp\/v2\/product"}],"about":[{"href":"https:\/\/key2optics.com\/fr\/wp-json\/wp\/v2\/types\/product"}],"replies":[{"embeddable":true,"href":"https:\/\/key2optics.com\/fr\/wp-json\/wp\/v2\/comments?post=3805"}],"wp:featuredmedia":[{"embeddable":true,"href":"https:\/\/key2optics.com\/fr\/wp-json\/wp\/v2\/media\/3183"}],"wp:attachment":[{"href":"https:\/\/key2optics.com\/fr\/wp-json\/wp\/v2\/media?parent=3805"}],"wp:term":[{"taxonomy":"product_cat","embeddable":true,"href":"https:\/\/key2optics.com\/fr\/wp-json\/wp\/v2\/product_cat?post=3805"},{"taxonomy":"product_tag","embeddable":true,"href":"https:\/\/key2optics.com\/fr\/wp-json\/wp\/v2\/product_tag?post=3805"}],"curies":[{"name":"wp","href":"https:\/\/api.w.org\/{rel}","templated":true}]}}