{"id":4449,"date":"2022-09-09T18:52:38","date_gmt":"2022-09-09T10:52:38","guid":{"rendered":"https:\/\/key2optics.com\/?post_type=product&#038;p=4449"},"modified":"2025-09-15T10:24:28","modified_gmt":"2025-09-15T02:24:28","slug":"abs-plc-splitter","status":"publish","type":"product","link":"https:\/\/key2optics.com\/fr\/produit\/abs-plc-separateur\/","title":{"rendered":"S\u00e9parateur PLC ABS"},"content":{"rendered":"<p>S\u00e9parateur PLC ABS, ou r\u00e9partiteur de fibre PLC ABS, en type 1 \u00d7 2, 1 \u00d7 4, 1 \u00d7 32, type de bo\u00eetier de module ABS \u00e0 \u00e9pissure \/ queue de cochon, 2,0 mm, SC \/ APC, SC \/ UPC (1 \u00d7 128), monomode, S\u00e9parateur de fibre optique passif<\/p>\n<p data-v-37f1ddea=\"\">Un circuit d&#039;ondes lumineuses planaires (PLC, <a href=\"https:\/\/en.wikipedia.org\/wiki\/Fiber-optic_splitter\" target=\"_blank\" rel=\"noopener\">WiKi\u00a0: Qu&#039;est-ce qu&#039;un r\u00e9partiteur de fibre PLC\u00a0?<\/a>) est un type de dispositif de gestion de l&#039;alimentation optique fabriqu\u00e9 \u00e0 l&#039;aide de la technologie des guides d&#039;ondes optiques en silice pour distribuer les signaux optiques du bureau central (CO) \u00e0 plusieurs emplacements.<\/p>\n<p data-v-37f1ddea=\"\">Nous sommes l&#039;un des fabricants de s\u00e9parateurs de fibres optiques les plus professionnels depuis 2009, date \u00e0 laquelle nous avons d\u00e9marr\u00e9 nos activit\u00e9s.<\/p>\n<p data-v-37f1ddea=\"\">Un s\u00e9parateur ABS \u00e0 queue de cochon est le plus couramment utilis\u00e9 dans les r\u00e9seaux PON. Il offre une protection compl\u00e8te des composants optiques internes et du c\u00e2ble, ainsi que con\u00e7u pour une installation pratique et fiable, mais son volume est relativement important. Il est principalement utilis\u00e9 pour divers produits de connexion et de distribution (bo\u00eetes de distribution de fibres ext\u00e9rieures) ou armoires r\u00e9seau.<\/p>\n<p data-v-37f1ddea=\"\"><strong>Cat\u00e9gorie: <\/strong>S\u00e9parateur fibre optique 1\u00d72 | R\u00e9partiteur fibre optique 1\u00d74 | R\u00e9partiteur fibre optique 1\u00d78 | R\u00e9partiteur optique 2 en 1<\/p>\n<p><strong>Caract\u00e9ristiques<\/strong><\/p>\n<ul>\n<li class=\"spotlights_item\"><span data-v-c5bb8b48=\"\">Diviser le signal d&#039;entr\u00e9e uniform\u00e9ment en 2 ports de sortie<\/span><\/li>\n<li class=\"spotlights_item\"><span data-v-c5bb8b48=\"\">\u22644.0dB Faible perte d&#039;insertion et \u22640.2dB Faible perte d\u00e9pendante de la polarisation<\/span><\/li>\n<li class=\"spotlights_item\"><span data-v-c5bb8b48=\"\">Dispositif de branchement optique enti\u00e8rement passif<\/span><\/li>\n<li class=\"spotlights_item\"><span data-v-c5bb8b48=\"\">Convient aux racks, bo\u00eetiers muraux, bo\u00eetiers de distribution optique, etc.<\/span><\/li>\n<li class=\"spotlights_item\"><span data-v-c5bb8b48=\"\">1260 ~ 1650nm larges longueurs d&#039;onde de fonctionnement<\/span><\/li>\n<li class=\"spotlights_more\">\n<div class=\"spotlights_item\" data-v-c5bb8b48=\"\"><span data-v-c5bb8b48=\"\">Fibres insensibles \u00e0 la courbure G.657A1 pour une faible perte de courbure<\/span><\/div>\n<\/li>\n<\/ul>\n<figure id=\"attachment_4462\" aria-describedby=\"caption-attachment-4462\" style=\"width: 416px\" class=\"wp-caption alignnone\"><img loading=\"lazy\" decoding=\"async\" class=\"wp-image-4462\" title=\"S\u00e9parateur PLC ABS\" src=\"https:\/\/key2optics.com\/wp-content\/uploads\/2022\/09\/1x32_abs_splitter-1.jpg\" alt=\"1x32_abs_splitter R\u00e9partiteur API ABS\" width=\"416\" height=\"312\" srcset=\"https:\/\/key2optics.com\/wp-content\/uploads\/2022\/09\/1x32_abs_splitter-1.jpg 620w, https:\/\/key2optics.com\/wp-content\/uploads\/2022\/09\/1x32_abs_splitter-1-575x431.jpg 575w, https:\/\/key2optics.com\/wp-content\/uploads\/2022\/09\/1x32_abs_splitter-1-380x285.jpg 380w\" sizes=\"(max-width: 416px) 100vw, 416px\" \/><figcaption id=\"caption-attachment-4462\" class=\"wp-caption-text\">S\u00e9parateur PLC ABS<\/figcaption><\/figure>\n<p><strong>Application FTTx<\/strong><\/p>\n<p><img loading=\"lazy\" decoding=\"async\" class=\"aligncenter wp-image-4735 size-full\" title=\"S\u00e9parateur PLC ABS\" src=\"https:\/\/key2optics.com\/wp-content\/uploads\/2022\/09\/connection.webp\" alt=\"S\u00e9parateur PLC ABS\" width=\"942\" height=\"620\" srcset=\"https:\/\/key2optics.com\/wp-content\/uploads\/2022\/09\/connection.webp 942w, https:\/\/key2optics.com\/wp-content\/uploads\/2022\/09\/connection-800x527.webp 800w, https:\/\/key2optics.com\/wp-content\/uploads\/2022\/09\/connection-729x480.webp 729w, https:\/\/key2optics.com\/wp-content\/uploads\/2022\/09\/connection-768x505.webp 768w, https:\/\/key2optics.com\/wp-content\/uploads\/2022\/09\/connection-920x606.webp 920w, https:\/\/key2optics.com\/wp-content\/uploads\/2022\/09\/connection-575x378.webp 575w, https:\/\/key2optics.com\/wp-content\/uploads\/2022\/09\/connection-380x250.webp 380w\" sizes=\"(max-width: 942px) 100vw, 942px\" \/><\/p>\n<p>T\u00e9l\u00e9charger la fiche technique sur <a href=\"https:\/\/key2optics.com\/fr\/telecharger\/\">ici<\/a><\/p>\n<p>&nbsp;<\/p>\n<p>&nbsp;<\/p>","protected":false},"excerpt":{"rendered":"<p>S\u00e9parateur PLC ABS, ou r\u00e9partiteur de fibre PLC ABS, en type 1 \u00d7 2, 1 \u00d7 4, 1 \u00d7 32, type de bo\u00eetier de module ABS \u00e0 \u00e9pissure \/ queue de cochon, 2,0 mm, SC \/ APC, SC \/ UPC (1 \u00d7 128), monomode, S\u00e9parateur de fibre optique passif<\/p>","protected":false},"featured_media":4455,"comment_status":"closed","ping_status":"closed","template":"","meta":{"content-type":"","_themeisle_gutenberg_block_has_review":false},"product_cat":[144],"product_tag":[244,145],"aioseo_notices":[],"_links":{"self":[{"href":"https:\/\/key2optics.com\/fr\/wp-json\/wp\/v2\/product\/4449"}],"collection":[{"href":"https:\/\/key2optics.com\/fr\/wp-json\/wp\/v2\/product"}],"about":[{"href":"https:\/\/key2optics.com\/fr\/wp-json\/wp\/v2\/types\/product"}],"replies":[{"embeddable":true,"href":"https:\/\/key2optics.com\/fr\/wp-json\/wp\/v2\/comments?post=4449"}],"wp:featuredmedia":[{"embeddable":true,"href":"https:\/\/key2optics.com\/fr\/wp-json\/wp\/v2\/media\/4455"}],"wp:attachment":[{"href":"https:\/\/key2optics.com\/fr\/wp-json\/wp\/v2\/media?parent=4449"}],"wp:term":[{"taxonomy":"product_cat","embeddable":true,"href":"https:\/\/key2optics.com\/fr\/wp-json\/wp\/v2\/product_cat?post=4449"},{"taxonomy":"product_tag","embeddable":true,"href":"https:\/\/key2optics.com\/fr\/wp-json\/wp\/v2\/product_tag?post=4449"}],"curies":[{"name":"wp","href":"https:\/\/api.w.org\/{rel}","templated":true}]}}