{"id":4493,"date":"2022-09-11T09:26:45","date_gmt":"2022-09-11T01:26:45","guid":{"rendered":"https:\/\/key2optics.com\/?post_type=product&#038;p=4493"},"modified":"2025-09-15T10:24:27","modified_gmt":"2025-09-15T02:24:27","slug":"rack-mount-splitter","status":"publish","type":"product","link":"https:\/\/key2optics.com\/fr\/produit\/repartiteur-en-rack\/","title":{"rendered":"R\u00e9partiteur de montage en rack"},"content":{"rendered":"<p>R\u00e9partiteur de fibre PLC 1 x 16, 1 x 32, (Wiki\u00a0: <a href=\"https:\/\/en.wikipedia.org\/wiki\/Fiber-optic_splitter\" target=\"_blank\" rel=\"noopener\">Qu&#039;est-ce qu&#039;un s\u00e9parateur de fibre optique\u00a0?<\/a>) Montage en rack 1U 19\u2033, SC\/APC, monomode, r\u00e9partiteur de fibre optique passif<\/p>\n<p>Les s\u00e9parateurs PLC (Planar Lightwave Circuit) sont des s\u00e9parateurs monomodes avec un rapport de division \u00e9gal d&#039;une fibre d&#039;entr\u00e9e \u00e0 plusieurs fibres de sortie. Il est bas\u00e9 sur la technologie des circuits \u00e0 ondes lumineuses planaires et fournit une solution de distribution de lumi\u00e8re \u00e0 faible co\u00fbt avec un petit facteur de forme et une grande fiabilit\u00e9. nous fournissons divers r\u00e9partiteurs PLC 1 \u00d7 N et 2 \u00d7 N, y compris des r\u00e9partiteurs PLC fibre de type 1 \u00d7 2 \u00e0 1 \u00d7 64 et 2 \u00d7 2 \u00e0 2 \u00d7 64 1U \u00e0 montage en rack. Ils sont tous dot\u00e9s de performances optiques sup\u00e9rieures, d&#039;une grande stabilit\u00e9 et d&#039;une grande fiabilit\u00e9 pour r\u00e9pondre aux diverses exigences des applications.<\/p>\n<p>Key2optics sont des fabricants professionnels de r\u00e9partiteurs de fibre optique depuis 2009, nous avons tous les types de r\u00e9partiteurs de fibre optique passifs pour diff\u00e9rentes applications.<\/p>\n<p><strong>Caract\u00e9ristiques:<\/strong><\/p>\n<ul>\n<li class=\"spotlights_item\"><span data-v-299e66da=\"\">Diviser le signal d&#039;entr\u00e9e uniform\u00e9ment en 32 ports de sortie<\/span><\/li>\n<li class=\"spotlights_item\"><span data-v-299e66da=\"\">\u226413.7dB(1\u00d716) | \u226417.0dB (1\u00d732) Faible perte d&#039;insertion et \u22640.3dB Faible perte d\u00e9pendante de la polarisation<\/span><\/li>\n<li class=\"spotlights_item\"><span data-v-299e66da=\"\">Dispositif de branchement optique enti\u00e8rement passif<\/span><\/li>\n<li class=\"spotlights_item\"><span data-v-299e66da=\"\">1260 ~ 1650nm larges longueurs d&#039;onde de fonctionnement<\/span><\/li>\n<li class=\"spotlights_item\"><span data-v-299e66da=\"\">Couramment trouv\u00e9 dans les applications PON, Datacom, LAN, CATV, LCP, FTTx et autres<\/span><\/li>\n<li class=\"spotlights_more\">\n<div class=\"spotlights_item\" data-v-299e66da=\"\"><span data-v-299e66da=\"\">Convient aux armoires de distribution int\u00e9gr\u00e9es standard 19\u2033 ou aux armoires r\u00e9seau<\/span><\/div>\n<\/li>\n<\/ul>\n<p><img loading=\"lazy\" decoding=\"async\" class=\"wp-image-4518\" src=\"https:\/\/key2optics.com\/wp-content\/uploads\/2022\/09\/rackmount-splitter16.jpg\" alt=\"r\u00e9partiteur en rack16\" width=\"606\" height=\"618\" srcset=\"https:\/\/key2optics.com\/wp-content\/uploads\/2022\/09\/rackmount-splitter16.jpg 784w, https:\/\/key2optics.com\/wp-content\/uploads\/2022\/09\/rackmount-splitter16-470x480.jpg 470w, https:\/\/key2optics.com\/wp-content\/uploads\/2022\/09\/rackmount-splitter16-768x784.jpg 768w, https:\/\/key2optics.com\/wp-content\/uploads\/2022\/09\/rackmount-splitter16-575x587.jpg 575w, https:\/\/key2optics.com\/wp-content\/uploads\/2022\/09\/rackmount-splitter16-380x388.jpg 380w\" sizes=\"(max-width: 606px) 100vw, 606px\" \/><\/p>\n<p>T\u00e9l\u00e9chargez le cahier des charges sur <a href=\"https:\/\/key2optics.com\/fr\/telecharger\/\">ici<\/a>.<\/p>\n<p><strong>Connexion FTTX :<\/strong><\/p>\n<p><img loading=\"lazy\" decoding=\"async\" class=\"aligncenter size-full wp-image-4735\" src=\"https:\/\/key2optics.com\/wp-content\/uploads\/2022\/09\/connection.webp\" alt=\"\" width=\"942\" height=\"620\" srcset=\"https:\/\/key2optics.com\/wp-content\/uploads\/2022\/09\/connection.webp 942w, https:\/\/key2optics.com\/wp-content\/uploads\/2022\/09\/connection-800x527.webp 800w, https:\/\/key2optics.com\/wp-content\/uploads\/2022\/09\/connection-729x480.webp 729w, https:\/\/key2optics.com\/wp-content\/uploads\/2022\/09\/connection-768x505.webp 768w, https:\/\/key2optics.com\/wp-content\/uploads\/2022\/09\/connection-920x606.webp 920w, https:\/\/key2optics.com\/wp-content\/uploads\/2022\/09\/connection-575x378.webp 575w, https:\/\/key2optics.com\/wp-content\/uploads\/2022\/09\/connection-380x250.webp 380w\" sizes=\"(max-width: 942px) 100vw, 942px\" \/><\/p>\n<p>&nbsp;<\/p>\n<p>&nbsp;<\/p>","protected":false},"excerpt":{"rendered":"<p>R\u00e9partiteur de fibre PLC 1 x 16, montage en rack 1U 19\u2033, SC\/APC, monomode<\/p>","protected":false},"featured_media":4518,"comment_status":"closed","ping_status":"closed","template":"","meta":{"content-type":"","_themeisle_gutenberg_block_has_review":false},"product_cat":[144],"product_tag":[147],"aioseo_notices":[],"_links":{"self":[{"href":"https:\/\/key2optics.com\/fr\/wp-json\/wp\/v2\/product\/4493"}],"collection":[{"href":"https:\/\/key2optics.com\/fr\/wp-json\/wp\/v2\/product"}],"about":[{"href":"https:\/\/key2optics.com\/fr\/wp-json\/wp\/v2\/types\/product"}],"replies":[{"embeddable":true,"href":"https:\/\/key2optics.com\/fr\/wp-json\/wp\/v2\/comments?post=4493"}],"wp:featuredmedia":[{"embeddable":true,"href":"https:\/\/key2optics.com\/fr\/wp-json\/wp\/v2\/media\/4518"}],"wp:attachment":[{"href":"https:\/\/key2optics.com\/fr\/wp-json\/wp\/v2\/media?parent=4493"}],"wp:term":[{"taxonomy":"product_cat","embeddable":true,"href":"https:\/\/key2optics.com\/fr\/wp-json\/wp\/v2\/product_cat?post=4493"},{"taxonomy":"product_tag","embeddable":true,"href":"https:\/\/key2optics.com\/fr\/wp-json\/wp\/v2\/product_tag?post=4493"}],"curies":[{"name":"wp","href":"https:\/\/api.w.org\/{rel}","templated":true}]}}