{"id":4773,"date":"2022-09-16T16:41:09","date_gmt":"2022-09-16T08:41:09","guid":{"rendered":"https:\/\/key2optics.com\/?post_type=product&#038;p=4773"},"modified":"2025-09-15T10:24:27","modified_gmt":"2025-09-15T02:24:27","slug":"1000m-media-convertor","status":"publish","type":"product","link":"https:\/\/key2optics.com\/fr\/produit\/convertisseur-media-1000m\/","title":{"rendered":"Convertisseur multim\u00e9dia 1000M"},"content":{"rendered":"<p><strong>10\/100\/1000Base-T (1 port) RJ45 vers 100\/1000Base-X SFP (1 port) Gigabit Ethernet Media Converter pour les r\u00e9seaux de transition convertisseur de m\u00e9dia<\/strong><\/p>\n<div class=\"content\" data-v-37f1ddea=\"\">\n<p>Le convertisseur de m\u00e9dia Gigabit Ethernet (WiKi\u00a0: <a href=\"https:\/\/en.wikipedia.org\/wiki\/Fiber_media_converter\" target=\"_blank\" rel=\"noopener\">Qu&#039;est-ce que Fiber Media Converter ?<\/a>) \u00e9tend la distance de communication avec une haute performance de transmission de donn\u00e9es via un c\u00e2ble \u00e0 fibre optique. Il peut construire la solution de r\u00e9seau ISP de FTTH ou FTTC pour les ISP et FTTB, ou pour les environnements de r\u00e9seau de petits bureaux des entreprises.<\/p>\n<p data-v-37f1ddea=\"\">Les convertisseurs de m\u00e9dia sont compatibles avec une large gamme de modules \u00e9metteurs-r\u00e9cepteurs, tels que les modules \u00e9metteurs-r\u00e9cepteurs SFP 1000Base g\u00e9n\u00e9raux, les modules \u00e9metteurs-r\u00e9cepteurs BIDI, les modules \u00e9metteurs-r\u00e9cepteurs CWDM, etc. Assurez-vous que la longueur d&#039;onde, la vitesse et la distance des modules \u00e9metteurs-r\u00e9cepteurs utilis\u00e9s aux deux extr\u00e9mit\u00e9s du convertisseur de m\u00e9dia des r\u00e9seaux de transition sont coh\u00e9rents.<\/p>\n<\/div>\n<p><iframe loading=\"lazy\" title=\"Convertisseur de m\u00e9dia fibre Ethernet avec adaptateur int\u00e9gr\u00e9 Aucun adaptateur secteur requis, alimentation CA 110 V ~ 220 V\" width=\"1140\" height=\"641\" src=\"https:\/\/www.youtube.com\/embed\/ahHFivvS12c?feature=oembed\" frameborder=\"0\" allow=\"accelerometer; autoplay; clipboard-write; encrypted-media; gyroscope; picture-in-picture\" allowfullscreen><\/iframe><\/p>\n<p><strong>Caract\u00e9ristiques<\/strong><\/p>\n<ul>\n<li class=\"spotlights_item\"><span data-v-0edac95c=\"\">1 port RJ45 \u00e0 n\u00e9gociation automatique 10\/100\/1000 Mbps prenant en charge Auto-MDI\/MDIX<\/span><\/li>\n<li class=\"spotlights_item\"><span data-v-0edac95c=\"\">La distance de transmission maximale d\u00e9pend des modules ins\u00e9r\u00e9s<\/span><\/li>\n<li class=\"spotlights_item\"><span data-v-0edac95c=\"\">N\u00e9gociation automatique du mode de transfert Half-Duplex \/ Full-Duplex<\/span><\/li>\n<li class=\"spotlights_item\"><span data-v-0edac95c=\"\">Les voyants indiquent l&#039;\u00e9tat de la liaison Ethernet et fibre en un coup d&#039;\u0153il<\/span><\/li>\n<li class=\"spotlights_item\"><span data-v-0edac95c=\"\">Plug-and-play, utilis\u00e9 comme unit\u00e9 autonome sur un bureau ou une \u00e9tag\u00e8re<\/span><\/li>\n<li class=\"spotlights_more\">\n<div class=\"spotlights_item\" data-v-0edac95c=\"\"><span data-v-0edac95c=\"\">Conforme \u00e0 IEEE 802.3, IEEE 802.3u, IEEE 802.3ab, IEEE 802.3z, IEEE 802.3x<\/span><\/div>\n<\/li>\n<\/ul>\n<p><img loading=\"lazy\" decoding=\"async\" class=\"aligncenter size-full wp-image-4767\" src=\"https:\/\/key2optics.com\/wp-content\/uploads\/2022\/09\/3.jpg\" alt=\"\" width=\"1185\" height=\"1200\" srcset=\"https:\/\/key2optics.com\/wp-content\/uploads\/2022\/09\/3.jpg 1185w, https:\/\/key2optics.com\/wp-content\/uploads\/2022\/09\/3-100x100.jpg 100w, https:\/\/key2optics.com\/wp-content\/uploads\/2022\/09\/3-800x810.jpg 800w, https:\/\/key2optics.com\/wp-content\/uploads\/2022\/09\/3-474x480.jpg 474w, https:\/\/key2optics.com\/wp-content\/uploads\/2022\/09\/3-768x778.jpg 768w, https:\/\/key2optics.com\/wp-content\/uploads\/2022\/09\/3-12x12.jpg 12w, https:\/\/key2optics.com\/wp-content\/uploads\/2022\/09\/3-1140x1154.jpg 1140w, https:\/\/key2optics.com\/wp-content\/uploads\/2022\/09\/3-920x932.jpg 920w, https:\/\/key2optics.com\/wp-content\/uploads\/2022\/09\/3-575x582.jpg 575w, https:\/\/key2optics.com\/wp-content\/uploads\/2022\/09\/3-380x385.jpg 380w\" sizes=\"(max-width: 1185px) 100vw, 1185px\" \/> <img loading=\"lazy\" decoding=\"async\" class=\"aligncenter size-full wp-image-4766\" src=\"https:\/\/key2optics.com\/wp-content\/uploads\/2022\/09\/2.jpg\" alt=\"\" width=\"1200\" height=\"1084\" srcset=\"https:\/\/key2optics.com\/wp-content\/uploads\/2022\/09\/2.jpg 1200w, https:\/\/key2optics.com\/wp-content\/uploads\/2022\/09\/2-800x723.jpg 800w, https:\/\/key2optics.com\/wp-content\/uploads\/2022\/09\/2-531x480.jpg 531w, https:\/\/key2optics.com\/wp-content\/uploads\/2022\/09\/2-768x694.jpg 768w, https:\/\/key2optics.com\/wp-content\/uploads\/2022\/09\/2-13x12.jpg 13w, https:\/\/key2optics.com\/wp-content\/uploads\/2022\/09\/2-1140x1030.jpg 1140w, https:\/\/key2optics.com\/wp-content\/uploads\/2022\/09\/2-920x831.jpg 920w, https:\/\/key2optics.com\/wp-content\/uploads\/2022\/09\/2-575x519.jpg 575w, https:\/\/key2optics.com\/wp-content\/uploads\/2022\/09\/2-380x343.jpg 380w\" sizes=\"(max-width: 1200px) 100vw, 1200px\" \/> <img loading=\"lazy\" decoding=\"async\" class=\"aligncenter size-full wp-image-4768\" src=\"https:\/\/key2optics.com\/wp-content\/uploads\/2022\/09\/4.jpg\" alt=\"\" width=\"1449\" height=\"1494\" srcset=\"https:\/\/key2optics.com\/wp-content\/uploads\/2022\/09\/4.jpg 1449w, https:\/\/key2optics.com\/wp-content\/uploads\/2022\/09\/4-800x825.jpg 800w, https:\/\/key2optics.com\/wp-content\/uploads\/2022\/09\/4-466x480.jpg 466w, https:\/\/key2optics.com\/wp-content\/uploads\/2022\/09\/4-768x792.jpg 768w, https:\/\/key2optics.com\/wp-content\/uploads\/2022\/09\/4-12x12.jpg 12w, https:\/\/key2optics.com\/wp-content\/uploads\/2022\/09\/4-1140x1175.jpg 1140w, https:\/\/key2optics.com\/wp-content\/uploads\/2022\/09\/4-920x949.jpg 920w, https:\/\/key2optics.com\/wp-content\/uploads\/2022\/09\/4-575x593.jpg 575w, https:\/\/key2optics.com\/wp-content\/uploads\/2022\/09\/4-380x392.jpg 380w\" sizes=\"(max-width: 1449px) 100vw, 1449px\" \/><\/p>\n<p>Veuillez t\u00e9l\u00e9charger la fiche technique sur <a href=\"https:\/\/key2optics.com\/fr\/telecharger\/\">ici<\/a><\/p>\n<p>&nbsp;<\/p>","protected":false},"excerpt":{"rendered":"<p class=\"title\">Convertisseur de m\u00e9dia Gigabit Ethernet 10\/100\/1000Base-T (1 port) RJ45 vers 100\/1000Base-X SFP (1 port)<\/p>","protected":false},"featured_media":4772,"comment_status":"closed","ping_status":"closed","template":"","meta":{"content-type":"","_themeisle_gutenberg_block_has_review":false},"product_cat":[65],"product_tag":[148],"aioseo_notices":[],"_links":{"self":[{"href":"https:\/\/key2optics.com\/fr\/wp-json\/wp\/v2\/product\/4773"}],"collection":[{"href":"https:\/\/key2optics.com\/fr\/wp-json\/wp\/v2\/product"}],"about":[{"href":"https:\/\/key2optics.com\/fr\/wp-json\/wp\/v2\/types\/product"}],"replies":[{"embeddable":true,"href":"https:\/\/key2optics.com\/fr\/wp-json\/wp\/v2\/comments?post=4773"}],"wp:featuredmedia":[{"embeddable":true,"href":"https:\/\/key2optics.com\/fr\/wp-json\/wp\/v2\/media\/4772"}],"wp:attachment":[{"href":"https:\/\/key2optics.com\/fr\/wp-json\/wp\/v2\/media?parent=4773"}],"wp:term":[{"taxonomy":"product_cat","embeddable":true,"href":"https:\/\/key2optics.com\/fr\/wp-json\/wp\/v2\/product_cat?post=4773"},{"taxonomy":"product_tag","embeddable":true,"href":"https:\/\/key2optics.com\/fr\/wp-json\/wp\/v2\/product_tag?post=4773"}],"curies":[{"name":"wp","href":"https:\/\/api.w.org\/{rel}","templated":true}]}}